{"id":2743,"date":"2023-09-05T15:07:34","date_gmt":"2023-09-05T19:07:34","guid":{"rendered":"https:\/\/voile.qc.ca\/?post_type=product&#038;p=2743"},"modified":"2025-12-16T13:15:50","modified_gmt":"2025-12-16T18:15:50","slug":"basic-sailing-skills","status":"publish","type":"product","link":"https:\/\/voile.qc.ca\/fr\/produit\/basic-sailing-skills\/","title":{"rendered":"Basic Sailing skills"},"content":{"rendered":"<p>Basic sailing skills Canadian Yachting Association\u2019s White Sail Manual (the first book in their Learn to Sail series). Covers terminology, safety, points of sail, and basic boat handling. Written for dinghy sailors.<\/p>\n<hr \/>\n<p>The Canadian Yachting Association&rsquo;s White Sail Manual, part of their Learn to Sail series, covers essential sailing skills, including terminology, safety, points of sail, and basic boat handling. It is tailored for dinghy sailors.<\/p>\n<p>Originally written in 1974 by Don Giffin, an active instructor and Albacore racing competitor, the manual was used by 30,000 sailors over seventeen years to grasp sailing terminology and theory. In 1990, the CYA&rsquo;s Learn to Sail Committee decided to update the manual to reflect changes in sailing.<\/p>\n<p>Sven Donaldson, a sailing writer based in Vancouver, was commissioned by the Canadian Sailing Association to create the new version. Sven has authored other sailing books and numerous articles in publications such as Pacific Yachting Magazine, Sail, and Cruising World. In this manual, he simplifies terminology to enhance readers&rsquo; hands-on appreciation of sailing.<\/p>\n<p>Cedric Burger, a CYA senior sailing instructor and architecture student at the University of British Columbia, created the illustrations. These illustrations offer a level of detail rarely seen in other sailing instructional books, making it easier for learners to understand the step-by-step progression of skills like tacking or gybing.<\/p>\n<hr \/>\n<p>If you want to apply your knowledge and perfect your sailing skills, consult\u00a0<a href=\"https:\/\/voile.qc.ca\/fr\/apprentissage\/\" target=\"_blank\" rel=\"noopener\">all the programs offered\u00a0<\/a><\/p>\n","protected":false},"excerpt":{"rendered":"<p>Basic Sailing skills is the Canadian Yachting Association\u2019s White Sail Manual (the first book in their Learn to Sail series). Covers terminology, safety, points of sail, and basic boat handling. Written for dinghy sailors.<\/p>\n","protected":false},"featured_media":2718,"template":"","meta":{"_acf_changed":false,"site-sidebar-layout":"default","site-content-layout":"","ast-site-content-layout":"default","site-content-style":"default","site-sidebar-style":"default","ast-global-header-display":"","ast-banner-title-visibility":"","ast-main-header-display":"","ast-hfb-above-header-display":"","ast-hfb-below-header-display":"","ast-hfb-mobile-header-display":"","site-post-title":"","ast-breadcrumbs-content":"","ast-featured-img":"","footer-sml-layout":"","ast-disable-related-posts":"","theme-transparent-header-meta":"default","adv-header-id-meta":"","stick-header-meta":"default","header-above-stick-meta":"","header-main-stick-meta":"","header-below-stick-meta":"","astra-migrate-meta-layouts":"set","ast-page-background-enabled":"default","ast-page-background-meta":{"desktop":{"background-color":"","background-image":"","background-repeat":"repeat","background-position":"center center","background-size":"auto","background-attachment":"scroll","background-type":"","background-media":"","overlay-type":"","overlay-color":"","overlay-opacity":"","overlay-gradient":""},"tablet":{"background-color":"","background-image":"","background-repeat":"repeat","background-position":"center center","background-size":"auto","background-attachment":"scroll","background-type":"","background-media":"","overlay-type":"","overlay-color":"","overlay-opacity":"","overlay-gradient":""},"mobile":{"background-color":"","background-image":"","background-repeat":"repeat","background-position":"center center","background-size":"auto","background-attachment":"scroll","background-type":"","background-media":"","overlay-type":"","overlay-color":"","overlay-opacity":"","overlay-gradient":""}},"ast-content-background-meta":{"desktop":{"background-color":"var(--ast-global-color-5)","background-image":"","background-repeat":"repeat","background-position":"center center","background-size":"auto","background-attachment":"scroll","background-type":"","background-media":"","overlay-type":"","overlay-color":"","overlay-opacity":"","overlay-gradient":""},"tablet":{"background-color":"var(--ast-global-color-5)","background-image":"","background-repeat":"repeat","background-position":"center center","background-size":"auto","background-attachment":"scroll","background-type":"","background-media":"","overlay-type":"","overlay-color":"","overlay-opacity":"","overlay-gradient":""},"mobile":{"background-color":"var(--ast-global-color-5)","background-image":"","background-repeat":"repeat","background-position":"center center","background-size":"auto","background-attachment":"scroll","background-type":"","background-media":"","overlay-type":"","overlay-color":"","overlay-opacity":"","overlay-gradient":""}}},"product_brand":[],"product_cat":[28],"product_tag":[],"class_list":{"0":"post-2743","1":"product","2":"type-product","3":"status-publish","4":"has-post-thumbnail","6":"product_cat-livres-et-manuels-en-anglais","7":"desktop-align-left","8":"tablet-align-left","9":"mobile-align-left","11":"first","12":"instock","13":"shipping-taxable","14":"purchasable","15":"product-type-simple"},"acf":[],"yoast_head":"<!-- This site is optimized with the Yoast SEO plugin v27.0 - https:\/\/yoast.com\/product\/yoast-seo-wordpress\/ -->\n<title>Basic Sailing skills - Voile Qu\u00e9bec<\/title>\n<meta name=\"description\" content=\"Basic Sailing Skills&quot; is the first in a series of manuals used as the student textbook in the Canadian Yachting Association&#039;s Learn to Sail Program.\" \/>\n<meta name=\"robots\" content=\"index, follow, max-snippet:-1, max-image-preview:large, max-video-preview:-1\" \/>\n<link rel=\"canonical\" href=\"https:\/\/voile.qc.ca\/fr\/product\/basic-sailing-skills\/\" \/>\n<meta property=\"og:locale\" content=\"fr_CA\" \/>\n<meta property=\"og:type\" content=\"article\" \/>\n<meta property=\"og:title\" content=\"Basic Sailing skills - Voile Qu\u00e9bec\" \/>\n<meta property=\"og:description\" content=\"Basic Sailing Skills&quot; is the first in a series of manuals used as the student textbook in the Canadian Yachting Association&#039;s Learn to Sail Program.\" \/>\n<meta property=\"og:url\" content=\"https:\/\/voile.qc.ca\/fr\/product\/basic-sailing-skills\/\" \/>\n<meta property=\"og:site_name\" content=\"Voile Qu\u00e9bec\" \/>\n<meta property=\"article:publisher\" content=\"https:\/\/www.facebook.com\/voilequebec\" \/>\n<meta property=\"article:modified_time\" content=\"2025-12-16T18:15:50+00:00\" \/>\n<meta property=\"og:image\" content=\"https:\/\/voile.qc.ca\/wp-content\/uploads\/2023\/08\/boutique_Basic-sailing-skills-711x1024.png\" \/>\n\t<meta property=\"og:image:width\" content=\"711\" \/>\n\t<meta property=\"og:image:height\" content=\"1024\" \/>\n\t<meta property=\"og:image:type\" content=\"image\/png\" \/>\n<meta name=\"twitter:card\" content=\"summary_large_image\" \/>\n<meta name=\"twitter:label1\" content=\"Estimation du temps de lecture\" \/>\n\t<meta name=\"twitter:data1\" content=\"2 minutes\" \/>\n<script type=\"application\/ld+json\" class=\"yoast-schema-graph\">{\"@context\":\"https:\/\/schema.org\",\"@graph\":[{\"@type\":\"WebPage\",\"@id\":\"https:\/\/voile.qc.ca\/en\/product\/basic-sailing-skills\/\",\"url\":\"https:\/\/voile.qc.ca\/en\/product\/basic-sailing-skills\/\",\"name\":\"Basic Sailing skills - Voile Qu\u00e9bec\",\"isPartOf\":{\"@id\":\"https:\/\/voile.qc.ca\/fr\/#website\"},\"primaryImageOfPage\":{\"@id\":\"https:\/\/voile.qc.ca\/en\/product\/basic-sailing-skills\/#primaryimage\"},\"image\":{\"@id\":\"https:\/\/voile.qc.ca\/en\/product\/basic-sailing-skills\/#primaryimage\"},\"thumbnailUrl\":\"https:\/\/voile.qc.ca\/wp-content\/uploads\/2023\/08\/boutique_Basic-sailing-skills.png\",\"datePublished\":\"2023-09-05T19:07:34+00:00\",\"dateModified\":\"2025-12-16T18:15:50+00:00\",\"description\":\"Basic Sailing Skills\\\" is the first in a series of manuals used as the student textbook in the Canadian Yachting Association's Learn to Sail Program.\",\"breadcrumb\":{\"@id\":\"https:\/\/voile.qc.ca\/en\/product\/basic-sailing-skills\/#breadcrumb\"},\"inLanguage\":\"fr-CA\",\"potentialAction\":[{\"@type\":\"ReadAction\",\"target\":[\"https:\/\/voile.qc.ca\/en\/product\/basic-sailing-skills\/\"]}]},{\"@type\":\"ImageObject\",\"inLanguage\":\"fr-CA\",\"@id\":\"https:\/\/voile.qc.ca\/en\/product\/basic-sailing-skills\/#primaryimage\",\"url\":\"https:\/\/voile.qc.ca\/wp-content\/uploads\/2023\/08\/boutique_Basic-sailing-skills.png\",\"contentUrl\":\"https:\/\/voile.qc.ca\/wp-content\/uploads\/2023\/08\/boutique_Basic-sailing-skills.png\",\"width\":1459,\"height\":2101,\"caption\":\"basic sailing skills\"},{\"@type\":\"BreadcrumbList\",\"@id\":\"https:\/\/voile.qc.ca\/en\/product\/basic-sailing-skills\/#breadcrumb\",\"itemListElement\":[{\"@type\":\"ListItem\",\"position\":1,\"name\":\"Accueil\",\"item\":\"https:\/\/voile.qc.ca\/\"},{\"@type\":\"ListItem\",\"position\":2,\"name\":\"boutique\",\"item\":\"https:\/\/voile.qc.ca\/en\/boutique\/\"},{\"@type\":\"ListItem\",\"position\":3,\"name\":\"Basic Sailing skills\"}]},{\"@type\":\"WebSite\",\"@id\":\"https:\/\/voile.qc.ca\/fr\/#website\",\"url\":\"https:\/\/voile.qc.ca\/fr\/\",\"name\":\"Voile Qu\u00e9bec\",\"description\":\"La r\u00e9f\u00e9rence de voile au Qu\u00e9bec\",\"publisher\":{\"@id\":\"https:\/\/voile.qc.ca\/fr\/#organization\"},\"potentialAction\":[{\"@type\":\"SearchAction\",\"target\":{\"@type\":\"EntryPoint\",\"urlTemplate\":\"https:\/\/voile.qc.ca\/fr\/?s={search_term_string}\"},\"query-input\":{\"@type\":\"PropertyValueSpecification\",\"valueRequired\":true,\"valueName\":\"search_term_string\"}}],\"inLanguage\":\"fr-CA\"},{\"@type\":\"Organization\",\"@id\":\"https:\/\/voile.qc.ca\/fr\/#organization\",\"name\":\"F\u00e9d\u00e9ration de Voile du Qu\u00e9bec\",\"url\":\"https:\/\/voile.qc.ca\/fr\/\",\"logo\":{\"@type\":\"ImageObject\",\"inLanguage\":\"fr-CA\",\"@id\":\"https:\/\/voile.qc.ca\/fr\/#\/schema\/logo\/image\/\",\"url\":\"https:\/\/voile.qc.ca\/wp-content\/uploads\/2023\/11\/cropped-bateau-bleu-V5.png\",\"contentUrl\":\"https:\/\/voile.qc.ca\/wp-content\/uploads\/2023\/11\/cropped-bateau-bleu-V5.png\",\"width\":500,\"height\":116,\"caption\":\"F\u00e9d\u00e9ration de Voile du Qu\u00e9bec\"},\"image\":{\"@id\":\"https:\/\/voile.qc.ca\/fr\/#\/schema\/logo\/image\/\"},\"sameAs\":[\"https:\/\/www.facebook.com\/voilequebec\",\"https:\/\/www.instagram.com\/voilequebec\"]}]}<\/script>\n<!-- \/ Yoast SEO plugin. -->","yoast_head_json":{"title":"Basic Sailing skills - Voile Qu\u00e9bec","description":"Basic Sailing Skills\" is the first in a series of manuals used as the student textbook in the Canadian Yachting Association's Learn to Sail Program.","robots":{"index":"index","follow":"follow","max-snippet":"max-snippet:-1","max-image-preview":"max-image-preview:large","max-video-preview":"max-video-preview:-1"},"canonical":"https:\/\/voile.qc.ca\/fr\/product\/basic-sailing-skills\/","og_locale":"fr_CA","og_type":"article","og_title":"Basic Sailing skills - Voile Qu\u00e9bec","og_description":"Basic Sailing Skills\" is the first in a series of manuals used as the student textbook in the Canadian Yachting Association's Learn to Sail Program.","og_url":"https:\/\/voile.qc.ca\/fr\/product\/basic-sailing-skills\/","og_site_name":"Voile Qu\u00e9bec","article_publisher":"https:\/\/www.facebook.com\/voilequebec","article_modified_time":"2025-12-16T18:15:50+00:00","og_image":[{"width":711,"height":1024,"url":"https:\/\/voile.qc.ca\/wp-content\/uploads\/2023\/08\/boutique_Basic-sailing-skills-711x1024.png","type":"image\/png"}],"twitter_card":"summary_large_image","twitter_misc":{"Estimation du temps de lecture":"2 minutes"},"schema":{"@context":"https:\/\/schema.org","@graph":[{"@type":"WebPage","@id":"https:\/\/voile.qc.ca\/en\/product\/basic-sailing-skills\/","url":"https:\/\/voile.qc.ca\/en\/product\/basic-sailing-skills\/","name":"Basic Sailing skills - Voile Qu\u00e9bec","isPartOf":{"@id":"https:\/\/voile.qc.ca\/fr\/#website"},"primaryImageOfPage":{"@id":"https:\/\/voile.qc.ca\/en\/product\/basic-sailing-skills\/#primaryimage"},"image":{"@id":"https:\/\/voile.qc.ca\/en\/product\/basic-sailing-skills\/#primaryimage"},"thumbnailUrl":"https:\/\/voile.qc.ca\/wp-content\/uploads\/2023\/08\/boutique_Basic-sailing-skills.png","datePublished":"2023-09-05T19:07:34+00:00","dateModified":"2025-12-16T18:15:50+00:00","description":"Basic Sailing Skills\" is the first in a series of manuals used as the student textbook in the Canadian Yachting Association's Learn to Sail Program.","breadcrumb":{"@id":"https:\/\/voile.qc.ca\/en\/product\/basic-sailing-skills\/#breadcrumb"},"inLanguage":"fr-CA","potentialAction":[{"@type":"ReadAction","target":["https:\/\/voile.qc.ca\/en\/product\/basic-sailing-skills\/"]}]},{"@type":"ImageObject","inLanguage":"fr-CA","@id":"https:\/\/voile.qc.ca\/en\/product\/basic-sailing-skills\/#primaryimage","url":"https:\/\/voile.qc.ca\/wp-content\/uploads\/2023\/08\/boutique_Basic-sailing-skills.png","contentUrl":"https:\/\/voile.qc.ca\/wp-content\/uploads\/2023\/08\/boutique_Basic-sailing-skills.png","width":1459,"height":2101,"caption":"basic sailing skills"},{"@type":"BreadcrumbList","@id":"https:\/\/voile.qc.ca\/en\/product\/basic-sailing-skills\/#breadcrumb","itemListElement":[{"@type":"ListItem","position":1,"name":"Accueil","item":"https:\/\/voile.qc.ca\/"},{"@type":"ListItem","position":2,"name":"boutique","item":"https:\/\/voile.qc.ca\/en\/boutique\/"},{"@type":"ListItem","position":3,"name":"Basic Sailing skills"}]},{"@type":"WebSite","@id":"https:\/\/voile.qc.ca\/fr\/#website","url":"https:\/\/voile.qc.ca\/fr\/","name":"Voile Qu\u00e9bec","description":"La r\u00e9f\u00e9rence de voile au Qu\u00e9bec","publisher":{"@id":"https:\/\/voile.qc.ca\/fr\/#organization"},"potentialAction":[{"@type":"SearchAction","target":{"@type":"EntryPoint","urlTemplate":"https:\/\/voile.qc.ca\/fr\/?s={search_term_string}"},"query-input":{"@type":"PropertyValueSpecification","valueRequired":true,"valueName":"search_term_string"}}],"inLanguage":"fr-CA"},{"@type":"Organization","@id":"https:\/\/voile.qc.ca\/fr\/#organization","name":"F\u00e9d\u00e9ration de Voile du Qu\u00e9bec","url":"https:\/\/voile.qc.ca\/fr\/","logo":{"@type":"ImageObject","inLanguage":"fr-CA","@id":"https:\/\/voile.qc.ca\/fr\/#\/schema\/logo\/image\/","url":"https:\/\/voile.qc.ca\/wp-content\/uploads\/2023\/11\/cropped-bateau-bleu-V5.png","contentUrl":"https:\/\/voile.qc.ca\/wp-content\/uploads\/2023\/11\/cropped-bateau-bleu-V5.png","width":500,"height":116,"caption":"F\u00e9d\u00e9ration de Voile du Qu\u00e9bec"},"image":{"@id":"https:\/\/voile.qc.ca\/fr\/#\/schema\/logo\/image\/"},"sameAs":["https:\/\/www.facebook.com\/voilequebec","https:\/\/www.instagram.com\/voilequebec"]}]}},"jetpack_sharing_enabled":true,"_links":{"self":[{"href":"https:\/\/voile.qc.ca\/fr\/wp-json\/wp\/v2\/product\/2743","targetHints":{"allow":["GET"]}}],"collection":[{"href":"https:\/\/voile.qc.ca\/fr\/wp-json\/wp\/v2\/product"}],"about":[{"href":"https:\/\/voile.qc.ca\/fr\/wp-json\/wp\/v2\/types\/product"}],"wp:featuredmedia":[{"embeddable":true,"href":"https:\/\/voile.qc.ca\/fr\/wp-json\/wp\/v2\/media\/2718"}],"wp:attachment":[{"href":"https:\/\/voile.qc.ca\/fr\/wp-json\/wp\/v2\/media?parent=2743"}],"wp:term":[{"taxonomy":"product_brand","embeddable":true,"href":"https:\/\/voile.qc.ca\/fr\/wp-json\/wp\/v2\/product_brand?post=2743"},{"taxonomy":"product_cat","embeddable":true,"href":"https:\/\/voile.qc.ca\/fr\/wp-json\/wp\/v2\/product_cat?post=2743"},{"taxonomy":"product_tag","embeddable":true,"href":"https:\/\/voile.qc.ca\/fr\/wp-json\/wp\/v2\/product_tag?post=2743"}],"curies":[{"name":"wp","href":"https:\/\/api.w.org\/{rel}","templated":true}]}}