{"id":2509,"date":"2023-08-21T10:32:52","date_gmt":"2023-08-21T14:32:52","guid":{"rendered":"https:\/\/voile.qc.ca\/?post_type=product&#038;p=2509"},"modified":"2025-04-29T11:42:34","modified_gmt":"2025-04-29T15:42:34","slug":"optimist-sailing-with-puffy-and-friends","status":"publish","type":"product","link":"https:\/\/voile.qc.ca\/fr\/produit\/optimist-sailing-with-puffy-and-friends\/","title":{"rendered":"Optimist Sailing with Puffy and Friends"},"content":{"rendered":"<div class=\"flex-1 overflow-hidden\">\n<div class=\"react-scroll-to-bottom--css-koxej-79elbk h-full dark:bg-gray-800\">\n<div class=\"react-scroll-to-bottom--css-koxej-1n7m0yu\">\n<div class=\"flex flex-col text-sm dark:bg-gray-800\">\n<div class=\"group w-full text-token-text-primary border-b border-black\/10 dark:border-gray-900\/50 bg-gray-50 dark:bg-[#444654]\" data-testid=\"conversation-turn-31\">\n<div class=\"p-4 justify-center text-base md:gap-6 md:py-6 m-auto\">\n<div class=\"flex flex-1 gap-4 text-base mx-auto md:gap-6 md:max-w-2xl lg:max-w-[38rem] xl:max-w-3xl }\">\n<div class=\"relative flex w-[calc(100%-50px)] flex-col gap-1 md:gap-3 lg:w-[calc(100%-115px)]\">\n<div class=\"flex flex-grow flex-col gap-3 max-w-full\">\n<div class=\"min-h-[20px] flex flex-col items-start gap-3 overflow-x-auto whitespace-pre-wrap break-words\">\n<div class=\"markdown prose w-full break-words dark:prose-invert light\">\n<p>\u00ab\u00a0Optimist Sailing with Puffy and Friends\u00a0\u00bb is a dynamic workbook crafted for young sailors aged 6 to 9. Inside, a treasure trove of engaging activities awaits, including quizzes, connect-the-dots, memory games, crossword puzzles, and coloring adventures.<\/p>\n<p>This workbook serves as an exciting gateway into the captivating world of sailing. It expertly covers critical sailing topics like boat operations, safety guidelines, understanding weather patterns, honing seamanship skills, and much more.<\/p>\n<p>As your young sailor navigates through these activities, they will not only be having a blast but also acquiring invaluable knowledge. Quizzes put their sailing savvy to the test, while games and puzzles sharpen their seamanship skills.<\/p>\n<p>Safety is emphasized throughout the workbook, instilling responsible sailing practices. Young learners will develop a keen sense of weather patterns and gain confidence in handling various boat operations.<\/p>\n<p>\u00ab\u00a0Optimist Sailing with Puffy and Friends\u00a0\u00bb goes beyond mere education; it transforms sailing into a thrilling adventure. With every turn of the page, young sailors prepare for a lifetime of sailing enjoyment.<\/p>\n<p>This workbook nurtures a passion for sailing from a young age, making it more than a hobby; it becomes a lifelong journey of discovery.<\/p>\n<p>Set sail for unforgettable aquatic adventures with this invaluable companion.<\/p>\n<hr \/>\n<p>Discover all the <a href=\"https:\/\/voile.qc.ca\/liste-des-clubs-ecoles-au-quebec\/\">sailing schools<\/a> around the province!<\/p>\n<\/div>\n<\/div>\n<\/div>\n<\/div>\n<\/div>\n<\/div>\n<\/div>\n<\/div>\n<\/div>\n<\/div>\n<\/div>\n","protected":false},"excerpt":{"rendered":"<p>The Optimist Sailing with Puffy and Friends is designed for youth sailors ages 6-9 learning to sail the Optimist. This book also includes fun stickers.<\/p>\n","protected":false},"featured_media":2732,"template":"","meta":{"_acf_changed":false,"site-sidebar-layout":"default","site-content-layout":"","ast-site-content-layout":"default","site-content-style":"default","site-sidebar-style":"default","ast-global-header-display":"","ast-banner-title-visibility":"","ast-main-header-display":"","ast-hfb-above-header-display":"","ast-hfb-below-header-display":"","ast-hfb-mobile-header-display":"","site-post-title":"","ast-breadcrumbs-content":"","ast-featured-img":"","footer-sml-layout":"","ast-disable-related-posts":"","theme-transparent-header-meta":"default","adv-header-id-meta":"","stick-header-meta":"default","header-above-stick-meta":"","header-main-stick-meta":"","header-below-stick-meta":"","astra-migrate-meta-layouts":"set","ast-page-background-enabled":"default","ast-page-background-meta":{"desktop":{"background-color":"","background-image":"","background-repeat":"repeat","background-position":"center center","background-size":"auto","background-attachment":"scroll","background-type":"","background-media":"","overlay-type":"","overlay-color":"","overlay-opacity":"","overlay-gradient":""},"tablet":{"background-color":"","background-image":"","background-repeat":"repeat","background-position":"center center","background-size":"auto","background-attachment":"scroll","background-type":"","background-media":"","overlay-type":"","overlay-color":"","overlay-opacity":"","overlay-gradient":""},"mobile":{"background-color":"","background-image":"","background-repeat":"repeat","background-position":"center center","background-size":"auto","background-attachment":"scroll","background-type":"","background-media":"","overlay-type":"","overlay-color":"","overlay-opacity":"","overlay-gradient":""}},"ast-content-background-meta":{"desktop":{"background-color":"var(--ast-global-color-5)","background-image":"","background-repeat":"repeat","background-position":"center center","background-size":"auto","background-attachment":"scroll","background-type":"","background-media":"","overlay-type":"","overlay-color":"","overlay-opacity":"","overlay-gradient":""},"tablet":{"background-color":"var(--ast-global-color-5)","background-image":"","background-repeat":"repeat","background-position":"center center","background-size":"auto","background-attachment":"scroll","background-type":"","background-media":"","overlay-type":"","overlay-color":"","overlay-opacity":"","overlay-gradient":""},"mobile":{"background-color":"var(--ast-global-color-5)","background-image":"","background-repeat":"repeat","background-position":"center center","background-size":"auto","background-attachment":"scroll","background-type":"","background-media":"","overlay-type":"","overlay-color":"","overlay-opacity":"","overlay-gradient":""}}},"product_brand":[],"product_cat":[28],"product_tag":[],"class_list":{"0":"post-2509","1":"product","2":"type-product","3":"status-publish","4":"has-post-thumbnail","6":"product_cat-livres-et-manuels-en-anglais","7":"desktop-align-left","8":"tablet-align-left","9":"mobile-align-left","11":"first","12":"instock","13":"shipping-taxable","14":"purchasable","15":"product-type-simple"},"acf":[],"yoast_head":"<!-- This site is optimized with the Yoast SEO plugin v27.0 - https:\/\/yoast.com\/product\/yoast-seo-wordpress\/ -->\n<title>Optimist Sailing with Puffy and Friends - Voile Qu\u00e9bec<\/title>\n<meta name=\"description\" content=\"&quot;Optimist Sailing with Puffy and Friends: Perfect for young sailors aged 6-9. Learn to sail the Optimist, and practice your knots!\" \/>\n<meta name=\"robots\" content=\"index, follow, max-snippet:-1, max-image-preview:large, max-video-preview:-1\" \/>\n<link rel=\"canonical\" href=\"https:\/\/voile.qc.ca\/fr\/produit\/optimist-sailing-with-puffy-and-friends\/\" \/>\n<meta property=\"og:locale\" content=\"fr_CA\" \/>\n<meta property=\"og:type\" content=\"article\" \/>\n<meta property=\"og:title\" content=\"Optimist Sailing with Puffy and Friends - Voile Qu\u00e9bec\" \/>\n<meta property=\"og:description\" content=\"&quot;Optimist Sailing with Puffy and Friends: Perfect for young sailors aged 6-9. Learn to sail the Optimist, and practice your knots!\" \/>\n<meta property=\"og:url\" content=\"https:\/\/voile.qc.ca\/fr\/produit\/optimist-sailing-with-puffy-and-friends\/\" \/>\n<meta property=\"og:site_name\" content=\"Voile Qu\u00e9bec\" \/>\n<meta property=\"article:publisher\" content=\"https:\/\/www.facebook.com\/voilequebec\" \/>\n<meta property=\"article:modified_time\" content=\"2025-04-29T15:42:34+00:00\" \/>\n<meta property=\"og:image\" content=\"https:\/\/voile.qc.ca\/wp-content\/uploads\/2023\/08\/boutique_Puffy-789x1024.png\" \/>\n\t<meta property=\"og:image:width\" content=\"789\" \/>\n\t<meta property=\"og:image:height\" content=\"1024\" \/>\n\t<meta property=\"og:image:type\" content=\"image\/png\" \/>\n<meta name=\"twitter:card\" content=\"summary_large_image\" \/>\n<meta name=\"twitter:label1\" content=\"Estimation du temps de lecture\" \/>\n\t<meta name=\"twitter:data1\" content=\"2 minutes\" \/>\n<script type=\"application\/ld+json\" class=\"yoast-schema-graph\">{\"@context\":\"https:\/\/schema.org\",\"@graph\":[{\"@type\":\"WebPage\",\"@id\":\"https:\/\/voile.qc.ca\/fr\/produit\/optimist-sailing-with-puffy-and-friends\/\",\"url\":\"https:\/\/voile.qc.ca\/fr\/produit\/optimist-sailing-with-puffy-and-friends\/\",\"name\":\"Optimist Sailing with Puffy and Friends - Voile Qu\u00e9bec\",\"isPartOf\":{\"@id\":\"https:\/\/voile.qc.ca\/fr\/#website\"},\"primaryImageOfPage\":{\"@id\":\"https:\/\/voile.qc.ca\/fr\/produit\/optimist-sailing-with-puffy-and-friends\/#primaryimage\"},\"image\":{\"@id\":\"https:\/\/voile.qc.ca\/fr\/produit\/optimist-sailing-with-puffy-and-friends\/#primaryimage\"},\"thumbnailUrl\":\"https:\/\/voile.qc.ca\/wp-content\/uploads\/2023\/08\/boutique_Puffy.png\",\"datePublished\":\"2023-08-21T14:32:52+00:00\",\"dateModified\":\"2025-04-29T15:42:34+00:00\",\"description\":\"\\\"Optimist Sailing with Puffy and Friends: Perfect for young sailors aged 6-9. Learn to sail the Optimist, and practice your knots!\",\"breadcrumb\":{\"@id\":\"https:\/\/voile.qc.ca\/fr\/produit\/optimist-sailing-with-puffy-and-friends\/#breadcrumb\"},\"inLanguage\":\"fr-CA\",\"potentialAction\":[{\"@type\":\"ReadAction\",\"target\":[\"https:\/\/voile.qc.ca\/fr\/produit\/optimist-sailing-with-puffy-and-friends\/\"]}]},{\"@type\":\"ImageObject\",\"inLanguage\":\"fr-CA\",\"@id\":\"https:\/\/voile.qc.ca\/fr\/produit\/optimist-sailing-with-puffy-and-friends\/#primaryimage\",\"url\":\"https:\/\/voile.qc.ca\/wp-content\/uploads\/2023\/08\/boutique_Puffy.png\",\"contentUrl\":\"https:\/\/voile.qc.ca\/wp-content\/uploads\/2023\/08\/boutique_Puffy.png\",\"width\":1766,\"height\":2291},{\"@type\":\"BreadcrumbList\",\"@id\":\"https:\/\/voile.qc.ca\/fr\/produit\/optimist-sailing-with-puffy-and-friends\/#breadcrumb\",\"itemListElement\":[{\"@type\":\"ListItem\",\"position\":1,\"name\":\"Accueil\",\"item\":\"https:\/\/voile.qc.ca\/\"},{\"@type\":\"ListItem\",\"position\":2,\"name\":\"boutique\",\"item\":\"https:\/\/voile.qc.ca\/en\/boutique\/\"},{\"@type\":\"ListItem\",\"position\":3,\"name\":\"Optimist Sailing with Puffy and Friends\"}]},{\"@type\":\"WebSite\",\"@id\":\"https:\/\/voile.qc.ca\/fr\/#website\",\"url\":\"https:\/\/voile.qc.ca\/fr\/\",\"name\":\"Voile Qu\u00e9bec\",\"description\":\"La r\u00e9f\u00e9rence de voile au Qu\u00e9bec\",\"publisher\":{\"@id\":\"https:\/\/voile.qc.ca\/fr\/#organization\"},\"potentialAction\":[{\"@type\":\"SearchAction\",\"target\":{\"@type\":\"EntryPoint\",\"urlTemplate\":\"https:\/\/voile.qc.ca\/fr\/?s={search_term_string}\"},\"query-input\":{\"@type\":\"PropertyValueSpecification\",\"valueRequired\":true,\"valueName\":\"search_term_string\"}}],\"inLanguage\":\"fr-CA\"},{\"@type\":\"Organization\",\"@id\":\"https:\/\/voile.qc.ca\/fr\/#organization\",\"name\":\"F\u00e9d\u00e9ration de Voile du Qu\u00e9bec\",\"url\":\"https:\/\/voile.qc.ca\/fr\/\",\"logo\":{\"@type\":\"ImageObject\",\"inLanguage\":\"fr-CA\",\"@id\":\"https:\/\/voile.qc.ca\/fr\/#\/schema\/logo\/image\/\",\"url\":\"https:\/\/voile.qc.ca\/wp-content\/uploads\/2023\/11\/cropped-bateau-bleu-V5.png\",\"contentUrl\":\"https:\/\/voile.qc.ca\/wp-content\/uploads\/2023\/11\/cropped-bateau-bleu-V5.png\",\"width\":500,\"height\":116,\"caption\":\"F\u00e9d\u00e9ration de Voile du Qu\u00e9bec\"},\"image\":{\"@id\":\"https:\/\/voile.qc.ca\/fr\/#\/schema\/logo\/image\/\"},\"sameAs\":[\"https:\/\/www.facebook.com\/voilequebec\",\"https:\/\/www.instagram.com\/voilequebec\"]}]}<\/script>\n<!-- \/ Yoast SEO plugin. -->","yoast_head_json":{"title":"Optimist Sailing with Puffy and Friends - Voile Qu\u00e9bec","description":"\"Optimist Sailing with Puffy and Friends: Perfect for young sailors aged 6-9. Learn to sail the Optimist, and practice your knots!","robots":{"index":"index","follow":"follow","max-snippet":"max-snippet:-1","max-image-preview":"max-image-preview:large","max-video-preview":"max-video-preview:-1"},"canonical":"https:\/\/voile.qc.ca\/fr\/produit\/optimist-sailing-with-puffy-and-friends\/","og_locale":"fr_CA","og_type":"article","og_title":"Optimist Sailing with Puffy and Friends - Voile Qu\u00e9bec","og_description":"\"Optimist Sailing with Puffy and Friends: Perfect for young sailors aged 6-9. Learn to sail the Optimist, and practice your knots!","og_url":"https:\/\/voile.qc.ca\/fr\/produit\/optimist-sailing-with-puffy-and-friends\/","og_site_name":"Voile Qu\u00e9bec","article_publisher":"https:\/\/www.facebook.com\/voilequebec","article_modified_time":"2025-04-29T15:42:34+00:00","og_image":[{"width":789,"height":1024,"url":"https:\/\/voile.qc.ca\/wp-content\/uploads\/2023\/08\/boutique_Puffy-789x1024.png","type":"image\/png"}],"twitter_card":"summary_large_image","twitter_misc":{"Estimation du temps de lecture":"2 minutes"},"schema":{"@context":"https:\/\/schema.org","@graph":[{"@type":"WebPage","@id":"https:\/\/voile.qc.ca\/fr\/produit\/optimist-sailing-with-puffy-and-friends\/","url":"https:\/\/voile.qc.ca\/fr\/produit\/optimist-sailing-with-puffy-and-friends\/","name":"Optimist Sailing with Puffy and Friends - Voile Qu\u00e9bec","isPartOf":{"@id":"https:\/\/voile.qc.ca\/fr\/#website"},"primaryImageOfPage":{"@id":"https:\/\/voile.qc.ca\/fr\/produit\/optimist-sailing-with-puffy-and-friends\/#primaryimage"},"image":{"@id":"https:\/\/voile.qc.ca\/fr\/produit\/optimist-sailing-with-puffy-and-friends\/#primaryimage"},"thumbnailUrl":"https:\/\/voile.qc.ca\/wp-content\/uploads\/2023\/08\/boutique_Puffy.png","datePublished":"2023-08-21T14:32:52+00:00","dateModified":"2025-04-29T15:42:34+00:00","description":"\"Optimist Sailing with Puffy and Friends: Perfect for young sailors aged 6-9. Learn to sail the Optimist, and practice your knots!","breadcrumb":{"@id":"https:\/\/voile.qc.ca\/fr\/produit\/optimist-sailing-with-puffy-and-friends\/#breadcrumb"},"inLanguage":"fr-CA","potentialAction":[{"@type":"ReadAction","target":["https:\/\/voile.qc.ca\/fr\/produit\/optimist-sailing-with-puffy-and-friends\/"]}]},{"@type":"ImageObject","inLanguage":"fr-CA","@id":"https:\/\/voile.qc.ca\/fr\/produit\/optimist-sailing-with-puffy-and-friends\/#primaryimage","url":"https:\/\/voile.qc.ca\/wp-content\/uploads\/2023\/08\/boutique_Puffy.png","contentUrl":"https:\/\/voile.qc.ca\/wp-content\/uploads\/2023\/08\/boutique_Puffy.png","width":1766,"height":2291},{"@type":"BreadcrumbList","@id":"https:\/\/voile.qc.ca\/fr\/produit\/optimist-sailing-with-puffy-and-friends\/#breadcrumb","itemListElement":[{"@type":"ListItem","position":1,"name":"Accueil","item":"https:\/\/voile.qc.ca\/"},{"@type":"ListItem","position":2,"name":"boutique","item":"https:\/\/voile.qc.ca\/en\/boutique\/"},{"@type":"ListItem","position":3,"name":"Optimist Sailing with Puffy and Friends"}]},{"@type":"WebSite","@id":"https:\/\/voile.qc.ca\/fr\/#website","url":"https:\/\/voile.qc.ca\/fr\/","name":"Voile Qu\u00e9bec","description":"La r\u00e9f\u00e9rence de voile au Qu\u00e9bec","publisher":{"@id":"https:\/\/voile.qc.ca\/fr\/#organization"},"potentialAction":[{"@type":"SearchAction","target":{"@type":"EntryPoint","urlTemplate":"https:\/\/voile.qc.ca\/fr\/?s={search_term_string}"},"query-input":{"@type":"PropertyValueSpecification","valueRequired":true,"valueName":"search_term_string"}}],"inLanguage":"fr-CA"},{"@type":"Organization","@id":"https:\/\/voile.qc.ca\/fr\/#organization","name":"F\u00e9d\u00e9ration de Voile du Qu\u00e9bec","url":"https:\/\/voile.qc.ca\/fr\/","logo":{"@type":"ImageObject","inLanguage":"fr-CA","@id":"https:\/\/voile.qc.ca\/fr\/#\/schema\/logo\/image\/","url":"https:\/\/voile.qc.ca\/wp-content\/uploads\/2023\/11\/cropped-bateau-bleu-V5.png","contentUrl":"https:\/\/voile.qc.ca\/wp-content\/uploads\/2023\/11\/cropped-bateau-bleu-V5.png","width":500,"height":116,"caption":"F\u00e9d\u00e9ration de Voile du Qu\u00e9bec"},"image":{"@id":"https:\/\/voile.qc.ca\/fr\/#\/schema\/logo\/image\/"},"sameAs":["https:\/\/www.facebook.com\/voilequebec","https:\/\/www.instagram.com\/voilequebec"]}]}},"jetpack_sharing_enabled":true,"_links":{"self":[{"href":"https:\/\/voile.qc.ca\/fr\/wp-json\/wp\/v2\/product\/2509","targetHints":{"allow":["GET"]}}],"collection":[{"href":"https:\/\/voile.qc.ca\/fr\/wp-json\/wp\/v2\/product"}],"about":[{"href":"https:\/\/voile.qc.ca\/fr\/wp-json\/wp\/v2\/types\/product"}],"wp:featuredmedia":[{"embeddable":true,"href":"https:\/\/voile.qc.ca\/fr\/wp-json\/wp\/v2\/media\/2732"}],"wp:attachment":[{"href":"https:\/\/voile.qc.ca\/fr\/wp-json\/wp\/v2\/media?parent=2509"}],"wp:term":[{"taxonomy":"product_brand","embeddable":true,"href":"https:\/\/voile.qc.ca\/fr\/wp-json\/wp\/v2\/product_brand?post=2509"},{"taxonomy":"product_cat","embeddable":true,"href":"https:\/\/voile.qc.ca\/fr\/wp-json\/wp\/v2\/product_cat?post=2509"},{"taxonomy":"product_tag","embeddable":true,"href":"https:\/\/voile.qc.ca\/fr\/wp-json\/wp\/v2\/product_tag?post=2509"}],"curies":[{"name":"wp","href":"https:\/\/api.w.org\/{rel}","templated":true}]}}