{"id":2495,"date":"2023-08-21T10:06:49","date_gmt":"2023-08-21T14:06:49","guid":{"rendered":"https:\/\/voile.qc.ca\/?post_type=product&#038;p=2495"},"modified":"2026-04-01T11:21:22","modified_gmt":"2026-04-01T15:21:22","slug":"voile-croisiere-avancee","status":"publish","type":"product","link":"https:\/\/voile.qc.ca\/fr\/produit\/voile-croisiere-avancee\/","title":{"rendered":"Voile croisi\u00e8re avanc\u00e9e"},"content":{"rendered":"<p>Ce manuel avanc\u00e9 couvre le contenu du programme du brevet de croisi\u00e8re avanc\u00e9e de Voile Canada et il aidera tout plaisancier \u00e0 parfaire ses connaissances sur le comportement d\u2019un voilier, les syst\u00e8mes m\u00e9t\u00e9o, l\u2019entretien du moteur et des \u00e9quipements du bateau. Il traite \u00e9galement de navigation la nuit\/brouillard et par gros temps. Il renseigne aussi sur une multitude de sujets li\u00e9s \u00e0 la s\u00e9curit\u00e9, aux urgences et au savoir faire marin. Un document incontournable pour la pr\u00e9paration de croisi\u00e8res c\u00f4ti\u00e8res sous toutes conditions m\u00e9t\u00e9o.<\/p>\n<hr \/>\n<p>Pour tout savoir sur les brevets croisi\u00e8re consultez notre pages <a href=\"https:\/\/voile.qc.ca\/fr\/formations\/\">formations<\/a><\/p>\n","protected":false},"excerpt":{"rendered":"<p>Ce manuel avanc\u00e9 couvre le contenu du programme du brevet de croisi\u00e8re avanc\u00e9e de Voile Canada et il aidera tout plaisancier \u00e0 parfaire ses connaissances sur le comportement d\u2019un voilier, les syst\u00e8mes m\u00e9t\u00e9o, l\u2019entretien du moteur et des \u00e9quipements du bateau. Il traite \u00e9galement de navigation la nuit\/brouillard et par gros temps. Il renseigne aussi sur une multitude de sujets li\u00e9s \u00e0 la s\u00e9curit\u00e9, aux urgences et au savoir faire marin. Un document incontournable pour la pr\u00e9paration de croisi\u00e8res c\u00f4ti\u00e8res sous toutes conditions m\u00e9t\u00e9o.<\/p>\n","protected":false},"featured_media":2739,"template":"","meta":{"_acf_changed":false,"site-sidebar-layout":"default","site-content-layout":"","ast-site-content-layout":"default","site-content-style":"default","site-sidebar-style":"default","ast-global-header-display":"","ast-banner-title-visibility":"","ast-main-header-display":"","ast-hfb-above-header-display":"","ast-hfb-below-header-display":"","ast-hfb-mobile-header-display":"","site-post-title":"","ast-breadcrumbs-content":"","ast-featured-img":"","footer-sml-layout":"","ast-disable-related-posts":"","theme-transparent-header-meta":"default","adv-header-id-meta":"","stick-header-meta":"default","header-above-stick-meta":"","header-main-stick-meta":"","header-below-stick-meta":"","astra-migrate-meta-layouts":"set","ast-page-background-enabled":"default","ast-page-background-meta":{"desktop":{"background-color":"","background-image":"","background-repeat":"repeat","background-position":"center center","background-size":"auto","background-attachment":"scroll","background-type":"","background-media":"","overlay-type":"","overlay-color":"","overlay-opacity":"","overlay-gradient":""},"tablet":{"background-color":"","background-image":"","background-repeat":"repeat","background-position":"center center","background-size":"auto","background-attachment":"scroll","background-type":"","background-media":"","overlay-type":"","overlay-color":"","overlay-opacity":"","overlay-gradient":""},"mobile":{"background-color":"","background-image":"","background-repeat":"repeat","background-position":"center center","background-size":"auto","background-attachment":"scroll","background-type":"","background-media":"","overlay-type":"","overlay-color":"","overlay-opacity":"","overlay-gradient":""}},"ast-content-background-meta":{"desktop":{"background-color":"var(--ast-global-color-5)","background-image":"","background-repeat":"repeat","background-position":"center center","background-size":"auto","background-attachment":"scroll","background-type":"","background-media":"","overlay-type":"","overlay-color":"","overlay-opacity":"","overlay-gradient":""},"tablet":{"background-color":"var(--ast-global-color-5)","background-image":"","background-repeat":"repeat","background-position":"center center","background-size":"auto","background-attachment":"scroll","background-type":"","background-media":"","overlay-type":"","overlay-color":"","overlay-opacity":"","overlay-gradient":""},"mobile":{"background-color":"var(--ast-global-color-5)","background-image":"","background-repeat":"repeat","background-position":"center center","background-size":"auto","background-attachment":"scroll","background-type":"","background-media":"","overlay-type":"","overlay-color":"","overlay-opacity":"","overlay-gradient":""}}},"product_brand":[],"product_cat":[27],"product_tag":[],"class_list":{"0":"post-2495","1":"product","2":"type-product","3":"status-publish","4":"has-post-thumbnail","6":"product_cat-livres-et-manuels-en-francais","7":"desktop-align-left","8":"tablet-align-left","9":"mobile-align-left","11":"first","12":"instock","13":"shipping-taxable","14":"purchasable","15":"product-type-simple"},"acf":[],"yoast_head":"<!-- This site is optimized with the Yoast SEO plugin v27.0 - https:\/\/yoast.com\/product\/yoast-seo-wordpress\/ -->\n<title>Voile croisi\u00e8re avanc\u00e9e - Voile Qu\u00e9bec<\/title>\n<meta name=\"description\" content=\"Ce manuel avanc\u00e9 couvre le contenu du programme du brevet de croisi\u00e8re avanc\u00e9e de Voile Canada et il vous aidera \u00e0 parfaire vos connaissances de voile.\" \/>\n<meta name=\"robots\" content=\"index, follow, max-snippet:-1, max-image-preview:large, max-video-preview:-1\" \/>\n<link rel=\"canonical\" href=\"https:\/\/voile.qc.ca\/fr\/produit\/voile-croisiere-avancee\/\" \/>\n<meta property=\"og:locale\" content=\"fr_CA\" \/>\n<meta property=\"og:type\" content=\"article\" \/>\n<meta property=\"og:title\" content=\"Voile croisi\u00e8re avanc\u00e9e - Voile Qu\u00e9bec\" \/>\n<meta property=\"og:description\" content=\"Ce manuel avanc\u00e9 couvre le contenu du programme du brevet de croisi\u00e8re avanc\u00e9e de Voile Canada et il vous aidera \u00e0 parfaire vos connaissances de voile.\" \/>\n<meta property=\"og:url\" content=\"https:\/\/voile.qc.ca\/fr\/produit\/voile-croisiere-avancee\/\" \/>\n<meta property=\"og:site_name\" content=\"Voile Qu\u00e9bec\" \/>\n<meta property=\"article:publisher\" content=\"https:\/\/www.facebook.com\/voilequebec\" \/>\n<meta property=\"article:modified_time\" content=\"2026-04-01T15:21:22+00:00\" \/>\n<meta property=\"og:image\" content=\"https:\/\/voile.qc.ca\/wp-content\/uploads\/2023\/08\/boutique_Voile-croisiere-avancee-791x1024.png\" \/>\n\t<meta property=\"og:image:width\" content=\"791\" \/>\n\t<meta property=\"og:image:height\" content=\"1024\" \/>\n\t<meta property=\"og:image:type\" content=\"image\/png\" \/>\n<meta name=\"twitter:card\" content=\"summary_large_image\" \/>\n<meta name=\"twitter:label1\" content=\"Estimation du temps de lecture\" \/>\n\t<meta name=\"twitter:data1\" content=\"1 minute\" \/>\n<script type=\"application\/ld+json\" class=\"yoast-schema-graph\">{\"@context\":\"https:\/\/schema.org\",\"@graph\":[{\"@type\":\"WebPage\",\"@id\":\"https:\/\/voile.qc.ca\/fr\/produit\/voile-croisiere-avancee\/\",\"url\":\"https:\/\/voile.qc.ca\/fr\/produit\/voile-croisiere-avancee\/\",\"name\":\"Voile croisi\u00e8re avanc\u00e9e - Voile Qu\u00e9bec\",\"isPartOf\":{\"@id\":\"https:\/\/voile.qc.ca\/fr\/#website\"},\"primaryImageOfPage\":{\"@id\":\"https:\/\/voile.qc.ca\/fr\/produit\/voile-croisiere-avancee\/#primaryimage\"},\"image\":{\"@id\":\"https:\/\/voile.qc.ca\/fr\/produit\/voile-croisiere-avancee\/#primaryimage\"},\"thumbnailUrl\":\"https:\/\/voile.qc.ca\/wp-content\/uploads\/2023\/08\/boutique_Voile-croisiere-avancee.png\",\"datePublished\":\"2023-08-21T14:06:49+00:00\",\"dateModified\":\"2026-04-01T15:21:22+00:00\",\"description\":\"Ce manuel avanc\u00e9 couvre le contenu du programme du brevet de croisi\u00e8re avanc\u00e9e de Voile Canada et il vous aidera \u00e0 parfaire vos connaissances de voile.\",\"breadcrumb\":{\"@id\":\"https:\/\/voile.qc.ca\/fr\/produit\/voile-croisiere-avancee\/#breadcrumb\"},\"inLanguage\":\"fr-CA\",\"potentialAction\":[{\"@type\":\"ReadAction\",\"target\":[\"https:\/\/voile.qc.ca\/fr\/produit\/voile-croisiere-avancee\/\"]}]},{\"@type\":\"ImageObject\",\"inLanguage\":\"fr-CA\",\"@id\":\"https:\/\/voile.qc.ca\/fr\/produit\/voile-croisiere-avancee\/#primaryimage\",\"url\":\"https:\/\/voile.qc.ca\/wp-content\/uploads\/2023\/08\/boutique_Voile-croisiere-avancee.png\",\"contentUrl\":\"https:\/\/voile.qc.ca\/wp-content\/uploads\/2023\/08\/boutique_Voile-croisiere-avancee.png\",\"width\":1780,\"height\":2305,\"caption\":\"Voile croisi\u00e8re avanc\u00e9e\"},{\"@type\":\"BreadcrumbList\",\"@id\":\"https:\/\/voile.qc.ca\/fr\/produit\/voile-croisiere-avancee\/#breadcrumb\",\"itemListElement\":[{\"@type\":\"ListItem\",\"position\":1,\"name\":\"Accueil\",\"item\":\"https:\/\/voile.qc.ca\/\"},{\"@type\":\"ListItem\",\"position\":2,\"name\":\"boutique\",\"item\":\"https:\/\/voile.qc.ca\/en\/boutique\/\"},{\"@type\":\"ListItem\",\"position\":3,\"name\":\"Voile croisi\u00e8re avanc\u00e9e\"}]},{\"@type\":\"WebSite\",\"@id\":\"https:\/\/voile.qc.ca\/fr\/#website\",\"url\":\"https:\/\/voile.qc.ca\/fr\/\",\"name\":\"Voile Qu\u00e9bec\",\"description\":\"La r\u00e9f\u00e9rence de voile au Qu\u00e9bec\",\"publisher\":{\"@id\":\"https:\/\/voile.qc.ca\/fr\/#organization\"},\"potentialAction\":[{\"@type\":\"SearchAction\",\"target\":{\"@type\":\"EntryPoint\",\"urlTemplate\":\"https:\/\/voile.qc.ca\/fr\/?s={search_term_string}\"},\"query-input\":{\"@type\":\"PropertyValueSpecification\",\"valueRequired\":true,\"valueName\":\"search_term_string\"}}],\"inLanguage\":\"fr-CA\"},{\"@type\":\"Organization\",\"@id\":\"https:\/\/voile.qc.ca\/fr\/#organization\",\"name\":\"F\u00e9d\u00e9ration de Voile du Qu\u00e9bec\",\"url\":\"https:\/\/voile.qc.ca\/fr\/\",\"logo\":{\"@type\":\"ImageObject\",\"inLanguage\":\"fr-CA\",\"@id\":\"https:\/\/voile.qc.ca\/fr\/#\/schema\/logo\/image\/\",\"url\":\"https:\/\/voile.qc.ca\/wp-content\/uploads\/2023\/11\/cropped-bateau-bleu-V5.png\",\"contentUrl\":\"https:\/\/voile.qc.ca\/wp-content\/uploads\/2023\/11\/cropped-bateau-bleu-V5.png\",\"width\":500,\"height\":116,\"caption\":\"F\u00e9d\u00e9ration de Voile du Qu\u00e9bec\"},\"image\":{\"@id\":\"https:\/\/voile.qc.ca\/fr\/#\/schema\/logo\/image\/\"},\"sameAs\":[\"https:\/\/www.facebook.com\/voilequebec\",\"https:\/\/www.instagram.com\/voilequebec\"]}]}<\/script>\n<!-- \/ Yoast SEO plugin. -->","yoast_head_json":{"title":"Voile croisi\u00e8re avanc\u00e9e - Voile Qu\u00e9bec","description":"Ce manuel avanc\u00e9 couvre le contenu du programme du brevet de croisi\u00e8re avanc\u00e9e de Voile Canada et il vous aidera \u00e0 parfaire vos connaissances de voile.","robots":{"index":"index","follow":"follow","max-snippet":"max-snippet:-1","max-image-preview":"max-image-preview:large","max-video-preview":"max-video-preview:-1"},"canonical":"https:\/\/voile.qc.ca\/fr\/produit\/voile-croisiere-avancee\/","og_locale":"fr_CA","og_type":"article","og_title":"Voile croisi\u00e8re avanc\u00e9e - Voile Qu\u00e9bec","og_description":"Ce manuel avanc\u00e9 couvre le contenu du programme du brevet de croisi\u00e8re avanc\u00e9e de Voile Canada et il vous aidera \u00e0 parfaire vos connaissances de voile.","og_url":"https:\/\/voile.qc.ca\/fr\/produit\/voile-croisiere-avancee\/","og_site_name":"Voile Qu\u00e9bec","article_publisher":"https:\/\/www.facebook.com\/voilequebec","article_modified_time":"2026-04-01T15:21:22+00:00","og_image":[{"width":791,"height":1024,"url":"https:\/\/voile.qc.ca\/wp-content\/uploads\/2023\/08\/boutique_Voile-croisiere-avancee-791x1024.png","type":"image\/png"}],"twitter_card":"summary_large_image","twitter_misc":{"Estimation du temps de lecture":"1 minute"},"schema":{"@context":"https:\/\/schema.org","@graph":[{"@type":"WebPage","@id":"https:\/\/voile.qc.ca\/fr\/produit\/voile-croisiere-avancee\/","url":"https:\/\/voile.qc.ca\/fr\/produit\/voile-croisiere-avancee\/","name":"Voile croisi\u00e8re avanc\u00e9e - Voile Qu\u00e9bec","isPartOf":{"@id":"https:\/\/voile.qc.ca\/fr\/#website"},"primaryImageOfPage":{"@id":"https:\/\/voile.qc.ca\/fr\/produit\/voile-croisiere-avancee\/#primaryimage"},"image":{"@id":"https:\/\/voile.qc.ca\/fr\/produit\/voile-croisiere-avancee\/#primaryimage"},"thumbnailUrl":"https:\/\/voile.qc.ca\/wp-content\/uploads\/2023\/08\/boutique_Voile-croisiere-avancee.png","datePublished":"2023-08-21T14:06:49+00:00","dateModified":"2026-04-01T15:21:22+00:00","description":"Ce manuel avanc\u00e9 couvre le contenu du programme du brevet de croisi\u00e8re avanc\u00e9e de Voile Canada et il vous aidera \u00e0 parfaire vos connaissances de voile.","breadcrumb":{"@id":"https:\/\/voile.qc.ca\/fr\/produit\/voile-croisiere-avancee\/#breadcrumb"},"inLanguage":"fr-CA","potentialAction":[{"@type":"ReadAction","target":["https:\/\/voile.qc.ca\/fr\/produit\/voile-croisiere-avancee\/"]}]},{"@type":"ImageObject","inLanguage":"fr-CA","@id":"https:\/\/voile.qc.ca\/fr\/produit\/voile-croisiere-avancee\/#primaryimage","url":"https:\/\/voile.qc.ca\/wp-content\/uploads\/2023\/08\/boutique_Voile-croisiere-avancee.png","contentUrl":"https:\/\/voile.qc.ca\/wp-content\/uploads\/2023\/08\/boutique_Voile-croisiere-avancee.png","width":1780,"height":2305,"caption":"Voile croisi\u00e8re avanc\u00e9e"},{"@type":"BreadcrumbList","@id":"https:\/\/voile.qc.ca\/fr\/produit\/voile-croisiere-avancee\/#breadcrumb","itemListElement":[{"@type":"ListItem","position":1,"name":"Accueil","item":"https:\/\/voile.qc.ca\/"},{"@type":"ListItem","position":2,"name":"boutique","item":"https:\/\/voile.qc.ca\/en\/boutique\/"},{"@type":"ListItem","position":3,"name":"Voile croisi\u00e8re avanc\u00e9e"}]},{"@type":"WebSite","@id":"https:\/\/voile.qc.ca\/fr\/#website","url":"https:\/\/voile.qc.ca\/fr\/","name":"Voile Qu\u00e9bec","description":"La r\u00e9f\u00e9rence de voile au Qu\u00e9bec","publisher":{"@id":"https:\/\/voile.qc.ca\/fr\/#organization"},"potentialAction":[{"@type":"SearchAction","target":{"@type":"EntryPoint","urlTemplate":"https:\/\/voile.qc.ca\/fr\/?s={search_term_string}"},"query-input":{"@type":"PropertyValueSpecification","valueRequired":true,"valueName":"search_term_string"}}],"inLanguage":"fr-CA"},{"@type":"Organization","@id":"https:\/\/voile.qc.ca\/fr\/#organization","name":"F\u00e9d\u00e9ration de Voile du Qu\u00e9bec","url":"https:\/\/voile.qc.ca\/fr\/","logo":{"@type":"ImageObject","inLanguage":"fr-CA","@id":"https:\/\/voile.qc.ca\/fr\/#\/schema\/logo\/image\/","url":"https:\/\/voile.qc.ca\/wp-content\/uploads\/2023\/11\/cropped-bateau-bleu-V5.png","contentUrl":"https:\/\/voile.qc.ca\/wp-content\/uploads\/2023\/11\/cropped-bateau-bleu-V5.png","width":500,"height":116,"caption":"F\u00e9d\u00e9ration de Voile du Qu\u00e9bec"},"image":{"@id":"https:\/\/voile.qc.ca\/fr\/#\/schema\/logo\/image\/"},"sameAs":["https:\/\/www.facebook.com\/voilequebec","https:\/\/www.instagram.com\/voilequebec"]}]}},"jetpack_sharing_enabled":true,"_links":{"self":[{"href":"https:\/\/voile.qc.ca\/fr\/wp-json\/wp\/v2\/product\/2495","targetHints":{"allow":["GET"]}}],"collection":[{"href":"https:\/\/voile.qc.ca\/fr\/wp-json\/wp\/v2\/product"}],"about":[{"href":"https:\/\/voile.qc.ca\/fr\/wp-json\/wp\/v2\/types\/product"}],"wp:featuredmedia":[{"embeddable":true,"href":"https:\/\/voile.qc.ca\/fr\/wp-json\/wp\/v2\/media\/2739"}],"wp:attachment":[{"href":"https:\/\/voile.qc.ca\/fr\/wp-json\/wp\/v2\/media?parent=2495"}],"wp:term":[{"taxonomy":"product_brand","embeddable":true,"href":"https:\/\/voile.qc.ca\/fr\/wp-json\/wp\/v2\/product_brand?post=2495"},{"taxonomy":"product_cat","embeddable":true,"href":"https:\/\/voile.qc.ca\/fr\/wp-json\/wp\/v2\/product_cat?post=2495"},{"taxonomy":"product_tag","embeddable":true,"href":"https:\/\/voile.qc.ca\/fr\/wp-json\/wp\/v2\/product_tag?post=2495"}],"curies":[{"name":"wp","href":"https:\/\/api.w.org\/{rel}","templated":true}]}}