{"id":2491,"date":"2023-08-21T10:03:49","date_gmt":"2023-08-21T14:03:49","guid":{"rendered":"https:\/\/voile.qc.ca\/?post_type=product&#038;p=2491"},"modified":"2026-03-14T19:33:19","modified_gmt":"2026-03-14T23:33:19","slug":"navigation-astronomique-normand-corbeil","status":"publish","type":"product","link":"https:\/\/voile.qc.ca\/fr\/produit\/navigation-astronomique-normand-corbeil\/","title":{"rendered":"Navigation Astronomique"},"content":{"rendered":"<p class=\"p1\">Navigation astronomique aidera tout plaisancier \u00e0 acqu\u00e9rir les connaissances et les habilet\u00e9s n\u00e9cessaires afin de d\u00e9terminer la position d&rsquo;un bateau \u00e0 l&rsquo;aide des astres (soleil, lune, plan\u00e8tes et \u00e9toiles). Un document incontournable pour la pr\u00e9paration de croisi\u00e8res hauturi\u00e8res.<\/p>\n<p class=\"p1\">Dans un premier temps une approche simple, qui consiste \u00e0 remplir les cases de feuilles de calculs sp\u00e9cialement \u00e9labor\u00e9es, permet au navigateur de faire le point. Cela est en soi suffisant pour traverser les oc\u00e9ans. Cependant, toute la th\u00e9orie sous tendant un point astronomique y est aussi trait\u00e9e, de m\u00eame que d&rsquo;autres concepts.<\/p>\n<p class=\"p1\">Ce document est, entre autres, sp\u00e9cialement destin\u00e9 aux candidats se pr\u00e9parant \u00e0 l&rsquo;examen th\u00e9orique du Brevet de navigation astronomique de Voile Qu\u00e9bec\/ Voile Canada.<\/p>\n<p>&nbsp;<\/p>\n<p class=\"p1\"><strong>Normand Corbeil<\/strong> est instructeur \u00e9valuateur de voile croisi\u00e8re avanc\u00e9e et de navigation de Voile Qu\u00e9bec\/ Voile Canada. Il est d\u00e9tenteur des Yachtmaster C\u00f4tier et Oc\u00e9an de Voile Canada. Outre les stages embarqu\u00e9s qu&rsquo;il offre, il est instructeur \u00e0 la Garde c\u00f4ti\u00e8re auxiliaire canadienne, conseiller en pr\u00e9vention de Transport Canada et enseigne au sein des Escadrilles canadiennes de plaisance.<\/p>\n<hr \/>\n<p>Pour connaitre toutes les formations cliquez <a href=\"https:\/\/voile.qc.ca\/formations\/\">ici<\/a><\/p>\n<p>&nbsp;<\/p>\n","protected":false},"excerpt":{"rendered":"<p class=\"p1\">Ce document aidera tout plaisancier \u00e0 acqu\u00e9rir les connaissances et les habilet\u00e9s n\u00e9cessaires afin de d\u00e9terminer la position d&rsquo;un bateau \u00e0 l&rsquo;aide des astres (soleil, lune, plan\u00e8tes et \u00e9toiles). Un document incontournable pour la pr\u00e9paration de croisi\u00e8res hauturi\u00e8res.<\/p>\n<p class=\"p1\">Dans un premier temps une approche simple, qui consiste \u00e0 remplir les cases de feuilles de calculs sp\u00e9cialement \u00e9labor\u00e9es, permet au navigateur de faire le point. Cela est en soi suffisant pour traverser les oc\u00e9ans. Cependant, toute la th\u00e9orie sous tendant un point astronomique y est aussi trait\u00e9e, de m\u00eame que d&rsquo;autres concepts.<\/p>\n<p class=\"p1\">Ce document est, entre autres, sp\u00e9cialement destin\u00e9 aux candidats se pr\u00e9parant \u00e0 l&rsquo;examen th\u00e9orique du Brevet de navigation astronomique de Voile Qu\u00e9bec\/ Voile Canada.<\/p>\n<p>&nbsp;<\/p>\n<p class=\"p1\"><strong>Normand Corbeil<\/strong> est instructeur \u00e9valuateur de voile croisi\u00e8re avanc\u00e9e et de navigation de Voile Qu\u00e9bec\/ Voile Canada. Il est d\u00e9tenteur des Yachtmaster C\u00f4tier et Oc\u00e9an de Voile Canada. Outre les stages embarqu\u00e9s qu&rsquo;il offre, il est instructeur \u00e0 la Garde c\u00f4ti\u00e8re auxiliaire canadienne, conseiller en pr\u00e9vention de Transport Canada et enseigne au sein des Escadrilles canadiennes de plaisance.<\/p>\n<p>&nbsp;<\/p>\n","protected":false},"featured_media":2727,"template":"","meta":{"_acf_changed":false,"site-sidebar-layout":"default","site-content-layout":"","ast-site-content-layout":"default","site-content-style":"default","site-sidebar-style":"default","ast-global-header-display":"","ast-banner-title-visibility":"","ast-main-header-display":"","ast-hfb-above-header-display":"","ast-hfb-below-header-display":"","ast-hfb-mobile-header-display":"","site-post-title":"","ast-breadcrumbs-content":"","ast-featured-img":"","footer-sml-layout":"","ast-disable-related-posts":"","theme-transparent-header-meta":"default","adv-header-id-meta":"","stick-header-meta":"default","header-above-stick-meta":"","header-main-stick-meta":"","header-below-stick-meta":"","astra-migrate-meta-layouts":"set","ast-page-background-enabled":"default","ast-page-background-meta":{"desktop":{"background-color":"","background-image":"","background-repeat":"repeat","background-position":"center center","background-size":"auto","background-attachment":"scroll","background-type":"","background-media":"","overlay-type":"","overlay-color":"","overlay-opacity":"","overlay-gradient":""},"tablet":{"background-color":"","background-image":"","background-repeat":"repeat","background-position":"center center","background-size":"auto","background-attachment":"scroll","background-type":"","background-media":"","overlay-type":"","overlay-color":"","overlay-opacity":"","overlay-gradient":""},"mobile":{"background-color":"","background-image":"","background-repeat":"repeat","background-position":"center center","background-size":"auto","background-attachment":"scroll","background-type":"","background-media":"","overlay-type":"","overlay-color":"","overlay-opacity":"","overlay-gradient":""}},"ast-content-background-meta":{"desktop":{"background-color":"var(--ast-global-color-5)","background-image":"","background-repeat":"repeat","background-position":"center center","background-size":"auto","background-attachment":"scroll","background-type":"","background-media":"","overlay-type":"","overlay-color":"","overlay-opacity":"","overlay-gradient":""},"tablet":{"background-color":"var(--ast-global-color-5)","background-image":"","background-repeat":"repeat","background-position":"center center","background-size":"auto","background-attachment":"scroll","background-type":"","background-media":"","overlay-type":"","overlay-color":"","overlay-opacity":"","overlay-gradient":""},"mobile":{"background-color":"var(--ast-global-color-5)","background-image":"","background-repeat":"repeat","background-position":"center center","background-size":"auto","background-attachment":"scroll","background-type":"","background-media":"","overlay-type":"","overlay-color":"","overlay-opacity":"","overlay-gradient":""}}},"product_brand":[],"product_cat":[27],"product_tag":[],"class_list":{"0":"post-2491","1":"product","2":"type-product","3":"status-publish","4":"has-post-thumbnail","6":"product_cat-livres-et-manuels-en-francais","7":"desktop-align-left","8":"tablet-align-left","9":"mobile-align-left","11":"first","12":"instock","13":"shipping-taxable","14":"purchasable","15":"product-type-simple"},"acf":[],"yoast_head":"<!-- This site is optimized with the Yoast SEO plugin v27.0 - https:\/\/yoast.com\/product\/yoast-seo-wordpress\/ -->\n<title>Navigation Astronomique - Voile Qu\u00e9bec<\/title>\n<meta name=\"description\" content=\"Navigation astronomique aidera tout plaisancier \u00e0 acqu\u00e9rir les connaissances n\u00e9cessaires afin de d\u00e9terminer la position d&#039;un bateau \u00e0 l&#039;aide des astres\" \/>\n<meta name=\"robots\" content=\"index, follow, max-snippet:-1, max-image-preview:large, max-video-preview:-1\" \/>\n<link rel=\"canonical\" href=\"https:\/\/voile.qc.ca\/fr\/product\/navigation-astronomique-normand-corbeil\/\" \/>\n<meta property=\"og:locale\" content=\"fr_CA\" \/>\n<meta property=\"og:type\" content=\"article\" \/>\n<meta property=\"og:title\" content=\"Navigation Astronomique - Voile Qu\u00e9bec\" \/>\n<meta property=\"og:description\" content=\"Navigation astronomique aidera tout plaisancier \u00e0 acqu\u00e9rir les connaissances n\u00e9cessaires afin de d\u00e9terminer la position d&#039;un bateau \u00e0 l&#039;aide des astres\" \/>\n<meta property=\"og:url\" content=\"https:\/\/voile.qc.ca\/fr\/product\/navigation-astronomique-normand-corbeil\/\" \/>\n<meta property=\"og:site_name\" content=\"Voile Qu\u00e9bec\" \/>\n<meta property=\"article:publisher\" content=\"https:\/\/www.facebook.com\/voilequebec\" \/>\n<meta property=\"article:modified_time\" content=\"2026-03-14T23:33:19+00:00\" \/>\n<meta property=\"og:image\" content=\"https:\/\/voile.qc.ca\/wp-content\/uploads\/2023\/08\/boutique_Navigation-astronomique-794x1024.png\" \/>\n\t<meta property=\"og:image:width\" content=\"794\" \/>\n\t<meta property=\"og:image:height\" content=\"1024\" \/>\n\t<meta property=\"og:image:type\" content=\"image\/png\" \/>\n<meta name=\"twitter:card\" content=\"summary_large_image\" \/>\n<meta name=\"twitter:label1\" content=\"Estimation du temps de lecture\" \/>\n\t<meta name=\"twitter:data1\" content=\"1 minute\" \/>\n<script type=\"application\/ld+json\" class=\"yoast-schema-graph\">{\"@context\":\"https:\/\/schema.org\",\"@graph\":[{\"@type\":\"WebPage\",\"@id\":\"https:\/\/voile.qc.ca\/en\/product\/navigation-astronomique-normand-corbeil\/\",\"url\":\"https:\/\/voile.qc.ca\/en\/product\/navigation-astronomique-normand-corbeil\/\",\"name\":\"Navigation Astronomique - Voile Qu\u00e9bec\",\"isPartOf\":{\"@id\":\"https:\/\/voile.qc.ca\/fr\/#website\"},\"primaryImageOfPage\":{\"@id\":\"https:\/\/voile.qc.ca\/en\/product\/navigation-astronomique-normand-corbeil\/#primaryimage\"},\"image\":{\"@id\":\"https:\/\/voile.qc.ca\/en\/product\/navigation-astronomique-normand-corbeil\/#primaryimage\"},\"thumbnailUrl\":\"https:\/\/voile.qc.ca\/wp-content\/uploads\/2023\/08\/boutique_Navigation-astronomique.png\",\"datePublished\":\"2023-08-21T14:03:49+00:00\",\"dateModified\":\"2026-03-14T23:33:19+00:00\",\"description\":\"Navigation astronomique aidera tout plaisancier \u00e0 acqu\u00e9rir les connaissances n\u00e9cessaires afin de d\u00e9terminer la position d'un bateau \u00e0 l'aide des astres\",\"breadcrumb\":{\"@id\":\"https:\/\/voile.qc.ca\/en\/product\/navigation-astronomique-normand-corbeil\/#breadcrumb\"},\"inLanguage\":\"fr-CA\",\"potentialAction\":[{\"@type\":\"ReadAction\",\"target\":[\"https:\/\/voile.qc.ca\/en\/product\/navigation-astronomique-normand-corbeil\/\"]}]},{\"@type\":\"ImageObject\",\"inLanguage\":\"fr-CA\",\"@id\":\"https:\/\/voile.qc.ca\/en\/product\/navigation-astronomique-normand-corbeil\/#primaryimage\",\"url\":\"https:\/\/voile.qc.ca\/wp-content\/uploads\/2023\/08\/boutique_Navigation-astronomique.png\",\"contentUrl\":\"https:\/\/voile.qc.ca\/wp-content\/uploads\/2023\/08\/boutique_Navigation-astronomique.png\",\"width\":1809,\"height\":2333,\"caption\":\"Navigation astronomique, Normand Corbeil\"},{\"@type\":\"BreadcrumbList\",\"@id\":\"https:\/\/voile.qc.ca\/en\/product\/navigation-astronomique-normand-corbeil\/#breadcrumb\",\"itemListElement\":[{\"@type\":\"ListItem\",\"position\":1,\"name\":\"Accueil\",\"item\":\"https:\/\/voile.qc.ca\/\"},{\"@type\":\"ListItem\",\"position\":2,\"name\":\"boutique\",\"item\":\"https:\/\/voile.qc.ca\/en\/boutique\/\"},{\"@type\":\"ListItem\",\"position\":3,\"name\":\"Navigation Astronomique\"}]},{\"@type\":\"WebSite\",\"@id\":\"https:\/\/voile.qc.ca\/fr\/#website\",\"url\":\"https:\/\/voile.qc.ca\/fr\/\",\"name\":\"Voile Qu\u00e9bec\",\"description\":\"La r\u00e9f\u00e9rence de voile au Qu\u00e9bec\",\"publisher\":{\"@id\":\"https:\/\/voile.qc.ca\/fr\/#organization\"},\"potentialAction\":[{\"@type\":\"SearchAction\",\"target\":{\"@type\":\"EntryPoint\",\"urlTemplate\":\"https:\/\/voile.qc.ca\/fr\/?s={search_term_string}\"},\"query-input\":{\"@type\":\"PropertyValueSpecification\",\"valueRequired\":true,\"valueName\":\"search_term_string\"}}],\"inLanguage\":\"fr-CA\"},{\"@type\":\"Organization\",\"@id\":\"https:\/\/voile.qc.ca\/fr\/#organization\",\"name\":\"F\u00e9d\u00e9ration de Voile du Qu\u00e9bec\",\"url\":\"https:\/\/voile.qc.ca\/fr\/\",\"logo\":{\"@type\":\"ImageObject\",\"inLanguage\":\"fr-CA\",\"@id\":\"https:\/\/voile.qc.ca\/fr\/#\/schema\/logo\/image\/\",\"url\":\"https:\/\/voile.qc.ca\/wp-content\/uploads\/2023\/11\/cropped-bateau-bleu-V5.png\",\"contentUrl\":\"https:\/\/voile.qc.ca\/wp-content\/uploads\/2023\/11\/cropped-bateau-bleu-V5.png\",\"width\":500,\"height\":116,\"caption\":\"F\u00e9d\u00e9ration de Voile du Qu\u00e9bec\"},\"image\":{\"@id\":\"https:\/\/voile.qc.ca\/fr\/#\/schema\/logo\/image\/\"},\"sameAs\":[\"https:\/\/www.facebook.com\/voilequebec\",\"https:\/\/www.instagram.com\/voilequebec\"]}]}<\/script>\n<!-- \/ Yoast SEO plugin. -->","yoast_head_json":{"title":"Navigation Astronomique - Voile Qu\u00e9bec","description":"Navigation astronomique aidera tout plaisancier \u00e0 acqu\u00e9rir les connaissances n\u00e9cessaires afin de d\u00e9terminer la position d'un bateau \u00e0 l'aide des astres","robots":{"index":"index","follow":"follow","max-snippet":"max-snippet:-1","max-image-preview":"max-image-preview:large","max-video-preview":"max-video-preview:-1"},"canonical":"https:\/\/voile.qc.ca\/fr\/product\/navigation-astronomique-normand-corbeil\/","og_locale":"fr_CA","og_type":"article","og_title":"Navigation Astronomique - Voile Qu\u00e9bec","og_description":"Navigation astronomique aidera tout plaisancier \u00e0 acqu\u00e9rir les connaissances n\u00e9cessaires afin de d\u00e9terminer la position d'un bateau \u00e0 l'aide des astres","og_url":"https:\/\/voile.qc.ca\/fr\/product\/navigation-astronomique-normand-corbeil\/","og_site_name":"Voile Qu\u00e9bec","article_publisher":"https:\/\/www.facebook.com\/voilequebec","article_modified_time":"2026-03-14T23:33:19+00:00","og_image":[{"width":794,"height":1024,"url":"https:\/\/voile.qc.ca\/wp-content\/uploads\/2023\/08\/boutique_Navigation-astronomique-794x1024.png","type":"image\/png"}],"twitter_card":"summary_large_image","twitter_misc":{"Estimation du temps de lecture":"1 minute"},"schema":{"@context":"https:\/\/schema.org","@graph":[{"@type":"WebPage","@id":"https:\/\/voile.qc.ca\/en\/product\/navigation-astronomique-normand-corbeil\/","url":"https:\/\/voile.qc.ca\/en\/product\/navigation-astronomique-normand-corbeil\/","name":"Navigation Astronomique - Voile Qu\u00e9bec","isPartOf":{"@id":"https:\/\/voile.qc.ca\/fr\/#website"},"primaryImageOfPage":{"@id":"https:\/\/voile.qc.ca\/en\/product\/navigation-astronomique-normand-corbeil\/#primaryimage"},"image":{"@id":"https:\/\/voile.qc.ca\/en\/product\/navigation-astronomique-normand-corbeil\/#primaryimage"},"thumbnailUrl":"https:\/\/voile.qc.ca\/wp-content\/uploads\/2023\/08\/boutique_Navigation-astronomique.png","datePublished":"2023-08-21T14:03:49+00:00","dateModified":"2026-03-14T23:33:19+00:00","description":"Navigation astronomique aidera tout plaisancier \u00e0 acqu\u00e9rir les connaissances n\u00e9cessaires afin de d\u00e9terminer la position d'un bateau \u00e0 l'aide des astres","breadcrumb":{"@id":"https:\/\/voile.qc.ca\/en\/product\/navigation-astronomique-normand-corbeil\/#breadcrumb"},"inLanguage":"fr-CA","potentialAction":[{"@type":"ReadAction","target":["https:\/\/voile.qc.ca\/en\/product\/navigation-astronomique-normand-corbeil\/"]}]},{"@type":"ImageObject","inLanguage":"fr-CA","@id":"https:\/\/voile.qc.ca\/en\/product\/navigation-astronomique-normand-corbeil\/#primaryimage","url":"https:\/\/voile.qc.ca\/wp-content\/uploads\/2023\/08\/boutique_Navigation-astronomique.png","contentUrl":"https:\/\/voile.qc.ca\/wp-content\/uploads\/2023\/08\/boutique_Navigation-astronomique.png","width":1809,"height":2333,"caption":"Navigation astronomique, Normand Corbeil"},{"@type":"BreadcrumbList","@id":"https:\/\/voile.qc.ca\/en\/product\/navigation-astronomique-normand-corbeil\/#breadcrumb","itemListElement":[{"@type":"ListItem","position":1,"name":"Accueil","item":"https:\/\/voile.qc.ca\/"},{"@type":"ListItem","position":2,"name":"boutique","item":"https:\/\/voile.qc.ca\/en\/boutique\/"},{"@type":"ListItem","position":3,"name":"Navigation Astronomique"}]},{"@type":"WebSite","@id":"https:\/\/voile.qc.ca\/fr\/#website","url":"https:\/\/voile.qc.ca\/fr\/","name":"Voile Qu\u00e9bec","description":"La r\u00e9f\u00e9rence de voile au Qu\u00e9bec","publisher":{"@id":"https:\/\/voile.qc.ca\/fr\/#organization"},"potentialAction":[{"@type":"SearchAction","target":{"@type":"EntryPoint","urlTemplate":"https:\/\/voile.qc.ca\/fr\/?s={search_term_string}"},"query-input":{"@type":"PropertyValueSpecification","valueRequired":true,"valueName":"search_term_string"}}],"inLanguage":"fr-CA"},{"@type":"Organization","@id":"https:\/\/voile.qc.ca\/fr\/#organization","name":"F\u00e9d\u00e9ration de Voile du Qu\u00e9bec","url":"https:\/\/voile.qc.ca\/fr\/","logo":{"@type":"ImageObject","inLanguage":"fr-CA","@id":"https:\/\/voile.qc.ca\/fr\/#\/schema\/logo\/image\/","url":"https:\/\/voile.qc.ca\/wp-content\/uploads\/2023\/11\/cropped-bateau-bleu-V5.png","contentUrl":"https:\/\/voile.qc.ca\/wp-content\/uploads\/2023\/11\/cropped-bateau-bleu-V5.png","width":500,"height":116,"caption":"F\u00e9d\u00e9ration de Voile du Qu\u00e9bec"},"image":{"@id":"https:\/\/voile.qc.ca\/fr\/#\/schema\/logo\/image\/"},"sameAs":["https:\/\/www.facebook.com\/voilequebec","https:\/\/www.instagram.com\/voilequebec"]}]}},"jetpack_sharing_enabled":true,"_links":{"self":[{"href":"https:\/\/voile.qc.ca\/fr\/wp-json\/wp\/v2\/product\/2491","targetHints":{"allow":["GET"]}}],"collection":[{"href":"https:\/\/voile.qc.ca\/fr\/wp-json\/wp\/v2\/product"}],"about":[{"href":"https:\/\/voile.qc.ca\/fr\/wp-json\/wp\/v2\/types\/product"}],"wp:featuredmedia":[{"embeddable":true,"href":"https:\/\/voile.qc.ca\/fr\/wp-json\/wp\/v2\/media\/2727"}],"wp:attachment":[{"href":"https:\/\/voile.qc.ca\/fr\/wp-json\/wp\/v2\/media?parent=2491"}],"wp:term":[{"taxonomy":"product_brand","embeddable":true,"href":"https:\/\/voile.qc.ca\/fr\/wp-json\/wp\/v2\/product_brand?post=2491"},{"taxonomy":"product_cat","embeddable":true,"href":"https:\/\/voile.qc.ca\/fr\/wp-json\/wp\/v2\/product_cat?post=2491"},{"taxonomy":"product_tag","embeddable":true,"href":"https:\/\/voile.qc.ca\/fr\/wp-json\/wp\/v2\/product_tag?post=2491"}],"curies":[{"name":"wp","href":"https:\/\/api.w.org\/{rel}","templated":true}]}}