{"id":2490,"date":"2023-08-21T10:02:05","date_gmt":"2023-08-21T14:02:05","guid":{"rendered":"https:\/\/voile.qc.ca\/?post_type=product&#038;p=2490"},"modified":"2026-03-25T15:58:16","modified_gmt":"2026-03-25T19:58:16","slug":"la-voile-optimist-avec-puff-puff","status":"publish","type":"product","link":"https:\/\/voile.qc.ca\/fr\/produit\/la-voile-optimist-avec-puff-puff\/","title":{"rendered":"La voile Optimist avec Puff-Puff"},"content":{"rendered":"<div class=\"flex-1 overflow-hidden\">\n<div class=\"react-scroll-to-bottom--css-ubcnl-79elbk h-full dark:bg-gray-800\">\n<div class=\"react-scroll-to-bottom--css-ubcnl-1n7m0yu\">\n<div class=\"flex flex-col text-sm dark:bg-gray-800\">\n<div class=\"group w-full text-token-text-primary border-b border-black\/10 dark:border-gray-900\/50 bg-gray-50 dark:bg-[#444654]\" data-testid=\"conversation-turn-11\">\n<div class=\"p-4 justify-center text-base md:gap-6 md:py-6 m-auto\">\n<div class=\"flex flex-1 gap-4 text-base mx-auto md:gap-6 md:max-w-2xl lg:max-w-[38rem] xl:max-w-3xl }\">\n<div class=\"relative flex w-[calc(100%-50px)] flex-col gap-1 md:gap-3 lg:w-[calc(100%-115px)]\">\n<div class=\"flex flex-grow flex-col gap-3 max-w-full\">\n<div class=\"min-h-[20px] flex flex-col items-start gap-3 overflow-x-auto whitespace-pre-wrap break-words\">\n<div class=\"markdown prose w-full break-words dark:prose-invert light\">\n<p>La Voile en Optimist avec Puff-Puff et ses Amis est con\u00e7ue pour les jeunes matelots \u00e2g\u00e9s de 6 \u00e0 9 ans qui apprennent \u00e0 naviguer en Optimist. Ce livre comprend \u00e9galement des autocollants amusants.<\/p>\n<hr \/>\n<p>Ce cahier d&rsquo;exercices sert de porte d&rsquo;entr\u00e9e dans le monde captivant de la voile. Il couvre de mani\u00e8re simple les sujets cruciaux de la voile tels que les op\u00e9rations de bateau, les consignes de s\u00e9curit\u00e9, la compr\u00e9hension des mod\u00e8les m\u00e9t\u00e9orologiques, le perfectionnement des comp\u00e9tences en matelotage, et bien plus encore.<\/p>\n<p>Alors que votre jeune marin parcourt ces activit\u00e9s, il s&rsquo;amusera non seulement beaucoup, mais acquerra \u00e9galement une connaissance inestimable. Des quiz mettront \u00e0 l&rsquo;\u00e9preuve sa sagacit\u00e9 en mati\u00e8re de voile, tandis que des jeux et des casse-t\u00eate aff\u00fbteront ses comp\u00e9tences en matelotage.<\/p>\n<p>La s\u00e9curit\u00e9 est mise en avant tout au long du cahier d&rsquo;exercices, inculquant des pratiques de voile responsables. Les jeunes apprenants d\u00e9velopperont un sens aigu des mod\u00e8les m\u00e9t\u00e9orologiques et gagneront en confiance dans la manipulation de diff\u00e9rentes op\u00e9rations de bateau.<\/p>\n<p>\u00ab\u00a0La voile en Optimist avec Puff-Puff \u00a0\u00bb va au-del\u00e0 de la simple \u00e9ducation; elle transforme la voile en une aventure palpitante. \u00c0 chaque tour de page, les jeunes marins se pr\u00e9parent \u00e0 une vie enti\u00e8re de plaisir en voile.<\/p>\n<p>Ce cahier d&rsquo;exercices nourrit une passion pour la voile d\u00e8s le plus jeune \u00e2ge, en faisant plus qu&rsquo;un simple passe-temps ; il devient un voyage de d\u00e9couverte tout au long de la vie.<\/p>\n<p>Levez les voiles avec pour des aventures inoubliables gr\u00e2ce \u00e0 Puff-Puff!<\/p>\n<hr \/>\n<p>D\u00e9couvrez toutes les <a href=\"https:\/\/voile.qc.ca\/liste-des-clubs-ecoles-au-quebec\/\" target=\"_blank\" rel=\"noopener\">\u00e9coles de voile<\/a> de la province !<\/p>\n<\/div>\n<\/div>\n<\/div>\n<\/div>\n<\/div>\n<\/div>\n<\/div>\n<\/div>\n<\/div>\n<\/div>\n<\/div>\n","protected":false},"excerpt":{"rendered":"<p>La Voile en Optimist avec Puffy et ses Amis est con\u00e7ue pour les jeunes matelots \u00e2g\u00e9s de 6 \u00e0 9 ans qui apprennent \u00e0 naviguer en Optimist. Ce livre comprend \u00e9galement des autocollants amusants.<\/p>\n","protected":false},"featured_media":2731,"template":"","meta":{"_acf_changed":false,"site-sidebar-layout":"default","site-content-layout":"","ast-site-content-layout":"default","site-content-style":"default","site-sidebar-style":"default","ast-global-header-display":"","ast-banner-title-visibility":"","ast-main-header-display":"","ast-hfb-above-header-display":"","ast-hfb-below-header-display":"","ast-hfb-mobile-header-display":"","site-post-title":"","ast-breadcrumbs-content":"","ast-featured-img":"","footer-sml-layout":"","ast-disable-related-posts":"","theme-transparent-header-meta":"default","adv-header-id-meta":"","stick-header-meta":"default","header-above-stick-meta":"","header-main-stick-meta":"","header-below-stick-meta":"","astra-migrate-meta-layouts":"set","ast-page-background-enabled":"default","ast-page-background-meta":{"desktop":{"background-color":"","background-image":"","background-repeat":"repeat","background-position":"center center","background-size":"auto","background-attachment":"scroll","background-type":"","background-media":"","overlay-type":"","overlay-color":"","overlay-opacity":"","overlay-gradient":""},"tablet":{"background-color":"","background-image":"","background-repeat":"repeat","background-position":"center center","background-size":"auto","background-attachment":"scroll","background-type":"","background-media":"","overlay-type":"","overlay-color":"","overlay-opacity":"","overlay-gradient":""},"mobile":{"background-color":"","background-image":"","background-repeat":"repeat","background-position":"center center","background-size":"auto","background-attachment":"scroll","background-type":"","background-media":"","overlay-type":"","overlay-color":"","overlay-opacity":"","overlay-gradient":""}},"ast-content-background-meta":{"desktop":{"background-color":"var(--ast-global-color-5)","background-image":"","background-repeat":"repeat","background-position":"center center","background-size":"auto","background-attachment":"scroll","background-type":"","background-media":"","overlay-type":"","overlay-color":"","overlay-opacity":"","overlay-gradient":""},"tablet":{"background-color":"var(--ast-global-color-5)","background-image":"","background-repeat":"repeat","background-position":"center center","background-size":"auto","background-attachment":"scroll","background-type":"","background-media":"","overlay-type":"","overlay-color":"","overlay-opacity":"","overlay-gradient":""},"mobile":{"background-color":"var(--ast-global-color-5)","background-image":"","background-repeat":"repeat","background-position":"center center","background-size":"auto","background-attachment":"scroll","background-type":"","background-media":"","overlay-type":"","overlay-color":"","overlay-opacity":"","overlay-gradient":""}}},"product_brand":[],"product_cat":[27],"product_tag":[],"class_list":{"0":"post-2490","1":"product","2":"type-product","3":"status-publish","4":"has-post-thumbnail","6":"product_cat-livres-et-manuels-en-francais","7":"desktop-align-left","8":"tablet-align-left","9":"mobile-align-left","11":"first","12":"outofstock","13":"shipping-taxable","14":"purchasable","15":"product-type-simple"},"acf":[],"yoast_head":"<!-- This site is optimized with the Yoast SEO plugin v27.0 - https:\/\/yoast.com\/product\/yoast-seo-wordpress\/ -->\n<title>La voile Optimist avec Puff-Puff - Voile Qu\u00e9bec<\/title>\n<meta name=\"description\" content=\"La Voile en Optimist avec Puff-Puff est con\u00e7ue pour les jeunes matelots \u00e2g\u00e9s de 6 \u00e0 9 ans qui d\u00e9sir apprendre \u00e0 naviguer en Optimist.\" \/>\n<meta name=\"robots\" content=\"index, follow, max-snippet:-1, max-image-preview:large, max-video-preview:-1\" \/>\n<link rel=\"canonical\" href=\"https:\/\/voile.qc.ca\/fr\/product\/la-voile-optimist-avec-puff-puff\/\" \/>\n<meta property=\"og:locale\" content=\"fr_CA\" \/>\n<meta property=\"og:type\" content=\"article\" \/>\n<meta property=\"og:title\" content=\"La voile Optimist avec Puff-Puff - Voile Qu\u00e9bec\" \/>\n<meta property=\"og:description\" content=\"La Voile en Optimist avec Puff-Puff est con\u00e7ue pour les jeunes matelots \u00e2g\u00e9s de 6 \u00e0 9 ans qui d\u00e9sir apprendre \u00e0 naviguer en Optimist.\" \/>\n<meta property=\"og:url\" content=\"https:\/\/voile.qc.ca\/fr\/product\/la-voile-optimist-avec-puff-puff\/\" \/>\n<meta property=\"og:site_name\" content=\"Voile Qu\u00e9bec\" \/>\n<meta property=\"article:publisher\" content=\"https:\/\/www.facebook.com\/voilequebec\" \/>\n<meta property=\"article:modified_time\" content=\"2026-03-25T19:58:16+00:00\" \/>\n<meta property=\"og:image\" content=\"https:\/\/voile.qc.ca\/wp-content\/uploads\/2023\/08\/boutique_Puff-puff-782x1024.png\" \/>\n\t<meta property=\"og:image:width\" content=\"782\" \/>\n\t<meta property=\"og:image:height\" content=\"1024\" \/>\n\t<meta property=\"og:image:type\" content=\"image\/png\" \/>\n<meta name=\"twitter:card\" content=\"summary_large_image\" \/>\n<meta name=\"twitter:label1\" content=\"Estimation du temps de lecture\" \/>\n\t<meta name=\"twitter:data1\" content=\"2 minutes\" \/>\n<script type=\"application\/ld+json\" class=\"yoast-schema-graph\">{\"@context\":\"https:\/\/schema.org\",\"@graph\":[{\"@type\":\"WebPage\",\"@id\":\"https:\/\/voile.qc.ca\/en\/product\/la-voile-optimist-avec-puff-puff\/\",\"url\":\"https:\/\/voile.qc.ca\/en\/product\/la-voile-optimist-avec-puff-puff\/\",\"name\":\"La voile Optimist avec Puff-Puff - Voile Qu\u00e9bec\",\"isPartOf\":{\"@id\":\"https:\/\/voile.qc.ca\/fr\/#website\"},\"primaryImageOfPage\":{\"@id\":\"https:\/\/voile.qc.ca\/en\/product\/la-voile-optimist-avec-puff-puff\/#primaryimage\"},\"image\":{\"@id\":\"https:\/\/voile.qc.ca\/en\/product\/la-voile-optimist-avec-puff-puff\/#primaryimage\"},\"thumbnailUrl\":\"https:\/\/voile.qc.ca\/wp-content\/uploads\/2023\/08\/boutique_Puff-puff.png\",\"datePublished\":\"2023-08-21T14:02:05+00:00\",\"dateModified\":\"2026-03-25T19:58:16+00:00\",\"description\":\"La Voile en Optimist avec Puff-Puff est con\u00e7ue pour les jeunes matelots \u00e2g\u00e9s de 6 \u00e0 9 ans qui d\u00e9sir apprendre \u00e0 naviguer en Optimist.\",\"breadcrumb\":{\"@id\":\"https:\/\/voile.qc.ca\/en\/product\/la-voile-optimist-avec-puff-puff\/#breadcrumb\"},\"inLanguage\":\"fr-CA\",\"potentialAction\":[{\"@type\":\"ReadAction\",\"target\":[\"https:\/\/voile.qc.ca\/en\/product\/la-voile-optimist-avec-puff-puff\/\"]}]},{\"@type\":\"ImageObject\",\"inLanguage\":\"fr-CA\",\"@id\":\"https:\/\/voile.qc.ca\/en\/product\/la-voile-optimist-avec-puff-puff\/#primaryimage\",\"url\":\"https:\/\/voile.qc.ca\/wp-content\/uploads\/2023\/08\/boutique_Puff-puff.png\",\"contentUrl\":\"https:\/\/voile.qc.ca\/wp-content\/uploads\/2023\/08\/boutique_Puff-puff.png\",\"width\":1760,\"height\":2305,\"caption\":\"La voile optimist avec Puff-Puff\"},{\"@type\":\"BreadcrumbList\",\"@id\":\"https:\/\/voile.qc.ca\/en\/product\/la-voile-optimist-avec-puff-puff\/#breadcrumb\",\"itemListElement\":[{\"@type\":\"ListItem\",\"position\":1,\"name\":\"Accueil\",\"item\":\"https:\/\/voile.qc.ca\/\"},{\"@type\":\"ListItem\",\"position\":2,\"name\":\"boutique\",\"item\":\"https:\/\/voile.qc.ca\/en\/boutique\/\"},{\"@type\":\"ListItem\",\"position\":3,\"name\":\"La voile Optimist avec Puff-Puff\"}]},{\"@type\":\"WebSite\",\"@id\":\"https:\/\/voile.qc.ca\/fr\/#website\",\"url\":\"https:\/\/voile.qc.ca\/fr\/\",\"name\":\"Voile Qu\u00e9bec\",\"description\":\"La r\u00e9f\u00e9rence de voile au Qu\u00e9bec\",\"publisher\":{\"@id\":\"https:\/\/voile.qc.ca\/fr\/#organization\"},\"potentialAction\":[{\"@type\":\"SearchAction\",\"target\":{\"@type\":\"EntryPoint\",\"urlTemplate\":\"https:\/\/voile.qc.ca\/fr\/?s={search_term_string}\"},\"query-input\":{\"@type\":\"PropertyValueSpecification\",\"valueRequired\":true,\"valueName\":\"search_term_string\"}}],\"inLanguage\":\"fr-CA\"},{\"@type\":\"Organization\",\"@id\":\"https:\/\/voile.qc.ca\/fr\/#organization\",\"name\":\"F\u00e9d\u00e9ration de Voile du Qu\u00e9bec\",\"url\":\"https:\/\/voile.qc.ca\/fr\/\",\"logo\":{\"@type\":\"ImageObject\",\"inLanguage\":\"fr-CA\",\"@id\":\"https:\/\/voile.qc.ca\/fr\/#\/schema\/logo\/image\/\",\"url\":\"https:\/\/voile.qc.ca\/wp-content\/uploads\/2023\/11\/cropped-bateau-bleu-V5.png\",\"contentUrl\":\"https:\/\/voile.qc.ca\/wp-content\/uploads\/2023\/11\/cropped-bateau-bleu-V5.png\",\"width\":500,\"height\":116,\"caption\":\"F\u00e9d\u00e9ration de Voile du Qu\u00e9bec\"},\"image\":{\"@id\":\"https:\/\/voile.qc.ca\/fr\/#\/schema\/logo\/image\/\"},\"sameAs\":[\"https:\/\/www.facebook.com\/voilequebec\",\"https:\/\/www.instagram.com\/voilequebec\"]}]}<\/script>\n<!-- \/ Yoast SEO plugin. -->","yoast_head_json":{"title":"La voile Optimist avec Puff-Puff - Voile Qu\u00e9bec","description":"La Voile en Optimist avec Puff-Puff est con\u00e7ue pour les jeunes matelots \u00e2g\u00e9s de 6 \u00e0 9 ans qui d\u00e9sir apprendre \u00e0 naviguer en Optimist.","robots":{"index":"index","follow":"follow","max-snippet":"max-snippet:-1","max-image-preview":"max-image-preview:large","max-video-preview":"max-video-preview:-1"},"canonical":"https:\/\/voile.qc.ca\/fr\/product\/la-voile-optimist-avec-puff-puff\/","og_locale":"fr_CA","og_type":"article","og_title":"La voile Optimist avec Puff-Puff - Voile Qu\u00e9bec","og_description":"La Voile en Optimist avec Puff-Puff est con\u00e7ue pour les jeunes matelots \u00e2g\u00e9s de 6 \u00e0 9 ans qui d\u00e9sir apprendre \u00e0 naviguer en Optimist.","og_url":"https:\/\/voile.qc.ca\/fr\/product\/la-voile-optimist-avec-puff-puff\/","og_site_name":"Voile Qu\u00e9bec","article_publisher":"https:\/\/www.facebook.com\/voilequebec","article_modified_time":"2026-03-25T19:58:16+00:00","og_image":[{"width":782,"height":1024,"url":"https:\/\/voile.qc.ca\/wp-content\/uploads\/2023\/08\/boutique_Puff-puff-782x1024.png","type":"image\/png"}],"twitter_card":"summary_large_image","twitter_misc":{"Estimation du temps de lecture":"2 minutes"},"schema":{"@context":"https:\/\/schema.org","@graph":[{"@type":"WebPage","@id":"https:\/\/voile.qc.ca\/en\/product\/la-voile-optimist-avec-puff-puff\/","url":"https:\/\/voile.qc.ca\/en\/product\/la-voile-optimist-avec-puff-puff\/","name":"La voile Optimist avec Puff-Puff - Voile Qu\u00e9bec","isPartOf":{"@id":"https:\/\/voile.qc.ca\/fr\/#website"},"primaryImageOfPage":{"@id":"https:\/\/voile.qc.ca\/en\/product\/la-voile-optimist-avec-puff-puff\/#primaryimage"},"image":{"@id":"https:\/\/voile.qc.ca\/en\/product\/la-voile-optimist-avec-puff-puff\/#primaryimage"},"thumbnailUrl":"https:\/\/voile.qc.ca\/wp-content\/uploads\/2023\/08\/boutique_Puff-puff.png","datePublished":"2023-08-21T14:02:05+00:00","dateModified":"2026-03-25T19:58:16+00:00","description":"La Voile en Optimist avec Puff-Puff est con\u00e7ue pour les jeunes matelots \u00e2g\u00e9s de 6 \u00e0 9 ans qui d\u00e9sir apprendre \u00e0 naviguer en Optimist.","breadcrumb":{"@id":"https:\/\/voile.qc.ca\/en\/product\/la-voile-optimist-avec-puff-puff\/#breadcrumb"},"inLanguage":"fr-CA","potentialAction":[{"@type":"ReadAction","target":["https:\/\/voile.qc.ca\/en\/product\/la-voile-optimist-avec-puff-puff\/"]}]},{"@type":"ImageObject","inLanguage":"fr-CA","@id":"https:\/\/voile.qc.ca\/en\/product\/la-voile-optimist-avec-puff-puff\/#primaryimage","url":"https:\/\/voile.qc.ca\/wp-content\/uploads\/2023\/08\/boutique_Puff-puff.png","contentUrl":"https:\/\/voile.qc.ca\/wp-content\/uploads\/2023\/08\/boutique_Puff-puff.png","width":1760,"height":2305,"caption":"La voile optimist avec Puff-Puff"},{"@type":"BreadcrumbList","@id":"https:\/\/voile.qc.ca\/en\/product\/la-voile-optimist-avec-puff-puff\/#breadcrumb","itemListElement":[{"@type":"ListItem","position":1,"name":"Accueil","item":"https:\/\/voile.qc.ca\/"},{"@type":"ListItem","position":2,"name":"boutique","item":"https:\/\/voile.qc.ca\/en\/boutique\/"},{"@type":"ListItem","position":3,"name":"La voile Optimist avec Puff-Puff"}]},{"@type":"WebSite","@id":"https:\/\/voile.qc.ca\/fr\/#website","url":"https:\/\/voile.qc.ca\/fr\/","name":"Voile Qu\u00e9bec","description":"La r\u00e9f\u00e9rence de voile au Qu\u00e9bec","publisher":{"@id":"https:\/\/voile.qc.ca\/fr\/#organization"},"potentialAction":[{"@type":"SearchAction","target":{"@type":"EntryPoint","urlTemplate":"https:\/\/voile.qc.ca\/fr\/?s={search_term_string}"},"query-input":{"@type":"PropertyValueSpecification","valueRequired":true,"valueName":"search_term_string"}}],"inLanguage":"fr-CA"},{"@type":"Organization","@id":"https:\/\/voile.qc.ca\/fr\/#organization","name":"F\u00e9d\u00e9ration de Voile du Qu\u00e9bec","url":"https:\/\/voile.qc.ca\/fr\/","logo":{"@type":"ImageObject","inLanguage":"fr-CA","@id":"https:\/\/voile.qc.ca\/fr\/#\/schema\/logo\/image\/","url":"https:\/\/voile.qc.ca\/wp-content\/uploads\/2023\/11\/cropped-bateau-bleu-V5.png","contentUrl":"https:\/\/voile.qc.ca\/wp-content\/uploads\/2023\/11\/cropped-bateau-bleu-V5.png","width":500,"height":116,"caption":"F\u00e9d\u00e9ration de Voile du Qu\u00e9bec"},"image":{"@id":"https:\/\/voile.qc.ca\/fr\/#\/schema\/logo\/image\/"},"sameAs":["https:\/\/www.facebook.com\/voilequebec","https:\/\/www.instagram.com\/voilequebec"]}]}},"jetpack_sharing_enabled":true,"_links":{"self":[{"href":"https:\/\/voile.qc.ca\/fr\/wp-json\/wp\/v2\/product\/2490","targetHints":{"allow":["GET"]}}],"collection":[{"href":"https:\/\/voile.qc.ca\/fr\/wp-json\/wp\/v2\/product"}],"about":[{"href":"https:\/\/voile.qc.ca\/fr\/wp-json\/wp\/v2\/types\/product"}],"wp:featuredmedia":[{"embeddable":true,"href":"https:\/\/voile.qc.ca\/fr\/wp-json\/wp\/v2\/media\/2731"}],"wp:attachment":[{"href":"https:\/\/voile.qc.ca\/fr\/wp-json\/wp\/v2\/media?parent=2490"}],"wp:term":[{"taxonomy":"product_brand","embeddable":true,"href":"https:\/\/voile.qc.ca\/fr\/wp-json\/wp\/v2\/product_brand?post=2490"},{"taxonomy":"product_cat","embeddable":true,"href":"https:\/\/voile.qc.ca\/fr\/wp-json\/wp\/v2\/product_cat?post=2490"},{"taxonomy":"product_tag","embeddable":true,"href":"https:\/\/voile.qc.ca\/fr\/wp-json\/wp\/v2\/product_tag?post=2490"}],"curies":[{"name":"wp","href":"https:\/\/api.w.org\/{rel}","templated":true}]}}