{"id":2486,"date":"2023-08-21T09:59:11","date_gmt":"2023-08-21T13:59:11","guid":{"rendered":"https:\/\/voile.qc.ca\/?post_type=product&#038;p=2486"},"modified":"2026-03-24T11:56:17","modified_gmt":"2026-03-24T15:56:17","slug":"la-navigation-cotiere","status":"publish","type":"product","link":"https:\/\/voile.qc.ca\/fr\/produit\/la-navigation-cotiere\/","title":{"rendered":"La navigation c\u00f4ti\u00e8re"},"content":{"rendered":"<h6 class=\"paragraph Free_Form\">l&rsquo;ouvrage<\/h6>\n<div class=\"paragraph Free_Form\">\u00ab\u00a0<strong>La navigation c\u00f4ti\u00e8r<\/strong>e\u00a0\u00bb traite en d\u00e9tail de la navigation \u00e0 vue, de la navigation \u00e0 l\u2019estime avec ou sans d\u00e9rive (vent ou courant), de la mar\u00e9e et du positionnement par l\u2019utilisation d\u2019amers c\u00f4tiers. \u00a0Le tout est abondamment appuy\u00e9 de photos, croquis et sch\u00e9mas.<\/div>\n<div class=\"paragraph Free_Form\"><\/div>\n<div class=\"paragraph Free_Form\">Il couvre \u00e9galement les techniques et les particularit\u00e9s de la navigation de nuit et\/ou par mauvaise visibilit\u00e9, incluant comment pr\u00e9parer son \u00e9quipage et son voilier. \u00a0La planification de croisi\u00e8re et plusieurs sc\u00e9narios de croisi\u00e8re y sont \u00e9galement d\u00e9velopp\u00e9s.<\/div>\n<div class=\"paragraph Free_Form\"><\/div>\n<div class=\"paragraph Free_Form\">Toutes les aides \u00e0 la navigation, comme les bou\u00e9es, les phares, les feux et les alignements, et leurs utilisations sont trait\u00e9es. \u00a0Les cartes, les instructions nautiques, le livre des feux, le livre des aides radio, l\u2019atlas des courants, la table des mar\u00e9es et courants et autres documents sont judicieusement introduits.<\/div>\n<div class=\"paragraph Free_Form\"><\/div>\n<div class=\"paragraph Free_Form\">Les instruments comme les jumelles, sextant, compas de rel\u00e8vement, taxim\u00e8tre, rapporteur d\u2019angle, compas de route, speedom\u00e8tre\/odom\u00e8tre et \u00e9chosondeur sont vus dans leur contexte respectif d\u2019utilisation. \u00a0L\u2019utilisation du radar et du GPS est aussi abord\u00e9e.<\/div>\n<div class=\"paragraph Free_Form\"><\/div>\n<div class=\"paragraph Free_Form\">L\u2019auteur fait d\u00e9couvrir les aspects comme ils apparaissent dans la r\u00e9alit\u00e9 gr\u00e2ce aux nombreux exemples et faits v\u00e9cus recens\u00e9s tout au long de sa carri\u00e8re d\u2019instructeur. \u00a0Chaque chapitre propose une s\u00e9rie de probl\u00e8mes suivis des solutions d\u00e9taill\u00e9es.<\/div>\n<div class=\"paragraph Free_Form\"><\/div>\n<div class=\"paragraph Free_Form\">L\u2019ouvrage n\u2019est pas seulement un outil d\u2019apprentissage sur les diff\u00e9rentes techniques de navigation, mais aussi un pr\u00e9cieux guide sur les secrets de la navigation sur le fleuve et le golfe du St-Laurent, et particuli\u00e8rement sur sa section la plus difficile entre Qu\u00e9bec et Bergeronnes.<\/div>\n<div class=\"paragraph Free_Form\"><\/div>\n<div class=\"paragraph Free_Form\">Les trucs du m\u00e9tier, ce qu\u2019il faut faire, ce qu\u2019il ne faut pas faire, les particularit\u00e9s, le r\u00e9cit et l\u2019analyse de faits v\u00e9cus, les zones \u00e0 \u00e9viter, et d\u2019autres, consolide judicieusement l\u2019apprentissage.<\/div>\n<div class=\"paragraph Free_Form\"><\/div>\n<h6 class=\"paragraph Free_Form\">La 5i\u00e8me \u00e9dition<\/h6>\n<div class=\"paragraph Free_Form\">cette \u00e9dition distingue les contenus des deux brevets de navigation c\u00f4ti\u00e8re de Voile Canada (\u00e9l\u00e9mentaire et interm\u00e9diaire). Le livre couvre \u00e9galement les techniques de navigation avanc\u00e9e. Finalement, l\u2019ouvrage couvre les contenus des cours de Pilotage avanc\u00e9 des ECP \u00a0et ceux de la Soci\u00e9t\u00e9 de sauvetage.<\/div>\n","protected":false},"excerpt":{"rendered":"<p>L\u2019ouvrage traite en d\u00e9tail de la navigation \u00e0 vue, de la navigation \u00e0 l\u2019estime avec ou sans d\u00e9rive (vent ou courant), de la mar\u00e9e et du positionnement par l\u2019utilisation d\u2019amers c\u00f4tiers. \u00a0Le tout est abondamment appuy\u00e9 de photos, croquis et sch\u00e9mas.<\/p>\n","protected":false},"featured_media":2728,"template":"","meta":{"_acf_changed":false,"site-sidebar-layout":"default","site-content-layout":"","ast-site-content-layout":"default","site-content-style":"default","site-sidebar-style":"default","ast-global-header-display":"","ast-banner-title-visibility":"","ast-main-header-display":"","ast-hfb-above-header-display":"","ast-hfb-below-header-display":"","ast-hfb-mobile-header-display":"","site-post-title":"","ast-breadcrumbs-content":"","ast-featured-img":"","footer-sml-layout":"","ast-disable-related-posts":"","theme-transparent-header-meta":"default","adv-header-id-meta":"","stick-header-meta":"default","header-above-stick-meta":"","header-main-stick-meta":"","header-below-stick-meta":"","astra-migrate-meta-layouts":"set","ast-page-background-enabled":"default","ast-page-background-meta":{"desktop":{"background-color":"","background-image":"","background-repeat":"repeat","background-position":"center center","background-size":"auto","background-attachment":"scroll","background-type":"","background-media":"","overlay-type":"","overlay-color":"","overlay-opacity":"","overlay-gradient":""},"tablet":{"background-color":"","background-image":"","background-repeat":"repeat","background-position":"center center","background-size":"auto","background-attachment":"scroll","background-type":"","background-media":"","overlay-type":"","overlay-color":"","overlay-opacity":"","overlay-gradient":""},"mobile":{"background-color":"","background-image":"","background-repeat":"repeat","background-position":"center center","background-size":"auto","background-attachment":"scroll","background-type":"","background-media":"","overlay-type":"","overlay-color":"","overlay-opacity":"","overlay-gradient":""}},"ast-content-background-meta":{"desktop":{"background-color":"var(--ast-global-color-5)","background-image":"","background-repeat":"repeat","background-position":"center center","background-size":"auto","background-attachment":"scroll","background-type":"","background-media":"","overlay-type":"","overlay-color":"","overlay-opacity":"","overlay-gradient":""},"tablet":{"background-color":"var(--ast-global-color-5)","background-image":"","background-repeat":"repeat","background-position":"center center","background-size":"auto","background-attachment":"scroll","background-type":"","background-media":"","overlay-type":"","overlay-color":"","overlay-opacity":"","overlay-gradient":""},"mobile":{"background-color":"var(--ast-global-color-5)","background-image":"","background-repeat":"repeat","background-position":"center center","background-size":"auto","background-attachment":"scroll","background-type":"","background-media":"","overlay-type":"","overlay-color":"","overlay-opacity":"","overlay-gradient":""}}},"product_brand":[],"product_cat":[27],"product_tag":[],"class_list":{"0":"post-2486","1":"product","2":"type-product","3":"status-publish","4":"has-post-thumbnail","6":"product_cat-livres-et-manuels-en-francais","7":"desktop-align-left","8":"tablet-align-left","9":"mobile-align-left","11":"first","12":"instock","13":"shipping-taxable","14":"purchasable","15":"product-type-simple"},"acf":[],"yoast_head":"<!-- This site is optimized with the Yoast SEO plugin v27.0 - https:\/\/yoast.com\/product\/yoast-seo-wordpress\/ -->\n<title>La navigation c\u00f4ti\u00e8re - Voile Qu\u00e9bec<\/title>\n<meta name=\"description\" content=\"La navigation c\u00f4ti\u00e8re - L\u2019ouvrage traite en d\u00e9tail de la navigation \u00e0 vue, de la navigation \u00e0 l\u2019estime avec ou sans d\u00e9rive (vent ou courant)...\" \/>\n<meta name=\"robots\" content=\"index, follow, max-snippet:-1, max-image-preview:large, max-video-preview:-1\" \/>\n<link rel=\"canonical\" href=\"https:\/\/voile.qc.ca\/fr\/product\/la-navigation-cotiere\/\" \/>\n<meta property=\"og:locale\" content=\"fr_CA\" \/>\n<meta property=\"og:type\" content=\"article\" \/>\n<meta property=\"og:title\" content=\"La navigation c\u00f4ti\u00e8re - Voile Qu\u00e9bec\" \/>\n<meta property=\"og:description\" content=\"La navigation c\u00f4ti\u00e8re - L\u2019ouvrage traite en d\u00e9tail de la navigation \u00e0 vue, de la navigation \u00e0 l\u2019estime avec ou sans d\u00e9rive (vent ou courant)...\" \/>\n<meta property=\"og:url\" content=\"https:\/\/voile.qc.ca\/fr\/product\/la-navigation-cotiere\/\" \/>\n<meta property=\"og:site_name\" content=\"Voile Qu\u00e9bec\" \/>\n<meta property=\"article:publisher\" content=\"https:\/\/www.facebook.com\/voilequebec\" \/>\n<meta property=\"article:modified_time\" content=\"2026-03-24T15:56:17+00:00\" \/>\n<meta property=\"og:image\" content=\"https:\/\/voile.qc.ca\/wp-content\/uploads\/2023\/08\/boutique_Navigation-cotiere-794x1024.png\" \/>\n\t<meta property=\"og:image:width\" content=\"794\" \/>\n\t<meta property=\"og:image:height\" content=\"1024\" \/>\n\t<meta property=\"og:image:type\" content=\"image\/png\" \/>\n<meta name=\"twitter:card\" content=\"summary_large_image\" \/>\n<meta name=\"twitter:label1\" content=\"Estimation du temps de lecture\" \/>\n\t<meta name=\"twitter:data1\" content=\"2 minutes\" \/>\n<script type=\"application\/ld+json\" class=\"yoast-schema-graph\">{\"@context\":\"https:\/\/schema.org\",\"@graph\":[{\"@type\":\"WebPage\",\"@id\":\"https:\/\/voile.qc.ca\/en\/product\/la-navigation-cotiere\/\",\"url\":\"https:\/\/voile.qc.ca\/en\/product\/la-navigation-cotiere\/\",\"name\":\"La navigation c\u00f4ti\u00e8re - Voile Qu\u00e9bec\",\"isPartOf\":{\"@id\":\"https:\/\/voile.qc.ca\/fr\/#website\"},\"primaryImageOfPage\":{\"@id\":\"https:\/\/voile.qc.ca\/en\/product\/la-navigation-cotiere\/#primaryimage\"},\"image\":{\"@id\":\"https:\/\/voile.qc.ca\/en\/product\/la-navigation-cotiere\/#primaryimage\"},\"thumbnailUrl\":\"https:\/\/voile.qc.ca\/wp-content\/uploads\/2023\/08\/boutique_Navigation-cotiere.png\",\"datePublished\":\"2023-08-21T13:59:11+00:00\",\"dateModified\":\"2026-03-24T15:56:17+00:00\",\"description\":\"La navigation c\u00f4ti\u00e8re - L\u2019ouvrage traite en d\u00e9tail de la navigation \u00e0 vue, de la navigation \u00e0 l\u2019estime avec ou sans d\u00e9rive (vent ou courant)...\",\"breadcrumb\":{\"@id\":\"https:\/\/voile.qc.ca\/en\/product\/la-navigation-cotiere\/#breadcrumb\"},\"inLanguage\":\"fr-CA\",\"potentialAction\":[{\"@type\":\"ReadAction\",\"target\":[\"https:\/\/voile.qc.ca\/en\/product\/la-navigation-cotiere\/\"]}]},{\"@type\":\"ImageObject\",\"inLanguage\":\"fr-CA\",\"@id\":\"https:\/\/voile.qc.ca\/en\/product\/la-navigation-cotiere\/#primaryimage\",\"url\":\"https:\/\/voile.qc.ca\/wp-content\/uploads\/2023\/08\/boutique_Navigation-cotiere.png\",\"contentUrl\":\"https:\/\/voile.qc.ca\/wp-content\/uploads\/2023\/08\/boutique_Navigation-cotiere.png\",\"width\":1910,\"height\":2462,\"caption\":\"navigation c\u00f4ti\u00e8re\"},{\"@type\":\"BreadcrumbList\",\"@id\":\"https:\/\/voile.qc.ca\/en\/product\/la-navigation-cotiere\/#breadcrumb\",\"itemListElement\":[{\"@type\":\"ListItem\",\"position\":1,\"name\":\"Accueil\",\"item\":\"https:\/\/voile.qc.ca\/\"},{\"@type\":\"ListItem\",\"position\":2,\"name\":\"boutique\",\"item\":\"https:\/\/voile.qc.ca\/en\/boutique\/\"},{\"@type\":\"ListItem\",\"position\":3,\"name\":\"La navigation c\u00f4ti\u00e8re\"}]},{\"@type\":\"WebSite\",\"@id\":\"https:\/\/voile.qc.ca\/fr\/#website\",\"url\":\"https:\/\/voile.qc.ca\/fr\/\",\"name\":\"Voile Qu\u00e9bec\",\"description\":\"La r\u00e9f\u00e9rence de voile au Qu\u00e9bec\",\"publisher\":{\"@id\":\"https:\/\/voile.qc.ca\/fr\/#organization\"},\"potentialAction\":[{\"@type\":\"SearchAction\",\"target\":{\"@type\":\"EntryPoint\",\"urlTemplate\":\"https:\/\/voile.qc.ca\/fr\/?s={search_term_string}\"},\"query-input\":{\"@type\":\"PropertyValueSpecification\",\"valueRequired\":true,\"valueName\":\"search_term_string\"}}],\"inLanguage\":\"fr-CA\"},{\"@type\":\"Organization\",\"@id\":\"https:\/\/voile.qc.ca\/fr\/#organization\",\"name\":\"F\u00e9d\u00e9ration de Voile du Qu\u00e9bec\",\"url\":\"https:\/\/voile.qc.ca\/fr\/\",\"logo\":{\"@type\":\"ImageObject\",\"inLanguage\":\"fr-CA\",\"@id\":\"https:\/\/voile.qc.ca\/fr\/#\/schema\/logo\/image\/\",\"url\":\"https:\/\/voile.qc.ca\/wp-content\/uploads\/2023\/11\/cropped-bateau-bleu-V5.png\",\"contentUrl\":\"https:\/\/voile.qc.ca\/wp-content\/uploads\/2023\/11\/cropped-bateau-bleu-V5.png\",\"width\":500,\"height\":116,\"caption\":\"F\u00e9d\u00e9ration de Voile du Qu\u00e9bec\"},\"image\":{\"@id\":\"https:\/\/voile.qc.ca\/fr\/#\/schema\/logo\/image\/\"},\"sameAs\":[\"https:\/\/www.facebook.com\/voilequebec\",\"https:\/\/www.instagram.com\/voilequebec\"]}]}<\/script>\n<!-- \/ Yoast SEO plugin. -->","yoast_head_json":{"title":"La navigation c\u00f4ti\u00e8re - Voile Qu\u00e9bec","description":"La navigation c\u00f4ti\u00e8re - L\u2019ouvrage traite en d\u00e9tail de la navigation \u00e0 vue, de la navigation \u00e0 l\u2019estime avec ou sans d\u00e9rive (vent ou courant)...","robots":{"index":"index","follow":"follow","max-snippet":"max-snippet:-1","max-image-preview":"max-image-preview:large","max-video-preview":"max-video-preview:-1"},"canonical":"https:\/\/voile.qc.ca\/fr\/product\/la-navigation-cotiere\/","og_locale":"fr_CA","og_type":"article","og_title":"La navigation c\u00f4ti\u00e8re - Voile Qu\u00e9bec","og_description":"La navigation c\u00f4ti\u00e8re - L\u2019ouvrage traite en d\u00e9tail de la navigation \u00e0 vue, de la navigation \u00e0 l\u2019estime avec ou sans d\u00e9rive (vent ou courant)...","og_url":"https:\/\/voile.qc.ca\/fr\/product\/la-navigation-cotiere\/","og_site_name":"Voile Qu\u00e9bec","article_publisher":"https:\/\/www.facebook.com\/voilequebec","article_modified_time":"2026-03-24T15:56:17+00:00","og_image":[{"width":794,"height":1024,"url":"https:\/\/voile.qc.ca\/wp-content\/uploads\/2023\/08\/boutique_Navigation-cotiere-794x1024.png","type":"image\/png"}],"twitter_card":"summary_large_image","twitter_misc":{"Estimation du temps de lecture":"2 minutes"},"schema":{"@context":"https:\/\/schema.org","@graph":[{"@type":"WebPage","@id":"https:\/\/voile.qc.ca\/en\/product\/la-navigation-cotiere\/","url":"https:\/\/voile.qc.ca\/en\/product\/la-navigation-cotiere\/","name":"La navigation c\u00f4ti\u00e8re - Voile Qu\u00e9bec","isPartOf":{"@id":"https:\/\/voile.qc.ca\/fr\/#website"},"primaryImageOfPage":{"@id":"https:\/\/voile.qc.ca\/en\/product\/la-navigation-cotiere\/#primaryimage"},"image":{"@id":"https:\/\/voile.qc.ca\/en\/product\/la-navigation-cotiere\/#primaryimage"},"thumbnailUrl":"https:\/\/voile.qc.ca\/wp-content\/uploads\/2023\/08\/boutique_Navigation-cotiere.png","datePublished":"2023-08-21T13:59:11+00:00","dateModified":"2026-03-24T15:56:17+00:00","description":"La navigation c\u00f4ti\u00e8re - L\u2019ouvrage traite en d\u00e9tail de la navigation \u00e0 vue, de la navigation \u00e0 l\u2019estime avec ou sans d\u00e9rive (vent ou courant)...","breadcrumb":{"@id":"https:\/\/voile.qc.ca\/en\/product\/la-navigation-cotiere\/#breadcrumb"},"inLanguage":"fr-CA","potentialAction":[{"@type":"ReadAction","target":["https:\/\/voile.qc.ca\/en\/product\/la-navigation-cotiere\/"]}]},{"@type":"ImageObject","inLanguage":"fr-CA","@id":"https:\/\/voile.qc.ca\/en\/product\/la-navigation-cotiere\/#primaryimage","url":"https:\/\/voile.qc.ca\/wp-content\/uploads\/2023\/08\/boutique_Navigation-cotiere.png","contentUrl":"https:\/\/voile.qc.ca\/wp-content\/uploads\/2023\/08\/boutique_Navigation-cotiere.png","width":1910,"height":2462,"caption":"navigation c\u00f4ti\u00e8re"},{"@type":"BreadcrumbList","@id":"https:\/\/voile.qc.ca\/en\/product\/la-navigation-cotiere\/#breadcrumb","itemListElement":[{"@type":"ListItem","position":1,"name":"Accueil","item":"https:\/\/voile.qc.ca\/"},{"@type":"ListItem","position":2,"name":"boutique","item":"https:\/\/voile.qc.ca\/en\/boutique\/"},{"@type":"ListItem","position":3,"name":"La navigation c\u00f4ti\u00e8re"}]},{"@type":"WebSite","@id":"https:\/\/voile.qc.ca\/fr\/#website","url":"https:\/\/voile.qc.ca\/fr\/","name":"Voile Qu\u00e9bec","description":"La r\u00e9f\u00e9rence de voile au Qu\u00e9bec","publisher":{"@id":"https:\/\/voile.qc.ca\/fr\/#organization"},"potentialAction":[{"@type":"SearchAction","target":{"@type":"EntryPoint","urlTemplate":"https:\/\/voile.qc.ca\/fr\/?s={search_term_string}"},"query-input":{"@type":"PropertyValueSpecification","valueRequired":true,"valueName":"search_term_string"}}],"inLanguage":"fr-CA"},{"@type":"Organization","@id":"https:\/\/voile.qc.ca\/fr\/#organization","name":"F\u00e9d\u00e9ration de Voile du Qu\u00e9bec","url":"https:\/\/voile.qc.ca\/fr\/","logo":{"@type":"ImageObject","inLanguage":"fr-CA","@id":"https:\/\/voile.qc.ca\/fr\/#\/schema\/logo\/image\/","url":"https:\/\/voile.qc.ca\/wp-content\/uploads\/2023\/11\/cropped-bateau-bleu-V5.png","contentUrl":"https:\/\/voile.qc.ca\/wp-content\/uploads\/2023\/11\/cropped-bateau-bleu-V5.png","width":500,"height":116,"caption":"F\u00e9d\u00e9ration de Voile du Qu\u00e9bec"},"image":{"@id":"https:\/\/voile.qc.ca\/fr\/#\/schema\/logo\/image\/"},"sameAs":["https:\/\/www.facebook.com\/voilequebec","https:\/\/www.instagram.com\/voilequebec"]}]}},"jetpack_sharing_enabled":true,"_links":{"self":[{"href":"https:\/\/voile.qc.ca\/fr\/wp-json\/wp\/v2\/product\/2486","targetHints":{"allow":["GET"]}}],"collection":[{"href":"https:\/\/voile.qc.ca\/fr\/wp-json\/wp\/v2\/product"}],"about":[{"href":"https:\/\/voile.qc.ca\/fr\/wp-json\/wp\/v2\/types\/product"}],"wp:featuredmedia":[{"embeddable":true,"href":"https:\/\/voile.qc.ca\/fr\/wp-json\/wp\/v2\/media\/2728"}],"wp:attachment":[{"href":"https:\/\/voile.qc.ca\/fr\/wp-json\/wp\/v2\/media?parent=2486"}],"wp:term":[{"taxonomy":"product_brand","embeddable":true,"href":"https:\/\/voile.qc.ca\/fr\/wp-json\/wp\/v2\/product_brand?post=2486"},{"taxonomy":"product_cat","embeddable":true,"href":"https:\/\/voile.qc.ca\/fr\/wp-json\/wp\/v2\/product_cat?post=2486"},{"taxonomy":"product_tag","embeddable":true,"href":"https:\/\/voile.qc.ca\/fr\/wp-json\/wp\/v2\/product_tag?post=2486"}],"curies":[{"name":"wp","href":"https:\/\/api.w.org\/{rel}","templated":true}]}}