{"id":2482,"date":"2023-08-21T09:54:06","date_gmt":"2023-08-21T13:54:06","guid":{"rendered":"https:\/\/voile.qc.ca\/?post_type=product&#038;p=2482"},"modified":"2026-04-07T10:47:35","modified_gmt":"2026-04-07T14:47:35","slug":"iniciation-a-la-voile-croisiere","status":"publish","type":"product","link":"https:\/\/voile.qc.ca\/fr\/produit\/iniciation-a-la-voile-croisiere\/","title":{"rendered":"Initiation \u00e0 la voile croisi\u00e8re"},"content":{"rendered":"<p>Le manuel Initiation \u00e0 la voile croisi\u00e8re est le premier d&rsquo;une s\u00e9rie de documents s&rsquo;adressant aux participants du programme d&rsquo;apprentissage de la croisi\u00e8re de Voile Canada. Il couvre tous les \u00e9l\u00e9ments de comp\u00e9tence pratiques et th\u00e9oriques associ\u00e9s au Brevet de croisi\u00e8re \u00e9l\u00e9mentaire de Voile Canada.<\/p>\n<p>Gr\u00e2ce aux informations qu&rsquo;il contient, les navigateurs d\u00e9butants pourront se familiariser avec la terminologie propre \u00e0 la voile, d\u00e9couvrir comment utiliser les voiles et les cordages et apprendre \u00e0 naviguer en toute s\u00e9curit\u00e9 en utilisant les voiles ou un moteur<\/p>\n<hr \/>\n<p>Si vous d\u00e9sirez obtenir le brevet, consult\u00e9 nos<a href=\"https:\/\/voile.qc.ca\/fr\/formations\/\"> formations<\/a><\/p>\n<p>&nbsp;<\/p>\n<div class=\"rowSpacer\"><\/div>\n","protected":false},"excerpt":{"rendered":"<p>Le manuel Initiation \u00e0 la voile croisi\u00e8re est le premier d&rsquo;une s\u00e9rie de documents s&rsquo;adressant aux participants du programme d&rsquo;apprentissage de la croisi\u00e8re de Voile Canada<\/p>\n","protected":false},"featured_media":2721,"template":"","meta":{"_acf_changed":false,"site-sidebar-layout":"default","site-content-layout":"","ast-site-content-layout":"default","site-content-style":"default","site-sidebar-style":"default","ast-global-header-display":"","ast-banner-title-visibility":"","ast-main-header-display":"","ast-hfb-above-header-display":"","ast-hfb-below-header-display":"","ast-hfb-mobile-header-display":"","site-post-title":"","ast-breadcrumbs-content":"","ast-featured-img":"","footer-sml-layout":"","ast-disable-related-posts":"","theme-transparent-header-meta":"default","adv-header-id-meta":"","stick-header-meta":"default","header-above-stick-meta":"","header-main-stick-meta":"","header-below-stick-meta":"","astra-migrate-meta-layouts":"set","ast-page-background-enabled":"default","ast-page-background-meta":{"desktop":{"background-color":"","background-image":"","background-repeat":"repeat","background-position":"center center","background-size":"auto","background-attachment":"scroll","background-type":"","background-media":"","overlay-type":"","overlay-color":"","overlay-opacity":"","overlay-gradient":""},"tablet":{"background-color":"","background-image":"","background-repeat":"repeat","background-position":"center center","background-size":"auto","background-attachment":"scroll","background-type":"","background-media":"","overlay-type":"","overlay-color":"","overlay-opacity":"","overlay-gradient":""},"mobile":{"background-color":"","background-image":"","background-repeat":"repeat","background-position":"center center","background-size":"auto","background-attachment":"scroll","background-type":"","background-media":"","overlay-type":"","overlay-color":"","overlay-opacity":"","overlay-gradient":""}},"ast-content-background-meta":{"desktop":{"background-color":"var(--ast-global-color-5)","background-image":"","background-repeat":"repeat","background-position":"center center","background-size":"auto","background-attachment":"scroll","background-type":"","background-media":"","overlay-type":"","overlay-color":"","overlay-opacity":"","overlay-gradient":""},"tablet":{"background-color":"var(--ast-global-color-5)","background-image":"","background-repeat":"repeat","background-position":"center center","background-size":"auto","background-attachment":"scroll","background-type":"","background-media":"","overlay-type":"","overlay-color":"","overlay-opacity":"","overlay-gradient":""},"mobile":{"background-color":"var(--ast-global-color-5)","background-image":"","background-repeat":"repeat","background-position":"center center","background-size":"auto","background-attachment":"scroll","background-type":"","background-media":"","overlay-type":"","overlay-color":"","overlay-opacity":"","overlay-gradient":""}}},"product_brand":[],"product_cat":[27],"product_tag":[],"class_list":{"0":"post-2482","1":"product","2":"type-product","3":"status-publish","4":"has-post-thumbnail","6":"product_cat-livres-et-manuels-en-francais","7":"desktop-align-left","8":"tablet-align-left","9":"mobile-align-left","11":"first","12":"instock","13":"shipping-taxable","14":"purchasable","15":"product-type-simple"},"acf":[],"yoast_head":"<!-- This site is optimized with the Yoast SEO plugin v27.0 - https:\/\/yoast.com\/product\/yoast-seo-wordpress\/ -->\n<title>Initiation \u00e0 la voile croisi\u00e8re - Voile Qu\u00e9bec<\/title>\n<meta name=\"description\" content=\"Initiation \u00e0 la voile croisi\u00e8re - Manuel d&#039;initiation \u00e0 la croisi\u00e8re s&#039;adressant aux participants du programme d&#039;apprentissage Voile Canada\" \/>\n<meta name=\"robots\" content=\"index, follow, max-snippet:-1, max-image-preview:large, max-video-preview:-1\" \/>\n<link rel=\"canonical\" href=\"https:\/\/voile.qc.ca\/fr\/produit\/iniciation-a-la-voile-croisiere\/\" \/>\n<meta property=\"og:locale\" content=\"fr_CA\" \/>\n<meta property=\"og:type\" content=\"article\" \/>\n<meta property=\"og:title\" content=\"Initiation \u00e0 la voile croisi\u00e8re - Voile Qu\u00e9bec\" \/>\n<meta property=\"og:description\" content=\"Initiation \u00e0 la voile croisi\u00e8re - Manuel d&#039;initiation \u00e0 la croisi\u00e8re s&#039;adressant aux participants du programme d&#039;apprentissage Voile Canada\" \/>\n<meta property=\"og:url\" content=\"https:\/\/voile.qc.ca\/fr\/produit\/iniciation-a-la-voile-croisiere\/\" \/>\n<meta property=\"og:site_name\" content=\"Voile Qu\u00e9bec\" \/>\n<meta property=\"article:publisher\" content=\"https:\/\/www.facebook.com\/voilequebec\" \/>\n<meta property=\"article:modified_time\" content=\"2026-04-07T14:47:35+00:00\" \/>\n<meta property=\"og:image\" content=\"https:\/\/voile.qc.ca\/wp-content\/uploads\/2023\/08\/boutique_Initiation-a-la-croisiere-784x1024.png\" \/>\n\t<meta property=\"og:image:width\" content=\"784\" \/>\n\t<meta property=\"og:image:height\" content=\"1024\" \/>\n\t<meta property=\"og:image:type\" content=\"image\/png\" \/>\n<meta name=\"twitter:card\" content=\"summary_large_image\" \/>\n<meta name=\"twitter:label1\" content=\"Estimation du temps de lecture\" \/>\n\t<meta name=\"twitter:data1\" content=\"1 minute\" \/>\n<script type=\"application\/ld+json\" class=\"yoast-schema-graph\">{\"@context\":\"https:\/\/schema.org\",\"@graph\":[{\"@type\":\"WebPage\",\"@id\":\"https:\/\/voile.qc.ca\/fr\/produit\/iniciation-a-la-voile-croisiere\/\",\"url\":\"https:\/\/voile.qc.ca\/fr\/produit\/iniciation-a-la-voile-croisiere\/\",\"name\":\"Initiation \u00e0 la voile croisi\u00e8re - Voile Qu\u00e9bec\",\"isPartOf\":{\"@id\":\"https:\/\/voile.qc.ca\/fr\/#website\"},\"primaryImageOfPage\":{\"@id\":\"https:\/\/voile.qc.ca\/fr\/produit\/iniciation-a-la-voile-croisiere\/#primaryimage\"},\"image\":{\"@id\":\"https:\/\/voile.qc.ca\/fr\/produit\/iniciation-a-la-voile-croisiere\/#primaryimage\"},\"thumbnailUrl\":\"https:\/\/voile.qc.ca\/wp-content\/uploads\/2023\/08\/boutique_Initiation-a-la-croisiere.png\",\"datePublished\":\"2023-08-21T13:54:06+00:00\",\"dateModified\":\"2026-04-07T14:47:35+00:00\",\"description\":\"Initiation \u00e0 la voile croisi\u00e8re - Manuel d'initiation \u00e0 la croisi\u00e8re s'adressant aux participants du programme d'apprentissage Voile Canada\",\"breadcrumb\":{\"@id\":\"https:\/\/voile.qc.ca\/fr\/produit\/iniciation-a-la-voile-croisiere\/#breadcrumb\"},\"inLanguage\":\"fr-CA\",\"potentialAction\":[{\"@type\":\"ReadAction\",\"target\":[\"https:\/\/voile.qc.ca\/fr\/produit\/iniciation-a-la-voile-croisiere\/\"]}]},{\"@type\":\"ImageObject\",\"inLanguage\":\"fr-CA\",\"@id\":\"https:\/\/voile.qc.ca\/fr\/produit\/iniciation-a-la-voile-croisiere\/#primaryimage\",\"url\":\"https:\/\/voile.qc.ca\/wp-content\/uploads\/2023\/08\/boutique_Initiation-a-la-croisiere.png\",\"contentUrl\":\"https:\/\/voile.qc.ca\/wp-content\/uploads\/2023\/08\/boutique_Initiation-a-la-croisiere.png\",\"width\":1804,\"height\":2355,\"caption\":\"Initiation \u00e0 la croisi\u00e8re\"},{\"@type\":\"BreadcrumbList\",\"@id\":\"https:\/\/voile.qc.ca\/fr\/produit\/iniciation-a-la-voile-croisiere\/#breadcrumb\",\"itemListElement\":[{\"@type\":\"ListItem\",\"position\":1,\"name\":\"Accueil\",\"item\":\"https:\/\/voile.qc.ca\/\"},{\"@type\":\"ListItem\",\"position\":2,\"name\":\"boutique\",\"item\":\"https:\/\/voile.qc.ca\/en\/boutique\/\"},{\"@type\":\"ListItem\",\"position\":3,\"name\":\"Initiation \u00e0 la voile croisi\u00e8re\"}]},{\"@type\":\"WebSite\",\"@id\":\"https:\/\/voile.qc.ca\/fr\/#website\",\"url\":\"https:\/\/voile.qc.ca\/fr\/\",\"name\":\"Voile Qu\u00e9bec\",\"description\":\"La r\u00e9f\u00e9rence de voile au Qu\u00e9bec\",\"publisher\":{\"@id\":\"https:\/\/voile.qc.ca\/fr\/#organization\"},\"potentialAction\":[{\"@type\":\"SearchAction\",\"target\":{\"@type\":\"EntryPoint\",\"urlTemplate\":\"https:\/\/voile.qc.ca\/fr\/?s={search_term_string}\"},\"query-input\":{\"@type\":\"PropertyValueSpecification\",\"valueRequired\":true,\"valueName\":\"search_term_string\"}}],\"inLanguage\":\"fr-CA\"},{\"@type\":\"Organization\",\"@id\":\"https:\/\/voile.qc.ca\/fr\/#organization\",\"name\":\"F\u00e9d\u00e9ration de Voile du Qu\u00e9bec\",\"url\":\"https:\/\/voile.qc.ca\/fr\/\",\"logo\":{\"@type\":\"ImageObject\",\"inLanguage\":\"fr-CA\",\"@id\":\"https:\/\/voile.qc.ca\/fr\/#\/schema\/logo\/image\/\",\"url\":\"https:\/\/voile.qc.ca\/wp-content\/uploads\/2023\/11\/cropped-bateau-bleu-V5.png\",\"contentUrl\":\"https:\/\/voile.qc.ca\/wp-content\/uploads\/2023\/11\/cropped-bateau-bleu-V5.png\",\"width\":500,\"height\":116,\"caption\":\"F\u00e9d\u00e9ration de Voile du Qu\u00e9bec\"},\"image\":{\"@id\":\"https:\/\/voile.qc.ca\/fr\/#\/schema\/logo\/image\/\"},\"sameAs\":[\"https:\/\/www.facebook.com\/voilequebec\",\"https:\/\/www.instagram.com\/voilequebec\"]}]}<\/script>\n<!-- \/ Yoast SEO plugin. -->","yoast_head_json":{"title":"Initiation \u00e0 la voile croisi\u00e8re - Voile Qu\u00e9bec","description":"Initiation \u00e0 la voile croisi\u00e8re - Manuel d'initiation \u00e0 la croisi\u00e8re s'adressant aux participants du programme d'apprentissage Voile Canada","robots":{"index":"index","follow":"follow","max-snippet":"max-snippet:-1","max-image-preview":"max-image-preview:large","max-video-preview":"max-video-preview:-1"},"canonical":"https:\/\/voile.qc.ca\/fr\/produit\/iniciation-a-la-voile-croisiere\/","og_locale":"fr_CA","og_type":"article","og_title":"Initiation \u00e0 la voile croisi\u00e8re - Voile Qu\u00e9bec","og_description":"Initiation \u00e0 la voile croisi\u00e8re - Manuel d'initiation \u00e0 la croisi\u00e8re s'adressant aux participants du programme d'apprentissage Voile Canada","og_url":"https:\/\/voile.qc.ca\/fr\/produit\/iniciation-a-la-voile-croisiere\/","og_site_name":"Voile Qu\u00e9bec","article_publisher":"https:\/\/www.facebook.com\/voilequebec","article_modified_time":"2026-04-07T14:47:35+00:00","og_image":[{"width":784,"height":1024,"url":"https:\/\/voile.qc.ca\/wp-content\/uploads\/2023\/08\/boutique_Initiation-a-la-croisiere-784x1024.png","type":"image\/png"}],"twitter_card":"summary_large_image","twitter_misc":{"Estimation du temps de lecture":"1 minute"},"schema":{"@context":"https:\/\/schema.org","@graph":[{"@type":"WebPage","@id":"https:\/\/voile.qc.ca\/fr\/produit\/iniciation-a-la-voile-croisiere\/","url":"https:\/\/voile.qc.ca\/fr\/produit\/iniciation-a-la-voile-croisiere\/","name":"Initiation \u00e0 la voile croisi\u00e8re - Voile Qu\u00e9bec","isPartOf":{"@id":"https:\/\/voile.qc.ca\/fr\/#website"},"primaryImageOfPage":{"@id":"https:\/\/voile.qc.ca\/fr\/produit\/iniciation-a-la-voile-croisiere\/#primaryimage"},"image":{"@id":"https:\/\/voile.qc.ca\/fr\/produit\/iniciation-a-la-voile-croisiere\/#primaryimage"},"thumbnailUrl":"https:\/\/voile.qc.ca\/wp-content\/uploads\/2023\/08\/boutique_Initiation-a-la-croisiere.png","datePublished":"2023-08-21T13:54:06+00:00","dateModified":"2026-04-07T14:47:35+00:00","description":"Initiation \u00e0 la voile croisi\u00e8re - Manuel d'initiation \u00e0 la croisi\u00e8re s'adressant aux participants du programme d'apprentissage Voile Canada","breadcrumb":{"@id":"https:\/\/voile.qc.ca\/fr\/produit\/iniciation-a-la-voile-croisiere\/#breadcrumb"},"inLanguage":"fr-CA","potentialAction":[{"@type":"ReadAction","target":["https:\/\/voile.qc.ca\/fr\/produit\/iniciation-a-la-voile-croisiere\/"]}]},{"@type":"ImageObject","inLanguage":"fr-CA","@id":"https:\/\/voile.qc.ca\/fr\/produit\/iniciation-a-la-voile-croisiere\/#primaryimage","url":"https:\/\/voile.qc.ca\/wp-content\/uploads\/2023\/08\/boutique_Initiation-a-la-croisiere.png","contentUrl":"https:\/\/voile.qc.ca\/wp-content\/uploads\/2023\/08\/boutique_Initiation-a-la-croisiere.png","width":1804,"height":2355,"caption":"Initiation \u00e0 la croisi\u00e8re"},{"@type":"BreadcrumbList","@id":"https:\/\/voile.qc.ca\/fr\/produit\/iniciation-a-la-voile-croisiere\/#breadcrumb","itemListElement":[{"@type":"ListItem","position":1,"name":"Accueil","item":"https:\/\/voile.qc.ca\/"},{"@type":"ListItem","position":2,"name":"boutique","item":"https:\/\/voile.qc.ca\/en\/boutique\/"},{"@type":"ListItem","position":3,"name":"Initiation \u00e0 la voile croisi\u00e8re"}]},{"@type":"WebSite","@id":"https:\/\/voile.qc.ca\/fr\/#website","url":"https:\/\/voile.qc.ca\/fr\/","name":"Voile Qu\u00e9bec","description":"La r\u00e9f\u00e9rence de voile au Qu\u00e9bec","publisher":{"@id":"https:\/\/voile.qc.ca\/fr\/#organization"},"potentialAction":[{"@type":"SearchAction","target":{"@type":"EntryPoint","urlTemplate":"https:\/\/voile.qc.ca\/fr\/?s={search_term_string}"},"query-input":{"@type":"PropertyValueSpecification","valueRequired":true,"valueName":"search_term_string"}}],"inLanguage":"fr-CA"},{"@type":"Organization","@id":"https:\/\/voile.qc.ca\/fr\/#organization","name":"F\u00e9d\u00e9ration de Voile du Qu\u00e9bec","url":"https:\/\/voile.qc.ca\/fr\/","logo":{"@type":"ImageObject","inLanguage":"fr-CA","@id":"https:\/\/voile.qc.ca\/fr\/#\/schema\/logo\/image\/","url":"https:\/\/voile.qc.ca\/wp-content\/uploads\/2023\/11\/cropped-bateau-bleu-V5.png","contentUrl":"https:\/\/voile.qc.ca\/wp-content\/uploads\/2023\/11\/cropped-bateau-bleu-V5.png","width":500,"height":116,"caption":"F\u00e9d\u00e9ration de Voile du Qu\u00e9bec"},"image":{"@id":"https:\/\/voile.qc.ca\/fr\/#\/schema\/logo\/image\/"},"sameAs":["https:\/\/www.facebook.com\/voilequebec","https:\/\/www.instagram.com\/voilequebec"]}]}},"jetpack_sharing_enabled":true,"_links":{"self":[{"href":"https:\/\/voile.qc.ca\/fr\/wp-json\/wp\/v2\/product\/2482","targetHints":{"allow":["GET"]}}],"collection":[{"href":"https:\/\/voile.qc.ca\/fr\/wp-json\/wp\/v2\/product"}],"about":[{"href":"https:\/\/voile.qc.ca\/fr\/wp-json\/wp\/v2\/types\/product"}],"wp:featuredmedia":[{"embeddable":true,"href":"https:\/\/voile.qc.ca\/fr\/wp-json\/wp\/v2\/media\/2721"}],"wp:attachment":[{"href":"https:\/\/voile.qc.ca\/fr\/wp-json\/wp\/v2\/media?parent=2482"}],"wp:term":[{"taxonomy":"product_brand","embeddable":true,"href":"https:\/\/voile.qc.ca\/fr\/wp-json\/wp\/v2\/product_brand?post=2482"},{"taxonomy":"product_cat","embeddable":true,"href":"https:\/\/voile.qc.ca\/fr\/wp-json\/wp\/v2\/product_cat?post=2482"},{"taxonomy":"product_tag","embeddable":true,"href":"https:\/\/voile.qc.ca\/fr\/wp-json\/wp\/v2\/product_tag?post=2482"}],"curies":[{"name":"wp","href":"https:\/\/api.w.org\/{rel}","templated":true}]}}