{"id":2481,"date":"2023-08-21T09:53:27","date_gmt":"2023-08-21T13:53:27","guid":{"rendered":"https:\/\/voile.qc.ca\/?post_type=product&#038;p=2481"},"modified":"2026-01-22T14:15:20","modified_gmt":"2026-01-22T19:15:20","slug":"meteo-marine","status":"publish","type":"product","link":"https:\/\/voile.qc.ca\/fr\/produit\/meteo-marine\/","title":{"rendered":"M\u00e9t\u00e9o marine"},"content":{"rendered":"<p>M\u00e9t\u00e9o marine<\/p>\n<p>Qu\u2019on souhaite aller sur l\u2019eau pour une journ\u00e9e, pour un week-end ou encore pour r\u00e9aliser une travers\u00e9e oc\u00e9anique, les conditions m\u00e9t\u00e9o auront un effet d\u00e9terminant sur la r\u00e9ussite de notre navigation.<\/p>\n<p class=\"p1\">M\u00e9t\u00e9o marine est un ouvrage d&rsquo;initiation a la m\u00e9t\u00e9o marine qui a pour objectif d&rsquo;aider les plaisanciers \u00e0 comprendre et \u00e0 pr\u00e9voir les diff\u00e9rents ph\u00e9nom\u00e8nes m\u00e9t\u00e9o. C&rsquo;est aussi et surtout un ouvrage r\u00e9solument branch\u00e9 sur les besoins r\u00e9els des navigateurs. Ainsi, on ne s&rsquo;attardera qu&rsquo;aux concepts qui sont utiles pour les marins!<\/p>\n<p>L\u2019auteur, navigateur aguerri et routeur m\u00e9t\u00e9o, est aussi astrophysicien et professeur. Tout au long de l\u2019ouvrage, il tisse un fil conducteur qui entra\u00eene le lecteur \u00e0 int\u00e9grer progressivement l\u2019ensemble des facteurs qui influenceront les conditions de navigation On d\u00e9butera naturellement en se demandant :<\/p>\n<p>\u2022\u00a0Ce qui forme les nuages<br \/>\n\u2022 D\u2019o\u00f9 vient le vent<br \/>\n\u2022 Comment le vent cr\u00e9e les vagues<br \/>\n\u2022 Comment se forment les fronts chauds et froids<\/p>\n<ul>\n<li>Par la suite, de l\u2019\u00e9tude du passage d\u2019une d\u00e9pression agissant \u00e0 tr\u00e8s grande \u00e9chelle \u00e0 celle des effets de terre r\u00e9solument locaux, tout y passe.<\/li>\n<li>Le lecteur arrivera \u00e0 comprendre et \u00e0 pr\u00e9dire la s\u00e9quence d\u2019\u00e9v\u00e9nements m\u00e9t\u00e9o qu\u2019il rencontrera sur sa route et \u00e0 en saisir l\u2019impact sur les conditions de navigation et sur sa s\u00e9curit\u00e9.<\/li>\n<li>\u00c0 quoi servirait un ouvrage de m\u00e9t\u00e9o marine s\u2019il ne nous aidait pas \u00e0 r\u00e9pondre \u00e0 la question qu\u2019on entend le plus fr\u00e9quemment sur les pontons : \u00ab Est-ce qu\u2019on sort aujourd\u2019hui? \u00bb<\/li>\n<\/ul>\n","protected":false},"excerpt":{"rendered":"<p>Qu\u2019on souhaite aller sur l\u2019eau pour une journ\u00e9e, pour un week-end ou encore pour r\u00e9aliser une travers\u00e9e oc\u00e9anique, les conditions m\u00e9t\u00e9o auront un effet d\u00e9terminant sur la r\u00e9ussite de notre navigation.<\/p>\n<p class=\"p1\">M\u00e9t\u00e9o marine est un ouvrage d&rsquo;initiation a la m\u00e9t\u00e9o marine qui a pour objectif d&rsquo;aider les plaisanciers \u00e0 comprendre et \u00e0 pr\u00e9voir les diff\u00e9rents ph\u00e9nom\u00e8nes m\u00e9t\u00e9o. C&rsquo;est aussi et surtout un ouvrage r\u00e9solument branch\u00e9 sur les besoins r\u00e9els des navigateurs. Ainsi, on ne s&rsquo;attardera qu&rsquo;aux concepts qui sont utiles pour les marins!<\/p>\n","protected":false},"featured_media":2726,"template":"","meta":{"_acf_changed":false,"site-sidebar-layout":"default","site-content-layout":"","ast-site-content-layout":"default","site-content-style":"default","site-sidebar-style":"default","ast-global-header-display":"","ast-banner-title-visibility":"","ast-main-header-display":"","ast-hfb-above-header-display":"","ast-hfb-below-header-display":"","ast-hfb-mobile-header-display":"","site-post-title":"","ast-breadcrumbs-content":"","ast-featured-img":"","footer-sml-layout":"","ast-disable-related-posts":"","theme-transparent-header-meta":"default","adv-header-id-meta":"","stick-header-meta":"default","header-above-stick-meta":"","header-main-stick-meta":"","header-below-stick-meta":"","astra-migrate-meta-layouts":"set","ast-page-background-enabled":"default","ast-page-background-meta":{"desktop":{"background-color":"","background-image":"","background-repeat":"repeat","background-position":"center center","background-size":"auto","background-attachment":"scroll","background-type":"","background-media":"","overlay-type":"","overlay-color":"","overlay-opacity":"","overlay-gradient":""},"tablet":{"background-color":"","background-image":"","background-repeat":"repeat","background-position":"center center","background-size":"auto","background-attachment":"scroll","background-type":"","background-media":"","overlay-type":"","overlay-color":"","overlay-opacity":"","overlay-gradient":""},"mobile":{"background-color":"","background-image":"","background-repeat":"repeat","background-position":"center center","background-size":"auto","background-attachment":"scroll","background-type":"","background-media":"","overlay-type":"","overlay-color":"","overlay-opacity":"","overlay-gradient":""}},"ast-content-background-meta":{"desktop":{"background-color":"var(--ast-global-color-5)","background-image":"","background-repeat":"repeat","background-position":"center center","background-size":"auto","background-attachment":"scroll","background-type":"","background-media":"","overlay-type":"","overlay-color":"","overlay-opacity":"","overlay-gradient":""},"tablet":{"background-color":"var(--ast-global-color-5)","background-image":"","background-repeat":"repeat","background-position":"center center","background-size":"auto","background-attachment":"scroll","background-type":"","background-media":"","overlay-type":"","overlay-color":"","overlay-opacity":"","overlay-gradient":""},"mobile":{"background-color":"var(--ast-global-color-5)","background-image":"","background-repeat":"repeat","background-position":"center center","background-size":"auto","background-attachment":"scroll","background-type":"","background-media":"","overlay-type":"","overlay-color":"","overlay-opacity":"","overlay-gradient":""}}},"product_brand":[],"product_cat":[27],"product_tag":[],"class_list":{"0":"post-2481","1":"product","2":"type-product","3":"status-publish","4":"has-post-thumbnail","6":"product_cat-livres-et-manuels-en-francais","7":"desktop-align-left","8":"tablet-align-left","9":"mobile-align-left","11":"first","12":"instock","13":"shipping-taxable","14":"purchasable","15":"product-type-simple"},"acf":[],"yoast_head":"<!-- This site is optimized with the Yoast SEO plugin v27.0 - https:\/\/yoast.com\/product\/yoast-seo-wordpress\/ -->\n<title>M\u00e9t\u00e9o marine - Voile Qu\u00e9bec<\/title>\n<meta name=\"description\" content=\"M\u00e9t\u00e9o marine - Qu\u2019on souhaite aller sur l\u2019eau pour une journ\u00e9e, pour un week-end ou encore pour r\u00e9aliser une travers\u00e9e oc\u00e9anique, les conditions m\u00e9t\u00e9o auront un effet d\u00e9terminant sur la r\u00e9ussite de notre navigation.\" \/>\n<meta name=\"robots\" content=\"index, follow, max-snippet:-1, max-image-preview:large, max-video-preview:-1\" \/>\n<link rel=\"canonical\" href=\"https:\/\/voile.qc.ca\/fr\/produit\/meteo-marine\/\" \/>\n<meta property=\"og:locale\" content=\"fr_CA\" \/>\n<meta property=\"og:type\" content=\"article\" \/>\n<meta property=\"og:title\" content=\"M\u00e9t\u00e9o marine - Voile Qu\u00e9bec\" \/>\n<meta property=\"og:description\" content=\"M\u00e9t\u00e9o marine - Qu\u2019on souhaite aller sur l\u2019eau pour une journ\u00e9e, pour un week-end ou encore pour r\u00e9aliser une travers\u00e9e oc\u00e9anique, les conditions m\u00e9t\u00e9o auront un effet d\u00e9terminant sur la r\u00e9ussite de notre navigation.\" \/>\n<meta property=\"og:url\" content=\"https:\/\/voile.qc.ca\/fr\/produit\/meteo-marine\/\" \/>\n<meta property=\"og:site_name\" content=\"Voile Qu\u00e9bec\" \/>\n<meta property=\"article:publisher\" content=\"https:\/\/www.facebook.com\/voilequebec\" \/>\n<meta property=\"article:modified_time\" content=\"2026-01-22T19:15:20+00:00\" \/>\n<meta property=\"og:image\" content=\"https:\/\/voile.qc.ca\/wp-content\/uploads\/2023\/08\/boutique_Meteo-marine-759x1024.png\" \/>\n\t<meta property=\"og:image:width\" content=\"759\" \/>\n\t<meta property=\"og:image:height\" content=\"1024\" \/>\n\t<meta property=\"og:image:type\" content=\"image\/png\" \/>\n<meta name=\"twitter:card\" content=\"summary_large_image\" \/>\n<meta name=\"twitter:label1\" content=\"Estimation du temps de lecture\" \/>\n\t<meta name=\"twitter:data1\" content=\"2 minutes\" \/>\n<script type=\"application\/ld+json\" class=\"yoast-schema-graph\">{\"@context\":\"https:\/\/schema.org\",\"@graph\":[{\"@type\":\"WebPage\",\"@id\":\"https:\/\/voile.qc.ca\/fr\/produit\/meteo-marine\/\",\"url\":\"https:\/\/voile.qc.ca\/fr\/produit\/meteo-marine\/\",\"name\":\"M\u00e9t\u00e9o marine - Voile Qu\u00e9bec\",\"isPartOf\":{\"@id\":\"https:\/\/voile.qc.ca\/fr\/#website\"},\"primaryImageOfPage\":{\"@id\":\"https:\/\/voile.qc.ca\/fr\/produit\/meteo-marine\/#primaryimage\"},\"image\":{\"@id\":\"https:\/\/voile.qc.ca\/fr\/produit\/meteo-marine\/#primaryimage\"},\"thumbnailUrl\":\"https:\/\/voile.qc.ca\/wp-content\/uploads\/2023\/08\/boutique_Meteo-marine.png\",\"datePublished\":\"2023-08-21T13:53:27+00:00\",\"dateModified\":\"2026-01-22T19:15:20+00:00\",\"description\":\"M\u00e9t\u00e9o marine - Qu\u2019on souhaite aller sur l\u2019eau pour une journ\u00e9e, pour un week-end ou encore pour r\u00e9aliser une travers\u00e9e oc\u00e9anique, les conditions m\u00e9t\u00e9o auront un effet d\u00e9terminant sur la r\u00e9ussite de notre navigation.\",\"breadcrumb\":{\"@id\":\"https:\/\/voile.qc.ca\/fr\/produit\/meteo-marine\/#breadcrumb\"},\"inLanguage\":\"fr-CA\",\"potentialAction\":[{\"@type\":\"ReadAction\",\"target\":[\"https:\/\/voile.qc.ca\/fr\/produit\/meteo-marine\/\"]}]},{\"@type\":\"ImageObject\",\"inLanguage\":\"fr-CA\",\"@id\":\"https:\/\/voile.qc.ca\/fr\/produit\/meteo-marine\/#primaryimage\",\"url\":\"https:\/\/voile.qc.ca\/wp-content\/uploads\/2023\/08\/boutique_Meteo-marine.png\",\"contentUrl\":\"https:\/\/voile.qc.ca\/wp-content\/uploads\/2023\/08\/boutique_Meteo-marine.png\",\"width\":1374,\"height\":1853,\"caption\":\"M\u00e9t\u00e9o marine\"},{\"@type\":\"BreadcrumbList\",\"@id\":\"https:\/\/voile.qc.ca\/fr\/produit\/meteo-marine\/#breadcrumb\",\"itemListElement\":[{\"@type\":\"ListItem\",\"position\":1,\"name\":\"Accueil\",\"item\":\"https:\/\/voile.qc.ca\/\"},{\"@type\":\"ListItem\",\"position\":2,\"name\":\"boutique\",\"item\":\"https:\/\/voile.qc.ca\/en\/boutique\/\"},{\"@type\":\"ListItem\",\"position\":3,\"name\":\"M\u00e9t\u00e9o marine\"}]},{\"@type\":\"WebSite\",\"@id\":\"https:\/\/voile.qc.ca\/fr\/#website\",\"url\":\"https:\/\/voile.qc.ca\/fr\/\",\"name\":\"Voile Qu\u00e9bec\",\"description\":\"La r\u00e9f\u00e9rence de voile au Qu\u00e9bec\",\"publisher\":{\"@id\":\"https:\/\/voile.qc.ca\/fr\/#organization\"},\"potentialAction\":[{\"@type\":\"SearchAction\",\"target\":{\"@type\":\"EntryPoint\",\"urlTemplate\":\"https:\/\/voile.qc.ca\/fr\/?s={search_term_string}\"},\"query-input\":{\"@type\":\"PropertyValueSpecification\",\"valueRequired\":true,\"valueName\":\"search_term_string\"}}],\"inLanguage\":\"fr-CA\"},{\"@type\":\"Organization\",\"@id\":\"https:\/\/voile.qc.ca\/fr\/#organization\",\"name\":\"F\u00e9d\u00e9ration de Voile du Qu\u00e9bec\",\"url\":\"https:\/\/voile.qc.ca\/fr\/\",\"logo\":{\"@type\":\"ImageObject\",\"inLanguage\":\"fr-CA\",\"@id\":\"https:\/\/voile.qc.ca\/fr\/#\/schema\/logo\/image\/\",\"url\":\"https:\/\/voile.qc.ca\/wp-content\/uploads\/2023\/11\/cropped-bateau-bleu-V5.png\",\"contentUrl\":\"https:\/\/voile.qc.ca\/wp-content\/uploads\/2023\/11\/cropped-bateau-bleu-V5.png\",\"width\":500,\"height\":116,\"caption\":\"F\u00e9d\u00e9ration de Voile du Qu\u00e9bec\"},\"image\":{\"@id\":\"https:\/\/voile.qc.ca\/fr\/#\/schema\/logo\/image\/\"},\"sameAs\":[\"https:\/\/www.facebook.com\/voilequebec\",\"https:\/\/www.instagram.com\/voilequebec\"]}]}<\/script>\n<!-- \/ Yoast SEO plugin. -->","yoast_head_json":{"title":"M\u00e9t\u00e9o marine - Voile Qu\u00e9bec","description":"M\u00e9t\u00e9o marine - Qu\u2019on souhaite aller sur l\u2019eau pour une journ\u00e9e, pour un week-end ou encore pour r\u00e9aliser une travers\u00e9e oc\u00e9anique, les conditions m\u00e9t\u00e9o auront un effet d\u00e9terminant sur la r\u00e9ussite de notre navigation.","robots":{"index":"index","follow":"follow","max-snippet":"max-snippet:-1","max-image-preview":"max-image-preview:large","max-video-preview":"max-video-preview:-1"},"canonical":"https:\/\/voile.qc.ca\/fr\/produit\/meteo-marine\/","og_locale":"fr_CA","og_type":"article","og_title":"M\u00e9t\u00e9o marine - Voile Qu\u00e9bec","og_description":"M\u00e9t\u00e9o marine - Qu\u2019on souhaite aller sur l\u2019eau pour une journ\u00e9e, pour un week-end ou encore pour r\u00e9aliser une travers\u00e9e oc\u00e9anique, les conditions m\u00e9t\u00e9o auront un effet d\u00e9terminant sur la r\u00e9ussite de notre navigation.","og_url":"https:\/\/voile.qc.ca\/fr\/produit\/meteo-marine\/","og_site_name":"Voile Qu\u00e9bec","article_publisher":"https:\/\/www.facebook.com\/voilequebec","article_modified_time":"2026-01-22T19:15:20+00:00","og_image":[{"width":759,"height":1024,"url":"https:\/\/voile.qc.ca\/wp-content\/uploads\/2023\/08\/boutique_Meteo-marine-759x1024.png","type":"image\/png"}],"twitter_card":"summary_large_image","twitter_misc":{"Estimation du temps de lecture":"2 minutes"},"schema":{"@context":"https:\/\/schema.org","@graph":[{"@type":"WebPage","@id":"https:\/\/voile.qc.ca\/fr\/produit\/meteo-marine\/","url":"https:\/\/voile.qc.ca\/fr\/produit\/meteo-marine\/","name":"M\u00e9t\u00e9o marine - Voile Qu\u00e9bec","isPartOf":{"@id":"https:\/\/voile.qc.ca\/fr\/#website"},"primaryImageOfPage":{"@id":"https:\/\/voile.qc.ca\/fr\/produit\/meteo-marine\/#primaryimage"},"image":{"@id":"https:\/\/voile.qc.ca\/fr\/produit\/meteo-marine\/#primaryimage"},"thumbnailUrl":"https:\/\/voile.qc.ca\/wp-content\/uploads\/2023\/08\/boutique_Meteo-marine.png","datePublished":"2023-08-21T13:53:27+00:00","dateModified":"2026-01-22T19:15:20+00:00","description":"M\u00e9t\u00e9o marine - Qu\u2019on souhaite aller sur l\u2019eau pour une journ\u00e9e, pour un week-end ou encore pour r\u00e9aliser une travers\u00e9e oc\u00e9anique, les conditions m\u00e9t\u00e9o auront un effet d\u00e9terminant sur la r\u00e9ussite de notre navigation.","breadcrumb":{"@id":"https:\/\/voile.qc.ca\/fr\/produit\/meteo-marine\/#breadcrumb"},"inLanguage":"fr-CA","potentialAction":[{"@type":"ReadAction","target":["https:\/\/voile.qc.ca\/fr\/produit\/meteo-marine\/"]}]},{"@type":"ImageObject","inLanguage":"fr-CA","@id":"https:\/\/voile.qc.ca\/fr\/produit\/meteo-marine\/#primaryimage","url":"https:\/\/voile.qc.ca\/wp-content\/uploads\/2023\/08\/boutique_Meteo-marine.png","contentUrl":"https:\/\/voile.qc.ca\/wp-content\/uploads\/2023\/08\/boutique_Meteo-marine.png","width":1374,"height":1853,"caption":"M\u00e9t\u00e9o marine"},{"@type":"BreadcrumbList","@id":"https:\/\/voile.qc.ca\/fr\/produit\/meteo-marine\/#breadcrumb","itemListElement":[{"@type":"ListItem","position":1,"name":"Accueil","item":"https:\/\/voile.qc.ca\/"},{"@type":"ListItem","position":2,"name":"boutique","item":"https:\/\/voile.qc.ca\/en\/boutique\/"},{"@type":"ListItem","position":3,"name":"M\u00e9t\u00e9o marine"}]},{"@type":"WebSite","@id":"https:\/\/voile.qc.ca\/fr\/#website","url":"https:\/\/voile.qc.ca\/fr\/","name":"Voile Qu\u00e9bec","description":"La r\u00e9f\u00e9rence de voile au Qu\u00e9bec","publisher":{"@id":"https:\/\/voile.qc.ca\/fr\/#organization"},"potentialAction":[{"@type":"SearchAction","target":{"@type":"EntryPoint","urlTemplate":"https:\/\/voile.qc.ca\/fr\/?s={search_term_string}"},"query-input":{"@type":"PropertyValueSpecification","valueRequired":true,"valueName":"search_term_string"}}],"inLanguage":"fr-CA"},{"@type":"Organization","@id":"https:\/\/voile.qc.ca\/fr\/#organization","name":"F\u00e9d\u00e9ration de Voile du Qu\u00e9bec","url":"https:\/\/voile.qc.ca\/fr\/","logo":{"@type":"ImageObject","inLanguage":"fr-CA","@id":"https:\/\/voile.qc.ca\/fr\/#\/schema\/logo\/image\/","url":"https:\/\/voile.qc.ca\/wp-content\/uploads\/2023\/11\/cropped-bateau-bleu-V5.png","contentUrl":"https:\/\/voile.qc.ca\/wp-content\/uploads\/2023\/11\/cropped-bateau-bleu-V5.png","width":500,"height":116,"caption":"F\u00e9d\u00e9ration de Voile du Qu\u00e9bec"},"image":{"@id":"https:\/\/voile.qc.ca\/fr\/#\/schema\/logo\/image\/"},"sameAs":["https:\/\/www.facebook.com\/voilequebec","https:\/\/www.instagram.com\/voilequebec"]}]}},"jetpack_sharing_enabled":true,"_links":{"self":[{"href":"https:\/\/voile.qc.ca\/fr\/wp-json\/wp\/v2\/product\/2481","targetHints":{"allow":["GET"]}}],"collection":[{"href":"https:\/\/voile.qc.ca\/fr\/wp-json\/wp\/v2\/product"}],"about":[{"href":"https:\/\/voile.qc.ca\/fr\/wp-json\/wp\/v2\/types\/product"}],"wp:featuredmedia":[{"embeddable":true,"href":"https:\/\/voile.qc.ca\/fr\/wp-json\/wp\/v2\/media\/2726"}],"wp:attachment":[{"href":"https:\/\/voile.qc.ca\/fr\/wp-json\/wp\/v2\/media?parent=2481"}],"wp:term":[{"taxonomy":"product_brand","embeddable":true,"href":"https:\/\/voile.qc.ca\/fr\/wp-json\/wp\/v2\/product_brand?post=2481"},{"taxonomy":"product_cat","embeddable":true,"href":"https:\/\/voile.qc.ca\/fr\/wp-json\/wp\/v2\/product_cat?post=2481"},{"taxonomy":"product_tag","embeddable":true,"href":"https:\/\/voile.qc.ca\/fr\/wp-json\/wp\/v2\/product_tag?post=2481"}],"curies":[{"name":"wp","href":"https:\/\/api.w.org\/{rel}","templated":true}]}}