{"id":7957,"date":"2024-06-28T15:27:52","date_gmt":"2024-06-28T19:27:52","guid":{"rendered":"https:\/\/voile.qc.ca\/?page_id=7957"},"modified":"2024-09-25T15:52:20","modified_gmt":"2024-09-25T19:52:20","slug":"adhesion-membres-institutionnels","status":"publish","type":"page","link":"https:\/\/voile.qc.ca\/fr\/adhesion-membres-institutionnels\/","title":{"rendered":"Adh\u00e9sion membres institutionnels"},"content":{"rendered":"<form method=\"post\" class=\"acfe-form acf-form\" data-cid=\"69d78c696a20e\">\t<div id=\"acf-form-data\" class=\"acf-hidden\">\n\t\t<input type=\"hidden\" id=\"_acf_screen\" name=\"_acf_screen\" value=\"acfe_form\"\/><input type=\"hidden\" id=\"_acf_post_id\" name=\"_acf_post_id\" value=\"7957\"\/><input type=\"hidden\" id=\"_acf_validation\" name=\"_acf_validation\" value=\"1\"\/><input type=\"hidden\" id=\"_acf_form\" name=\"_acf_form\" value=\"bWQ1eFQvdy9pTGQrM0VqODMycmpKbjQveWJ2RFBHUk9SVi96Yk83b0ZpNXJrWU5pR3F4UVRGNnNvWW9lQ0FjT2lzek1laHdZdDRoazJ5aFVqcjVyQkNZaFYyZEQvQXZ4aEpHd0E4UXhUV2ZSVDczUjFIWmFQSzVCSFQ2SU5yU29sQ3Fzd1A5TTRNUzY0K3lOTVNGTzF3ejFJd21rQlVNdXJ0MnMrKzMvOEU3cThUdnU2aUlvRmN0K01oanh5WDJBVmNuWG9SUlNqN1pFRkxYT2JZc0FGbjMvVlg5TDBIcEM0Mlc5eXlmcGxSeW1iZG81V2dKSkw2bG5jTzVQQjMyUE1ZS2RSbzZ0WTJyUnUxQ1VrOHdDLzRNRXBDZ2tIV3RPWURYOUprVnpaR0hpMjFURzdKMUg1TjdGWWZoNDJNbXdUMkdteWUxb2N0c2RmbjlyS2xRdUN1QUpneUwvdkk4K2FnMTRUV0JVT0pUODc2L0FFV3FCb2wzRnJ3c2F0YXZmR0VIZlV2TnhxZGhMUTFqV09kYmdHVmxtM3lYZW8wOGJic000MjNLNzViS0czd1BTZTNUdk5IWVNTY1Y3cXlXeFBSeEJWMVpBKzE2UlpJMG4xWnVNQUpGWjl2T2ppSnU2OE5zUzVETFFmTUxJME5IR05zZk5mK3NoYWU1R3VYMFNDSytqL2VQWnd3Q3MydXpsY2IxYVhMSkh1V2NkUzdjT2M0WHYrbkhweTdGNWNxbG02bHdkNTAwWng0cm1NSnRUZHV3ZmtEWDJ0TDc5b0pJUGZDR3drRjg4WlQvdDdrYk1rWjFlR2M1dVRKZ1MwL1BVN3k1bHVBME1CaW1GZnJiTnJWV1FRTE5RUkIwdStSYnJZdUVRNTRyVi95QVR3bDNNcSs4a2Q1dHExOHNPcVlKVEZPalNIK2ZoTTZzVGk3OGEyM0NXRStxV0krR0VpYUc1Q093ek43UWt3M2ZjVlRMZlpkUDVscDgwenlVZHpXVGhwWkhGckxGcVY2WUNNWmhCbjR5cjltRDFHdC9pSTlGZUlyd2xSZlNJYUlITExQalBpbEFJYTd6cUxwZFhLeVZZWW9NK3ByaStYRUhYL1FNUjBOSFhvT3dobHNIQ3N4bWtvT0VUbWdCZVNWSEdaWVFtT0pMY0FBR0Vib0JrSHVIWm5QdEF1UHhMZzhzNktwVktpbWhRNU43OGE0ZEhFVEEyNGYwUzdoa3hQRFoySWtKTzZDaFFOYzYwWjNKRHpGVVY1MVZHaGx2R3liNUxOREtKQnZxYjZkYTZUbWVwWnlMU2RtNWNvRHEzMEZHZDNrK0ZHME5oVHl4L21JSUFNeHQ5RzcwK0xGTzNZZWdJVitFem1VYnJJYXp3eG11M1N0bzFka0VHR3Y1RDVpampzM2pqQXJCY2ZKOW53cktQbTcxS1BySEJJNThoUWxJZVdOdDB6QnRtcTRtQWtHL1JLeFoza2s5cnpFTFRuWVRRancvMVQ3cXlvU3p0L0Zla0dHNTF2dE5pWDJabWQyaXZiQ05DZHRiNVZycHBMN3FqY1AzRHNTRXZseldVTEowTjdkWDNPOGRFbjl3dFQxOW94WEhNQjhTbVNXN2Mvd25EcWRmeW9LV0laemZUVGIxNXo2bW9CUTkyekl5N0pNY0JZYXZYVTVtK092K2grWXoxOGlqYThva2V3c01SSE9sVEh4S0JHWlRqQktBUjBSTkRuaFhtcURhdVZnODFab1J2RE9nS1JPUEFFNHp6ZHl4a3hNdnJFbndYd0ZNeHRHalFQU21WK0tTSktUYmQyejN2Wm1WQkNGNXl3Mis0VlNzTGhGN0hwcEZOQUZTdWdaR1FSV0ZZTisxZEtJbWNhTWF4NzZ6R2YvNWgrNDVWbW0yUXZwQTJQZXhBM3h1R0FqelhRUDAxOWxCR3o3Wno5cWtGNjhqMmJTUTFkSjhabVZOc3d3TXkvbGw3ZzJ1Q3BmTE5mbm40bUZ5OVBoaUpzUFF6eEFMa1NuSHhTMXRCZEdUa3ZuSTFDbHRac1RieDllZk12Nm5XOUdjSXdEVzBKZkxzNitGeEZkN1prUU84VnRzbXdyK294MmVySjZGZTdLdy9aZnhTWXRuNTlES0tiSUFFcFd1SlBqdE8rb2tIRjVKVDZuVXRpSFJpcGFlT1hJVkNhOGFBaWpLdXdTa2s3c1VsSUlTQi9pK1prd1BrZGFvZnRWQzhRaWNHVXI5WlZ4ejZxTFBGcnJLQ3lBPT06OpyJOAHnrPn62+wvk2i6nrk=\"\/><input type=\"hidden\" id=\"_acf_nonce\" name=\"_acf_nonce\" value=\"ee3a1cf641\"\/><input type=\"hidden\" id=\"_acf_changed\" name=\"_acf_changed\" value=\"0\"\/>\t<\/div>\n\t<div class=\"acf-fields acf-form-fields -top\"><div class=\"acf-field acf-field-text acf-field--validate-email\" style=\"display:none !important;\" data-name=\"_validate_email\" data-type=\"text\" data-key=\"_validate_email\">\n<div class=\"acf-label\">\n<label for=\"acf-_validate_email\">Validate Email<\/label><\/div>\n<div class=\"acf-input\">\n<div class=\"acf-input-wrap\"><input type=\"text\" id=\"acf-_validate_email\" name=\"acf[_validate_email]\"\/><\/div><\/div>\n<\/div>\n<\/div>            <div class=\"acf-form-submit\">\r\n                \r\n                <input type=\"submit\" class=\"acf-button button button-primary button-large\" value=\"Soumettre\" \/>                <span class=\"acf-spinner\"><\/span>\r\n            <\/div>\r\n        <\/form>\n\n\n\n<p><\/p>\n","protected":false},"excerpt":{"rendered":"","protected":false},"author":11,"featured_media":0,"parent":0,"menu_order":0,"comment_status":"closed","ping_status":"closed","template":"","meta":{"_acf_changed":false,"site-sidebar-layout":"default","site-content-layout":"","ast-site-content-layout":"default","site-content-style":"default","site-sidebar-style":"default","ast-global-header-display":"","ast-banner-title-visibility":"","ast-main-header-display":"","ast-hfb-above-header-display":"","ast-hfb-below-header-display":"","ast-hfb-mobile-header-display":"","site-post-title":"","ast-breadcrumbs-content":"","ast-featured-img":"","footer-sml-layout":"","ast-disable-related-posts":"","theme-transparent-header-meta":"","adv-header-id-meta":"","stick-header-meta":"","header-above-stick-meta":"","header-main-stick-meta":"","header-below-stick-meta":"","astra-migrate-meta-layouts":"set","ast-page-background-enabled":"default","ast-page-background-meta":{"desktop":{"background-color":"","background-image":"","background-repeat":"repeat","background-position":"center center","background-size":"auto","background-attachment":"scroll","background-type":"","background-media":"","overlay-type":"","overlay-color":"","overlay-opacity":"","overlay-gradient":""},"tablet":{"background-color":"","background-image":"","background-repeat":"repeat","background-position":"center center","background-size":"auto","background-attachment":"scroll","background-type":"","background-media":"","overlay-type":"","overlay-color":"","overlay-opacity":"","overlay-gradient":""},"mobile":{"background-color":"","background-image":"","background-repeat":"repeat","background-position":"center center","background-size":"auto","background-attachment":"scroll","background-type":"","background-media":"","overlay-type":"","overlay-color":"","overlay-opacity":"","overlay-gradient":""}},"ast-content-background-meta":{"desktop":{"background-color":"var(--ast-global-color-5)","background-image":"","background-repeat":"repeat","background-position":"center center","background-size":"auto","background-attachment":"scroll","background-type":"","background-media":"","overlay-type":"","overlay-color":"","overlay-opacity":"","overlay-gradient":""},"tablet":{"background-color":"var(--ast-global-color-5)","background-image":"","background-repeat":"repeat","background-position":"center center","background-size":"auto","background-attachment":"scroll","background-type":"","background-media":"","overlay-type":"","overlay-color":"","overlay-opacity":"","overlay-gradient":""},"mobile":{"background-color":"var(--ast-global-color-5)","background-image":"","background-repeat":"repeat","background-position":"center center","background-size":"auto","background-attachment":"scroll","background-type":"","background-media":"","overlay-type":"","overlay-color":"","overlay-opacity":"","overlay-gradient":""}},"footnotes":""},"class_list":["post-7957","page","type-page","status-publish","hentry"],"acf":[],"yoast_head":"<!-- This site is optimized with the Yoast SEO plugin v27.0 - https:\/\/yoast.com\/product\/yoast-seo-wordpress\/ -->\n<title>Adh\u00e9sion membres institutionnels - Voile Qu\u00e9bec<\/title>\n<meta name=\"robots\" content=\"index, follow, max-snippet:-1, max-image-preview:large, max-video-preview:-1\" \/>\n<link rel=\"canonical\" href=\"https:\/\/voile.qc.ca\/fr\/adhesion-membres-institutionnels\/\" \/>\n<meta property=\"og:locale\" content=\"fr_CA\" \/>\n<meta property=\"og:type\" content=\"article\" \/>\n<meta property=\"og:title\" content=\"Adh\u00e9sion membres institutionnels - Voile Qu\u00e9bec\" \/>\n<meta property=\"og:url\" content=\"https:\/\/voile.qc.ca\/fr\/adhesion-membres-institutionnels\/\" \/>\n<meta property=\"og:site_name\" content=\"Voile Qu\u00e9bec\" \/>\n<meta property=\"article:publisher\" content=\"https:\/\/www.facebook.com\/voilequebec\" \/>\n<meta property=\"article:modified_time\" content=\"2024-09-25T19:52:20+00:00\" \/>\n<meta name=\"twitter:card\" content=\"summary_large_image\" \/>\n<meta name=\"twitter:label1\" content=\"Estimation du temps de lecture\" \/>\n\t<meta name=\"twitter:data1\" content=\"1 minute\" \/>\n<script type=\"application\/ld+json\" class=\"yoast-schema-graph\">{\"@context\":\"https:\/\/schema.org\",\"@graph\":[{\"@type\":\"WebPage\",\"@id\":\"https:\/\/voile.qc.ca\/fr\/adhesion-membres-institutionnels\/\",\"url\":\"https:\/\/voile.qc.ca\/fr\/adhesion-membres-institutionnels\/\",\"name\":\"Adh\u00e9sion membres institutionnels - Voile Qu\u00e9bec\",\"isPartOf\":{\"@id\":\"https:\/\/voile.qc.ca\/fr\/#website\"},\"datePublished\":\"2024-06-28T19:27:52+00:00\",\"dateModified\":\"2024-09-25T19:52:20+00:00\",\"breadcrumb\":{\"@id\":\"https:\/\/voile.qc.ca\/fr\/adhesion-membres-institutionnels\/#breadcrumb\"},\"inLanguage\":\"fr-CA\",\"potentialAction\":[{\"@type\":\"ReadAction\",\"target\":[\"https:\/\/voile.qc.ca\/fr\/adhesion-membres-institutionnels\/\"]}]},{\"@type\":\"BreadcrumbList\",\"@id\":\"https:\/\/voile.qc.ca\/fr\/adhesion-membres-institutionnels\/#breadcrumb\",\"itemListElement\":[{\"@type\":\"ListItem\",\"position\":1,\"name\":\"Accueil\",\"item\":\"https:\/\/voile.qc.ca\/\"},{\"@type\":\"ListItem\",\"position\":2,\"name\":\"Adh\u00e9sion membres institutionnels\"}]},{\"@type\":\"WebSite\",\"@id\":\"https:\/\/voile.qc.ca\/fr\/#website\",\"url\":\"https:\/\/voile.qc.ca\/fr\/\",\"name\":\"Voile Qu\u00e9bec\",\"description\":\"La r\u00e9f\u00e9rence de voile au Qu\u00e9bec\",\"publisher\":{\"@id\":\"https:\/\/voile.qc.ca\/fr\/#organization\"},\"potentialAction\":[{\"@type\":\"SearchAction\",\"target\":{\"@type\":\"EntryPoint\",\"urlTemplate\":\"https:\/\/voile.qc.ca\/fr\/?s={search_term_string}\"},\"query-input\":{\"@type\":\"PropertyValueSpecification\",\"valueRequired\":true,\"valueName\":\"search_term_string\"}}],\"inLanguage\":\"fr-CA\"},{\"@type\":\"Organization\",\"@id\":\"https:\/\/voile.qc.ca\/fr\/#organization\",\"name\":\"F\u00e9d\u00e9ration de Voile du Qu\u00e9bec\",\"url\":\"https:\/\/voile.qc.ca\/fr\/\",\"logo\":{\"@type\":\"ImageObject\",\"inLanguage\":\"fr-CA\",\"@id\":\"https:\/\/voile.qc.ca\/fr\/#\/schema\/logo\/image\/\",\"url\":\"https:\/\/voile.qc.ca\/wp-content\/uploads\/2023\/11\/cropped-bateau-bleu-V5.png\",\"contentUrl\":\"https:\/\/voile.qc.ca\/wp-content\/uploads\/2023\/11\/cropped-bateau-bleu-V5.png\",\"width\":500,\"height\":116,\"caption\":\"F\u00e9d\u00e9ration de Voile du Qu\u00e9bec\"},\"image\":{\"@id\":\"https:\/\/voile.qc.ca\/fr\/#\/schema\/logo\/image\/\"},\"sameAs\":[\"https:\/\/www.facebook.com\/voilequebec\",\"https:\/\/www.instagram.com\/voilequebec\"]}]}<\/script>\n<!-- \/ Yoast SEO plugin. -->","yoast_head_json":{"title":"Adh\u00e9sion membres institutionnels - Voile Qu\u00e9bec","robots":{"index":"index","follow":"follow","max-snippet":"max-snippet:-1","max-image-preview":"max-image-preview:large","max-video-preview":"max-video-preview:-1"},"canonical":"https:\/\/voile.qc.ca\/fr\/adhesion-membres-institutionnels\/","og_locale":"fr_CA","og_type":"article","og_title":"Adh\u00e9sion membres institutionnels - Voile Qu\u00e9bec","og_url":"https:\/\/voile.qc.ca\/fr\/adhesion-membres-institutionnels\/","og_site_name":"Voile Qu\u00e9bec","article_publisher":"https:\/\/www.facebook.com\/voilequebec","article_modified_time":"2024-09-25T19:52:20+00:00","twitter_card":"summary_large_image","twitter_misc":{"Estimation du temps de lecture":"1 minute"},"schema":{"@context":"https:\/\/schema.org","@graph":[{"@type":"WebPage","@id":"https:\/\/voile.qc.ca\/fr\/adhesion-membres-institutionnels\/","url":"https:\/\/voile.qc.ca\/fr\/adhesion-membres-institutionnels\/","name":"Adh\u00e9sion membres institutionnels - Voile Qu\u00e9bec","isPartOf":{"@id":"https:\/\/voile.qc.ca\/fr\/#website"},"datePublished":"2024-06-28T19:27:52+00:00","dateModified":"2024-09-25T19:52:20+00:00","breadcrumb":{"@id":"https:\/\/voile.qc.ca\/fr\/adhesion-membres-institutionnels\/#breadcrumb"},"inLanguage":"fr-CA","potentialAction":[{"@type":"ReadAction","target":["https:\/\/voile.qc.ca\/fr\/adhesion-membres-institutionnels\/"]}]},{"@type":"BreadcrumbList","@id":"https:\/\/voile.qc.ca\/fr\/adhesion-membres-institutionnels\/#breadcrumb","itemListElement":[{"@type":"ListItem","position":1,"name":"Accueil","item":"https:\/\/voile.qc.ca\/"},{"@type":"ListItem","position":2,"name":"Adh\u00e9sion membres institutionnels"}]},{"@type":"WebSite","@id":"https:\/\/voile.qc.ca\/fr\/#website","url":"https:\/\/voile.qc.ca\/fr\/","name":"Voile Qu\u00e9bec","description":"La r\u00e9f\u00e9rence de voile au Qu\u00e9bec","publisher":{"@id":"https:\/\/voile.qc.ca\/fr\/#organization"},"potentialAction":[{"@type":"SearchAction","target":{"@type":"EntryPoint","urlTemplate":"https:\/\/voile.qc.ca\/fr\/?s={search_term_string}"},"query-input":{"@type":"PropertyValueSpecification","valueRequired":true,"valueName":"search_term_string"}}],"inLanguage":"fr-CA"},{"@type":"Organization","@id":"https:\/\/voile.qc.ca\/fr\/#organization","name":"F\u00e9d\u00e9ration de Voile du Qu\u00e9bec","url":"https:\/\/voile.qc.ca\/fr\/","logo":{"@type":"ImageObject","inLanguage":"fr-CA","@id":"https:\/\/voile.qc.ca\/fr\/#\/schema\/logo\/image\/","url":"https:\/\/voile.qc.ca\/wp-content\/uploads\/2023\/11\/cropped-bateau-bleu-V5.png","contentUrl":"https:\/\/voile.qc.ca\/wp-content\/uploads\/2023\/11\/cropped-bateau-bleu-V5.png","width":500,"height":116,"caption":"F\u00e9d\u00e9ration de Voile du Qu\u00e9bec"},"image":{"@id":"https:\/\/voile.qc.ca\/fr\/#\/schema\/logo\/image\/"},"sameAs":["https:\/\/www.facebook.com\/voilequebec","https:\/\/www.instagram.com\/voilequebec"]}]}},"jetpack_sharing_enabled":true,"_links":{"self":[{"href":"https:\/\/voile.qc.ca\/fr\/wp-json\/wp\/v2\/pages\/7957","targetHints":{"allow":["GET"]}}],"collection":[{"href":"https:\/\/voile.qc.ca\/fr\/wp-json\/wp\/v2\/pages"}],"about":[{"href":"https:\/\/voile.qc.ca\/fr\/wp-json\/wp\/v2\/types\/page"}],"author":[{"embeddable":true,"href":"https:\/\/voile.qc.ca\/fr\/wp-json\/wp\/v2\/users\/11"}],"replies":[{"embeddable":true,"href":"https:\/\/voile.qc.ca\/fr\/wp-json\/wp\/v2\/comments?post=7957"}],"version-history":[{"count":6,"href":"https:\/\/voile.qc.ca\/fr\/wp-json\/wp\/v2\/pages\/7957\/revisions"}],"predecessor-version":[{"id":19579,"href":"https:\/\/voile.qc.ca\/fr\/wp-json\/wp\/v2\/pages\/7957\/revisions\/19579"}],"wp:attachment":[{"href":"https:\/\/voile.qc.ca\/fr\/wp-json\/wp\/v2\/media?parent=7957"}],"curies":[{"name":"wp","href":"https:\/\/api.w.org\/{rel}","templated":true}]}}