{"id":65,"date":"2023-04-22T23:48:55","date_gmt":"2023-04-23T03:48:55","guid":{"rendered":"https:\/\/voile.qc.ca\/?page_id=65"},"modified":"2023-10-09T03:06:59","modified_gmt":"2023-10-09T07:06:59","slug":"infolettre","status":"publish","type":"page","link":"https:\/\/voile.qc.ca\/fr\/infolettre\/","title":{"rendered":"Infolettre"},"content":{"rendered":"\t\t<div data-elementor-type=\"wp-page\" data-elementor-id=\"65\" class=\"elementor elementor-65\">\n\t\t\t\t\t\t<section class=\"elementor-section elementor-top-section elementor-element elementor-element-bc24da3 elementor-section-boxed elementor-section-height-default elementor-section-height-default exad-glass-effect-no exad-sticky-section-no\" data-id=\"bc24da3\" data-element_type=\"section\" data-e-type=\"section\">\n\t\t\t\t\t\t<div class=\"elementor-container elementor-column-gap-default\">\n\t\t\t\t\t<div class=\"elementor-column elementor-col-100 elementor-top-column elementor-element elementor-element-a6ec03d exad-glass-effect-no exad-sticky-section-no\" data-id=\"a6ec03d\" data-element_type=\"column\" data-e-type=\"column\">\n\t\t\t<div class=\"elementor-widget-wrap elementor-element-populated\">\n\t\t\t\t\t\t<div class=\"elementor-element elementor-element-7d4c036 exad-sticky-section-no exad-glass-effect-no elementor-widget elementor-widget-shortcode\" data-id=\"7d4c036\" data-element_type=\"widget\" data-e-type=\"widget\" data-widget_type=\"shortcode.default\">\n\t\t\t\t<div class=\"elementor-widget-container\">\n\t\t\t\t\t\t\t<div class=\"elementor-shortcode\">[civicrm component=\"profile\" mode=\"create\" gid=\"25\"]<\/div>\n\t\t\t\t\t\t<\/div>\n\t\t\t\t<\/div>\n\t\t\t\t\t<\/div>\n\t\t<\/div>\n\t\t\t\t\t<\/div>\n\t\t<\/section>\n\t\t\t\t<\/div>\n\t\t","protected":false},"excerpt":{"rendered":"<p>[civicrm component=\u00a0\u00bbprofile\u00a0\u00bb mode=\u00a0\u00bbcreate\u00a0\u00bb gid=\u00a0\u00bb25&Prime;]<\/p>\n","protected":false},"author":7,"featured_media":0,"parent":0,"menu_order":0,"comment_status":"closed","ping_status":"closed","template":"","meta":{"_acf_changed":false,"site-sidebar-layout":"no-sidebar","site-content-layout":"page-builder","ast-site-content-layout":"full-width-container","site-content-style":"unboxed","site-sidebar-style":"unboxed","ast-global-header-display":"","ast-banner-title-visibility":"","ast-main-header-display":"","ast-hfb-above-header-display":"","ast-hfb-below-header-display":"","ast-hfb-mobile-header-display":"","site-post-title":"disabled","ast-breadcrumbs-content":"","ast-featured-img":"disabled","footer-sml-layout":"","ast-disable-related-posts":"","theme-transparent-header-meta":"","adv-header-id-meta":"","stick-header-meta":"","header-above-stick-meta":"","header-main-stick-meta":"","header-below-stick-meta":"","astra-migrate-meta-layouts":"set","ast-page-background-enabled":"default","ast-page-background-meta":{"desktop":{"background-color":"","background-image":"","background-repeat":"repeat","background-position":"center center","background-size":"auto","background-attachment":"scroll","background-type":"","background-media":"","overlay-type":"","overlay-color":"","overlay-opacity":"","overlay-gradient":""},"tablet":{"background-color":"","background-image":"","background-repeat":"repeat","background-position":"center center","background-size":"auto","background-attachment":"scroll","background-type":"","background-media":"","overlay-type":"","overlay-color":"","overlay-opacity":"","overlay-gradient":""},"mobile":{"background-color":"","background-image":"","background-repeat":"repeat","background-position":"center center","background-size":"auto","background-attachment":"scroll","background-type":"","background-media":"","overlay-type":"","overlay-color":"","overlay-opacity":"","overlay-gradient":""}},"ast-content-background-meta":{"desktop":{"background-color":"var(--ast-global-color-5)","background-image":"","background-repeat":"repeat","background-position":"center center","background-size":"auto","background-attachment":"scroll","background-type":"","background-media":"","overlay-type":"","overlay-color":"","overlay-opacity":"","overlay-gradient":""},"tablet":{"background-color":"var(--ast-global-color-5)","background-image":"","background-repeat":"repeat","background-position":"center center","background-size":"auto","background-attachment":"scroll","background-type":"","background-media":"","overlay-type":"","overlay-color":"","overlay-opacity":"","overlay-gradient":""},"mobile":{"background-color":"var(--ast-global-color-5)","background-image":"","background-repeat":"repeat","background-position":"center center","background-size":"auto","background-attachment":"scroll","background-type":"","background-media":"","overlay-type":"","overlay-color":"","overlay-opacity":"","overlay-gradient":""}},"footnotes":""},"class_list":["post-65","page","type-page","status-publish","hentry"],"acf":[],"yoast_head":"<!-- This site is optimized with the Yoast SEO plugin v27.0 - https:\/\/yoast.com\/product\/yoast-seo-wordpress\/ -->\n<title>Infolettre - Voile Qu\u00e9bec<\/title>\n<meta name=\"description\" content=\"Inscrivez vous \u00e0 l&#039;infolettre de Voile Qu\u00e9bec pour tout connaitre sur nos \u00e9v\u00e9nements, sur l&#039;actualit\u00e9 de la voile au Qu\u00e9bec et bien plus encore!\" \/>\n<meta name=\"robots\" content=\"index, follow, max-snippet:-1, max-image-preview:large, max-video-preview:-1\" \/>\n<link rel=\"canonical\" href=\"https:\/\/voile.qc.ca\/fr\/infolettre\/\" \/>\n<meta property=\"og:locale\" content=\"fr_CA\" \/>\n<meta property=\"og:type\" content=\"article\" \/>\n<meta property=\"og:title\" content=\"Infolettre - Voile Qu\u00e9bec\" \/>\n<meta property=\"og:description\" content=\"Inscrivez vous \u00e0 l&#039;infolettre de Voile Qu\u00e9bec pour tout connaitre sur nos \u00e9v\u00e9nements, sur l&#039;actualit\u00e9 de la voile au Qu\u00e9bec et bien plus encore!\" \/>\n<meta property=\"og:url\" content=\"https:\/\/voile.qc.ca\/fr\/infolettre\/\" \/>\n<meta property=\"og:site_name\" content=\"Voile Qu\u00e9bec\" \/>\n<meta property=\"article:publisher\" content=\"https:\/\/www.facebook.com\/voilequebec\" \/>\n<meta property=\"article:modified_time\" content=\"2023-10-09T07:06:59+00:00\" \/>\n<meta name=\"twitter:card\" content=\"summary_large_image\" \/>\n<meta name=\"twitter:label1\" content=\"Estimation du temps de lecture\" \/>\n\t<meta name=\"twitter:data1\" content=\"1 minute\" \/>\n<script type=\"application\/ld+json\" class=\"yoast-schema-graph\">{\"@context\":\"https:\/\/schema.org\",\"@graph\":[{\"@type\":\"WebPage\",\"@id\":\"https:\/\/voile.qc.ca\/fr\/infolettre\/\",\"url\":\"https:\/\/voile.qc.ca\/fr\/infolettre\/\",\"name\":\"Infolettre - Voile Qu\u00e9bec\",\"isPartOf\":{\"@id\":\"https:\/\/voile.qc.ca\/fr\/#website\"},\"datePublished\":\"2023-04-23T03:48:55+00:00\",\"dateModified\":\"2023-10-09T07:06:59+00:00\",\"description\":\"Inscrivez vous \u00e0 l'infolettre de Voile Qu\u00e9bec pour tout connaitre sur nos \u00e9v\u00e9nements, sur l'actualit\u00e9 de la voile au Qu\u00e9bec et bien plus encore!\",\"breadcrumb\":{\"@id\":\"https:\/\/voile.qc.ca\/fr\/infolettre\/#breadcrumb\"},\"inLanguage\":\"fr-CA\",\"potentialAction\":[{\"@type\":\"ReadAction\",\"target\":[\"https:\/\/voile.qc.ca\/fr\/infolettre\/\"]}]},{\"@type\":\"BreadcrumbList\",\"@id\":\"https:\/\/voile.qc.ca\/fr\/infolettre\/#breadcrumb\",\"itemListElement\":[{\"@type\":\"ListItem\",\"position\":1,\"name\":\"Accueil\",\"item\":\"https:\/\/voile.qc.ca\/\"},{\"@type\":\"ListItem\",\"position\":2,\"name\":\"Infolettre\"}]},{\"@type\":\"WebSite\",\"@id\":\"https:\/\/voile.qc.ca\/fr\/#website\",\"url\":\"https:\/\/voile.qc.ca\/fr\/\",\"name\":\"Voile Qu\u00e9bec\",\"description\":\"La r\u00e9f\u00e9rence de voile au Qu\u00e9bec\",\"publisher\":{\"@id\":\"https:\/\/voile.qc.ca\/fr\/#organization\"},\"potentialAction\":[{\"@type\":\"SearchAction\",\"target\":{\"@type\":\"EntryPoint\",\"urlTemplate\":\"https:\/\/voile.qc.ca\/fr\/?s={search_term_string}\"},\"query-input\":{\"@type\":\"PropertyValueSpecification\",\"valueRequired\":true,\"valueName\":\"search_term_string\"}}],\"inLanguage\":\"fr-CA\"},{\"@type\":\"Organization\",\"@id\":\"https:\/\/voile.qc.ca\/fr\/#organization\",\"name\":\"F\u00e9d\u00e9ration de Voile du Qu\u00e9bec\",\"url\":\"https:\/\/voile.qc.ca\/fr\/\",\"logo\":{\"@type\":\"ImageObject\",\"inLanguage\":\"fr-CA\",\"@id\":\"https:\/\/voile.qc.ca\/fr\/#\/schema\/logo\/image\/\",\"url\":\"https:\/\/voile.qc.ca\/wp-content\/uploads\/2023\/11\/cropped-bateau-bleu-V5.png\",\"contentUrl\":\"https:\/\/voile.qc.ca\/wp-content\/uploads\/2023\/11\/cropped-bateau-bleu-V5.png\",\"width\":500,\"height\":116,\"caption\":\"F\u00e9d\u00e9ration de Voile du Qu\u00e9bec\"},\"image\":{\"@id\":\"https:\/\/voile.qc.ca\/fr\/#\/schema\/logo\/image\/\"},\"sameAs\":[\"https:\/\/www.facebook.com\/voilequebec\",\"https:\/\/www.instagram.com\/voilequebec\"]}]}<\/script>\n<!-- \/ Yoast SEO plugin. -->","yoast_head_json":{"title":"Infolettre - Voile Qu\u00e9bec","description":"Inscrivez vous \u00e0 l'infolettre de Voile Qu\u00e9bec pour tout connaitre sur nos \u00e9v\u00e9nements, sur l'actualit\u00e9 de la voile au Qu\u00e9bec et bien plus encore!","robots":{"index":"index","follow":"follow","max-snippet":"max-snippet:-1","max-image-preview":"max-image-preview:large","max-video-preview":"max-video-preview:-1"},"canonical":"https:\/\/voile.qc.ca\/fr\/infolettre\/","og_locale":"fr_CA","og_type":"article","og_title":"Infolettre - Voile Qu\u00e9bec","og_description":"Inscrivez vous \u00e0 l'infolettre de Voile Qu\u00e9bec pour tout connaitre sur nos \u00e9v\u00e9nements, sur l'actualit\u00e9 de la voile au Qu\u00e9bec et bien plus encore!","og_url":"https:\/\/voile.qc.ca\/fr\/infolettre\/","og_site_name":"Voile Qu\u00e9bec","article_publisher":"https:\/\/www.facebook.com\/voilequebec","article_modified_time":"2023-10-09T07:06:59+00:00","twitter_card":"summary_large_image","twitter_misc":{"Estimation du temps de lecture":"1 minute"},"schema":{"@context":"https:\/\/schema.org","@graph":[{"@type":"WebPage","@id":"https:\/\/voile.qc.ca\/fr\/infolettre\/","url":"https:\/\/voile.qc.ca\/fr\/infolettre\/","name":"Infolettre - Voile Qu\u00e9bec","isPartOf":{"@id":"https:\/\/voile.qc.ca\/fr\/#website"},"datePublished":"2023-04-23T03:48:55+00:00","dateModified":"2023-10-09T07:06:59+00:00","description":"Inscrivez vous \u00e0 l'infolettre de Voile Qu\u00e9bec pour tout connaitre sur nos \u00e9v\u00e9nements, sur l'actualit\u00e9 de la voile au Qu\u00e9bec et bien plus encore!","breadcrumb":{"@id":"https:\/\/voile.qc.ca\/fr\/infolettre\/#breadcrumb"},"inLanguage":"fr-CA","potentialAction":[{"@type":"ReadAction","target":["https:\/\/voile.qc.ca\/fr\/infolettre\/"]}]},{"@type":"BreadcrumbList","@id":"https:\/\/voile.qc.ca\/fr\/infolettre\/#breadcrumb","itemListElement":[{"@type":"ListItem","position":1,"name":"Accueil","item":"https:\/\/voile.qc.ca\/"},{"@type":"ListItem","position":2,"name":"Infolettre"}]},{"@type":"WebSite","@id":"https:\/\/voile.qc.ca\/fr\/#website","url":"https:\/\/voile.qc.ca\/fr\/","name":"Voile Qu\u00e9bec","description":"La r\u00e9f\u00e9rence de voile au Qu\u00e9bec","publisher":{"@id":"https:\/\/voile.qc.ca\/fr\/#organization"},"potentialAction":[{"@type":"SearchAction","target":{"@type":"EntryPoint","urlTemplate":"https:\/\/voile.qc.ca\/fr\/?s={search_term_string}"},"query-input":{"@type":"PropertyValueSpecification","valueRequired":true,"valueName":"search_term_string"}}],"inLanguage":"fr-CA"},{"@type":"Organization","@id":"https:\/\/voile.qc.ca\/fr\/#organization","name":"F\u00e9d\u00e9ration de Voile du Qu\u00e9bec","url":"https:\/\/voile.qc.ca\/fr\/","logo":{"@type":"ImageObject","inLanguage":"fr-CA","@id":"https:\/\/voile.qc.ca\/fr\/#\/schema\/logo\/image\/","url":"https:\/\/voile.qc.ca\/wp-content\/uploads\/2023\/11\/cropped-bateau-bleu-V5.png","contentUrl":"https:\/\/voile.qc.ca\/wp-content\/uploads\/2023\/11\/cropped-bateau-bleu-V5.png","width":500,"height":116,"caption":"F\u00e9d\u00e9ration de Voile du Qu\u00e9bec"},"image":{"@id":"https:\/\/voile.qc.ca\/fr\/#\/schema\/logo\/image\/"},"sameAs":["https:\/\/www.facebook.com\/voilequebec","https:\/\/www.instagram.com\/voilequebec"]}]}},"jetpack_sharing_enabled":true,"_links":{"self":[{"href":"https:\/\/voile.qc.ca\/fr\/wp-json\/wp\/v2\/pages\/65","targetHints":{"allow":["GET"]}}],"collection":[{"href":"https:\/\/voile.qc.ca\/fr\/wp-json\/wp\/v2\/pages"}],"about":[{"href":"https:\/\/voile.qc.ca\/fr\/wp-json\/wp\/v2\/types\/page"}],"author":[{"embeddable":true,"href":"https:\/\/voile.qc.ca\/fr\/wp-json\/wp\/v2\/users\/7"}],"replies":[{"embeddable":true,"href":"https:\/\/voile.qc.ca\/fr\/wp-json\/wp\/v2\/comments?post=65"}],"version-history":[{"count":10,"href":"https:\/\/voile.qc.ca\/fr\/wp-json\/wp\/v2\/pages\/65\/revisions"}],"predecessor-version":[{"id":2114,"href":"https:\/\/voile.qc.ca\/fr\/wp-json\/wp\/v2\/pages\/65\/revisions\/2114"}],"wp:attachment":[{"href":"https:\/\/voile.qc.ca\/fr\/wp-json\/wp\/v2\/media?parent=65"}],"curies":[{"name":"wp","href":"https:\/\/api.w.org\/{rel}","templated":true}]}}