{"id":4459,"date":"2023-11-01T09:25:22","date_gmt":"2023-11-01T13:25:22","guid":{"rendered":"https:\/\/voile.qc.ca\/?page_id=4459"},"modified":"2025-10-17T13:25:39","modified_gmt":"2025-10-17T17:25:39","slug":"congres","status":"publish","type":"page","link":"https:\/\/voile.qc.ca\/fr\/congres\/","title":{"rendered":"Congr\u00e8s"},"content":{"rendered":"\t\t<div data-elementor-type=\"wp-page\" data-elementor-id=\"4459\" class=\"elementor elementor-4459\">\n\t\t\t\t\t\t<section class=\"elementor-section elementor-top-section elementor-element elementor-element-fd4f0af elementor-section-full_width elementor-section-height-default elementor-section-height-default exad-glass-effect-no exad-sticky-section-no\" data-id=\"fd4f0af\" data-element_type=\"section\" data-e-type=\"section\">\n\t\t\t\t\t\t<div class=\"elementor-container elementor-column-gap-no\">\n\t\t\t\t\t<div class=\"elementor-column elementor-col-100 elementor-top-column elementor-element elementor-element-917f03d exad-glass-effect-no exad-sticky-section-no\" data-id=\"917f03d\" data-element_type=\"column\" data-e-type=\"column\">\n\t\t\t<div class=\"elementor-widget-wrap elementor-element-populated\">\n\t\t\t\t\t\t<div class=\"elementor-element elementor-element-3bc68ea elementor-widget__width-inherit exad-sticky-section-no exad-glass-effect-no elementor-widget elementor-widget-image\" data-id=\"3bc68ea\" data-element_type=\"widget\" data-e-type=\"widget\" data-widget_type=\"image.default\">\n\t\t\t\t<div class=\"elementor-widget-container\">\n\t\t\t\t\t\t\t\t\t\t\t\t\t\t\t<img decoding=\"async\" src=\"https:\/\/voile.qc.ca\/wp-content\/uploads\/2023\/10\/Copie-de-Congres-2022.png\" title=\"\" alt=\"\" loading=\"lazy\" \/>\t\t\t\t\t\t\t\t\t\t\t\t\t\t\t<\/div>\n\t\t\t\t<\/div>\n\t\t\t\t\t<\/div>\n\t\t<\/div>\n\t\t\t\t\t<\/div>\n\t\t<\/section>\n\t\t\t\t<section class=\"elementor-section elementor-top-section elementor-element elementor-element-61aee0a elementor-section-boxed elementor-section-height-default elementor-section-height-default exad-glass-effect-no exad-sticky-section-no\" data-id=\"61aee0a\" data-element_type=\"section\" data-e-type=\"section\">\n\t\t\t\t\t\t<div class=\"elementor-container elementor-column-gap-default\">\n\t\t\t\t\t<div class=\"elementor-column elementor-col-100 elementor-top-column elementor-element elementor-element-5f93070 exad-glass-effect-no exad-sticky-section-no\" data-id=\"5f93070\" data-element_type=\"column\" data-e-type=\"column\">\n\t\t\t<div class=\"elementor-widget-wrap elementor-element-populated\">\n\t\t\t\t\t\t<div class=\"elementor-element elementor-element-553b02c exad-sticky-section-no exad-glass-effect-no elementor-widget elementor-widget-text-editor\" data-id=\"553b02c\" data-element_type=\"widget\" data-e-type=\"widget\" data-widget_type=\"text-editor.default\">\n\t\t\t\t<div class=\"elementor-widget-container\">\n\t\t\t\t\t\t\t\t\t<h3 style=\"text-align: center;\"><strong>Embarquez avec nous et venez \u00e9changer avec des passionn\u00e9s de voile croisi\u00e8re le dimanche 2 <\/strong><strong>novembre 2025<\/strong><strong>\u00a0!<\/strong><\/h3><h4><strong>Le Congr\u00e8s, c&rsquo;est quoi ?<\/strong><\/h4><ul><li>L\u2019occasion id\u00e9ale d\u2019\u00e9changer avec d\u2019autres gens passionn\u00e9s du monde de la voile et de profiter d\u2019une journ\u00e9e de convivialit\u00e9 cl\u00f4tur\u00e9e par un cocktail<\/li><li>Plusieurs conf\u00e9rences et ateliers-discussion qui offrent une alternative \u00e0 la recertification sur l\u2019eau pour mettre \u00e0 jour vos connaissances en tant qu\u2019instructeur croisi\u00e8re<\/li><li>Accessible en distanciel<\/li><\/ul><h4><strong>La recertification <\/strong><\/h4><p>Les instructeurs doivent se recertifier tous les 5 ans (au bout de 3 ans pour la premi\u00e8re recertification) afin de maintenir \u00e0 jour et am\u00e9liorer leurs connaissances et ainsi assurer une haute qualit\u00e9 d\u2019enseignement \u00e0 tous les participants aux programmes d\u2019apprentissage de la voile croisi\u00e8re. Il existe deux fa\u00e7ons pour un instructeur de voile croisi\u00e8re de se recertifier\u00a0:<\/p><ul><li>Le Congr\u00e8s annuel Voile Qu\u00e9bec qui implique une pr\u00e9sence et une participation r\u00e9guli\u00e8re aux ateliers-discussion<\/li><li>La recertification sur l\u2019eau<\/li><\/ul><h4><strong>\u00a0S&rsquo;inscrire au congr\u00e8s annuel des instructeurs croisi\u00e8re, c&rsquo;est investir dans la voile croisi\u00e8re :<\/strong><\/h4><p>Le saviez-vous? Le congr\u00e8s annuel permet le financement des activit\u00e9s de la F\u00e9d\u00e9ration. Gr\u00e2ce au programme Placements Sports, vous \u00eates invit\u00e9s \u00e0 faire un don qui servira \u00e0 financer nos activit\u00e9s et services. Vos dons permettent, entre autres, le d\u00e9veloppement de programmes enrichissants tels Voile \u00e0 l\u2019\u00e9cole et Voile mobile, etc\u2026<\/p><p>Ces dons sont admissibles \u00e0 un re\u00e7u d\u2019imp\u00f4t pour vous et \u00e0 une subvention d\u2019appariement pour Voile Qu\u00e9bec. <strong>Celle-ci s\u2019\u00e9l\u00e8ve maintenant \u00e0 385%<\/strong>! Un don de 50$ devient donc un don de 240$! C\u2019est une belle opportunit\u00e9 d\u2019aller chercher des financements suppl\u00e9mentaires pour les projets et activit\u00e9s de Voile Qu\u00e9bec.\u00a0<\/p><p><strong>Merci pour votre soutien !<\/strong><\/p><h4><strong>Le Congr\u00e8s des instructeurs croisi\u00e8re, c&rsquo;est quand et o\u00f9 ?<\/strong><\/h4><p>\u2192 Dimanche<strong> 02 novembre 2025,<\/strong>\u00a0de\u00a0<b>8h30 \u00e0 18h30<\/b><\/p><p>\u2192<strong>\u00a0Maison du Loisir et du Sport<\/strong>\u00a0(7665 Bd Lacordaire, Montr\u00e9al, QC H1S 2A7)<\/p><p>\u2192\u00a0<em>Possibilit\u00e9 d&rsquo;y participer en ligne (pour celles et ceux qui ne peuvent pas se d\u00e9placer \u00e0 Montr\u00e9al)<\/em><\/p><p>\u2192 Tarif h\u00e2tif 100$ ou 150$ incluant un don afin de participer au d\u00e9veloppement de la voile. Inscrivez-vous vite, le prix augmente le 19 octobre !\u00a0<\/p>\t\t\t\t\t\t\t\t<\/div>\n\t\t\t\t<\/div>\n\t\t\t\t<div class=\"elementor-element elementor-element-2862fde elementor-align-center exad-sticky-section-no exad-glass-effect-no elementor-widget elementor-widget-button\" data-id=\"2862fde\" data-element_type=\"widget\" data-e-type=\"widget\" data-widget_type=\"button.default\">\n\t\t\t\t<div class=\"elementor-widget-container\">\n\t\t\t\t\t\t\t\t\t<div class=\"elementor-button-wrapper\">\n\t\t\t\t\t<a class=\"elementor-button elementor-button-link elementor-size-sm\" href=\"https:\/\/voile.qc.ca\/fr\/civicrm\/event\/info\/?reset=1&#038;id=138\">\n\t\t\t\t\t\t<span class=\"elementor-button-content-wrapper\">\n\t\t\t\t\t\t\t\t\t<span class=\"elementor-button-text\">inscription<\/span>\n\t\t\t\t\t<\/span>\n\t\t\t\t\t<\/a>\n\t\t\t\t<\/div>\n\t\t\t\t\t\t\t\t<\/div>\n\t\t\t\t<\/div>\n\t\t\t\t\t<\/div>\n\t\t<\/div>\n\t\t\t\t\t<\/div>\n\t\t<\/section>\n\t\t\t\t<section class=\"elementor-section elementor-top-section elementor-element elementor-element-e3a0c1a elementor-section-boxed elementor-section-height-default elementor-section-height-default exad-glass-effect-no exad-sticky-section-no\" data-id=\"e3a0c1a\" data-element_type=\"section\" data-e-type=\"section\">\n\t\t\t\t\t\t<div class=\"elementor-container elementor-column-gap-default\">\n\t\t\t\t\t<div class=\"elementor-column elementor-col-100 elementor-top-column elementor-element elementor-element-b0226af exad-glass-effect-no exad-sticky-section-no\" data-id=\"b0226af\" data-element_type=\"column\" data-e-type=\"column\">\n\t\t\t<div class=\"elementor-widget-wrap\">\n\t\t\t\t\t\t\t<\/div>\n\t\t<\/div>\n\t\t\t\t\t<\/div>\n\t\t<\/section>\n\t\t\t\t<\/div>\n\t\t","protected":false},"excerpt":{"rendered":"<p>Embarquez avec nous et venez \u00e9changer avec des passionn\u00e9s de voile croisi\u00e8re le dimanche 2 novembre 2025\u00a0! Le Congr\u00e8s, c&rsquo;est quoi ? L\u2019occasion id\u00e9ale d\u2019\u00e9changer avec d\u2019autres gens passionn\u00e9s du monde de la voile et de profiter d\u2019une journ\u00e9e de convivialit\u00e9 cl\u00f4tur\u00e9e par un cocktail Plusieurs conf\u00e9rences et ateliers-discussion qui offrent une alternative \u00e0 la [&hellip;]<\/p>\n","protected":false},"author":7,"featured_media":0,"parent":0,"menu_order":0,"comment_status":"closed","ping_status":"closed","template":"","meta":{"_acf_changed":false,"site-sidebar-layout":"no-sidebar","site-content-layout":"page-builder","ast-site-content-layout":"full-width-container","site-content-style":"default","site-sidebar-style":"default","ast-global-header-display":"","ast-banner-title-visibility":"","ast-main-header-display":"","ast-hfb-above-header-display":"","ast-hfb-below-header-display":"","ast-hfb-mobile-header-display":"","site-post-title":"disabled","ast-breadcrumbs-content":"","ast-featured-img":"disabled","footer-sml-layout":"","ast-disable-related-posts":"","theme-transparent-header-meta":"","adv-header-id-meta":"","stick-header-meta":"","header-above-stick-meta":"","header-main-stick-meta":"","header-below-stick-meta":"","astra-migrate-meta-layouts":"set","ast-page-background-enabled":"default","ast-page-background-meta":{"desktop":{"background-color":"","background-image":"","background-repeat":"repeat","background-position":"center center","background-size":"auto","background-attachment":"scroll","background-type":"","background-media":"","overlay-type":"","overlay-color":"","overlay-opacity":"","overlay-gradient":""},"tablet":{"background-color":"","background-image":"","background-repeat":"repeat","background-position":"center center","background-size":"auto","background-attachment":"scroll","background-type":"","background-media":"","overlay-type":"","overlay-color":"","overlay-opacity":"","overlay-gradient":""},"mobile":{"background-color":"","background-image":"","background-repeat":"repeat","background-position":"center center","background-size":"auto","background-attachment":"scroll","background-type":"","background-media":"","overlay-type":"","overlay-color":"","overlay-opacity":"","overlay-gradient":""}},"ast-content-background-meta":{"desktop":{"background-color":"var(--ast-global-color-5)","background-image":"","background-repeat":"repeat","background-position":"center center","background-size":"auto","background-attachment":"scroll","background-type":"","background-media":"","overlay-type":"","overlay-color":"","overlay-opacity":"","overlay-gradient":""},"tablet":{"background-color":"var(--ast-global-color-5)","background-image":"","background-repeat":"repeat","background-position":"center center","background-size":"auto","background-attachment":"scroll","background-type":"","background-media":"","overlay-type":"","overlay-color":"","overlay-opacity":"","overlay-gradient":""},"mobile":{"background-color":"var(--ast-global-color-5)","background-image":"","background-repeat":"repeat","background-position":"center center","background-size":"auto","background-attachment":"scroll","background-type":"","background-media":"","overlay-type":"","overlay-color":"","overlay-opacity":"","overlay-gradient":""}},"footnotes":""},"class_list":["post-4459","page","type-page","status-publish","hentry"],"acf":[],"yoast_head":"<!-- This site is optimized with the Yoast SEO plugin v27.0 - https:\/\/yoast.com\/product\/yoast-seo-wordpress\/ -->\n<title>Congr\u00e8s - Voile Qu\u00e9bec<\/title>\n<meta name=\"robots\" content=\"index, follow, max-snippet:-1, max-image-preview:large, max-video-preview:-1\" \/>\n<link rel=\"canonical\" href=\"https:\/\/voile.qc.ca\/fr\/congres\/\" \/>\n<meta property=\"og:locale\" content=\"fr_CA\" \/>\n<meta property=\"og:type\" content=\"article\" \/>\n<meta property=\"og:title\" content=\"Congr\u00e8s - Voile Qu\u00e9bec\" \/>\n<meta property=\"og:description\" content=\"Embarquez avec nous et venez \u00e9changer avec des passionn\u00e9s de voile croisi\u00e8re le dimanche 2 novembre 2025\u00a0! Le Congr\u00e8s, c&rsquo;est quoi ? L\u2019occasion id\u00e9ale d\u2019\u00e9changer avec d\u2019autres gens passionn\u00e9s du monde de la voile et de profiter d\u2019une journ\u00e9e de convivialit\u00e9 cl\u00f4tur\u00e9e par un cocktail Plusieurs conf\u00e9rences et ateliers-discussion qui offrent une alternative \u00e0 la [&hellip;]\" \/>\n<meta property=\"og:url\" content=\"https:\/\/voile.qc.ca\/fr\/congres\/\" \/>\n<meta property=\"og:site_name\" content=\"Voile Qu\u00e9bec\" \/>\n<meta property=\"article:publisher\" content=\"https:\/\/www.facebook.com\/voilequebec\" \/>\n<meta property=\"article:modified_time\" content=\"2025-10-17T17:25:39+00:00\" \/>\n<meta property=\"og:image\" content=\"https:\/\/voile.qc.ca\/wp-content\/uploads\/2023\/10\/Copie-de-Congres-2022.png\" \/>\n<meta name=\"twitter:card\" content=\"summary_large_image\" \/>\n<meta name=\"twitter:label1\" content=\"Estimation du temps de lecture\" \/>\n\t<meta name=\"twitter:data1\" content=\"2 minutes\" \/>\n<script type=\"application\/ld+json\" class=\"yoast-schema-graph\">{\"@context\":\"https:\/\/schema.org\",\"@graph\":[{\"@type\":\"WebPage\",\"@id\":\"https:\/\/voile.qc.ca\/en\/congres\/\",\"url\":\"https:\/\/voile.qc.ca\/en\/congres\/\",\"name\":\"Congr\u00e8s - Voile Qu\u00e9bec\",\"isPartOf\":{\"@id\":\"https:\/\/voile.qc.ca\/fr\/#website\"},\"primaryImageOfPage\":{\"@id\":\"https:\/\/voile.qc.ca\/en\/congres\/#primaryimage\"},\"image\":{\"@id\":\"https:\/\/voile.qc.ca\/en\/congres\/#primaryimage\"},\"thumbnailUrl\":\"https:\/\/voile.qc.ca\/wp-content\/uploads\/2023\/10\/Copie-de-Congres-2022.png\",\"datePublished\":\"2023-11-01T13:25:22+00:00\",\"dateModified\":\"2025-10-17T17:25:39+00:00\",\"breadcrumb\":{\"@id\":\"https:\/\/voile.qc.ca\/en\/congres\/#breadcrumb\"},\"inLanguage\":\"fr-CA\",\"potentialAction\":[{\"@type\":\"ReadAction\",\"target\":[\"https:\/\/voile.qc.ca\/en\/congres\/\"]}]},{\"@type\":\"ImageObject\",\"inLanguage\":\"fr-CA\",\"@id\":\"https:\/\/voile.qc.ca\/en\/congres\/#primaryimage\",\"url\":\"https:\/\/voile.qc.ca\/wp-content\/uploads\/2023\/10\/Copie-de-Congres-2022.png\",\"contentUrl\":\"https:\/\/voile.qc.ca\/wp-content\/uploads\/2023\/10\/Copie-de-Congres-2022.png\"},{\"@type\":\"BreadcrumbList\",\"@id\":\"https:\/\/voile.qc.ca\/en\/congres\/#breadcrumb\",\"itemListElement\":[{\"@type\":\"ListItem\",\"position\":1,\"name\":\"Accueil\",\"item\":\"https:\/\/voile.qc.ca\/\"},{\"@type\":\"ListItem\",\"position\":2,\"name\":\"Congr\u00e8s\"}]},{\"@type\":\"WebSite\",\"@id\":\"https:\/\/voile.qc.ca\/fr\/#website\",\"url\":\"https:\/\/voile.qc.ca\/fr\/\",\"name\":\"Voile Qu\u00e9bec\",\"description\":\"La r\u00e9f\u00e9rence de voile au Qu\u00e9bec\",\"publisher\":{\"@id\":\"https:\/\/voile.qc.ca\/fr\/#organization\"},\"potentialAction\":[{\"@type\":\"SearchAction\",\"target\":{\"@type\":\"EntryPoint\",\"urlTemplate\":\"https:\/\/voile.qc.ca\/fr\/?s={search_term_string}\"},\"query-input\":{\"@type\":\"PropertyValueSpecification\",\"valueRequired\":true,\"valueName\":\"search_term_string\"}}],\"inLanguage\":\"fr-CA\"},{\"@type\":\"Organization\",\"@id\":\"https:\/\/voile.qc.ca\/fr\/#organization\",\"name\":\"F\u00e9d\u00e9ration de Voile du Qu\u00e9bec\",\"url\":\"https:\/\/voile.qc.ca\/fr\/\",\"logo\":{\"@type\":\"ImageObject\",\"inLanguage\":\"fr-CA\",\"@id\":\"https:\/\/voile.qc.ca\/fr\/#\/schema\/logo\/image\/\",\"url\":\"https:\/\/voile.qc.ca\/wp-content\/uploads\/2023\/11\/cropped-bateau-bleu-V5.png\",\"contentUrl\":\"https:\/\/voile.qc.ca\/wp-content\/uploads\/2023\/11\/cropped-bateau-bleu-V5.png\",\"width\":500,\"height\":116,\"caption\":\"F\u00e9d\u00e9ration de Voile du Qu\u00e9bec\"},\"image\":{\"@id\":\"https:\/\/voile.qc.ca\/fr\/#\/schema\/logo\/image\/\"},\"sameAs\":[\"https:\/\/www.facebook.com\/voilequebec\",\"https:\/\/www.instagram.com\/voilequebec\"]}]}<\/script>\n<!-- \/ Yoast SEO plugin. -->","yoast_head_json":{"title":"Congr\u00e8s - Voile Qu\u00e9bec","robots":{"index":"index","follow":"follow","max-snippet":"max-snippet:-1","max-image-preview":"max-image-preview:large","max-video-preview":"max-video-preview:-1"},"canonical":"https:\/\/voile.qc.ca\/fr\/congres\/","og_locale":"fr_CA","og_type":"article","og_title":"Congr\u00e8s - Voile Qu\u00e9bec","og_description":"Embarquez avec nous et venez \u00e9changer avec des passionn\u00e9s de voile croisi\u00e8re le dimanche 2 novembre 2025\u00a0! Le Congr\u00e8s, c&rsquo;est quoi ? L\u2019occasion id\u00e9ale d\u2019\u00e9changer avec d\u2019autres gens passionn\u00e9s du monde de la voile et de profiter d\u2019une journ\u00e9e de convivialit\u00e9 cl\u00f4tur\u00e9e par un cocktail Plusieurs conf\u00e9rences et ateliers-discussion qui offrent une alternative \u00e0 la [&hellip;]","og_url":"https:\/\/voile.qc.ca\/fr\/congres\/","og_site_name":"Voile Qu\u00e9bec","article_publisher":"https:\/\/www.facebook.com\/voilequebec","article_modified_time":"2025-10-17T17:25:39+00:00","og_image":[{"url":"https:\/\/voile.qc.ca\/wp-content\/uploads\/2023\/10\/Copie-de-Congres-2022.png","type":"","width":"","height":""}],"twitter_card":"summary_large_image","twitter_misc":{"Estimation du temps de lecture":"2 minutes"},"schema":{"@context":"https:\/\/schema.org","@graph":[{"@type":"WebPage","@id":"https:\/\/voile.qc.ca\/en\/congres\/","url":"https:\/\/voile.qc.ca\/en\/congres\/","name":"Congr\u00e8s - Voile Qu\u00e9bec","isPartOf":{"@id":"https:\/\/voile.qc.ca\/fr\/#website"},"primaryImageOfPage":{"@id":"https:\/\/voile.qc.ca\/en\/congres\/#primaryimage"},"image":{"@id":"https:\/\/voile.qc.ca\/en\/congres\/#primaryimage"},"thumbnailUrl":"https:\/\/voile.qc.ca\/wp-content\/uploads\/2023\/10\/Copie-de-Congres-2022.png","datePublished":"2023-11-01T13:25:22+00:00","dateModified":"2025-10-17T17:25:39+00:00","breadcrumb":{"@id":"https:\/\/voile.qc.ca\/en\/congres\/#breadcrumb"},"inLanguage":"fr-CA","potentialAction":[{"@type":"ReadAction","target":["https:\/\/voile.qc.ca\/en\/congres\/"]}]},{"@type":"ImageObject","inLanguage":"fr-CA","@id":"https:\/\/voile.qc.ca\/en\/congres\/#primaryimage","url":"https:\/\/voile.qc.ca\/wp-content\/uploads\/2023\/10\/Copie-de-Congres-2022.png","contentUrl":"https:\/\/voile.qc.ca\/wp-content\/uploads\/2023\/10\/Copie-de-Congres-2022.png"},{"@type":"BreadcrumbList","@id":"https:\/\/voile.qc.ca\/en\/congres\/#breadcrumb","itemListElement":[{"@type":"ListItem","position":1,"name":"Accueil","item":"https:\/\/voile.qc.ca\/"},{"@type":"ListItem","position":2,"name":"Congr\u00e8s"}]},{"@type":"WebSite","@id":"https:\/\/voile.qc.ca\/fr\/#website","url":"https:\/\/voile.qc.ca\/fr\/","name":"Voile Qu\u00e9bec","description":"La r\u00e9f\u00e9rence de voile au Qu\u00e9bec","publisher":{"@id":"https:\/\/voile.qc.ca\/fr\/#organization"},"potentialAction":[{"@type":"SearchAction","target":{"@type":"EntryPoint","urlTemplate":"https:\/\/voile.qc.ca\/fr\/?s={search_term_string}"},"query-input":{"@type":"PropertyValueSpecification","valueRequired":true,"valueName":"search_term_string"}}],"inLanguage":"fr-CA"},{"@type":"Organization","@id":"https:\/\/voile.qc.ca\/fr\/#organization","name":"F\u00e9d\u00e9ration de Voile du Qu\u00e9bec","url":"https:\/\/voile.qc.ca\/fr\/","logo":{"@type":"ImageObject","inLanguage":"fr-CA","@id":"https:\/\/voile.qc.ca\/fr\/#\/schema\/logo\/image\/","url":"https:\/\/voile.qc.ca\/wp-content\/uploads\/2023\/11\/cropped-bateau-bleu-V5.png","contentUrl":"https:\/\/voile.qc.ca\/wp-content\/uploads\/2023\/11\/cropped-bateau-bleu-V5.png","width":500,"height":116,"caption":"F\u00e9d\u00e9ration de Voile du Qu\u00e9bec"},"image":{"@id":"https:\/\/voile.qc.ca\/fr\/#\/schema\/logo\/image\/"},"sameAs":["https:\/\/www.facebook.com\/voilequebec","https:\/\/www.instagram.com\/voilequebec"]}]}},"jetpack_sharing_enabled":true,"_links":{"self":[{"href":"https:\/\/voile.qc.ca\/fr\/wp-json\/wp\/v2\/pages\/4459","targetHints":{"allow":["GET"]}}],"collection":[{"href":"https:\/\/voile.qc.ca\/fr\/wp-json\/wp\/v2\/pages"}],"about":[{"href":"https:\/\/voile.qc.ca\/fr\/wp-json\/wp\/v2\/types\/page"}],"author":[{"embeddable":true,"href":"https:\/\/voile.qc.ca\/fr\/wp-json\/wp\/v2\/users\/7"}],"replies":[{"embeddable":true,"href":"https:\/\/voile.qc.ca\/fr\/wp-json\/wp\/v2\/comments?post=4459"}],"version-history":[{"count":40,"href":"https:\/\/voile.qc.ca\/fr\/wp-json\/wp\/v2\/pages\/4459\/revisions"}],"predecessor-version":[{"id":18429,"href":"https:\/\/voile.qc.ca\/fr\/wp-json\/wp\/v2\/pages\/4459\/revisions\/18429"}],"wp:attachment":[{"href":"https:\/\/voile.qc.ca\/fr\/wp-json\/wp\/v2\/media?parent=4459"}],"curies":[{"name":"wp","href":"https:\/\/api.w.org\/{rel}","templated":true}]}}