{"id":3327,"date":"2023-10-09T01:07:43","date_gmt":"2023-10-09T05:07:43","guid":{"rendered":"https:\/\/voile.qc.ca\/?page_id=3327"},"modified":"2024-06-21T10:02:27","modified_gmt":"2024-06-21T14:02:27","slug":"norme-tp-15136","status":"publish","type":"page","link":"https:\/\/voile.qc.ca\/fr\/norme-tp-15136\/","title":{"rendered":"Norme TP 15136"},"content":{"rendered":"\t\t<div data-elementor-type=\"wp-page\" data-elementor-id=\"3327\" class=\"elementor elementor-3327\">\n\t\t\t\t\t\t<section class=\"elementor-section elementor-top-section elementor-element elementor-element-dc1b31e elementor-section-boxed elementor-section-height-default elementor-section-height-default exad-glass-effect-no exad-sticky-section-no\" data-id=\"dc1b31e\" data-element_type=\"section\" data-e-type=\"section\" data-settings=\"{&quot;background_background&quot;:&quot;classic&quot;}\">\n\t\t\t\t\t\t<div class=\"elementor-container elementor-column-gap-default\">\n\t\t\t\t\t<div class=\"elementor-column elementor-col-100 elementor-top-column elementor-element elementor-element-95e8b51 exad-glass-effect-no exad-sticky-section-no\" data-id=\"95e8b51\" data-element_type=\"column\" data-e-type=\"column\">\n\t\t\t<div class=\"elementor-widget-wrap elementor-element-populated\">\n\t\t\t\t\t\t<div class=\"elementor-element elementor-element-0533ecd exad-sticky-section-no exad-glass-effect-no elementor-widget elementor-widget-heading\" data-id=\"0533ecd\" data-element_type=\"widget\" data-e-type=\"widget\" data-widget_type=\"heading.default\">\n\t\t\t\t<div class=\"elementor-widget-container\">\n\t\t\t\t\t<h1 class=\"elementor-heading-title elementor-size-default\">Norme TP 15136<\/h1>\t\t\t\t<\/div>\n\t\t\t\t<\/div>\n\t\t\t\t\t<\/div>\n\t\t<\/div>\n\t\t\t\t\t<\/div>\n\t\t<\/section>\n\t\t\t\t<section class=\"elementor-section elementor-top-section elementor-element elementor-element-d05909a elementor-section-boxed elementor-section-height-default elementor-section-height-default exad-glass-effect-no exad-sticky-section-no\" data-id=\"d05909a\" data-element_type=\"section\" data-e-type=\"section\">\n\t\t\t\t\t\t<div class=\"elementor-container elementor-column-gap-default\">\n\t\t\t\t\t<div class=\"elementor-column elementor-col-100 elementor-top-column elementor-element elementor-element-47ed0f4 exad-glass-effect-no exad-sticky-section-no\" data-id=\"47ed0f4\" data-element_type=\"column\" data-e-type=\"column\">\n\t\t\t<div class=\"elementor-widget-wrap elementor-element-populated\">\n\t\t\t\t\t\t<div class=\"elementor-element elementor-element-d595e23 exad-sticky-section-no exad-glass-effect-no elementor-widget elementor-widget-text-editor\" data-id=\"d595e23\" data-element_type=\"widget\" data-e-type=\"widget\" data-widget_type=\"text-editor.default\">\n\t\t\t\t<div class=\"elementor-widget-container\">\n\t\t\t\t\t\t\t\t\t<p>La loi de la marine marchande de 2001 r\u00e9git entre autres la navigation commerciale et le transport de passagers. La norme des \u00e9coles de navigation de plaisance de 2014 vient reconnaitre un statut particulier aux \u00e9coles de voile pour leur permettre d&rsquo;utiliser des embarcations de plaisances qui sont op\u00e9r\u00e9es par des instructeurs certifi\u00e9s dans le but d&rsquo;offrir de la formation aux plaisanciers.<\/p><h2 style=\"text-align: left;\"><strong>L\u2019int\u00e9r\u00eat d\u2019adh\u00e9rer au programme<\/strong><\/h2><p>L\u2019adh\u00e9sion \u00e0 la\u00a0<a href=\"https:\/\/tc.canada.ca\/fr\/transport-maritime\/securite-maritime\/norme-ecoles-navigation-plaisance\">Norme des \u00e9coles de navigation de plaisance<\/a>\u00a0(sur l\u2019eau) par le respect des diverses exigences p\u00e9dagogiques et techniques propos\u00e9es<strong>,\u00a0<\/strong>ainsi que l\u2019inscription de l\u2019\u00e9cole au Programme de Conformit\u00e9 des Petits B\u00e2timents (PCPB), accordent \u00e0 l\u2019\u00e9cole un statut qui lui permet\u00a0<strong>de b\u00e9n\u00e9ficier<\/strong>\u00a0de certains adoucissements r\u00e8glementaires, quant \u00e0\u00a0:<\/p><ul><li>L\u2019obligation de satisfaire aux exigences en mati\u00e8re de certification des capitaines (instructeurs) stipul\u00e9es au R\u00e8glement sur le personnel maritime quant au type de brevet requis,<\/li><\/ul><ul><li>L\u2019application de mesures plus s\u00e9v\u00e8res en mati\u00e8re de construction du bateau;<\/li><\/ul><ul><li>L\u2019immatriculation et l\u2019inscription des bateaux au registre canadien des b\u00e2timents;<\/li><\/ul><ul><li>Le nombre et le type d\u2019\u00e9quipements de s\u00e9curit\u00e9 \u00e0 transporter \u00e0 bord.<\/li><\/ul><div>\u00a0<\/div><h3>Documents de r\u00e9f\u00e9rence :<\/h3><h5>Voile Qu\u00e9bec<\/h5><ul><li style=\"text-align: left;\"><a href=\"https:\/\/voile.qc.ca\/wp-content\/uploads\/2024\/02\/Presentation-Avril-2021-04-26-vDiffusion-2.pdf\" target=\"_blank\" rel=\"noopener\">Pr\u00e9sentation de la norme TP 15136 pour les gestionnaires de clubs et \u00e9coles\u00a0<\/a><\/li><li style=\"text-align: left;\"><a href=\"https:\/\/voile.qc.ca\/wp-content\/uploads\/2023\/10\/Procedures-dinscription-PCPB_TP15136.pdf\" target=\"_blank\" rel=\"noopener\">Proc\u00e9dure d&rsquo;inscription pour les \u00e9coles homologu\u00e9es de la FVQ<\/a><\/li><li style=\"text-align: left;\"><a href=\"https:\/\/voile.qc.ca\/wp-content\/uploads\/2023\/10\/Synthese-du-processus-de-reconnaissance-TP15136.pdf\" target=\"_blank\" rel=\"noopener\">Synth\u00e8se du processus de reconnaissance TP 15136<\/a><\/li><li style=\"text-align: left;\"><a href=\"https:\/\/voile.qc.ca\/wp-content\/uploads\/2023\/10\/Guide_dapplication_TP15136_-_9_mai_2022-Mise_a_jour.pdf\" target=\"_blank\" rel=\"noopener\">Guide d&rsquo;application de la norme TP 15136<\/a><\/li><li style=\"text-align: left;\"><a href=\"https:\/\/voile.qc.ca\/wp-content\/uploads\/2023\/10\/Guide-dapplication_Permis-dembarcation-plaisance_2021-04-26-v-Web.pdf\" target=\"_blank\" rel=\"noopener\">Guide d&rsquo;application du permis d&#8217;embarcation de plaisance<\/a><\/li><li style=\"text-align: left;\"><a href=\"https:\/\/voile.qc.ca\/wp-content\/uploads\/2023\/10\/Guide_dapplication_-_Radeaux_de_sauvetage_gonflables.pdf\" target=\"_blank\" rel=\"noopener\">Guide d&rsquo;application de la r\u00e9glementation concernant les radeaux de sauvetage gonflables<\/a><\/li><li style=\"text-align: left;\"><a href=\"https:\/\/voile.qc.ca\/wp-content\/uploads\/2023\/10\/Acccreditation_VC_vs_Brevets_de_navigation.pdf\" target=\"_blank\" rel=\"noopener\">Guide d&rsquo;application de la r\u00e9glementation concernant l&rsquo;accr\u00e9ditation de Voile Canada et l&rsquo;\u00e9quivalence des brevets de navigation commerciale<\/a><\/li><\/ul><h5 style=\"text-align: left;\">Transports Canada<\/h5><ul><li style=\"text-align: left;\"><a href=\"https:\/\/tc.canada.ca\/fr\/transport-maritime\/securite-maritime\/norme-ecoles-navigation-plaisance\" target=\"_blank\" rel=\"noopener\">Norme pour les \u00e9coles de navigation de plaisance TP 15136<\/a><\/li><li style=\"text-align: left;\"><a href=\"https:\/\/wwwapps.tc.gc.ca\/Corp-Serv-Gen\/5\/forms-formulaires\/telecharger\/80-0028_BO_PX\">Rapport\u00a0de l\u2019\u00e9cole de navigation de plaisance (80-0028F)<\/a><\/li><li style=\"text-align: left;\"><a href=\"https:\/\/tc.canada.ca\/fr\/transport-maritime\/inspection-certification-batiments\/programmes-conformite-volontaire-bateaux-commerciaux-recreatifs\/inscrivez-vous-programme-conformite-petits-batiments\" target=\"_blank\" rel=\"noopener\">Programme de conformit\u00e9 des petits b\u00e2timents (PCPB)<\/a><\/li><\/ul>\t\t\t\t\t\t\t\t<\/div>\n\t\t\t\t<\/div>\n\t\t\t\t\t<\/div>\n\t\t<\/div>\n\t\t\t\t\t<\/div>\n\t\t<\/section>\n\t\t\t\t<\/div>\n\t\t","protected":false},"excerpt":{"rendered":"<p>Norme TP 15136 La loi de la marine marchande de 2001 r\u00e9git entre autres la navigation commerciale et le transport de passagers. La norme des \u00e9coles de navigation de plaisance de 2014 vient reconnaitre un statut particulier aux \u00e9coles de voile pour leur permettre d&rsquo;utiliser des embarcations de plaisances qui sont op\u00e9r\u00e9es par des instructeurs [&hellip;]<\/p>\n","protected":false},"author":7,"featured_media":0,"parent":0,"menu_order":0,"comment_status":"closed","ping_status":"closed","template":"","meta":{"_acf_changed":false,"site-sidebar-layout":"no-sidebar","site-content-layout":"page-builder","ast-site-content-layout":"full-width-container","site-content-style":"default","site-sidebar-style":"default","ast-global-header-display":"","ast-banner-title-visibility":"","ast-main-header-display":"","ast-hfb-above-header-display":"","ast-hfb-below-header-display":"","ast-hfb-mobile-header-display":"","site-post-title":"disabled","ast-breadcrumbs-content":"","ast-featured-img":"disabled","footer-sml-layout":"","ast-disable-related-posts":"","theme-transparent-header-meta":"","adv-header-id-meta":"","stick-header-meta":"","header-above-stick-meta":"","header-main-stick-meta":"","header-below-stick-meta":"","astra-migrate-meta-layouts":"set","ast-page-background-enabled":"default","ast-page-background-meta":{"desktop":{"background-color":"","background-image":"","background-repeat":"repeat","background-position":"center center","background-size":"auto","background-attachment":"scroll","background-type":"","background-media":"","overlay-type":"","overlay-color":"","overlay-opacity":"","overlay-gradient":""},"tablet":{"background-color":"","background-image":"","background-repeat":"repeat","background-position":"center center","background-size":"auto","background-attachment":"scroll","background-type":"","background-media":"","overlay-type":"","overlay-color":"","overlay-opacity":"","overlay-gradient":""},"mobile":{"background-color":"","background-image":"","background-repeat":"repeat","background-position":"center center","background-size":"auto","background-attachment":"scroll","background-type":"","background-media":"","overlay-type":"","overlay-color":"","overlay-opacity":"","overlay-gradient":""}},"ast-content-background-meta":{"desktop":{"background-color":"var(--ast-global-color-5)","background-image":"","background-repeat":"repeat","background-position":"center center","background-size":"auto","background-attachment":"scroll","background-type":"","background-media":"","overlay-type":"","overlay-color":"","overlay-opacity":"","overlay-gradient":""},"tablet":{"background-color":"var(--ast-global-color-5)","background-image":"","background-repeat":"repeat","background-position":"center center","background-size":"auto","background-attachment":"scroll","background-type":"","background-media":"","overlay-type":"","overlay-color":"","overlay-opacity":"","overlay-gradient":""},"mobile":{"background-color":"var(--ast-global-color-5)","background-image":"","background-repeat":"repeat","background-position":"center center","background-size":"auto","background-attachment":"scroll","background-type":"","background-media":"","overlay-type":"","overlay-color":"","overlay-opacity":"","overlay-gradient":""}},"footnotes":""},"class_list":["post-3327","page","type-page","status-publish","hentry"],"acf":[],"yoast_head":"<!-- This site is optimized with the Yoast SEO plugin v27.0 - https:\/\/yoast.com\/product\/yoast-seo-wordpress\/ -->\n<title>Norme TP 15136 - Voile Qu\u00e9bec<\/title>\n<meta name=\"robots\" content=\"index, follow, max-snippet:-1, max-image-preview:large, max-video-preview:-1\" \/>\n<link rel=\"canonical\" href=\"https:\/\/voile.qc.ca\/fr\/norme-tp-15136\/\" \/>\n<meta property=\"og:locale\" content=\"fr_CA\" \/>\n<meta property=\"og:type\" content=\"article\" \/>\n<meta property=\"og:title\" content=\"Norme TP 15136 - Voile Qu\u00e9bec\" \/>\n<meta property=\"og:description\" content=\"Norme TP 15136 La loi de la marine marchande de 2001 r\u00e9git entre autres la navigation commerciale et le transport de passagers. La norme des \u00e9coles de navigation de plaisance de 2014 vient reconnaitre un statut particulier aux \u00e9coles de voile pour leur permettre d&rsquo;utiliser des embarcations de plaisances qui sont op\u00e9r\u00e9es par des instructeurs [&hellip;]\" \/>\n<meta property=\"og:url\" content=\"https:\/\/voile.qc.ca\/fr\/norme-tp-15136\/\" \/>\n<meta property=\"og:site_name\" content=\"Voile Qu\u00e9bec\" \/>\n<meta property=\"article:publisher\" content=\"https:\/\/www.facebook.com\/voilequebec\" \/>\n<meta property=\"article:modified_time\" content=\"2024-06-21T14:02:27+00:00\" \/>\n<meta name=\"twitter:card\" content=\"summary_large_image\" \/>\n<meta name=\"twitter:label1\" content=\"Estimation du temps de lecture\" \/>\n\t<meta name=\"twitter:data1\" content=\"2 minutes\" \/>\n<script type=\"application\/ld+json\" class=\"yoast-schema-graph\">{\"@context\":\"https:\/\/schema.org\",\"@graph\":[{\"@type\":\"WebPage\",\"@id\":\"https:\/\/voile.qc.ca\/fr\/norme-tp-15136\/\",\"url\":\"https:\/\/voile.qc.ca\/fr\/norme-tp-15136\/\",\"name\":\"Norme TP 15136 - Voile Qu\u00e9bec\",\"isPartOf\":{\"@id\":\"https:\/\/voile.qc.ca\/fr\/#website\"},\"datePublished\":\"2023-10-09T05:07:43+00:00\",\"dateModified\":\"2024-06-21T14:02:27+00:00\",\"breadcrumb\":{\"@id\":\"https:\/\/voile.qc.ca\/fr\/norme-tp-15136\/#breadcrumb\"},\"inLanguage\":\"fr-CA\",\"potentialAction\":[{\"@type\":\"ReadAction\",\"target\":[\"https:\/\/voile.qc.ca\/fr\/norme-tp-15136\/\"]}]},{\"@type\":\"BreadcrumbList\",\"@id\":\"https:\/\/voile.qc.ca\/fr\/norme-tp-15136\/#breadcrumb\",\"itemListElement\":[{\"@type\":\"ListItem\",\"position\":1,\"name\":\"Accueil\",\"item\":\"https:\/\/voile.qc.ca\/\"},{\"@type\":\"ListItem\",\"position\":2,\"name\":\"Norme TP 15136\"}]},{\"@type\":\"WebSite\",\"@id\":\"https:\/\/voile.qc.ca\/fr\/#website\",\"url\":\"https:\/\/voile.qc.ca\/fr\/\",\"name\":\"Voile Qu\u00e9bec\",\"description\":\"La r\u00e9f\u00e9rence de voile au Qu\u00e9bec\",\"publisher\":{\"@id\":\"https:\/\/voile.qc.ca\/fr\/#organization\"},\"potentialAction\":[{\"@type\":\"SearchAction\",\"target\":{\"@type\":\"EntryPoint\",\"urlTemplate\":\"https:\/\/voile.qc.ca\/fr\/?s={search_term_string}\"},\"query-input\":{\"@type\":\"PropertyValueSpecification\",\"valueRequired\":true,\"valueName\":\"search_term_string\"}}],\"inLanguage\":\"fr-CA\"},{\"@type\":\"Organization\",\"@id\":\"https:\/\/voile.qc.ca\/fr\/#organization\",\"name\":\"F\u00e9d\u00e9ration de Voile du Qu\u00e9bec\",\"url\":\"https:\/\/voile.qc.ca\/fr\/\",\"logo\":{\"@type\":\"ImageObject\",\"inLanguage\":\"fr-CA\",\"@id\":\"https:\/\/voile.qc.ca\/fr\/#\/schema\/logo\/image\/\",\"url\":\"https:\/\/voile.qc.ca\/wp-content\/uploads\/2023\/11\/cropped-bateau-bleu-V5.png\",\"contentUrl\":\"https:\/\/voile.qc.ca\/wp-content\/uploads\/2023\/11\/cropped-bateau-bleu-V5.png\",\"width\":500,\"height\":116,\"caption\":\"F\u00e9d\u00e9ration de Voile du Qu\u00e9bec\"},\"image\":{\"@id\":\"https:\/\/voile.qc.ca\/fr\/#\/schema\/logo\/image\/\"},\"sameAs\":[\"https:\/\/www.facebook.com\/voilequebec\",\"https:\/\/www.instagram.com\/voilequebec\"]}]}<\/script>\n<!-- \/ Yoast SEO plugin. -->","yoast_head_json":{"title":"Norme TP 15136 - Voile Qu\u00e9bec","robots":{"index":"index","follow":"follow","max-snippet":"max-snippet:-1","max-image-preview":"max-image-preview:large","max-video-preview":"max-video-preview:-1"},"canonical":"https:\/\/voile.qc.ca\/fr\/norme-tp-15136\/","og_locale":"fr_CA","og_type":"article","og_title":"Norme TP 15136 - Voile Qu\u00e9bec","og_description":"Norme TP 15136 La loi de la marine marchande de 2001 r\u00e9git entre autres la navigation commerciale et le transport de passagers. La norme des \u00e9coles de navigation de plaisance de 2014 vient reconnaitre un statut particulier aux \u00e9coles de voile pour leur permettre d&rsquo;utiliser des embarcations de plaisances qui sont op\u00e9r\u00e9es par des instructeurs [&hellip;]","og_url":"https:\/\/voile.qc.ca\/fr\/norme-tp-15136\/","og_site_name":"Voile Qu\u00e9bec","article_publisher":"https:\/\/www.facebook.com\/voilequebec","article_modified_time":"2024-06-21T14:02:27+00:00","twitter_card":"summary_large_image","twitter_misc":{"Estimation du temps de lecture":"2 minutes"},"schema":{"@context":"https:\/\/schema.org","@graph":[{"@type":"WebPage","@id":"https:\/\/voile.qc.ca\/fr\/norme-tp-15136\/","url":"https:\/\/voile.qc.ca\/fr\/norme-tp-15136\/","name":"Norme TP 15136 - Voile Qu\u00e9bec","isPartOf":{"@id":"https:\/\/voile.qc.ca\/fr\/#website"},"datePublished":"2023-10-09T05:07:43+00:00","dateModified":"2024-06-21T14:02:27+00:00","breadcrumb":{"@id":"https:\/\/voile.qc.ca\/fr\/norme-tp-15136\/#breadcrumb"},"inLanguage":"fr-CA","potentialAction":[{"@type":"ReadAction","target":["https:\/\/voile.qc.ca\/fr\/norme-tp-15136\/"]}]},{"@type":"BreadcrumbList","@id":"https:\/\/voile.qc.ca\/fr\/norme-tp-15136\/#breadcrumb","itemListElement":[{"@type":"ListItem","position":1,"name":"Accueil","item":"https:\/\/voile.qc.ca\/"},{"@type":"ListItem","position":2,"name":"Norme TP 15136"}]},{"@type":"WebSite","@id":"https:\/\/voile.qc.ca\/fr\/#website","url":"https:\/\/voile.qc.ca\/fr\/","name":"Voile Qu\u00e9bec","description":"La r\u00e9f\u00e9rence de voile au Qu\u00e9bec","publisher":{"@id":"https:\/\/voile.qc.ca\/fr\/#organization"},"potentialAction":[{"@type":"SearchAction","target":{"@type":"EntryPoint","urlTemplate":"https:\/\/voile.qc.ca\/fr\/?s={search_term_string}"},"query-input":{"@type":"PropertyValueSpecification","valueRequired":true,"valueName":"search_term_string"}}],"inLanguage":"fr-CA"},{"@type":"Organization","@id":"https:\/\/voile.qc.ca\/fr\/#organization","name":"F\u00e9d\u00e9ration de Voile du Qu\u00e9bec","url":"https:\/\/voile.qc.ca\/fr\/","logo":{"@type":"ImageObject","inLanguage":"fr-CA","@id":"https:\/\/voile.qc.ca\/fr\/#\/schema\/logo\/image\/","url":"https:\/\/voile.qc.ca\/wp-content\/uploads\/2023\/11\/cropped-bateau-bleu-V5.png","contentUrl":"https:\/\/voile.qc.ca\/wp-content\/uploads\/2023\/11\/cropped-bateau-bleu-V5.png","width":500,"height":116,"caption":"F\u00e9d\u00e9ration de Voile du Qu\u00e9bec"},"image":{"@id":"https:\/\/voile.qc.ca\/fr\/#\/schema\/logo\/image\/"},"sameAs":["https:\/\/www.facebook.com\/voilequebec","https:\/\/www.instagram.com\/voilequebec"]}]}},"jetpack_sharing_enabled":true,"_links":{"self":[{"href":"https:\/\/voile.qc.ca\/fr\/wp-json\/wp\/v2\/pages\/3327","targetHints":{"allow":["GET"]}}],"collection":[{"href":"https:\/\/voile.qc.ca\/fr\/wp-json\/wp\/v2\/pages"}],"about":[{"href":"https:\/\/voile.qc.ca\/fr\/wp-json\/wp\/v2\/types\/page"}],"author":[{"embeddable":true,"href":"https:\/\/voile.qc.ca\/fr\/wp-json\/wp\/v2\/users\/7"}],"replies":[{"embeddable":true,"href":"https:\/\/voile.qc.ca\/fr\/wp-json\/wp\/v2\/comments?post=3327"}],"version-history":[{"count":13,"href":"https:\/\/voile.qc.ca\/fr\/wp-json\/wp\/v2\/pages\/3327\/revisions"}],"predecessor-version":[{"id":7099,"href":"https:\/\/voile.qc.ca\/fr\/wp-json\/wp\/v2\/pages\/3327\/revisions\/7099"}],"wp:attachment":[{"href":"https:\/\/voile.qc.ca\/fr\/wp-json\/wp\/v2\/media?parent=3327"}],"curies":[{"name":"wp","href":"https:\/\/api.w.org\/{rel}","templated":true}]}}