{"id":2610,"date":"2023-08-24T11:52:25","date_gmt":"2023-08-24T15:52:25","guid":{"rendered":"https:\/\/voile.qc.ca\/?page_id=2610"},"modified":"2025-02-05T15:58:42","modified_gmt":"2025-02-05T20:58:42","slug":"ccep","status":"publish","type":"page","link":"https:\/\/voile.qc.ca\/fr\/ccep\/","title":{"rendered":"CCEP"},"content":{"rendered":"\t\t<div data-elementor-type=\"wp-page\" data-elementor-id=\"2610\" class=\"elementor elementor-2610\">\n\t\t\t\t\t\t<section class=\"elementor-section elementor-top-section elementor-element elementor-element-552cae92 elementor-section-boxed elementor-section-height-default elementor-section-height-default exad-glass-effect-no exad-sticky-section-no\" data-id=\"552cae92\" data-element_type=\"section\" data-e-type=\"section\" data-settings=\"{&quot;background_background&quot;:&quot;classic&quot;}\">\n\t\t\t\t\t\t<div class=\"elementor-container elementor-column-gap-default\">\n\t\t\t\t\t<div class=\"elementor-column elementor-col-100 elementor-top-column elementor-element elementor-element-51380e7f exad-glass-effect-no exad-sticky-section-no\" data-id=\"51380e7f\" data-element_type=\"column\" data-e-type=\"column\">\n\t\t\t<div class=\"elementor-widget-wrap elementor-element-populated\">\n\t\t\t\t\t\t<div class=\"elementor-element elementor-element-13315ab3 exad-sticky-section-no exad-glass-effect-no elementor-widget elementor-widget-heading\" data-id=\"13315ab3\" data-element_type=\"widget\" data-e-type=\"widget\" data-widget_type=\"heading.default\">\n\t\t\t\t<div class=\"elementor-widget-container\">\n\t\t\t\t\t<h2 class=\"elementor-heading-title elementor-size-default\">Carte de conducteur d'embarcation de plaisance (CCEP)<\/h2>\t\t\t\t<\/div>\n\t\t\t\t<\/div>\n\t\t\t\t\t<\/div>\n\t\t<\/div>\n\t\t\t\t\t<\/div>\n\t\t<\/section>\n\t\t\t\t<section class=\"elementor-section elementor-top-section elementor-element elementor-element-e592bf2 elementor-section-boxed elementor-section-height-default elementor-section-height-default exad-glass-effect-no exad-sticky-section-no\" data-id=\"e592bf2\" data-element_type=\"section\" data-e-type=\"section\">\n\t\t\t\t\t\t<div class=\"elementor-container elementor-column-gap-default\">\n\t\t\t\t\t<div class=\"elementor-column elementor-col-50 elementor-top-column elementor-element elementor-element-237bef1 exad-glass-effect-no exad-sticky-section-no\" data-id=\"237bef1\" data-element_type=\"column\" data-e-type=\"column\">\n\t\t\t<div class=\"elementor-widget-wrap elementor-element-populated\">\n\t\t\t\t\t\t<div class=\"elementor-element elementor-element-5ac5ef7 exad-sticky-section-no exad-glass-effect-no elementor-widget elementor-widget-text-editor\" data-id=\"5ac5ef7\" data-element_type=\"widget\" data-e-type=\"widget\" data-widget_type=\"text-editor.default\">\n\t\t\t\t<div class=\"elementor-widget-container\">\n\t\t\t\t\t\t\t\t\t<p>Toute personne qui conduit une embarcation motoris\u00e9e (ceci inclut les voiliers qui ont un moteur int\u00e9rieur ou hors-bord), doit d\u00e9tenir la Carte de conducteur d\u2019embarcation de plaisance (CCEP). La CCEP est valide \u00e0 vie.<\/p><p>Les instructeurs de Voile Canada certifi\u00e9s \u00e0 donner le cours de CCEP sont accr\u00e9dit\u00e9s par Transports Canada. Ils peuvent former les plaisanciers, faire passer l\u2019examen, et \u00e9mettre la Carte d\u2019op\u00e9rateur d\u2019embarcation de plaisance. Ils ont la formation et le savoir-faire pour vous enseigner tout ce que vous devez savoir non seulement pour r\u00e9ussir l\u2019examen mais aussi pour \u00eatre s\u00e9curitaire sur l\u2019eau.<\/p>\t\t\t\t\t\t\t\t<\/div>\n\t\t\t\t<\/div>\n\t\t\t\t\t<\/div>\n\t\t<\/div>\n\t\t\t\t<div class=\"elementor-column elementor-col-50 elementor-top-column elementor-element elementor-element-1776b49 exad-glass-effect-no exad-sticky-section-no\" data-id=\"1776b49\" data-element_type=\"column\" data-e-type=\"column\">\n\t\t\t<div class=\"elementor-widget-wrap elementor-element-populated\">\n\t\t\t\t\t\t<div class=\"elementor-element elementor-element-aa3a8cb exad-sticky-section-no exad-glass-effect-no elementor-widget elementor-widget-image\" data-id=\"aa3a8cb\" data-element_type=\"widget\" data-e-type=\"widget\" data-widget_type=\"image.default\">\n\t\t\t\t<div class=\"elementor-widget-container\">\n\t\t\t\t\t\t\t\t\t\t\t\t\t\t\t\t<a href=\"https:\/\/cartebateau.com\/\" target=\"_blank\">\n\t\t\t\t\t\t\t<img fetchpriority=\"high\" decoding=\"async\" width=\"300\" height=\"220\" src=\"https:\/\/voile.qc.ca\/wp-content\/uploads\/2023\/08\/cartebateau-carte-hr-300x220.webp\" class=\"attachment-medium size-medium wp-image-2612\" alt=\"\" srcset=\"https:\/\/voile.qc.ca\/wp-content\/uploads\/2023\/08\/cartebateau-carte-hr-300x220.webp 300w, https:\/\/voile.qc.ca\/wp-content\/uploads\/2023\/08\/cartebateau-carte-hr-600x440.webp 600w, https:\/\/voile.qc.ca\/wp-content\/uploads\/2023\/08\/cartebateau-carte-hr-1024x750.webp 1024w, https:\/\/voile.qc.ca\/wp-content\/uploads\/2023\/08\/cartebateau-carte-hr-768x563.webp 768w, https:\/\/voile.qc.ca\/wp-content\/uploads\/2023\/08\/cartebateau-carte-hr-16x12.webp 16w, https:\/\/voile.qc.ca\/wp-content\/uploads\/2023\/08\/cartebateau-carte-hr.webp 1100w\" sizes=\"(max-width: 300px) 100vw, 300px\" \/>\t\t\t\t\t\t\t\t<\/a>\n\t\t\t\t\t\t\t\t\t\t\t\t\t\t\t<\/div>\n\t\t\t\t<\/div>\n\t\t\t\t\t<\/div>\n\t\t<\/div>\n\t\t\t\t\t<\/div>\n\t\t<\/section>\n\t\t\t\t<section class=\"elementor-section elementor-top-section elementor-element elementor-element-81a9885 elementor-section-boxed elementor-section-height-default elementor-section-height-default exad-glass-effect-no exad-sticky-section-no\" data-id=\"81a9885\" data-element_type=\"section\" data-e-type=\"section\">\n\t\t\t\t\t\t<div class=\"elementor-container elementor-column-gap-default\">\n\t\t\t\t\t<div class=\"elementor-column elementor-col-50 elementor-top-column elementor-element elementor-element-85657a2 exad-glass-effect-no exad-sticky-section-no\" data-id=\"85657a2\" data-element_type=\"column\" data-e-type=\"column\">\n\t\t\t<div class=\"elementor-widget-wrap elementor-element-populated\">\n\t\t\t\t\t\t<div class=\"elementor-element elementor-element-4864236 exad-sticky-section-no exad-glass-effect-no elementor-widget elementor-widget-image\" data-id=\"4864236\" data-element_type=\"widget\" data-e-type=\"widget\" data-widget_type=\"image.default\">\n\t\t\t\t<div class=\"elementor-widget-container\">\n\t\t\t\t\t\t\t\t\t\t\t\t\t\t\t\t<a href=\"https:\/\/cartebateau.com\/fr\/r\/201200436\" target=\"_blank\">\n\t\t\t\t\t\t\t<img decoding=\"async\" width=\"301\" height=\"251\" src=\"https:\/\/voile.qc.ca\/wp-content\/uploads\/2024\/01\/CarteBateau-50-300x250-fra-.png\" class=\"attachment-large size-large wp-image-5202\" alt=\"\" srcset=\"https:\/\/voile.qc.ca\/wp-content\/uploads\/2024\/01\/CarteBateau-50-300x250-fra-.png 301w, https:\/\/voile.qc.ca\/wp-content\/uploads\/2024\/01\/CarteBateau-50-300x250-fra--14x12.png 14w\" sizes=\"(max-width: 301px) 100vw, 301px\" \/>\t\t\t\t\t\t\t\t<\/a>\n\t\t\t\t\t\t\t\t\t\t\t\t\t\t\t<\/div>\n\t\t\t\t<\/div>\n\t\t\t\t\t<\/div>\n\t\t<\/div>\n\t\t\t\t<div class=\"elementor-column elementor-col-50 elementor-top-column elementor-element elementor-element-7f545da exad-glass-effect-no exad-sticky-section-no\" data-id=\"7f545da\" data-element_type=\"column\" data-e-type=\"column\">\n\t\t\t<div class=\"elementor-widget-wrap elementor-element-populated\">\n\t\t\t\t\t\t<div class=\"elementor-element elementor-element-68987e4 exad-sticky-section-no exad-glass-effect-no elementor-widget elementor-widget-text-editor\" data-id=\"68987e4\" data-element_type=\"widget\" data-e-type=\"widget\" data-widget_type=\"text-editor.default\">\n\t\t\t\t<div class=\"elementor-widget-container\">\n\t\t\t\t\t\t\t\t\t<h5>Comment obtenir la carte d&#8217;embarcation de plaisance?<\/h5><p>Vous pouvez obtenir votre carte\u00a0:<\/p><ul><li>en obtenant le brevet de <a href=\"https:\/\/voile.qc.ca\/formations\/\">Croisi\u00e8re \u00e9l\u00e9mentaire<\/a>\u00a0&#8211; chef de bord\u00a0<\/li><li>en suivant un cours dans une des <a href=\"https:\/\/voile.qc.ca\/liste-des-clubs-ecoles-au-quebec\/\">\u00e9coles<\/a> qui le proposent<\/li><li>en ligne, entre autre avec notre partenaire <a href=\"https:\/\/cartebateau.com\/fr\/r\/201200436\" target=\"_blank\" rel=\"noopener\">Cartebateau.com<\/a><\/li><\/ul><h5>Attestation temporaire et carte<\/h5><p>Vous recevrez une attestation temporaire (valide 90 jours), et votre carte vous sera livr\u00e9e par la poste en moyenne de 3 \u00e0 4 semaines plus tard. Le d\u00e9lai peut-\u00eatre plus long.\u00a0\u00a0<\/p>\t\t\t\t\t\t\t\t<\/div>\n\t\t\t\t<\/div>\n\t\t\t\t\t<\/div>\n\t\t<\/div>\n\t\t\t\t\t<\/div>\n\t\t<\/section>\n\t\t\t\t<section class=\"elementor-section elementor-top-section elementor-element elementor-element-a359e18 elementor-section-boxed elementor-section-height-default elementor-section-height-default exad-glass-effect-no exad-sticky-section-no\" data-id=\"a359e18\" data-element_type=\"section\" data-e-type=\"section\">\n\t\t\t\t\t\t<div class=\"elementor-container elementor-column-gap-default\">\n\t\t\t\t\t<div class=\"elementor-column elementor-col-100 elementor-top-column elementor-element elementor-element-938ac38 exad-glass-effect-no exad-sticky-section-no\" data-id=\"938ac38\" data-element_type=\"column\" data-e-type=\"column\">\n\t\t\t<div class=\"elementor-widget-wrap elementor-element-populated\">\n\t\t\t\t\t\t<div class=\"elementor-element elementor-element-b82fae2 exad-sticky-section-no exad-glass-effect-no elementor-widget elementor-widget-text-editor\" data-id=\"b82fae2\" data-element_type=\"widget\" data-e-type=\"widget\" data-widget_type=\"text-editor.default\">\n\t\t\t\t<div class=\"elementor-widget-container\">\n\t\t\t\t\t\t\t\t\t<p>Vous devez avoir cette attestation temporaire ou votre carte\u00a0<b>sur vous en tout temps<\/b>\u00a0pour pouvoir op\u00e9rer un bateau sur le bateau.<\/p><ul><li>Si vous n\u2019avez pas re\u00e7u votre carte au bout de deux mois\u2026<\/li><li>S\u2019il y a une erreur sur votre carte\u2026<\/li><li>Si vous avez besoin d\u2019une carte de remplacement\u2026<\/li><\/ul><p>Contactez l&rsquo;organisation avec qui vous avez fait affaires.<\/p>\t\t\t\t\t\t\t\t<\/div>\n\t\t\t\t<\/div>\n\t\t\t\t\t<\/div>\n\t\t<\/div>\n\t\t\t\t\t<\/div>\n\t\t<\/section>\n\t\t\t\t<\/div>\n\t\t","protected":false},"excerpt":{"rendered":"<p>Carte de conducteur d&#8217;embarcation de plaisance (CCEP) Toute personne qui conduit une embarcation motoris\u00e9e (ceci inclut les voiliers qui ont un moteur int\u00e9rieur ou hors-bord), doit d\u00e9tenir la Carte de conducteur d\u2019embarcation de plaisance (CCEP). La CCEP est valide \u00e0 vie. Les instructeurs de Voile Canada certifi\u00e9s \u00e0 donner le cours de CCEP sont accr\u00e9dit\u00e9s [&hellip;]<\/p>\n","protected":false},"author":7,"featured_media":0,"parent":0,"menu_order":0,"comment_status":"closed","ping_status":"closed","template":"","meta":{"_acf_changed":false,"site-sidebar-layout":"no-sidebar","site-content-layout":"page-builder","ast-site-content-layout":"default","site-content-style":"default","site-sidebar-style":"default","ast-global-header-display":"","ast-banner-title-visibility":"","ast-main-header-display":"","ast-hfb-above-header-display":"","ast-hfb-below-header-display":"","ast-hfb-mobile-header-display":"","site-post-title":"disabled","ast-breadcrumbs-content":"","ast-featured-img":"disabled","footer-sml-layout":"","ast-disable-related-posts":"","theme-transparent-header-meta":"","adv-header-id-meta":"","stick-header-meta":"","header-above-stick-meta":"","header-main-stick-meta":"","header-below-stick-meta":"","astra-migrate-meta-layouts":"set","ast-page-background-enabled":"default","ast-page-background-meta":{"desktop":{"background-color":"","background-image":"","background-repeat":"repeat","background-position":"center center","background-size":"auto","background-attachment":"scroll","background-type":"","background-media":"","overlay-type":"","overlay-color":"","overlay-opacity":"","overlay-gradient":""},"tablet":{"background-color":"","background-image":"","background-repeat":"repeat","background-position":"center center","background-size":"auto","background-attachment":"scroll","background-type":"","background-media":"","overlay-type":"","overlay-color":"","overlay-opacity":"","overlay-gradient":""},"mobile":{"background-color":"","background-image":"","background-repeat":"repeat","background-position":"center center","background-size":"auto","background-attachment":"scroll","background-type":"","background-media":"","overlay-type":"","overlay-color":"","overlay-opacity":"","overlay-gradient":""}},"ast-content-background-meta":{"desktop":{"background-color":"var(--ast-global-color-5)","background-image":"","background-repeat":"repeat","background-position":"center center","background-size":"auto","background-attachment":"scroll","background-type":"","background-media":"","overlay-type":"","overlay-color":"","overlay-opacity":"","overlay-gradient":""},"tablet":{"background-color":"var(--ast-global-color-5)","background-image":"","background-repeat":"repeat","background-position":"center center","background-size":"auto","background-attachment":"scroll","background-type":"","background-media":"","overlay-type":"","overlay-color":"","overlay-opacity":"","overlay-gradient":""},"mobile":{"background-color":"var(--ast-global-color-5)","background-image":"","background-repeat":"repeat","background-position":"center center","background-size":"auto","background-attachment":"scroll","background-type":"","background-media":"","overlay-type":"","overlay-color":"","overlay-opacity":"","overlay-gradient":""}},"footnotes":""},"class_list":["post-2610","page","type-page","status-publish","hentry"],"acf":[],"yoast_head":"<!-- This site is optimized with the Yoast SEO plugin v27.0 - https:\/\/yoast.com\/product\/yoast-seo-wordpress\/ -->\n<title>CCEP - Voile Qu\u00e9bec<\/title>\n<meta name=\"description\" content=\"Tous marins ayant un voilier disposant d&#039;un moteur, doit d\u00e9tenir la Carte de conducteur d\u2019embarcation de plaisance (CCEP)\" \/>\n<meta name=\"robots\" content=\"index, follow, max-snippet:-1, max-image-preview:large, max-video-preview:-1\" \/>\n<link rel=\"canonical\" href=\"https:\/\/voile.qc.ca\/fr\/ccep\/\" \/>\n<meta property=\"og:locale\" content=\"fr_CA\" \/>\n<meta property=\"og:type\" content=\"article\" \/>\n<meta property=\"og:title\" content=\"CCEP - Voile Qu\u00e9bec\" \/>\n<meta property=\"og:description\" content=\"Tous marins ayant un voilier disposant d&#039;un moteur, doit d\u00e9tenir la Carte de conducteur d\u2019embarcation de plaisance (CCEP)\" \/>\n<meta property=\"og:url\" content=\"https:\/\/voile.qc.ca\/fr\/ccep\/\" \/>\n<meta property=\"og:site_name\" content=\"Voile Qu\u00e9bec\" \/>\n<meta property=\"article:publisher\" content=\"https:\/\/www.facebook.com\/voilequebec\" \/>\n<meta property=\"article:modified_time\" content=\"2025-02-05T20:58:42+00:00\" \/>\n<meta property=\"og:image\" content=\"https:\/\/voile.qc.ca\/wp-content\/uploads\/2023\/08\/cartebateau-carte-hr-300x220.webp\" \/>\n<meta name=\"twitter:card\" content=\"summary_large_image\" \/>\n<meta name=\"twitter:label1\" content=\"Estimation du temps de lecture\" \/>\n\t<meta name=\"twitter:data1\" content=\"2 minutes\" \/>\n<script type=\"application\/ld+json\" class=\"yoast-schema-graph\">{\"@context\":\"https:\/\/schema.org\",\"@graph\":[{\"@type\":\"WebPage\",\"@id\":\"https:\/\/voile.qc.ca\/fr\/ccep\/\",\"url\":\"https:\/\/voile.qc.ca\/fr\/ccep\/\",\"name\":\"CCEP - Voile Qu\u00e9bec\",\"isPartOf\":{\"@id\":\"https:\/\/voile.qc.ca\/fr\/#website\"},\"primaryImageOfPage\":{\"@id\":\"https:\/\/voile.qc.ca\/fr\/ccep\/#primaryimage\"},\"image\":{\"@id\":\"https:\/\/voile.qc.ca\/fr\/ccep\/#primaryimage\"},\"thumbnailUrl\":\"https:\/\/voile.qc.ca\/wp-content\/uploads\/2023\/08\/cartebateau-carte-hr-300x220.webp\",\"datePublished\":\"2023-08-24T15:52:25+00:00\",\"dateModified\":\"2025-02-05T20:58:42+00:00\",\"description\":\"Tous marins ayant un voilier disposant d'un moteur, doit d\u00e9tenir la Carte de conducteur d\u2019embarcation de plaisance (CCEP)\",\"breadcrumb\":{\"@id\":\"https:\/\/voile.qc.ca\/fr\/ccep\/#breadcrumb\"},\"inLanguage\":\"fr-CA\",\"potentialAction\":[{\"@type\":\"ReadAction\",\"target\":[\"https:\/\/voile.qc.ca\/fr\/ccep\/\"]}]},{\"@type\":\"ImageObject\",\"inLanguage\":\"fr-CA\",\"@id\":\"https:\/\/voile.qc.ca\/fr\/ccep\/#primaryimage\",\"url\":\"https:\/\/voile.qc.ca\/wp-content\/uploads\/2023\/08\/cartebateau-carte-hr-300x220.webp\",\"contentUrl\":\"https:\/\/voile.qc.ca\/wp-content\/uploads\/2023\/08\/cartebateau-carte-hr-300x220.webp\"},{\"@type\":\"BreadcrumbList\",\"@id\":\"https:\/\/voile.qc.ca\/fr\/ccep\/#breadcrumb\",\"itemListElement\":[{\"@type\":\"ListItem\",\"position\":1,\"name\":\"Accueil\",\"item\":\"https:\/\/voile.qc.ca\/\"},{\"@type\":\"ListItem\",\"position\":2,\"name\":\"CCEP\"}]},{\"@type\":\"WebSite\",\"@id\":\"https:\/\/voile.qc.ca\/fr\/#website\",\"url\":\"https:\/\/voile.qc.ca\/fr\/\",\"name\":\"Voile Qu\u00e9bec\",\"description\":\"La r\u00e9f\u00e9rence de voile au Qu\u00e9bec\",\"publisher\":{\"@id\":\"https:\/\/voile.qc.ca\/fr\/#organization\"},\"potentialAction\":[{\"@type\":\"SearchAction\",\"target\":{\"@type\":\"EntryPoint\",\"urlTemplate\":\"https:\/\/voile.qc.ca\/fr\/?s={search_term_string}\"},\"query-input\":{\"@type\":\"PropertyValueSpecification\",\"valueRequired\":true,\"valueName\":\"search_term_string\"}}],\"inLanguage\":\"fr-CA\"},{\"@type\":\"Organization\",\"@id\":\"https:\/\/voile.qc.ca\/fr\/#organization\",\"name\":\"F\u00e9d\u00e9ration de Voile du Qu\u00e9bec\",\"url\":\"https:\/\/voile.qc.ca\/fr\/\",\"logo\":{\"@type\":\"ImageObject\",\"inLanguage\":\"fr-CA\",\"@id\":\"https:\/\/voile.qc.ca\/fr\/#\/schema\/logo\/image\/\",\"url\":\"https:\/\/voile.qc.ca\/wp-content\/uploads\/2023\/11\/cropped-bateau-bleu-V5.png\",\"contentUrl\":\"https:\/\/voile.qc.ca\/wp-content\/uploads\/2023\/11\/cropped-bateau-bleu-V5.png\",\"width\":500,\"height\":116,\"caption\":\"F\u00e9d\u00e9ration de Voile du Qu\u00e9bec\"},\"image\":{\"@id\":\"https:\/\/voile.qc.ca\/fr\/#\/schema\/logo\/image\/\"},\"sameAs\":[\"https:\/\/www.facebook.com\/voilequebec\",\"https:\/\/www.instagram.com\/voilequebec\"]}]}<\/script>\n<!-- \/ Yoast SEO plugin. -->","yoast_head_json":{"title":"CCEP - Voile Qu\u00e9bec","description":"Tous marins ayant un voilier disposant d'un moteur, doit d\u00e9tenir la Carte de conducteur d\u2019embarcation de plaisance (CCEP)","robots":{"index":"index","follow":"follow","max-snippet":"max-snippet:-1","max-image-preview":"max-image-preview:large","max-video-preview":"max-video-preview:-1"},"canonical":"https:\/\/voile.qc.ca\/fr\/ccep\/","og_locale":"fr_CA","og_type":"article","og_title":"CCEP - Voile Qu\u00e9bec","og_description":"Tous marins ayant un voilier disposant d'un moteur, doit d\u00e9tenir la Carte de conducteur d\u2019embarcation de plaisance (CCEP)","og_url":"https:\/\/voile.qc.ca\/fr\/ccep\/","og_site_name":"Voile Qu\u00e9bec","article_publisher":"https:\/\/www.facebook.com\/voilequebec","article_modified_time":"2025-02-05T20:58:42+00:00","og_image":[{"url":"https:\/\/voile.qc.ca\/wp-content\/uploads\/2023\/08\/cartebateau-carte-hr-300x220.webp","type":"","width":"","height":""}],"twitter_card":"summary_large_image","twitter_misc":{"Estimation du temps de lecture":"2 minutes"},"schema":{"@context":"https:\/\/schema.org","@graph":[{"@type":"WebPage","@id":"https:\/\/voile.qc.ca\/fr\/ccep\/","url":"https:\/\/voile.qc.ca\/fr\/ccep\/","name":"CCEP - Voile Qu\u00e9bec","isPartOf":{"@id":"https:\/\/voile.qc.ca\/fr\/#website"},"primaryImageOfPage":{"@id":"https:\/\/voile.qc.ca\/fr\/ccep\/#primaryimage"},"image":{"@id":"https:\/\/voile.qc.ca\/fr\/ccep\/#primaryimage"},"thumbnailUrl":"https:\/\/voile.qc.ca\/wp-content\/uploads\/2023\/08\/cartebateau-carte-hr-300x220.webp","datePublished":"2023-08-24T15:52:25+00:00","dateModified":"2025-02-05T20:58:42+00:00","description":"Tous marins ayant un voilier disposant d'un moteur, doit d\u00e9tenir la Carte de conducteur d\u2019embarcation de plaisance (CCEP)","breadcrumb":{"@id":"https:\/\/voile.qc.ca\/fr\/ccep\/#breadcrumb"},"inLanguage":"fr-CA","potentialAction":[{"@type":"ReadAction","target":["https:\/\/voile.qc.ca\/fr\/ccep\/"]}]},{"@type":"ImageObject","inLanguage":"fr-CA","@id":"https:\/\/voile.qc.ca\/fr\/ccep\/#primaryimage","url":"https:\/\/voile.qc.ca\/wp-content\/uploads\/2023\/08\/cartebateau-carte-hr-300x220.webp","contentUrl":"https:\/\/voile.qc.ca\/wp-content\/uploads\/2023\/08\/cartebateau-carte-hr-300x220.webp"},{"@type":"BreadcrumbList","@id":"https:\/\/voile.qc.ca\/fr\/ccep\/#breadcrumb","itemListElement":[{"@type":"ListItem","position":1,"name":"Accueil","item":"https:\/\/voile.qc.ca\/"},{"@type":"ListItem","position":2,"name":"CCEP"}]},{"@type":"WebSite","@id":"https:\/\/voile.qc.ca\/fr\/#website","url":"https:\/\/voile.qc.ca\/fr\/","name":"Voile Qu\u00e9bec","description":"La r\u00e9f\u00e9rence de voile au Qu\u00e9bec","publisher":{"@id":"https:\/\/voile.qc.ca\/fr\/#organization"},"potentialAction":[{"@type":"SearchAction","target":{"@type":"EntryPoint","urlTemplate":"https:\/\/voile.qc.ca\/fr\/?s={search_term_string}"},"query-input":{"@type":"PropertyValueSpecification","valueRequired":true,"valueName":"search_term_string"}}],"inLanguage":"fr-CA"},{"@type":"Organization","@id":"https:\/\/voile.qc.ca\/fr\/#organization","name":"F\u00e9d\u00e9ration de Voile du Qu\u00e9bec","url":"https:\/\/voile.qc.ca\/fr\/","logo":{"@type":"ImageObject","inLanguage":"fr-CA","@id":"https:\/\/voile.qc.ca\/fr\/#\/schema\/logo\/image\/","url":"https:\/\/voile.qc.ca\/wp-content\/uploads\/2023\/11\/cropped-bateau-bleu-V5.png","contentUrl":"https:\/\/voile.qc.ca\/wp-content\/uploads\/2023\/11\/cropped-bateau-bleu-V5.png","width":500,"height":116,"caption":"F\u00e9d\u00e9ration de Voile du Qu\u00e9bec"},"image":{"@id":"https:\/\/voile.qc.ca\/fr\/#\/schema\/logo\/image\/"},"sameAs":["https:\/\/www.facebook.com\/voilequebec","https:\/\/www.instagram.com\/voilequebec"]}]}},"jetpack_sharing_enabled":true,"_links":{"self":[{"href":"https:\/\/voile.qc.ca\/fr\/wp-json\/wp\/v2\/pages\/2610","targetHints":{"allow":["GET"]}}],"collection":[{"href":"https:\/\/voile.qc.ca\/fr\/wp-json\/wp\/v2\/pages"}],"about":[{"href":"https:\/\/voile.qc.ca\/fr\/wp-json\/wp\/v2\/types\/page"}],"author":[{"embeddable":true,"href":"https:\/\/voile.qc.ca\/fr\/wp-json\/wp\/v2\/users\/7"}],"replies":[{"embeddable":true,"href":"https:\/\/voile.qc.ca\/fr\/wp-json\/wp\/v2\/comments?post=2610"}],"version-history":[{"count":35,"href":"https:\/\/voile.qc.ca\/fr\/wp-json\/wp\/v2\/pages\/2610\/revisions"}],"predecessor-version":[{"id":16587,"href":"https:\/\/voile.qc.ca\/fr\/wp-json\/wp\/v2\/pages\/2610\/revisions\/16587"}],"wp:attachment":[{"href":"https:\/\/voile.qc.ca\/fr\/wp-json\/wp\/v2\/media?parent=2610"}],"curies":[{"name":"wp","href":"https:\/\/api.w.org\/{rel}","templated":true}]}}