{"id":2510,"date":"2023-08-21T13:01:21","date_gmt":"2023-08-21T17:01:21","guid":{"rendered":"https:\/\/voile.qc.ca\/?page_id=2510"},"modified":"2025-08-08T14:44:16","modified_gmt":"2025-08-08T18:44:16","slug":"assurance","status":"publish","type":"page","link":"https:\/\/voile.qc.ca\/fr\/assurance\/","title":{"rendered":"Assurance"},"content":{"rendered":"\t\t<div data-elementor-type=\"wp-page\" data-elementor-id=\"2510\" class=\"elementor elementor-2510\">\n\t\t\t\t\t\t<section class=\"elementor-section elementor-top-section elementor-element elementor-element-ac4c4a2 elementor-section-boxed elementor-section-height-default elementor-section-height-default exad-glass-effect-no exad-sticky-section-no\" data-id=\"ac4c4a2\" data-element_type=\"section\" data-e-type=\"section\" data-settings=\"{&quot;background_background&quot;:&quot;classic&quot;}\">\n\t\t\t\t\t\t<div class=\"elementor-container elementor-column-gap-default\">\n\t\t\t\t\t<div class=\"elementor-column elementor-col-100 elementor-top-column elementor-element elementor-element-ae16025 exad-glass-effect-no exad-sticky-section-no\" data-id=\"ae16025\" data-element_type=\"column\" data-e-type=\"column\">\n\t\t\t<div class=\"elementor-widget-wrap elementor-element-populated\">\n\t\t\t\t\t\t<div class=\"elementor-element elementor-element-52952f8 exad-sticky-section-no exad-glass-effect-no elementor-widget elementor-widget-heading\" data-id=\"52952f8\" data-element_type=\"widget\" data-e-type=\"widget\" data-widget_type=\"heading.default\">\n\t\t\t\t<div class=\"elementor-widget-container\">\n\t\t\t\t\t<h1 class=\"elementor-heading-title elementor-size-default\">Couverture d'assurance<\/h1>\t\t\t\t<\/div>\n\t\t\t\t<\/div>\n\t\t\t\t\t<\/div>\n\t\t<\/div>\n\t\t\t\t\t<\/div>\n\t\t<\/section>\n\t\t\t\t<section class=\"elementor-section elementor-top-section elementor-element elementor-element-4c2bc04 elementor-section-boxed elementor-section-height-default elementor-section-height-default exad-glass-effect-no exad-sticky-section-no\" data-id=\"4c2bc04\" data-element_type=\"section\" data-e-type=\"section\">\n\t\t\t\t\t\t<div class=\"elementor-container elementor-column-gap-default\">\n\t\t\t\t\t<div class=\"elementor-column elementor-col-100 elementor-top-column elementor-element elementor-element-780906c exad-glass-effect-no exad-sticky-section-no\" data-id=\"780906c\" data-element_type=\"column\" data-e-type=\"column\">\n\t\t\t<div class=\"elementor-widget-wrap elementor-element-populated\">\n\t\t\t\t\t\t<div class=\"elementor-element elementor-element-bf86d7e exad-sticky-section-no exad-glass-effect-no elementor-widget elementor-widget-text-editor\" data-id=\"bf86d7e\" data-element_type=\"widget\" data-e-type=\"widget\" data-widget_type=\"text-editor.default\">\n\t\t\t\t<div class=\"elementor-widget-container\">\n\t\t\t\t\t\t\t\t\t<h2><strong>Membres individuels<\/strong><\/h2><h5>Assurance en cas de d\u00e9c\u00e8s et mutilation par accident<\/h5><ul><li>Que vous soyez membre individuel, membre d\u2019un club qui est membre de la f\u00e9d\u00e9ration ou encore membre stagiaire en formation dans une \u00e9cole de voile homologu\u00e9e, vous \u00eates prot\u00e9g\u00e9 par une couverture d\u2019assurance en cas d\u2019accident pendant la pratique de vos activit\u00e9s \u00e0 la voile.<\/li><li>Que ce soit lors d\u2019une comp\u00e9tition, lors d\u2019une formation ou encore lors d\u2019une sortie r\u00e9cr\u00e9ative, cette couverture sera valide et vous prot\u00e8ge en cas de blessure, mutilation ou d\u00e9c\u00e8s. Elle est automatique pour tous les membres dont les clubs et \u00e9coles nous auront transmis les informations. Ce b\u00e9n\u00e9fice est inclus \u00e0 l\u2019adh\u00e9sion et n\u2019implique aucun frais suppl\u00e9mentaire ni pour l\u2019individu qui en b\u00e9n\u00e9ficie, ni pour l&rsquo;organisme par le biais duquel il est membre de la f\u00e9d\u00e9ration.<\/li><li>Cliquez pour consulter:<ul><li><span style=\"color: #3366ff;\">les<\/span>\u00a0<span style=\"color: #3366ff;\">d<\/span><a href=\"https:\/\/voile.qc.ca\/wp-content\/uploads\/2024\/06\/30107610-SG-Voile-fr-bklt-basic-cl-I-III.pdf\">\u00e9tails de la police d&rsquo;assurance<\/a><a href=\"https:\/\/www.voile.qc.ca\/images\/Documents\/Federation\/Docs%20reference\/AssAccident_Voile_2018.PDF\">,<\/a><\/li><li><a href=\"https:\/\/voile.qc.ca\/wp-content\/uploads\/2024\/06\/30107610-SG-Ren-Cert-04-01-24.pdf\">la couverture d&rsquo;assurance<\/a><\/li><li>les\u00a0proc\u00e9dures \u00e0 suivre en cas de r\u00e9clamation (\u00e0 venir)<\/li><\/ul><\/li><\/ul><h5 class=\"ydp5ecb11ap1\"><span class=\"ydp5ecb11as3\"><b>Assurance\u00a0en\u00a0<\/b><\/span><span class=\"ydp5ecb11as3\"><b>responsabilit\u00e9 civile individuelle\u00a0<\/b><\/span><\/h5><p class=\"ydp5ecb11ap1\"><span class=\"ydp5ecb11as1\">R\u00e8gle g\u00e9n\u00e9rale, cette couverture est incluse \u00e0 votre assurance habitation. Cependant, elle peut comporter des exclusions. V\u00e9rifiez aupr\u00e8s de votre courtier.\u00a0<\/span><\/p><h5 class=\"ydp5ecb11ap1\"><span class=\"ydp5ecb11as3\">Assurance pour votre voilier<\/span><\/h5><p class=\"ydp5ecb11ap1\"><span class=\"ydp5ecb11as1\">\u00c0 vous de d\u00e9cider si vous voulez assurer votre embarcation en cas de perte, vol ou dommages. Il existe plusieurs programmes de couverture pour plaisanciers sur le march\u00e9. Vous pouvez v\u00e9rifier sur le site de Voile Canada si un programme est disponible.\u00a0<\/span><\/p><h2><strong>Membres institutionnels<\/strong><\/h2><h5><strong>R\u00e9sum\u00e9 des couvertures<\/strong><\/h5><p>Il existe plusieurs types de couvertures \u00e0 consid\u00e9rer si vous \u00eates un organisme offrant des services.<\/p><p>Pour un survol des polices d&rsquo;assurance \u00e0 consid\u00e9rer si vous repr\u00e9sentez un club ou une \u00e9cole de voile :\u00a0<a href=\"https:\/\/voile.qc.ca\/wp-content\/uploads\/2023\/10\/Assurance_resume-de-couvertures.pdf\" target=\"_blank\" rel=\"noopener\">Assurance r\u00e9sum\u00e9 de couvertures. <\/a>Afin de faire des choix \u00e9clair\u00e9s et vous prot\u00e9ger ad\u00e9quatement, consultez aussi un courtier\u00a0<\/p><h5><strong>Assurance pour administrateurs et dirigeants d&rsquo;OBNL<\/strong><\/h5><ul><li>Les membres club, \u00e9cole ou camp qui sont des\u00a0OBNL affili\u00e9s \u00e0 la FVQ\u00a0(instances locales) peuvent b\u00e9n\u00e9ficier\u00a0<strong>gratuitement<\/strong>\u00a0d&rsquo;une assurance pour dirigeants et administrateurs. Veuillez noter qu&rsquo;il est important de ne pas d\u00e9tenir plus d&rsquo;une police couvrant les administrateurs et dirigeants.<\/li><li>Cliquez ici pour consulter les\u00a0<a href=\"https:\/\/www.associationsquebec.qc.ca\/infos-programme-assurances-administrateurs-dirigeants-rlsq\" target=\"_blank\" rel=\"noopener\">d\u00e9tails de la police.<\/a><\/li><li>Communiquer avec nous pour plus de d\u00e9tails ou pour vous inscrire.<\/li><\/ul><h5><strong>Assurance de responsabilit\u00e9 civile commerciale<\/strong><\/h5><p>En tant qu\u2019organisme affili\u00e9 \u00e0 la FVQ offrant des activit\u00e9s de\u00a0club, de camp ou d\u2019\u00e9cole homologu\u00e9e,\u00a0<strong>vous devez obligatoirement d\u00e9tenir une couverture en responsabilit\u00e9 civile<\/strong>\u00a0appropri\u00e9e \u00e0 vos activit\u00e9s et nous soumettre votre certificat d\u2019assurance.<\/p><p>Pour vous appuyer dans vos d\u00e9marches d\u2019obtention de couverture et vous aider \u00e0 expliquer le cadre dans lequel vous op\u00e9rez \u00e0 votre courtier et lui donner les outils pour d\u00e9montrer toutes les mesures de mitigation des risques mises en place aux assureurs, voici un document que vous pouvez porter \u00e0 leur attention : <a href=\"https:\/\/voile.qc.ca\/wp-content\/uploads\/2025\/08\/Cadres-reglementaire-et-operationnel-des-clubs-et-ecoles-de-voile-au-Quebec-v2025-04-01.pdf\">Cadres r\u00e9glementaire et op\u00e9rationnel des clubs et \u00e9coles de voile au Qu\u00e9bec\u00a0<\/a><\/p><ul><li>Communiquez avec un courtier d\u2019assurance pour d\u00e9terminer vos besoins.<\/li><li>Vous pouvez nous contacter si vous \u00eates \u00e0 la recherche d\u2019un courtier.<\/li><\/ul><h5><strong>Assurance en cas de d\u00e9c\u00e8s et mutilation par accident<\/strong><\/h5><ul><li>Si vous \u00eates un club affili\u00e9 \u00e0 la FVQ, une \u00e9cole de voile homologu\u00e9e ou un camp de voile homologu\u00e9,\u00a0vos membres, vos b\u00e9n\u00e9voles et vos stagiaires sont couverts gratuitement par\u00a0<a href=\"https:\/\/voile.qc.ca\/wp-content\/uploads\/2023\/10\/Certificat-Federation-de-Voile-2019-1.pdf\" target=\"_blank\" rel=\"noopener\">l\u2019assurance en cas de d\u00e9c\u00e8s et mutilation par accident<\/a>.<\/li><li>Voir la couverture pour membre individuel ci-haut.<\/li><\/ul>\t\t\t\t\t\t\t\t<\/div>\n\t\t\t\t<\/div>\n\t\t\t\t\t<\/div>\n\t\t<\/div>\n\t\t\t\t\t<\/div>\n\t\t<\/section>\n\t\t\t\t<\/div>\n\t\t","protected":false},"excerpt":{"rendered":"<p>Couverture d&rsquo;assurance Membres individuels Assurance en cas de d\u00e9c\u00e8s et mutilation par accident Que vous soyez membre individuel, membre d\u2019un club qui est membre de la f\u00e9d\u00e9ration ou encore membre stagiaire en formation dans une \u00e9cole de voile homologu\u00e9e, vous \u00eates prot\u00e9g\u00e9 par une couverture d\u2019assurance en cas d\u2019accident pendant la pratique de vos activit\u00e9s [&hellip;]<\/p>\n","protected":false},"author":7,"featured_media":0,"parent":0,"menu_order":0,"comment_status":"closed","ping_status":"closed","template":"","meta":{"_acf_changed":false,"site-sidebar-layout":"no-sidebar","site-content-layout":"page-builder","ast-site-content-layout":"default","site-content-style":"default","site-sidebar-style":"default","ast-global-header-display":"","ast-banner-title-visibility":"","ast-main-header-display":"","ast-hfb-above-header-display":"","ast-hfb-below-header-display":"","ast-hfb-mobile-header-display":"","site-post-title":"disabled","ast-breadcrumbs-content":"","ast-featured-img":"disabled","footer-sml-layout":"","ast-disable-related-posts":"","theme-transparent-header-meta":"","adv-header-id-meta":"","stick-header-meta":"","header-above-stick-meta":"","header-main-stick-meta":"","header-below-stick-meta":"","astra-migrate-meta-layouts":"set","ast-page-background-enabled":"default","ast-page-background-meta":{"desktop":{"background-color":"","background-image":"","background-repeat":"repeat","background-position":"center center","background-size":"auto","background-attachment":"scroll","background-type":"","background-media":"","overlay-type":"","overlay-color":"","overlay-opacity":"","overlay-gradient":""},"tablet":{"background-color":"","background-image":"","background-repeat":"repeat","background-position":"center center","background-size":"auto","background-attachment":"scroll","background-type":"","background-media":"","overlay-type":"","overlay-color":"","overlay-opacity":"","overlay-gradient":""},"mobile":{"background-color":"","background-image":"","background-repeat":"repeat","background-position":"center center","background-size":"auto","background-attachment":"scroll","background-type":"","background-media":"","overlay-type":"","overlay-color":"","overlay-opacity":"","overlay-gradient":""}},"ast-content-background-meta":{"desktop":{"background-color":"var(--ast-global-color-5)","background-image":"","background-repeat":"repeat","background-position":"center center","background-size":"auto","background-attachment":"scroll","background-type":"","background-media":"","overlay-type":"","overlay-color":"","overlay-opacity":"","overlay-gradient":""},"tablet":{"background-color":"var(--ast-global-color-5)","background-image":"","background-repeat":"repeat","background-position":"center center","background-size":"auto","background-attachment":"scroll","background-type":"","background-media":"","overlay-type":"","overlay-color":"","overlay-opacity":"","overlay-gradient":""},"mobile":{"background-color":"var(--ast-global-color-5)","background-image":"","background-repeat":"repeat","background-position":"center center","background-size":"auto","background-attachment":"scroll","background-type":"","background-media":"","overlay-type":"","overlay-color":"","overlay-opacity":"","overlay-gradient":""}},"footnotes":""},"class_list":["post-2510","page","type-page","status-publish","hentry"],"acf":[],"yoast_head":"<!-- This site is optimized with the Yoast SEO plugin v27.0 - https:\/\/yoast.com\/product\/yoast-seo-wordpress\/ -->\n<title>Assurance - Voile Qu\u00e9bec<\/title>\n<meta name=\"description\" content=\"En \u00e9tant membre de la FVQ vous \u00eates prot\u00e9g\u00e9 par une couverture d&#039;assurance en cas d&#039;accident lors de la pratique de vos activit\u00e9 de voile\" \/>\n<meta name=\"robots\" content=\"index, follow, max-snippet:-1, max-image-preview:large, max-video-preview:-1\" \/>\n<link rel=\"canonical\" href=\"https:\/\/voile.qc.ca\/fr\/assurance\/\" \/>\n<meta property=\"og:locale\" content=\"fr_CA\" \/>\n<meta property=\"og:type\" content=\"article\" \/>\n<meta property=\"og:title\" content=\"Assurance - Voile Qu\u00e9bec\" \/>\n<meta property=\"og:description\" content=\"En \u00e9tant membre de la FVQ vous \u00eates prot\u00e9g\u00e9 par une couverture d&#039;assurance en cas d&#039;accident lors de la pratique de vos activit\u00e9 de voile\" \/>\n<meta property=\"og:url\" content=\"https:\/\/voile.qc.ca\/fr\/assurance\/\" \/>\n<meta property=\"og:site_name\" content=\"Voile Qu\u00e9bec\" \/>\n<meta property=\"article:publisher\" content=\"https:\/\/www.facebook.com\/voilequebec\" \/>\n<meta property=\"article:modified_time\" content=\"2025-08-08T18:44:16+00:00\" \/>\n<meta name=\"twitter:card\" content=\"summary_large_image\" \/>\n<meta name=\"twitter:label1\" content=\"Estimation du temps de lecture\" \/>\n\t<meta name=\"twitter:data1\" content=\"3 minutes\" \/>\n<script type=\"application\/ld+json\" class=\"yoast-schema-graph\">{\"@context\":\"https:\/\/schema.org\",\"@graph\":[{\"@type\":\"WebPage\",\"@id\":\"https:\/\/voile.qc.ca\/en\/assurance\/\",\"url\":\"https:\/\/voile.qc.ca\/en\/assurance\/\",\"name\":\"Assurance - Voile Qu\u00e9bec\",\"isPartOf\":{\"@id\":\"https:\/\/voile.qc.ca\/fr\/#website\"},\"datePublished\":\"2023-08-21T17:01:21+00:00\",\"dateModified\":\"2025-08-08T18:44:16+00:00\",\"description\":\"En \u00e9tant membre de la FVQ vous \u00eates prot\u00e9g\u00e9 par une couverture d'assurance en cas d'accident lors de la pratique de vos activit\u00e9 de voile\",\"breadcrumb\":{\"@id\":\"https:\/\/voile.qc.ca\/en\/assurance\/#breadcrumb\"},\"inLanguage\":\"fr-CA\",\"potentialAction\":[{\"@type\":\"ReadAction\",\"target\":[\"https:\/\/voile.qc.ca\/en\/assurance\/\"]}]},{\"@type\":\"BreadcrumbList\",\"@id\":\"https:\/\/voile.qc.ca\/en\/assurance\/#breadcrumb\",\"itemListElement\":[{\"@type\":\"ListItem\",\"position\":1,\"name\":\"Accueil\",\"item\":\"https:\/\/voile.qc.ca\/\"},{\"@type\":\"ListItem\",\"position\":2,\"name\":\"Assurance\"}]},{\"@type\":\"WebSite\",\"@id\":\"https:\/\/voile.qc.ca\/fr\/#website\",\"url\":\"https:\/\/voile.qc.ca\/fr\/\",\"name\":\"Voile Qu\u00e9bec\",\"description\":\"La r\u00e9f\u00e9rence de voile au Qu\u00e9bec\",\"publisher\":{\"@id\":\"https:\/\/voile.qc.ca\/fr\/#organization\"},\"potentialAction\":[{\"@type\":\"SearchAction\",\"target\":{\"@type\":\"EntryPoint\",\"urlTemplate\":\"https:\/\/voile.qc.ca\/fr\/?s={search_term_string}\"},\"query-input\":{\"@type\":\"PropertyValueSpecification\",\"valueRequired\":true,\"valueName\":\"search_term_string\"}}],\"inLanguage\":\"fr-CA\"},{\"@type\":\"Organization\",\"@id\":\"https:\/\/voile.qc.ca\/fr\/#organization\",\"name\":\"F\u00e9d\u00e9ration de Voile du Qu\u00e9bec\",\"url\":\"https:\/\/voile.qc.ca\/fr\/\",\"logo\":{\"@type\":\"ImageObject\",\"inLanguage\":\"fr-CA\",\"@id\":\"https:\/\/voile.qc.ca\/fr\/#\/schema\/logo\/image\/\",\"url\":\"https:\/\/voile.qc.ca\/wp-content\/uploads\/2023\/11\/cropped-bateau-bleu-V5.png\",\"contentUrl\":\"https:\/\/voile.qc.ca\/wp-content\/uploads\/2023\/11\/cropped-bateau-bleu-V5.png\",\"width\":500,\"height\":116,\"caption\":\"F\u00e9d\u00e9ration de Voile du Qu\u00e9bec\"},\"image\":{\"@id\":\"https:\/\/voile.qc.ca\/fr\/#\/schema\/logo\/image\/\"},\"sameAs\":[\"https:\/\/www.facebook.com\/voilequebec\",\"https:\/\/www.instagram.com\/voilequebec\"]}]}<\/script>\n<!-- \/ Yoast SEO plugin. -->","yoast_head_json":{"title":"Assurance - Voile Qu\u00e9bec","description":"En \u00e9tant membre de la FVQ vous \u00eates prot\u00e9g\u00e9 par une couverture d'assurance en cas d'accident lors de la pratique de vos activit\u00e9 de voile","robots":{"index":"index","follow":"follow","max-snippet":"max-snippet:-1","max-image-preview":"max-image-preview:large","max-video-preview":"max-video-preview:-1"},"canonical":"https:\/\/voile.qc.ca\/fr\/assurance\/","og_locale":"fr_CA","og_type":"article","og_title":"Assurance - Voile Qu\u00e9bec","og_description":"En \u00e9tant membre de la FVQ vous \u00eates prot\u00e9g\u00e9 par une couverture d'assurance en cas d'accident lors de la pratique de vos activit\u00e9 de voile","og_url":"https:\/\/voile.qc.ca\/fr\/assurance\/","og_site_name":"Voile Qu\u00e9bec","article_publisher":"https:\/\/www.facebook.com\/voilequebec","article_modified_time":"2025-08-08T18:44:16+00:00","twitter_card":"summary_large_image","twitter_misc":{"Estimation du temps de lecture":"3 minutes"},"schema":{"@context":"https:\/\/schema.org","@graph":[{"@type":"WebPage","@id":"https:\/\/voile.qc.ca\/en\/assurance\/","url":"https:\/\/voile.qc.ca\/en\/assurance\/","name":"Assurance - Voile Qu\u00e9bec","isPartOf":{"@id":"https:\/\/voile.qc.ca\/fr\/#website"},"datePublished":"2023-08-21T17:01:21+00:00","dateModified":"2025-08-08T18:44:16+00:00","description":"En \u00e9tant membre de la FVQ vous \u00eates prot\u00e9g\u00e9 par une couverture d'assurance en cas d'accident lors de la pratique de vos activit\u00e9 de voile","breadcrumb":{"@id":"https:\/\/voile.qc.ca\/en\/assurance\/#breadcrumb"},"inLanguage":"fr-CA","potentialAction":[{"@type":"ReadAction","target":["https:\/\/voile.qc.ca\/en\/assurance\/"]}]},{"@type":"BreadcrumbList","@id":"https:\/\/voile.qc.ca\/en\/assurance\/#breadcrumb","itemListElement":[{"@type":"ListItem","position":1,"name":"Accueil","item":"https:\/\/voile.qc.ca\/"},{"@type":"ListItem","position":2,"name":"Assurance"}]},{"@type":"WebSite","@id":"https:\/\/voile.qc.ca\/fr\/#website","url":"https:\/\/voile.qc.ca\/fr\/","name":"Voile Qu\u00e9bec","description":"La r\u00e9f\u00e9rence de voile au Qu\u00e9bec","publisher":{"@id":"https:\/\/voile.qc.ca\/fr\/#organization"},"potentialAction":[{"@type":"SearchAction","target":{"@type":"EntryPoint","urlTemplate":"https:\/\/voile.qc.ca\/fr\/?s={search_term_string}"},"query-input":{"@type":"PropertyValueSpecification","valueRequired":true,"valueName":"search_term_string"}}],"inLanguage":"fr-CA"},{"@type":"Organization","@id":"https:\/\/voile.qc.ca\/fr\/#organization","name":"F\u00e9d\u00e9ration de Voile du Qu\u00e9bec","url":"https:\/\/voile.qc.ca\/fr\/","logo":{"@type":"ImageObject","inLanguage":"fr-CA","@id":"https:\/\/voile.qc.ca\/fr\/#\/schema\/logo\/image\/","url":"https:\/\/voile.qc.ca\/wp-content\/uploads\/2023\/11\/cropped-bateau-bleu-V5.png","contentUrl":"https:\/\/voile.qc.ca\/wp-content\/uploads\/2023\/11\/cropped-bateau-bleu-V5.png","width":500,"height":116,"caption":"F\u00e9d\u00e9ration de Voile du Qu\u00e9bec"},"image":{"@id":"https:\/\/voile.qc.ca\/fr\/#\/schema\/logo\/image\/"},"sameAs":["https:\/\/www.facebook.com\/voilequebec","https:\/\/www.instagram.com\/voilequebec"]}]}},"jetpack_sharing_enabled":true,"_links":{"self":[{"href":"https:\/\/voile.qc.ca\/fr\/wp-json\/wp\/v2\/pages\/2510","targetHints":{"allow":["GET"]}}],"collection":[{"href":"https:\/\/voile.qc.ca\/fr\/wp-json\/wp\/v2\/pages"}],"about":[{"href":"https:\/\/voile.qc.ca\/fr\/wp-json\/wp\/v2\/types\/page"}],"author":[{"embeddable":true,"href":"https:\/\/voile.qc.ca\/fr\/wp-json\/wp\/v2\/users\/7"}],"replies":[{"embeddable":true,"href":"https:\/\/voile.qc.ca\/fr\/wp-json\/wp\/v2\/comments?post=2510"}],"version-history":[{"count":47,"href":"https:\/\/voile.qc.ca\/fr\/wp-json\/wp\/v2\/pages\/2510\/revisions"}],"predecessor-version":[{"id":18046,"href":"https:\/\/voile.qc.ca\/fr\/wp-json\/wp\/v2\/pages\/2510\/revisions\/18046"}],"wp:attachment":[{"href":"https:\/\/voile.qc.ca\/fr\/wp-json\/wp\/v2\/media?parent=2510"}],"curies":[{"name":"wp","href":"https:\/\/api.w.org\/{rel}","templated":true}]}}