{"id":2497,"date":"2023-08-21T10:07:24","date_gmt":"2023-08-21T14:07:24","guid":{"rendered":"https:\/\/voile.qc.ca\/?post_type=product&#038;p=2497"},"modified":"2026-04-01T14:54:01","modified_gmt":"2026-04-01T18:54:01","slug":"voile-croisiere-intermediaire","status":"publish","type":"product","link":"https:\/\/voile.qc.ca\/en\/product\/voile-croisiere-intermediaire\/","title":{"rendered":"Voile croisi\u00e8re interm\u00e9diaire"},"content":{"rendered":"<p>Voile croisi\u00e8re interm\u00e9diaire couvre tout ce qui est utile et n\u00e9cessaire de conna\u00eetre pour faire de la croisi\u00e8re sur voilier habitable. Il est la suite logique du livre \u00abInitiation \u00e0 la croisi\u00e8re\u00bb.<\/p>\n<p>Pour que la vie \u00e0 bord d\u2019un voilier de croisi\u00e8re soit agr\u00e9able et s\u00e9curitaire il faut non seulement conna\u00eetre mais aussi savoir utiliser les diff\u00e9rents syst\u00e8mes qui le composent. Conna\u00eetre les syst\u00e8mes permet entre autre d\u2019effectuer de l\u00e9gers travaux de d\u00e9pannage alors que l\u2019utilisation correcte de ses syst\u00e8mes pr\u00e9vient leurs dysfonctionnements tout en rendant la croisi\u00e8re s\u00e9curitaire.<\/p>\n<p>Les syst\u00e8mes \u00e9lectriques, le moteur int\u00e9rieur et hors bord, les diff\u00e9rents syst\u00e8mes de voilure, le syst\u00e8me d\u2019eau douce, les toilettes, le guindeau, les appareils de chauffage, les cuisini\u00e8res et d\u2019autres aspects sont abondamment couverts.<\/p>\n<p>Vous y retrouverez aussi les \u00e9l\u00e9ments de l\u2019organisation de la vie \u00e0 bord comme la planification des repas, le mal de mer, l\u2019habillement et la pharmacie.<\/p>\n<p>Les aspects ext\u00e9rieurs au voilier et n\u00e9cessaires \u00e0 la croisi\u00e8re sont \u00e9galement trait\u00e9s comme une importante section sur la m\u00e9t\u00e9o et sur la navigation. Aussi, les actions \u00e0 prendre en situation d\u2019urgence comme lors d\u2019incendie, d\u2019\u00e9chouement, d\u2019abordages, de pannes de moteur, de voies d\u2019eau et d\u2019autres bris sont bien document\u00e9s.<\/p>\n<p>La connaissance des \u00e9l\u00e9ments de ce livre combin\u00e9 \u00e0 un stage embarqu\u00e9 voile croisi\u00e8re interm\u00e9diaire permet la croisi\u00e8re sur voilier habitable sur des plans d\u2019eau ayant peu de courant comme dans les Antilles, les lacs, le fleuve en bas de Bergeronnes, le golfe et la Baie des Chaleurs<\/p>","protected":false},"excerpt":{"rendered":"<p>d\u00e9couvrez tout ce qui est utile et n\u00e9cessaire de conna\u00eetre pour faire de la croisi\u00e8re sur voilier habitable.<\/p>\n<p>Ce livre est la suite logique du livre \u00abInitiation \u00e0 la croisi\u00e8re\u00bb.<\/p>","protected":false},"featured_media":2740,"template":"","meta":{"_acf_changed":false,"site-sidebar-layout":"default","site-content-layout":"","ast-site-content-layout":"default","site-content-style":"default","site-sidebar-style":"default","ast-global-header-display":"","ast-banner-title-visibility":"","ast-main-header-display":"","ast-hfb-above-header-display":"","ast-hfb-below-header-display":"","ast-hfb-mobile-header-display":"","site-post-title":"","ast-breadcrumbs-content":"","ast-featured-img":"","footer-sml-layout":"","ast-disable-related-posts":"","theme-transparent-header-meta":"default","adv-header-id-meta":"","stick-header-meta":"default","header-above-stick-meta":"","header-main-stick-meta":"","header-below-stick-meta":"","astra-migrate-meta-layouts":"set","ast-page-background-enabled":"default","ast-page-background-meta":{"desktop":{"background-color":"","background-image":"","background-repeat":"repeat","background-position":"center center","background-size":"auto","background-attachment":"scroll","background-type":"","background-media":"","overlay-type":"","overlay-color":"","overlay-opacity":"","overlay-gradient":""},"tablet":{"background-color":"","background-image":"","background-repeat":"repeat","background-position":"center center","background-size":"auto","background-attachment":"scroll","background-type":"","background-media":"","overlay-type":"","overlay-color":"","overlay-opacity":"","overlay-gradient":""},"mobile":{"background-color":"","background-image":"","background-repeat":"repeat","background-position":"center center","background-size":"auto","background-attachment":"scroll","background-type":"","background-media":"","overlay-type":"","overlay-color":"","overlay-opacity":"","overlay-gradient":""}},"ast-content-background-meta":{"desktop":{"background-color":"var(--ast-global-color-5)","background-image":"","background-repeat":"repeat","background-position":"center center","background-size":"auto","background-attachment":"scroll","background-type":"","background-media":"","overlay-type":"","overlay-color":"","overlay-opacity":"","overlay-gradient":""},"tablet":{"background-color":"var(--ast-global-color-5)","background-image":"","background-repeat":"repeat","background-position":"center center","background-size":"auto","background-attachment":"scroll","background-type":"","background-media":"","overlay-type":"","overlay-color":"","overlay-opacity":"","overlay-gradient":""},"mobile":{"background-color":"var(--ast-global-color-5)","background-image":"","background-repeat":"repeat","background-position":"center center","background-size":"auto","background-attachment":"scroll","background-type":"","background-media":"","overlay-type":"","overlay-color":"","overlay-opacity":"","overlay-gradient":""}}},"product_brand":[],"product_cat":[27],"product_tag":[],"class_list":{"0":"post-2497","1":"product","2":"type-product","3":"status-publish","4":"has-post-thumbnail","6":"product_cat-livres-et-manuels-en-francais","7":"desktop-align-left","8":"tablet-align-left","9":"mobile-align-left","11":"first","12":"instock","13":"shipping-taxable","14":"purchasable","15":"product-type-simple"},"acf":[],"yoast_head":"<!-- This site is optimized with the Yoast SEO plugin v27.0 - https:\/\/yoast.com\/product\/yoast-seo-wordpress\/ -->\n<title>Voile croisi\u00e8re interm\u00e9diaire - Voile Qu\u00e9bec<\/title>\n<meta name=\"description\" content=\"Voile croisi\u00e8re interm\u00e9diaire - Ce livre couvre tout ce qui est utile et n\u00e9cessaire de conna\u00eetre pour faire de la croisi\u00e8re sur voilier habitable.\" \/>\n<meta name=\"robots\" content=\"index, follow, max-snippet:-1, max-image-preview:large, max-video-preview:-1\" \/>\n<link rel=\"canonical\" href=\"https:\/\/voile.qc.ca\/en\/product\/voile-croisiere-intermediaire\/\" \/>\n<meta property=\"og:locale\" content=\"en_US\" \/>\n<meta property=\"og:type\" content=\"article\" \/>\n<meta property=\"og:title\" content=\"Voile croisi\u00e8re interm\u00e9diaire - Voile Qu\u00e9bec\" \/>\n<meta property=\"og:description\" content=\"Voile croisi\u00e8re interm\u00e9diaire - Ce livre couvre tout ce qui est utile et n\u00e9cessaire de conna\u00eetre pour faire de la croisi\u00e8re sur voilier habitable.\" \/>\n<meta property=\"og:url\" content=\"https:\/\/voile.qc.ca\/en\/product\/voile-croisiere-intermediaire\/\" \/>\n<meta property=\"og:site_name\" content=\"Voile Qu\u00e9bec\" \/>\n<meta property=\"article:publisher\" content=\"https:\/\/www.facebook.com\/voilequebec\" \/>\n<meta property=\"article:modified_time\" content=\"2026-04-01T18:54:01+00:00\" \/>\n<meta property=\"og:image\" content=\"https:\/\/voile.qc.ca\/wp-content\/uploads\/2023\/08\/boutique_Voile-croisiere-intermediaire-793x1024.png\" \/>\n\t<meta property=\"og:image:width\" content=\"793\" \/>\n\t<meta property=\"og:image:height\" content=\"1024\" \/>\n\t<meta property=\"og:image:type\" content=\"image\/png\" \/>\n<meta name=\"twitter:card\" content=\"summary_large_image\" \/>\n<meta name=\"twitter:label1\" content=\"Est. reading time\" \/>\n\t<meta name=\"twitter:data1\" content=\"2 minutes\" \/>\n<script type=\"application\/ld+json\" class=\"yoast-schema-graph\">{\"@context\":\"https:\/\/schema.org\",\"@graph\":[{\"@type\":\"WebPage\",\"@id\":\"https:\/\/voile.qc.ca\/fr\/produit\/voile-croisiere-intermediaire\/\",\"url\":\"https:\/\/voile.qc.ca\/fr\/produit\/voile-croisiere-intermediaire\/\",\"name\":\"Voile croisi\u00e8re interm\u00e9diaire - Voile Qu\u00e9bec\",\"isPartOf\":{\"@id\":\"https:\/\/voile.qc.ca\/fr\/#website\"},\"primaryImageOfPage\":{\"@id\":\"https:\/\/voile.qc.ca\/fr\/produit\/voile-croisiere-intermediaire\/#primaryimage\"},\"image\":{\"@id\":\"https:\/\/voile.qc.ca\/fr\/produit\/voile-croisiere-intermediaire\/#primaryimage\"},\"thumbnailUrl\":\"https:\/\/voile.qc.ca\/wp-content\/uploads\/2023\/08\/boutique_Voile-croisiere-intermediaire.png\",\"datePublished\":\"2023-08-21T14:07:24+00:00\",\"dateModified\":\"2026-04-01T18:54:01+00:00\",\"description\":\"Voile croisi\u00e8re interm\u00e9diaire - Ce livre couvre tout ce qui est utile et n\u00e9cessaire de conna\u00eetre pour faire de la croisi\u00e8re sur voilier habitable.\",\"breadcrumb\":{\"@id\":\"https:\/\/voile.qc.ca\/fr\/produit\/voile-croisiere-intermediaire\/#breadcrumb\"},\"inLanguage\":\"en-CA\",\"potentialAction\":[{\"@type\":\"ReadAction\",\"target\":[\"https:\/\/voile.qc.ca\/fr\/produit\/voile-croisiere-intermediaire\/\"]}]},{\"@type\":\"ImageObject\",\"inLanguage\":\"en-CA\",\"@id\":\"https:\/\/voile.qc.ca\/fr\/produit\/voile-croisiere-intermediaire\/#primaryimage\",\"url\":\"https:\/\/voile.qc.ca\/wp-content\/uploads\/2023\/08\/boutique_Voile-croisiere-intermediaire.png\",\"contentUrl\":\"https:\/\/voile.qc.ca\/wp-content\/uploads\/2023\/08\/boutique_Voile-croisiere-intermediaire.png\",\"width\":1322,\"height\":1707,\"caption\":\"Voile croisi\u00e8re interm\u00e9diaire\"},{\"@type\":\"BreadcrumbList\",\"@id\":\"https:\/\/voile.qc.ca\/fr\/produit\/voile-croisiere-intermediaire\/#breadcrumb\",\"itemListElement\":[{\"@type\":\"ListItem\",\"position\":1,\"name\":\"Accueil\",\"item\":\"https:\/\/voile.qc.ca\/\"},{\"@type\":\"ListItem\",\"position\":2,\"name\":\"boutique\",\"item\":\"https:\/\/voile.qc.ca\/en\/boutique\/\"},{\"@type\":\"ListItem\",\"position\":3,\"name\":\"Voile croisi\u00e8re interm\u00e9diaire\"}]},{\"@type\":\"WebSite\",\"@id\":\"https:\/\/voile.qc.ca\/fr\/#website\",\"url\":\"https:\/\/voile.qc.ca\/fr\/\",\"name\":\"Voile Qu\u00e9bec\",\"description\":\"La r\u00e9f\u00e9rence de voile au Qu\u00e9bec\",\"publisher\":{\"@id\":\"https:\/\/voile.qc.ca\/fr\/#organization\"},\"potentialAction\":[{\"@type\":\"SearchAction\",\"target\":{\"@type\":\"EntryPoint\",\"urlTemplate\":\"https:\/\/voile.qc.ca\/fr\/?s={search_term_string}\"},\"query-input\":{\"@type\":\"PropertyValueSpecification\",\"valueRequired\":true,\"valueName\":\"search_term_string\"}}],\"inLanguage\":\"en-CA\"},{\"@type\":\"Organization\",\"@id\":\"https:\/\/voile.qc.ca\/fr\/#organization\",\"name\":\"F\u00e9d\u00e9ration de Voile du Qu\u00e9bec\",\"url\":\"https:\/\/voile.qc.ca\/fr\/\",\"logo\":{\"@type\":\"ImageObject\",\"inLanguage\":\"en-CA\",\"@id\":\"https:\/\/voile.qc.ca\/fr\/#\/schema\/logo\/image\/\",\"url\":\"https:\/\/voile.qc.ca\/wp-content\/uploads\/2023\/11\/cropped-bateau-bleu-V5.png\",\"contentUrl\":\"https:\/\/voile.qc.ca\/wp-content\/uploads\/2023\/11\/cropped-bateau-bleu-V5.png\",\"width\":500,\"height\":116,\"caption\":\"F\u00e9d\u00e9ration de Voile du Qu\u00e9bec\"},\"image\":{\"@id\":\"https:\/\/voile.qc.ca\/fr\/#\/schema\/logo\/image\/\"},\"sameAs\":[\"https:\/\/www.facebook.com\/voilequebec\",\"https:\/\/www.instagram.com\/voilequebec\"]}]}<\/script>\n<!-- \/ Yoast SEO plugin. -->","yoast_head_json":{"title":"Voile croisi\u00e8re interm\u00e9diaire - Voile Qu\u00e9bec","description":"Voile croisi\u00e8re interm\u00e9diaire - Ce livre couvre tout ce qui est utile et n\u00e9cessaire de conna\u00eetre pour faire de la croisi\u00e8re sur voilier habitable.","robots":{"index":"index","follow":"follow","max-snippet":"max-snippet:-1","max-image-preview":"max-image-preview:large","max-video-preview":"max-video-preview:-1"},"canonical":"https:\/\/voile.qc.ca\/en\/product\/voile-croisiere-intermediaire\/","og_locale":"en_US","og_type":"article","og_title":"Voile croisi\u00e8re interm\u00e9diaire - Voile Qu\u00e9bec","og_description":"Voile croisi\u00e8re interm\u00e9diaire - Ce livre couvre tout ce qui est utile et n\u00e9cessaire de conna\u00eetre pour faire de la croisi\u00e8re sur voilier habitable.","og_url":"https:\/\/voile.qc.ca\/en\/product\/voile-croisiere-intermediaire\/","og_site_name":"Voile Qu\u00e9bec","article_publisher":"https:\/\/www.facebook.com\/voilequebec","article_modified_time":"2026-04-01T18:54:01+00:00","og_image":[{"width":793,"height":1024,"url":"https:\/\/voile.qc.ca\/wp-content\/uploads\/2023\/08\/boutique_Voile-croisiere-intermediaire-793x1024.png","type":"image\/png"}],"twitter_card":"summary_large_image","twitter_misc":{"Est. reading time":"2 minutes"},"schema":{"@context":"https:\/\/schema.org","@graph":[{"@type":"WebPage","@id":"https:\/\/voile.qc.ca\/fr\/produit\/voile-croisiere-intermediaire\/","url":"https:\/\/voile.qc.ca\/fr\/produit\/voile-croisiere-intermediaire\/","name":"Voile croisi\u00e8re interm\u00e9diaire - Voile Qu\u00e9bec","isPartOf":{"@id":"https:\/\/voile.qc.ca\/fr\/#website"},"primaryImageOfPage":{"@id":"https:\/\/voile.qc.ca\/fr\/produit\/voile-croisiere-intermediaire\/#primaryimage"},"image":{"@id":"https:\/\/voile.qc.ca\/fr\/produit\/voile-croisiere-intermediaire\/#primaryimage"},"thumbnailUrl":"https:\/\/voile.qc.ca\/wp-content\/uploads\/2023\/08\/boutique_Voile-croisiere-intermediaire.png","datePublished":"2023-08-21T14:07:24+00:00","dateModified":"2026-04-01T18:54:01+00:00","description":"Voile croisi\u00e8re interm\u00e9diaire - Ce livre couvre tout ce qui est utile et n\u00e9cessaire de conna\u00eetre pour faire de la croisi\u00e8re sur voilier habitable.","breadcrumb":{"@id":"https:\/\/voile.qc.ca\/fr\/produit\/voile-croisiere-intermediaire\/#breadcrumb"},"inLanguage":"en-CA","potentialAction":[{"@type":"ReadAction","target":["https:\/\/voile.qc.ca\/fr\/produit\/voile-croisiere-intermediaire\/"]}]},{"@type":"ImageObject","inLanguage":"en-CA","@id":"https:\/\/voile.qc.ca\/fr\/produit\/voile-croisiere-intermediaire\/#primaryimage","url":"https:\/\/voile.qc.ca\/wp-content\/uploads\/2023\/08\/boutique_Voile-croisiere-intermediaire.png","contentUrl":"https:\/\/voile.qc.ca\/wp-content\/uploads\/2023\/08\/boutique_Voile-croisiere-intermediaire.png","width":1322,"height":1707,"caption":"Voile croisi\u00e8re interm\u00e9diaire"},{"@type":"BreadcrumbList","@id":"https:\/\/voile.qc.ca\/fr\/produit\/voile-croisiere-intermediaire\/#breadcrumb","itemListElement":[{"@type":"ListItem","position":1,"name":"Accueil","item":"https:\/\/voile.qc.ca\/"},{"@type":"ListItem","position":2,"name":"boutique","item":"https:\/\/voile.qc.ca\/en\/boutique\/"},{"@type":"ListItem","position":3,"name":"Voile croisi\u00e8re interm\u00e9diaire"}]},{"@type":"WebSite","@id":"https:\/\/voile.qc.ca\/fr\/#website","url":"https:\/\/voile.qc.ca\/fr\/","name":"Voile Qu\u00e9bec","description":"La r\u00e9f\u00e9rence de voile au Qu\u00e9bec","publisher":{"@id":"https:\/\/voile.qc.ca\/fr\/#organization"},"potentialAction":[{"@type":"SearchAction","target":{"@type":"EntryPoint","urlTemplate":"https:\/\/voile.qc.ca\/fr\/?s={search_term_string}"},"query-input":{"@type":"PropertyValueSpecification","valueRequired":true,"valueName":"search_term_string"}}],"inLanguage":"en-CA"},{"@type":"Organization","@id":"https:\/\/voile.qc.ca\/fr\/#organization","name":"F\u00e9d\u00e9ration de Voile du Qu\u00e9bec","url":"https:\/\/voile.qc.ca\/fr\/","logo":{"@type":"ImageObject","inLanguage":"en-CA","@id":"https:\/\/voile.qc.ca\/fr\/#\/schema\/logo\/image\/","url":"https:\/\/voile.qc.ca\/wp-content\/uploads\/2023\/11\/cropped-bateau-bleu-V5.png","contentUrl":"https:\/\/voile.qc.ca\/wp-content\/uploads\/2023\/11\/cropped-bateau-bleu-V5.png","width":500,"height":116,"caption":"F\u00e9d\u00e9ration de Voile du Qu\u00e9bec"},"image":{"@id":"https:\/\/voile.qc.ca\/fr\/#\/schema\/logo\/image\/"},"sameAs":["https:\/\/www.facebook.com\/voilequebec","https:\/\/www.instagram.com\/voilequebec"]}]}},"jetpack_sharing_enabled":true,"_links":{"self":[{"href":"https:\/\/voile.qc.ca\/en\/wp-json\/wp\/v2\/product\/2497","targetHints":{"allow":["GET"]}}],"collection":[{"href":"https:\/\/voile.qc.ca\/en\/wp-json\/wp\/v2\/product"}],"about":[{"href":"https:\/\/voile.qc.ca\/en\/wp-json\/wp\/v2\/types\/product"}],"wp:featuredmedia":[{"embeddable":true,"href":"https:\/\/voile.qc.ca\/en\/wp-json\/wp\/v2\/media\/2740"}],"wp:attachment":[{"href":"https:\/\/voile.qc.ca\/en\/wp-json\/wp\/v2\/media?parent=2497"}],"wp:term":[{"taxonomy":"product_brand","embeddable":true,"href":"https:\/\/voile.qc.ca\/en\/wp-json\/wp\/v2\/product_brand?post=2497"},{"taxonomy":"product_cat","embeddable":true,"href":"https:\/\/voile.qc.ca\/en\/wp-json\/wp\/v2\/product_cat?post=2497"},{"taxonomy":"product_tag","embeddable":true,"href":"https:\/\/voile.qc.ca\/en\/wp-json\/wp\/v2\/product_tag?post=2497"}],"curies":[{"name":"wp","href":"https:\/\/api.w.org\/{rel}","templated":true}]}}