{"id":2492,"date":"2023-08-21T10:04:35","date_gmt":"2023-08-21T14:04:35","guid":{"rendered":"https:\/\/voile.qc.ca\/?post_type=product&#038;p=2492"},"modified":"2025-06-04T08:52:25","modified_gmt":"2025-06-04T12:52:25","slug":"navigation-de-plaisance","status":"publish","type":"product","link":"https:\/\/voile.qc.ca\/en\/product\/navigation-de-plaisance\/","title":{"rendered":"Navigation de plaisance"},"content":{"rendered":"<p>Navigation de plaisance passionnante et s\u00e9curitaire<\/p>\n<p class=\"p1\">Le but de \u00ab\u00a0Navigation de plaisance\u00a0\u00bb est de pr\u00e9senter aux navigateurs plaisanciers, qui d\u00e9sirent approfondir leurs connaissances, les informations essentielles qui leur permettront de profiter au maximum des plaisirs de la pratique de leur loisir favori, tout en se comportant de fa\u00e7on s\u00e9curitaire et responsable dans les sports nautiques, \u00e0 voile, \u00e0 moteur ou \u00e0 propulsion humaine.<\/p>\n<p class=\"p1\">Le titre insiste sur la \u00ab passion \u00bb du navigateur pour la plaisance et sur la \u00ab s\u00e9curit\u00e9 \u00bb, qui vont de pair : c&rsquo;est la mise en relief de l&rsquo;importance de la s\u00e9curit\u00e9 et du vif int\u00e9r\u00eat du marin pour un contact avec les \u00e9l\u00e9ments et la culture du milieu maritime, dans le partage de l&rsquo;utilisation des plans d&rsquo;eau.<\/p>\n<hr \/>\n<p class=\"p1\">D\u00e9couvrez toutes les formations disponibles <a href=\"https:\/\/voile.qc.ca\/en\/formations\/\">ici<\/a><\/p>","protected":false},"excerpt":{"rendered":"<p class=\"p1\">Navigation de plaisance \u00e0 pour but de pr\u00e9senter aux navigateurs plaisanciers, qui d\u00e9sirent approfondir leurs connaissances, les informations essentielles qui leur permettront de profiter au maximum des plaisirs de la pratique de leur loisir favori, tout en se comportant de fa\u00e7on s\u00e9curitaire et responsable dans les sports nautiques, \u00e0 voile, \u00e0 moteur ou \u00e0 propulsion humaine.<\/p>\n<p class=\"p1\">Le titre insiste sur la \u00ab passion \u00bb du navigateur pour la plaisance et sur la \u00ab s\u00e9curit\u00e9 \u00bb, qui vont de pair : c&rsquo;est la mise en relief de l&rsquo;importance de la s\u00e9curit\u00e9 et du vif int\u00e9r\u00eat du marin pour un contact avec les \u00e9l\u00e9ments et la culture du milieu maritime, dans le partage de l&rsquo;utilisation des plans d&rsquo;eau.<\/p>\n<p class=\"p1\">","protected":false},"featured_media":2729,"template":"","meta":{"_acf_changed":false,"site-sidebar-layout":"default","site-content-layout":"","ast-site-content-layout":"default","site-content-style":"default","site-sidebar-style":"default","ast-global-header-display":"","ast-banner-title-visibility":"","ast-main-header-display":"","ast-hfb-above-header-display":"","ast-hfb-below-header-display":"","ast-hfb-mobile-header-display":"","site-post-title":"","ast-breadcrumbs-content":"","ast-featured-img":"","footer-sml-layout":"","ast-disable-related-posts":"","theme-transparent-header-meta":"default","adv-header-id-meta":"","stick-header-meta":"default","header-above-stick-meta":"","header-main-stick-meta":"","header-below-stick-meta":"","astra-migrate-meta-layouts":"set","ast-page-background-enabled":"default","ast-page-background-meta":{"desktop":{"background-color":"","background-image":"","background-repeat":"repeat","background-position":"center center","background-size":"auto","background-attachment":"scroll","background-type":"","background-media":"","overlay-type":"","overlay-color":"","overlay-opacity":"","overlay-gradient":""},"tablet":{"background-color":"","background-image":"","background-repeat":"repeat","background-position":"center center","background-size":"auto","background-attachment":"scroll","background-type":"","background-media":"","overlay-type":"","overlay-color":"","overlay-opacity":"","overlay-gradient":""},"mobile":{"background-color":"","background-image":"","background-repeat":"repeat","background-position":"center center","background-size":"auto","background-attachment":"scroll","background-type":"","background-media":"","overlay-type":"","overlay-color":"","overlay-opacity":"","overlay-gradient":""}},"ast-content-background-meta":{"desktop":{"background-color":"var(--ast-global-color-5)","background-image":"","background-repeat":"repeat","background-position":"center center","background-size":"auto","background-attachment":"scroll","background-type":"","background-media":"","overlay-type":"","overlay-color":"","overlay-opacity":"","overlay-gradient":""},"tablet":{"background-color":"var(--ast-global-color-5)","background-image":"","background-repeat":"repeat","background-position":"center center","background-size":"auto","background-attachment":"scroll","background-type":"","background-media":"","overlay-type":"","overlay-color":"","overlay-opacity":"","overlay-gradient":""},"mobile":{"background-color":"var(--ast-global-color-5)","background-image":"","background-repeat":"repeat","background-position":"center center","background-size":"auto","background-attachment":"scroll","background-type":"","background-media":"","overlay-type":"","overlay-color":"","overlay-opacity":"","overlay-gradient":""}}},"product_brand":[],"product_cat":[27],"product_tag":[],"class_list":{"0":"post-2492","1":"product","2":"type-product","3":"status-publish","4":"has-post-thumbnail","6":"product_cat-livres-et-manuels-en-francais","7":"desktop-align-left","8":"tablet-align-left","9":"mobile-align-left","11":"first","12":"instock","13":"shipping-taxable","14":"purchasable","15":"product-type-simple"},"acf":[],"yoast_head":"<!-- This site is optimized with the Yoast SEO plugin v27.0 - https:\/\/yoast.com\/product\/yoast-seo-wordpress\/ -->\n<title>Navigation de plaisance - Voile Qu\u00e9bec<\/title>\n<meta name=\"description\" content=\"Navigation de plaisance - R\u00e9flexions, r\u00e9f\u00e9rences et notions essentielles concernant la marine de plaisance et la s\u00e9curit\u00e9 de navigation\" \/>\n<meta name=\"robots\" content=\"index, follow, max-snippet:-1, max-image-preview:large, max-video-preview:-1\" \/>\n<link rel=\"canonical\" href=\"https:\/\/voile.qc.ca\/en\/product\/navigation-de-plaisance\/\" \/>\n<meta property=\"og:locale\" content=\"en_US\" \/>\n<meta property=\"og:type\" content=\"article\" \/>\n<meta property=\"og:title\" content=\"Navigation de plaisance - Voile Qu\u00e9bec\" \/>\n<meta property=\"og:description\" content=\"Navigation de plaisance - R\u00e9flexions, r\u00e9f\u00e9rences et notions essentielles concernant la marine de plaisance et la s\u00e9curit\u00e9 de navigation\" \/>\n<meta property=\"og:url\" content=\"https:\/\/voile.qc.ca\/en\/product\/navigation-de-plaisance\/\" \/>\n<meta property=\"og:site_name\" content=\"Voile Qu\u00e9bec\" \/>\n<meta property=\"article:publisher\" content=\"https:\/\/www.facebook.com\/voilequebec\" \/>\n<meta property=\"article:modified_time\" content=\"2025-06-04T12:52:25+00:00\" \/>\n<meta property=\"og:image\" content=\"https:\/\/voile.qc.ca\/wp-content\/uploads\/2023\/08\/boutique_Navigation-de-plaisance-673x1024.png\" \/>\n\t<meta property=\"og:image:width\" content=\"673\" \/>\n\t<meta property=\"og:image:height\" content=\"1024\" \/>\n\t<meta property=\"og:image:type\" content=\"image\/png\" \/>\n<meta name=\"twitter:card\" content=\"summary_large_image\" \/>\n<meta name=\"twitter:label1\" content=\"Est. reading time\" \/>\n\t<meta name=\"twitter:data1\" content=\"1 minute\" \/>\n<script type=\"application\/ld+json\" class=\"yoast-schema-graph\">{\"@context\":\"https:\/\/schema.org\",\"@graph\":[{\"@type\":\"WebPage\",\"@id\":\"https:\/\/voile.qc.ca\/fr\/produit\/navigation-de-plaisance\/\",\"url\":\"https:\/\/voile.qc.ca\/fr\/produit\/navigation-de-plaisance\/\",\"name\":\"Navigation de plaisance - Voile Qu\u00e9bec\",\"isPartOf\":{\"@id\":\"https:\/\/voile.qc.ca\/fr\/#website\"},\"primaryImageOfPage\":{\"@id\":\"https:\/\/voile.qc.ca\/fr\/produit\/navigation-de-plaisance\/#primaryimage\"},\"image\":{\"@id\":\"https:\/\/voile.qc.ca\/fr\/produit\/navigation-de-plaisance\/#primaryimage\"},\"thumbnailUrl\":\"https:\/\/voile.qc.ca\/wp-content\/uploads\/2023\/08\/boutique_Navigation-de-plaisance.png\",\"datePublished\":\"2023-08-21T14:04:35+00:00\",\"dateModified\":\"2025-06-04T12:52:25+00:00\",\"description\":\"Navigation de plaisance - R\u00e9flexions, r\u00e9f\u00e9rences et notions essentielles concernant la marine de plaisance et la s\u00e9curit\u00e9 de navigation\",\"breadcrumb\":{\"@id\":\"https:\/\/voile.qc.ca\/fr\/produit\/navigation-de-plaisance\/#breadcrumb\"},\"inLanguage\":\"en-CA\",\"potentialAction\":[{\"@type\":\"ReadAction\",\"target\":[\"https:\/\/voile.qc.ca\/fr\/produit\/navigation-de-plaisance\/\"]}]},{\"@type\":\"ImageObject\",\"inLanguage\":\"en-CA\",\"@id\":\"https:\/\/voile.qc.ca\/fr\/produit\/navigation-de-plaisance\/#primaryimage\",\"url\":\"https:\/\/voile.qc.ca\/wp-content\/uploads\/2023\/08\/boutique_Navigation-de-plaisance.png\",\"contentUrl\":\"https:\/\/voile.qc.ca\/wp-content\/uploads\/2023\/08\/boutique_Navigation-de-plaisance.png\",\"width\":1315,\"height\":2001,\"caption\":\"Navigation de plaisance\"},{\"@type\":\"BreadcrumbList\",\"@id\":\"https:\/\/voile.qc.ca\/fr\/produit\/navigation-de-plaisance\/#breadcrumb\",\"itemListElement\":[{\"@type\":\"ListItem\",\"position\":1,\"name\":\"Accueil\",\"item\":\"https:\/\/voile.qc.ca\/\"},{\"@type\":\"ListItem\",\"position\":2,\"name\":\"boutique\",\"item\":\"https:\/\/voile.qc.ca\/en\/boutique\/\"},{\"@type\":\"ListItem\",\"position\":3,\"name\":\"Navigation de plaisance\"}]},{\"@type\":\"WebSite\",\"@id\":\"https:\/\/voile.qc.ca\/fr\/#website\",\"url\":\"https:\/\/voile.qc.ca\/fr\/\",\"name\":\"Voile Qu\u00e9bec\",\"description\":\"La r\u00e9f\u00e9rence de voile au Qu\u00e9bec\",\"publisher\":{\"@id\":\"https:\/\/voile.qc.ca\/fr\/#organization\"},\"potentialAction\":[{\"@type\":\"SearchAction\",\"target\":{\"@type\":\"EntryPoint\",\"urlTemplate\":\"https:\/\/voile.qc.ca\/fr\/?s={search_term_string}\"},\"query-input\":{\"@type\":\"PropertyValueSpecification\",\"valueRequired\":true,\"valueName\":\"search_term_string\"}}],\"inLanguage\":\"en-CA\"},{\"@type\":\"Organization\",\"@id\":\"https:\/\/voile.qc.ca\/fr\/#organization\",\"name\":\"F\u00e9d\u00e9ration de Voile du Qu\u00e9bec\",\"url\":\"https:\/\/voile.qc.ca\/fr\/\",\"logo\":{\"@type\":\"ImageObject\",\"inLanguage\":\"en-CA\",\"@id\":\"https:\/\/voile.qc.ca\/fr\/#\/schema\/logo\/image\/\",\"url\":\"https:\/\/voile.qc.ca\/wp-content\/uploads\/2023\/11\/cropped-bateau-bleu-V5.png\",\"contentUrl\":\"https:\/\/voile.qc.ca\/wp-content\/uploads\/2023\/11\/cropped-bateau-bleu-V5.png\",\"width\":500,\"height\":116,\"caption\":\"F\u00e9d\u00e9ration de Voile du Qu\u00e9bec\"},\"image\":{\"@id\":\"https:\/\/voile.qc.ca\/fr\/#\/schema\/logo\/image\/\"},\"sameAs\":[\"https:\/\/www.facebook.com\/voilequebec\",\"https:\/\/www.instagram.com\/voilequebec\"]}]}<\/script>\n<!-- \/ Yoast SEO plugin. -->","yoast_head_json":{"title":"Navigation de plaisance - Voile Qu\u00e9bec","description":"Navigation de plaisance - R\u00e9flexions, r\u00e9f\u00e9rences et notions essentielles concernant la marine de plaisance et la s\u00e9curit\u00e9 de navigation","robots":{"index":"index","follow":"follow","max-snippet":"max-snippet:-1","max-image-preview":"max-image-preview:large","max-video-preview":"max-video-preview:-1"},"canonical":"https:\/\/voile.qc.ca\/en\/product\/navigation-de-plaisance\/","og_locale":"en_US","og_type":"article","og_title":"Navigation de plaisance - Voile Qu\u00e9bec","og_description":"Navigation de plaisance - R\u00e9flexions, r\u00e9f\u00e9rences et notions essentielles concernant la marine de plaisance et la s\u00e9curit\u00e9 de navigation","og_url":"https:\/\/voile.qc.ca\/en\/product\/navigation-de-plaisance\/","og_site_name":"Voile Qu\u00e9bec","article_publisher":"https:\/\/www.facebook.com\/voilequebec","article_modified_time":"2025-06-04T12:52:25+00:00","og_image":[{"width":673,"height":1024,"url":"https:\/\/voile.qc.ca\/wp-content\/uploads\/2023\/08\/boutique_Navigation-de-plaisance-673x1024.png","type":"image\/png"}],"twitter_card":"summary_large_image","twitter_misc":{"Est. reading time":"1 minute"},"schema":{"@context":"https:\/\/schema.org","@graph":[{"@type":"WebPage","@id":"https:\/\/voile.qc.ca\/fr\/produit\/navigation-de-plaisance\/","url":"https:\/\/voile.qc.ca\/fr\/produit\/navigation-de-plaisance\/","name":"Navigation de plaisance - Voile Qu\u00e9bec","isPartOf":{"@id":"https:\/\/voile.qc.ca\/fr\/#website"},"primaryImageOfPage":{"@id":"https:\/\/voile.qc.ca\/fr\/produit\/navigation-de-plaisance\/#primaryimage"},"image":{"@id":"https:\/\/voile.qc.ca\/fr\/produit\/navigation-de-plaisance\/#primaryimage"},"thumbnailUrl":"https:\/\/voile.qc.ca\/wp-content\/uploads\/2023\/08\/boutique_Navigation-de-plaisance.png","datePublished":"2023-08-21T14:04:35+00:00","dateModified":"2025-06-04T12:52:25+00:00","description":"Navigation de plaisance - R\u00e9flexions, r\u00e9f\u00e9rences et notions essentielles concernant la marine de plaisance et la s\u00e9curit\u00e9 de navigation","breadcrumb":{"@id":"https:\/\/voile.qc.ca\/fr\/produit\/navigation-de-plaisance\/#breadcrumb"},"inLanguage":"en-CA","potentialAction":[{"@type":"ReadAction","target":["https:\/\/voile.qc.ca\/fr\/produit\/navigation-de-plaisance\/"]}]},{"@type":"ImageObject","inLanguage":"en-CA","@id":"https:\/\/voile.qc.ca\/fr\/produit\/navigation-de-plaisance\/#primaryimage","url":"https:\/\/voile.qc.ca\/wp-content\/uploads\/2023\/08\/boutique_Navigation-de-plaisance.png","contentUrl":"https:\/\/voile.qc.ca\/wp-content\/uploads\/2023\/08\/boutique_Navigation-de-plaisance.png","width":1315,"height":2001,"caption":"Navigation de plaisance"},{"@type":"BreadcrumbList","@id":"https:\/\/voile.qc.ca\/fr\/produit\/navigation-de-plaisance\/#breadcrumb","itemListElement":[{"@type":"ListItem","position":1,"name":"Accueil","item":"https:\/\/voile.qc.ca\/"},{"@type":"ListItem","position":2,"name":"boutique","item":"https:\/\/voile.qc.ca\/en\/boutique\/"},{"@type":"ListItem","position":3,"name":"Navigation de plaisance"}]},{"@type":"WebSite","@id":"https:\/\/voile.qc.ca\/fr\/#website","url":"https:\/\/voile.qc.ca\/fr\/","name":"Voile Qu\u00e9bec","description":"La r\u00e9f\u00e9rence de voile au Qu\u00e9bec","publisher":{"@id":"https:\/\/voile.qc.ca\/fr\/#organization"},"potentialAction":[{"@type":"SearchAction","target":{"@type":"EntryPoint","urlTemplate":"https:\/\/voile.qc.ca\/fr\/?s={search_term_string}"},"query-input":{"@type":"PropertyValueSpecification","valueRequired":true,"valueName":"search_term_string"}}],"inLanguage":"en-CA"},{"@type":"Organization","@id":"https:\/\/voile.qc.ca\/fr\/#organization","name":"F\u00e9d\u00e9ration de Voile du Qu\u00e9bec","url":"https:\/\/voile.qc.ca\/fr\/","logo":{"@type":"ImageObject","inLanguage":"en-CA","@id":"https:\/\/voile.qc.ca\/fr\/#\/schema\/logo\/image\/","url":"https:\/\/voile.qc.ca\/wp-content\/uploads\/2023\/11\/cropped-bateau-bleu-V5.png","contentUrl":"https:\/\/voile.qc.ca\/wp-content\/uploads\/2023\/11\/cropped-bateau-bleu-V5.png","width":500,"height":116,"caption":"F\u00e9d\u00e9ration de Voile du Qu\u00e9bec"},"image":{"@id":"https:\/\/voile.qc.ca\/fr\/#\/schema\/logo\/image\/"},"sameAs":["https:\/\/www.facebook.com\/voilequebec","https:\/\/www.instagram.com\/voilequebec"]}]}},"jetpack_sharing_enabled":true,"_links":{"self":[{"href":"https:\/\/voile.qc.ca\/en\/wp-json\/wp\/v2\/product\/2492","targetHints":{"allow":["GET"]}}],"collection":[{"href":"https:\/\/voile.qc.ca\/en\/wp-json\/wp\/v2\/product"}],"about":[{"href":"https:\/\/voile.qc.ca\/en\/wp-json\/wp\/v2\/types\/product"}],"wp:featuredmedia":[{"embeddable":true,"href":"https:\/\/voile.qc.ca\/en\/wp-json\/wp\/v2\/media\/2729"}],"wp:attachment":[{"href":"https:\/\/voile.qc.ca\/en\/wp-json\/wp\/v2\/media?parent=2492"}],"wp:term":[{"taxonomy":"product_brand","embeddable":true,"href":"https:\/\/voile.qc.ca\/en\/wp-json\/wp\/v2\/product_brand?post=2492"},{"taxonomy":"product_cat","embeddable":true,"href":"https:\/\/voile.qc.ca\/en\/wp-json\/wp\/v2\/product_cat?post=2492"},{"taxonomy":"product_tag","embeddable":true,"href":"https:\/\/voile.qc.ca\/en\/wp-json\/wp\/v2\/product_tag?post=2492"}],"curies":[{"name":"wp","href":"https:\/\/api.w.org\/{rel}","templated":true}]}}