{"id":817,"date":"2023-04-26T16:02:06","date_gmt":"2023-04-26T20:02:06","guid":{"rendered":"https:\/\/voile.qc.ca\/?page_id=817"},"modified":"2026-03-15T23:11:01","modified_gmt":"2026-03-16T03:11:01","slug":"aga","status":"publish","type":"page","link":"https:\/\/voile.qc.ca\/en\/aga\/","title":{"rendered":"Annual General Meeting"},"content":{"rendered":"<div data-elementor-type=\"wp-page\" data-elementor-id=\"817\" class=\"elementor elementor-817\">\n\t\t\t\t\t\t<section class=\"elementor-section elementor-top-section elementor-element elementor-element-a433a65 elementor-section-boxed elementor-section-height-default elementor-section-height-default exad-glass-effect-no exad-sticky-section-no\" data-id=\"a433a65\" data-element_type=\"section\" data-e-type=\"section\" data-settings=\"{&quot;background_background&quot;:&quot;classic&quot;}\">\n\t\t\t\t\t\t<div class=\"elementor-container elementor-column-gap-default\">\n\t\t\t\t\t<div class=\"elementor-column elementor-col-100 elementor-top-column elementor-element elementor-element-dc2869e exad-glass-effect-no exad-sticky-section-no\" data-id=\"dc2869e\" data-element_type=\"column\" data-e-type=\"column\">\n\t\t\t<div class=\"elementor-widget-wrap elementor-element-populated\">\n\t\t\t\t\t\t<div class=\"elementor-element elementor-element-6fbc9e2 exad-sticky-section-no exad-glass-effect-no elementor-widget elementor-widget-heading\" data-id=\"6fbc9e2\" data-element_type=\"widget\" data-e-type=\"widget\" data-widget_type=\"heading.default\">\n\t\t\t\t<div class=\"elementor-widget-container\">\n\t\t\t\t\t<h1 class=\"elementor-heading-title elementor-size-default\">Annual general meeting<\/h1>\t\t\t\t<\/div>\n\t\t\t\t<\/div>\n\t\t\t\t\t<\/div>\n\t\t<\/div>\n\t\t\t\t\t<\/div>\n\t\t<\/section>\n\t\t\t\t<section class=\"elementor-section elementor-top-section elementor-element elementor-element-75f87c1 elementor-section-boxed elementor-section-height-default elementor-section-height-default exad-glass-effect-no exad-sticky-section-no\" data-id=\"75f87c1\" data-element_type=\"section\" data-e-type=\"section\">\n\t\t\t\t\t\t<div class=\"elementor-container elementor-column-gap-default\">\n\t\t\t\t\t<div class=\"elementor-column elementor-col-50 elementor-top-column elementor-element elementor-element-e498c80 exad-glass-effect-no exad-sticky-section-no\" data-id=\"e498c80\" data-element_type=\"column\" data-e-type=\"column\">\n\t\t\t<div class=\"elementor-widget-wrap elementor-element-populated\">\n\t\t\t\t\t\t<div class=\"elementor-element elementor-element-ac19aef elementor-widget__width-initial exad-sticky-section-no exad-glass-effect-no elementor-widget elementor-widget-text-editor\" data-id=\"ac19aef\" data-element_type=\"widget\" data-e-type=\"widget\" data-widget_type=\"text-editor.default\">\n\t\t\t\t<div class=\"elementor-widget-container\">\n\t\t\t\t\t\t\t\t\t<p><strong>D<\/strong><b>ocuments of the annua<\/b><span style=\"background-color: var(--ast-global-color-4);\"><b>l general meeting <\/b><\/span><b style=\"font-style: inherit; background-color: var(--ast-global-color-4); color: var(--ast-global-color-3);\">: <\/b><\/p><ul><li><a href=\"https:\/\/voile.qc.ca\/wp-content\/uploads\/2026\/02\/Ordre-du-jour-AGA-2026-valide-CA.doc.pdf\">Ordre du jour AGA 2026 <\/a>(mis en ligne le 26-02-2026)<\/li><li><a href=\"https:\/\/voile.qc.ca\/wp-content\/uploads\/2026\/02\/AGA_Proces-verbal_2025_signe_pour-approbation-en-AGA.pdf\">Proc\u00e8s verbal 2025 pour adoption <\/a>(mis en ligne le 26-02-2026)<\/li><li><a href=\"https:\/\/voile.qc.ca\/en\/rapport-annuel-2025-vdef-2026-03-13-2\/\" rel=\"attachment wp-att-19863\">Rapport Activit\u00e9 2025<\/a>\u00a0(mis en ligne le 15-03-2026)<a href=\"https:\/\/voile.qc.ca\/wp-content\/uploads\/2025\/02\/03_Rapport-annuel-2024.pdf\" target=\"_blank\" rel=\"noopener\"><br \/><\/a><\/li><li><a href=\"https:\/\/voile.qc.ca\/wp-content\/uploads\/2026\/02\/P6060_EF_2025_signes.pdf\" target=\"_blank\" rel=\"noopener\">\u00c9tats financiers et Rapport de l&rsquo;auditeur ind\u00e9pendant 2025 <\/a>(mis en ligne le 26-02-2026)<\/li><li><div class=\"HighlightSol HighlightSol--buildingBlock TypographyPresentation TypographyPresentation--medium RichText3-paragraph--withVSpacingNormal RichText3-paragraph\"><a href=\"https:\/\/voile.qc.ca\/wp-content\/uploads\/2026\/01\/Reglements-generaux-FVQ-2025-12-13_A-etre-ratifie-AGA-2026.pdf\">R\u00e8glements g\u00e9n\u00e9raux 2025 (pour adoption) <\/a>(mis en ligne le 26-02-2026)<\/div><\/li><li><a href=\"https:\/\/voile.qc.ca\/wp-content\/uploads\/2026\/02\/FVQ-RG-Tableau-comparatif-2025-2026.pdf\">FVQ &#8211; RG- Tableau comparatif 2025-2026 <\/a>(mis en ligne le 26-02-2026)<\/li><li><a href=\"https:\/\/voile.qc.ca\/wp-content\/uploads\/2026\/03\/Publication_Postes_CA_FVQ-2026-03_05.pdf\">Liste des postes \u00e0 pourvoir<\/a> (mis en ligne le 15-03-2026)<\/li><li style=\"font-size: 16px;\"><a style=\"font-size: 16px; font-style: normal; font-weight: 400; transition-property: all; color: #3a3a3a;\" href=\"https:\/\/voile.qc.ca\/wp-content\/uploads\/2026\/03\/RapportComiteNomination-FVQ2026_VF.pdf\">Rapport Comit\u00e9 de candidatures (mis en ligne le 15-<\/a>03-2026)<\/li><\/ul><h4><b>Annual reports from previous years:\u00a0<\/b><\/h4><ul><li style=\"list-style-type: none;\"><ul><li><a href=\"https:\/\/voile.qc.ca\/wp-content\/uploads\/2025\/02\/03_Rapport-annuel-2024.pdf\" target=\"_blank\" rel=\"noopener\">Rapport annuel 2024<\/a><\/li><li><a href=\"https:\/\/voile.qc.ca\/wp-content\/uploads\/2024\/02\/Rapport-annuel-2023.pdf\" target=\"_blank\" rel=\"noopener\">Annual report 2023<\/a><\/li><li><a href=\"https:\/\/voile.qc.ca\/wp-content\/uploads\/2023\/10\/Rapport-annuel-2022_FVQ.pdf\" target=\"_blank\" rel=\"noopener\">2022 annual report<\/a><\/li><li><a href=\"https:\/\/voile.qc.ca\/wp-content\/uploads\/2023\/10\/Rapport-annuel-2021.pdf\" target=\"_blank\" rel=\"noopener\">2021 annual report<\/a><\/li><li><a href=\"https:\/\/voile.qc.ca\/wp-content\/uploads\/2023\/10\/Rapport-annuel-2020.pdf\" target=\"_blank\" rel=\"noopener\">2020 annual report<\/a><\/li><li><a href=\"https:\/\/voile.qc.ca\/wp-content\/uploads\/2023\/10\/Rapport-annuel-2019_FVQ.pdf\" target=\"_blank\" rel=\"noopener\">2019 annual report<\/a><\/li><\/ul><\/li><\/ul>\t\t\t\t\t\t\t\t<\/div>\n\t\t\t\t<\/div>\n\t\t\t\t<div class=\"elementor-element elementor-element-e0995ad exad-sticky-section-no exad-glass-effect-no elementor-widget elementor-widget-text-editor\" data-id=\"e0995ad\" data-element_type=\"widget\" data-e-type=\"widget\" data-widget_type=\"text-editor.default\">\n\t\t\t\t<div class=\"elementor-widget-container\">\n\t\t\t\t\t\t\t\t\t<p>Lorem ipsum dolor sit amet, consectetur adipiscing elit. Ut elit tellus, luctus nec ullamcorper mattis, pulvinar dapibus leo.<\/p>\t\t\t\t\t\t\t\t<\/div>\n\t\t\t\t<\/div>\n\t\t\t\t<div class=\"elementor-element elementor-element-e0b5b0a exad-sticky-section-no exad-glass-effect-no elementor-widget elementor-widget-button\" data-id=\"e0b5b0a\" data-element_type=\"widget\" data-e-type=\"widget\" data-widget_type=\"button.default\">\n\t\t\t\t<div class=\"elementor-widget-container\">\n\t\t\t\t\t\t\t\t\t<div class=\"elementor-button-wrapper\">\n\t\t\t\t\t<a class=\"elementor-button elementor-button-link elementor-size-sm\" href=\"https:\/\/voile.qc.ca\/en\/formations\/\">\n\t\t\t\t\t\t<span class=\"elementor-button-content-wrapper\">\n\t\t\t\t\t\t\t\t\t<span class=\"elementor-button-text\">Learn more<\/span>\n\t\t\t\t\t<\/span>\n\t\t\t\t\t<\/a>\n\t\t\t\t<\/div>\n\t\t\t\t\t\t\t\t<\/div>\n\t\t\t\t<\/div>\n\t\t\t\t\t<\/div>\n\t\t<\/div>\n\t\t\t\t<div class=\"elementor-column elementor-col-50 elementor-top-column elementor-element elementor-element-a11bf65 exad-glass-effect-no exad-sticky-section-no\" data-id=\"a11bf65\" data-element_type=\"column\" data-e-type=\"column\">\n\t\t\t<div class=\"elementor-widget-wrap elementor-element-populated\">\n\t\t\t\t\t\t<div class=\"elementor-element elementor-element-4ac60e1 elementor-widget__width-initial exad-sticky-section-no exad-glass-effect-no elementor-widget elementor-widget-text-editor\" data-id=\"4ac60e1\" data-element_type=\"widget\" data-e-type=\"widget\" data-widget_type=\"text-editor.default\">\n\t\t\t\t<div class=\"elementor-widget-container\">\n\t\t\t\t\t\t\t\t\t<h4><b>Avis de convocation de l&rsquo;Assembl\u00e9e G\u00e9n\u00e9rale 2026<\/b><\/h4><div>\u00a0<\/div><p>Nouvelle AGA pr\u00e9vue\u00a0 \u00a0 \u00a0 \u00a0\u00a0<span style=\"font-style: inherit; font-weight: inherit;\">le 31 mars 2026<\/span><\/p>\t\t\t\t\t\t\t\t<\/div>\n\t\t\t\t<\/div>\n\t\t\t\t<div class=\"elementor-element elementor-element-7becfd6 exad-sticky-section-no exad-glass-effect-no elementor-widget elementor-widget-heading\" data-id=\"7becfd6\" data-element_type=\"widget\" data-e-type=\"widget\" data-widget_type=\"heading.default\">\n\t\t\t\t<div class=\"elementor-widget-container\">\n\t\t\t\t\t<h2 class=\"elementor-heading-title elementor-size-default\">Inscription Obligatoire<\/h2>\t\t\t\t<\/div>\n\t\t\t\t<\/div>\n\t\t\t\t<div class=\"elementor-element elementor-element-e7e21c0 exad-sticky-section-no exad-glass-effect-no elementor-widget elementor-widget-text-editor\" data-id=\"e7e21c0\" data-element_type=\"widget\" data-e-type=\"widget\" data-widget_type=\"text-editor.default\">\n\t\t\t\t<div class=\"elementor-widget-container\">\n\t\t\t\t\t\t\t\t\t<p>Date limite d&rsquo;inscription\u00a0 24 mars 2026<\/p>\t\t\t\t\t\t\t\t<\/div>\n\t\t\t\t<\/div>\n\t\t\t\t<div class=\"elementor-element elementor-element-d004641 elementor-align-center exad-sticky-section-no exad-glass-effect-no elementor-widget elementor-widget-button\" data-id=\"d004641\" data-element_type=\"widget\" data-e-type=\"widget\" data-widget_type=\"button.default\">\n\t\t\t\t<div class=\"elementor-widget-container\">\n\t\t\t\t\t\t\t\t\t<div class=\"elementor-button-wrapper\">\n\t\t\t\t\t<a class=\"elementor-button elementor-button-link elementor-size-sm\" href=\"https:\/\/voile.qc.ca\/en\/civicrm\/event\/register\/?reset=1&#038;id=174\">\n\t\t\t\t\t\t<span class=\"elementor-button-content-wrapper\">\n\t\t\t\t\t\t\t\t\t<span class=\"elementor-button-text\">membres individuels<\/span>\n\t\t\t\t\t<\/span>\n\t\t\t\t\t<\/a>\n\t\t\t\t<\/div>\n\t\t\t\t\t\t\t\t<\/div>\n\t\t\t\t<\/div>\n\t\t\t\t<div class=\"elementor-element elementor-element-eaa6fc8 elementor-align-center exad-sticky-section-no exad-glass-effect-no elementor-widget elementor-widget-button\" data-id=\"eaa6fc8\" data-element_type=\"widget\" data-e-type=\"widget\" data-widget_type=\"button.default\">\n\t\t\t\t<div class=\"elementor-widget-container\">\n\t\t\t\t\t\t\t\t\t<div class=\"elementor-button-wrapper\">\n\t\t\t\t\t<a class=\"elementor-button elementor-button-link elementor-size-sm\" href=\"https:\/\/voile.qc.ca\/en\/civicrm\/event\/register\/?reset=1&#038;id=175\">\n\t\t\t\t\t\t<span class=\"elementor-button-content-wrapper\">\n\t\t\t\t\t\t\t\t\t<span class=\"elementor-button-text\">Institutional members<\/span>\n\t\t\t\t\t<\/span>\n\t\t\t\t\t<\/a>\n\t\t\t\t<\/div>\n\t\t\t\t\t\t\t\t<\/div>\n\t\t\t\t<\/div>\n\t\t\t\t\t<\/div>\n\t\t<\/div>\n\t\t\t\t\t<\/div>\n\t\t<\/section>\n\t\t\t\t<\/div>","protected":false},"excerpt":{"rendered":"<p>Assembl\u00e9e G\u00e9n\u00e9rale annuelle Documents de l&rsquo;assembl\u00e9e g\u00e9n\u00e9rale annuelle : Ordre du jour AGA 2026 (mis en ligne le 26-02-2026) Proc\u00e8s verbal 2025 pour adoption (mis en ligne le 26-02-2026) Rapport Activit\u00e9 2025\u00a0(mis en ligne le 15-03-2026) \u00c9tats financiers et Rapport de l&rsquo;auditeur ind\u00e9pendant 2025 (mis en ligne le 26-02-2026) R\u00e8glements g\u00e9n\u00e9raux 2025 (pour adoption) (mis [&hellip;]<\/p>\n","protected":false},"author":7,"featured_media":0,"parent":0,"menu_order":0,"comment_status":"closed","ping_status":"closed","template":"","meta":{"_acf_changed":false,"site-sidebar-layout":"no-sidebar","site-content-layout":"page-builder","ast-site-content-layout":"full-width-container","site-content-style":"unboxed","site-sidebar-style":"unboxed","ast-global-header-display":"","ast-banner-title-visibility":"","ast-main-header-display":"","ast-hfb-above-header-display":"","ast-hfb-below-header-display":"","ast-hfb-mobile-header-display":"","site-post-title":"disabled","ast-breadcrumbs-content":"","ast-featured-img":"disabled","footer-sml-layout":"","ast-disable-related-posts":"","theme-transparent-header-meta":"","adv-header-id-meta":"","stick-header-meta":"","header-above-stick-meta":"","header-main-stick-meta":"","header-below-stick-meta":"","astra-migrate-meta-layouts":"set","ast-page-background-enabled":"default","ast-page-background-meta":{"desktop":{"background-color":"","background-image":"","background-repeat":"repeat","background-position":"center center","background-size":"auto","background-attachment":"scroll","background-type":"","background-media":"","overlay-type":"","overlay-color":"","overlay-opacity":"","overlay-gradient":""},"tablet":{"background-color":"","background-image":"","background-repeat":"repeat","background-position":"center center","background-size":"auto","background-attachment":"scroll","background-type":"","background-media":"","overlay-type":"","overlay-color":"","overlay-opacity":"","overlay-gradient":""},"mobile":{"background-color":"","background-image":"","background-repeat":"repeat","background-position":"center center","background-size":"auto","background-attachment":"scroll","background-type":"","background-media":"","overlay-type":"","overlay-color":"","overlay-opacity":"","overlay-gradient":""}},"ast-content-background-meta":{"desktop":{"background-color":"var(--ast-global-color-5)","background-image":"","background-repeat":"repeat","background-position":"center center","background-size":"auto","background-attachment":"scroll","background-type":"","background-media":"","overlay-type":"","overlay-color":"","overlay-opacity":"","overlay-gradient":""},"tablet":{"background-color":"var(--ast-global-color-5)","background-image":"","background-repeat":"repeat","background-position":"center center","background-size":"auto","background-attachment":"scroll","background-type":"","background-media":"","overlay-type":"","overlay-color":"","overlay-opacity":"","overlay-gradient":""},"mobile":{"background-color":"var(--ast-global-color-5)","background-image":"","background-repeat":"repeat","background-position":"center center","background-size":"auto","background-attachment":"scroll","background-type":"","background-media":"","overlay-type":"","overlay-color":"","overlay-opacity":"","overlay-gradient":""}},"footnotes":""},"class_list":["post-817","page","type-page","status-publish","hentry"],"acf":[],"yoast_head":"<!-- This site is optimized with the Yoast SEO plugin v27.0 - https:\/\/yoast.com\/product\/yoast-seo-wordpress\/ -->\n<title>Assembl\u00e9e g\u00e9n\u00e9rale annuelle - Voile Qu\u00e9bec<\/title>\n<meta name=\"description\" content=\"Ici, ce retrouve toute l&#039;information concernant l&#039;assembl\u00e9e g\u00e9n\u00e9rale annuelle de voile Qu\u00e9bec, les rapports annuels des ann\u00e9es ant\u00e9rieures.\" \/>\n<meta name=\"robots\" content=\"index, follow, max-snippet:-1, max-image-preview:large, max-video-preview:-1\" \/>\n<link rel=\"canonical\" href=\"https:\/\/voile.qc.ca\/en\/aga\/\" \/>\n<meta property=\"og:locale\" content=\"en_US\" \/>\n<meta property=\"og:type\" content=\"article\" \/>\n<meta property=\"og:title\" content=\"Assembl\u00e9e g\u00e9n\u00e9rale annuelle - Voile Qu\u00e9bec\" \/>\n<meta property=\"og:description\" content=\"Ici, ce retrouve toute l&#039;information concernant l&#039;assembl\u00e9e g\u00e9n\u00e9rale annuelle de voile Qu\u00e9bec, les rapports annuels des ann\u00e9es ant\u00e9rieures.\" \/>\n<meta property=\"og:url\" content=\"https:\/\/voile.qc.ca\/en\/aga\/\" \/>\n<meta property=\"og:site_name\" content=\"Voile Qu\u00e9bec\" \/>\n<meta property=\"article:publisher\" content=\"https:\/\/www.facebook.com\/voilequebec\" \/>\n<meta property=\"article:modified_time\" content=\"2026-03-16T03:11:01+00:00\" \/>\n<meta name=\"twitter:card\" content=\"summary_large_image\" \/>\n<meta name=\"twitter:label1\" content=\"Est. reading time\" \/>\n\t<meta name=\"twitter:data1\" content=\"1 minute\" \/>\n<script type=\"application\/ld+json\" class=\"yoast-schema-graph\">{\"@context\":\"https:\/\/schema.org\",\"@graph\":[{\"@type\":\"WebPage\",\"@id\":\"https:\/\/voile.qc.ca\/aga\/\",\"url\":\"https:\/\/voile.qc.ca\/aga\/\",\"name\":\"Assembl\u00e9e g\u00e9n\u00e9rale annuelle - Voile Qu\u00e9bec\",\"isPartOf\":{\"@id\":\"https:\/\/voile.qc.ca\/fr\/#website\"},\"datePublished\":\"2023-04-26T20:02:06+00:00\",\"dateModified\":\"2026-03-16T03:11:01+00:00\",\"description\":\"Ici, ce retrouve toute l'information concernant l'assembl\u00e9e g\u00e9n\u00e9rale annuelle de voile Qu\u00e9bec, les rapports annuels des ann\u00e9es ant\u00e9rieures.\",\"breadcrumb\":{\"@id\":\"https:\/\/voile.qc.ca\/aga\/#breadcrumb\"},\"inLanguage\":\"en-CA\",\"potentialAction\":[{\"@type\":\"ReadAction\",\"target\":[\"https:\/\/voile.qc.ca\/aga\/\"]}]},{\"@type\":\"BreadcrumbList\",\"@id\":\"https:\/\/voile.qc.ca\/aga\/#breadcrumb\",\"itemListElement\":[{\"@type\":\"ListItem\",\"position\":1,\"name\":\"Accueil\",\"item\":\"https:\/\/voile.qc.ca\/\"},{\"@type\":\"ListItem\",\"position\":2,\"name\":\"Assembl\u00e9e g\u00e9n\u00e9rale annuelle\"}]},{\"@type\":\"WebSite\",\"@id\":\"https:\/\/voile.qc.ca\/fr\/#website\",\"url\":\"https:\/\/voile.qc.ca\/fr\/\",\"name\":\"Voile Qu\u00e9bec\",\"description\":\"La r\u00e9f\u00e9rence de voile au Qu\u00e9bec\",\"publisher\":{\"@id\":\"https:\/\/voile.qc.ca\/fr\/#organization\"},\"potentialAction\":[{\"@type\":\"SearchAction\",\"target\":{\"@type\":\"EntryPoint\",\"urlTemplate\":\"https:\/\/voile.qc.ca\/fr\/?s={search_term_string}\"},\"query-input\":{\"@type\":\"PropertyValueSpecification\",\"valueRequired\":true,\"valueName\":\"search_term_string\"}}],\"inLanguage\":\"en-CA\"},{\"@type\":\"Organization\",\"@id\":\"https:\/\/voile.qc.ca\/fr\/#organization\",\"name\":\"F\u00e9d\u00e9ration de Voile du Qu\u00e9bec\",\"url\":\"https:\/\/voile.qc.ca\/fr\/\",\"logo\":{\"@type\":\"ImageObject\",\"inLanguage\":\"en-CA\",\"@id\":\"https:\/\/voile.qc.ca\/fr\/#\/schema\/logo\/image\/\",\"url\":\"https:\/\/voile.qc.ca\/wp-content\/uploads\/2023\/11\/cropped-bateau-bleu-V5.png\",\"contentUrl\":\"https:\/\/voile.qc.ca\/wp-content\/uploads\/2023\/11\/cropped-bateau-bleu-V5.png\",\"width\":500,\"height\":116,\"caption\":\"F\u00e9d\u00e9ration de Voile du Qu\u00e9bec\"},\"image\":{\"@id\":\"https:\/\/voile.qc.ca\/fr\/#\/schema\/logo\/image\/\"},\"sameAs\":[\"https:\/\/www.facebook.com\/voilequebec\",\"https:\/\/www.instagram.com\/voilequebec\"]}]}<\/script>\n<!-- \/ Yoast SEO plugin. -->","yoast_head_json":{"title":"Assembl\u00e9e g\u00e9n\u00e9rale annuelle - Voile Qu\u00e9bec","description":"Ici, ce retrouve toute l'information concernant l'assembl\u00e9e g\u00e9n\u00e9rale annuelle de voile Qu\u00e9bec, les rapports annuels des ann\u00e9es ant\u00e9rieures.","robots":{"index":"index","follow":"follow","max-snippet":"max-snippet:-1","max-image-preview":"max-image-preview:large","max-video-preview":"max-video-preview:-1"},"canonical":"https:\/\/voile.qc.ca\/en\/aga\/","og_locale":"en_US","og_type":"article","og_title":"Assembl\u00e9e g\u00e9n\u00e9rale annuelle - Voile Qu\u00e9bec","og_description":"Ici, ce retrouve toute l'information concernant l'assembl\u00e9e g\u00e9n\u00e9rale annuelle de voile Qu\u00e9bec, les rapports annuels des ann\u00e9es ant\u00e9rieures.","og_url":"https:\/\/voile.qc.ca\/en\/aga\/","og_site_name":"Voile Qu\u00e9bec","article_publisher":"https:\/\/www.facebook.com\/voilequebec","article_modified_time":"2026-03-16T03:11:01+00:00","twitter_card":"summary_large_image","twitter_misc":{"Est. reading time":"1 minute"},"schema":{"@context":"https:\/\/schema.org","@graph":[{"@type":"WebPage","@id":"https:\/\/voile.qc.ca\/aga\/","url":"https:\/\/voile.qc.ca\/aga\/","name":"Assembl\u00e9e g\u00e9n\u00e9rale annuelle - Voile Qu\u00e9bec","isPartOf":{"@id":"https:\/\/voile.qc.ca\/fr\/#website"},"datePublished":"2023-04-26T20:02:06+00:00","dateModified":"2026-03-16T03:11:01+00:00","description":"Ici, ce retrouve toute l'information concernant l'assembl\u00e9e g\u00e9n\u00e9rale annuelle de voile Qu\u00e9bec, les rapports annuels des ann\u00e9es ant\u00e9rieures.","breadcrumb":{"@id":"https:\/\/voile.qc.ca\/aga\/#breadcrumb"},"inLanguage":"en-CA","potentialAction":[{"@type":"ReadAction","target":["https:\/\/voile.qc.ca\/aga\/"]}]},{"@type":"BreadcrumbList","@id":"https:\/\/voile.qc.ca\/aga\/#breadcrumb","itemListElement":[{"@type":"ListItem","position":1,"name":"Accueil","item":"https:\/\/voile.qc.ca\/"},{"@type":"ListItem","position":2,"name":"Assembl\u00e9e g\u00e9n\u00e9rale annuelle"}]},{"@type":"WebSite","@id":"https:\/\/voile.qc.ca\/fr\/#website","url":"https:\/\/voile.qc.ca\/fr\/","name":"Voile Qu\u00e9bec","description":"La r\u00e9f\u00e9rence de voile au Qu\u00e9bec","publisher":{"@id":"https:\/\/voile.qc.ca\/fr\/#organization"},"potentialAction":[{"@type":"SearchAction","target":{"@type":"EntryPoint","urlTemplate":"https:\/\/voile.qc.ca\/fr\/?s={search_term_string}"},"query-input":{"@type":"PropertyValueSpecification","valueRequired":true,"valueName":"search_term_string"}}],"inLanguage":"en-CA"},{"@type":"Organization","@id":"https:\/\/voile.qc.ca\/fr\/#organization","name":"F\u00e9d\u00e9ration de Voile du Qu\u00e9bec","url":"https:\/\/voile.qc.ca\/fr\/","logo":{"@type":"ImageObject","inLanguage":"en-CA","@id":"https:\/\/voile.qc.ca\/fr\/#\/schema\/logo\/image\/","url":"https:\/\/voile.qc.ca\/wp-content\/uploads\/2023\/11\/cropped-bateau-bleu-V5.png","contentUrl":"https:\/\/voile.qc.ca\/wp-content\/uploads\/2023\/11\/cropped-bateau-bleu-V5.png","width":500,"height":116,"caption":"F\u00e9d\u00e9ration de Voile du Qu\u00e9bec"},"image":{"@id":"https:\/\/voile.qc.ca\/fr\/#\/schema\/logo\/image\/"},"sameAs":["https:\/\/www.facebook.com\/voilequebec","https:\/\/www.instagram.com\/voilequebec"]}]}},"jetpack_sharing_enabled":true,"_links":{"self":[{"href":"https:\/\/voile.qc.ca\/en\/wp-json\/wp\/v2\/pages\/817","targetHints":{"allow":["GET"]}}],"collection":[{"href":"https:\/\/voile.qc.ca\/en\/wp-json\/wp\/v2\/pages"}],"about":[{"href":"https:\/\/voile.qc.ca\/en\/wp-json\/wp\/v2\/types\/page"}],"author":[{"embeddable":true,"href":"https:\/\/voile.qc.ca\/en\/wp-json\/wp\/v2\/users\/7"}],"replies":[{"embeddable":true,"href":"https:\/\/voile.qc.ca\/en\/wp-json\/wp\/v2\/comments?post=817"}],"version-history":[{"count":303,"href":"https:\/\/voile.qc.ca\/en\/wp-json\/wp\/v2\/pages\/817\/revisions"}],"predecessor-version":[{"id":19878,"href":"https:\/\/voile.qc.ca\/en\/wp-json\/wp\/v2\/pages\/817\/revisions\/19878"}],"wp:attachment":[{"href":"https:\/\/voile.qc.ca\/en\/wp-json\/wp\/v2\/media?parent=817"}],"curies":[{"name":"wp","href":"https:\/\/api.w.org\/{rel}","templated":true}]}}