{"id":7957,"date":"2024-06-28T15:27:52","date_gmt":"2024-06-28T19:27:52","guid":{"rendered":"https:\/\/voile.qc.ca\/?page_id=7957"},"modified":"2024-09-25T15:52:20","modified_gmt":"2024-09-25T19:52:20","slug":"adhesion-membres-institutionnels","status":"publish","type":"page","link":"https:\/\/voile.qc.ca\/en\/adhesion-membres-institutionnels\/","title":{"rendered":"Adh\u00e9sion membres institutionnels"},"content":{"rendered":"<form method=\"post\" class=\"acfe-form acf-form\" data-cid=\"69f5ba99b6061\">\t<div id=\"acf-form-data\" class=\"acf-hidden\">\n\t\t<input type=\"hidden\" id=\"_acf_screen\" name=\"_acf_screen\" value=\"acfe_form\"\/><input type=\"hidden\" id=\"_acf_post_id\" name=\"_acf_post_id\" value=\"7957\"\/><input type=\"hidden\" id=\"_acf_validation\" name=\"_acf_validation\" value=\"1\"\/><input type=\"hidden\" id=\"_acf_form\" name=\"_acf_form\" value=\"TDIrOTRaSzFFYkZVQmdneEhaQ09BWGd5N3J4RTNVL3FXbk90QVNGVTA2dDdUS0RFcFlsa0owTUdvNUcvRkx3V01UY1RtRTIzSTc5RjdHNWZPSGlTQVlDWEkrUWExSXN0a3dNeURHbC9KWEVNUXE0bThXV25IakxMcmd6ZG9UR1FMUXFRNzQrWTNPeHI2bnVuc3hScmxoekhyMjRPcmc0eExjV2tqRGtxQTNTUWtjVDdpODJ6cU1lUkVwemxFMHZ5VkJkZEdZYURSTWVMYUhkUjlQYzd1M1lWaHNpQ01XbkFjVmQvWkNvRGU4Z0JSQ0JuaG96ZC9xSkpjeGNHc3RzYzVHaHR3UW0wcjVMeXFOckdrdzdPdkFPWkIxZnQzSGo4b2RwMjJhd1JWdnQ0MGEraEZBR29qYXRjWkFibU9vQjFKZ0Q4NUIyRHp2Y3IwR1J4ZkdXR245LzNESEg0cEgxM05rdHJMTWs5QUVSdmNVZXN2bVBBOUUzYVRDMmtnaWpSQXZPOEprTFBJMUFTSFRrbUM0aGNVNGNFcHZIZityb2hNYXJrdjhqS0xId2Z6K2dteXh4REV0ZWJxOW53ZURhdE9YeDFkZk1UZXdXa1NlWVRpUTNQektUVG1DS0lvSFhOeWVCVkRnR2p6NHo2TkczR1p2T1k3VmlGSEVZL3FPTE9RK1pHS0RjbDhNQ1dVRDQrT3FNbVplNlRXek5EWFJoczR0MkpueHBHVGpMcUltOWNNdkpZcWFTMlFUbFZWY3lZbzlrNk9sWUNybHR3MU5VckYxS3RXcUVvVnlCbTZ4MkhhZ2FjMisreUhWVlV2TS9JWnF3RjJMMmZwcUt0NDJDVnROVjh1Vk5KZTdteGMzdUkvODFtaUkzaUx1a0NtZmtkM3RLU3QrRjdyYVNXYllnTGtwYXpZQVlubi9mdjlXcjZzejlvWVlBaWVDaGJNTjlpVXBSWHJRWE9wc1IrWGJlS3B4dW9FMmRKUXcxczcrTnNRK3BSbjVwdzhKZ3JnbCtHM1Vpd2NOckRSZmEydkcyY2E1dTNqM041RnhNTHFWOWpZYmdtUmJIcWFKaGk3OUp2N0RzZkZGOXpMOENJVUo0TXlBWmoyWnQ3YXY1aHcxa1krZFAzYkErQjhzUmFYS0NrWUFucWZxTXdIRFM4cUpWYkVDRjZHWHdwTVluNmVuajVrY2d6cU0xUk1BQWkwSDlhSW5DM21zMEFPRnhEeTFnMGE3YktqeUpDYUtkWkxYT0F5MVBOWDVNL0tpS09jVndURkU5L3BNek54c1ZLYVpiZitjcGRFQkw3RGZYWlJOSVJMekNOSmtWZHhsSnJ4SkxNL3JIQ3hYajN3dE82dW9GemtvM0FCQjFzc0RCeGRNbERuak12THN5aHQyd29RUWh3NEMzcDVZL0s2a01VamFXb21meDVOeXFadzJ6TFBybWpTU0xORlQya1lBSXJpb0w5aFFlemlYc0VCK0FDQVlqS2U2OEUwVjVXL2tnb21KOXFBZnN1aytMZHlKRC85YVJyc1FDeS8xSzVxNE1WM1QxVmFCUjZZWlowSTRBRVl6bjhPRndHT2NwZjN4RWxNRzdZVlNIbVRPTUVoSlFrNXpUbEtNQndzQUszbzZpODNoY0dmbVd3T2Vxc1czdVhFK01VME9yL3FOZzVaRG1sWnF1VTJnbzBkSnREQUFwdEVRQTVmNzZ4bVdTeVZ2cnlqSmp2Zit1Q3p6NkFhaWZCTmtEN1E3cnR0YjNLVm1BZlhSRHhnQlZTWWY2S0VlY3A4cWcvTTRSQyt4RWJUOSsxRENkYnlId0VHSXNmMzI3M1cwc0hUYXFuLys2OG9BeUJmUHA2T0ZrRFI4blZNZmpDVjdIVTU2dENidWRGKzd2cEpTd3F1a0duS3N3ODhKQWlnanEvdVhRNGRaV0VSRVRyVE9wNE16UEx2VVVaWjRtbCtsSTdsYjZHNmZXWmsvTzhTUkJnOWY3MTBSckJWRmp3Q0trMEFPK2RXUVVYaW1XZWI3bjdzUlgyd3dSL3JzOVUwQnFKb25xYVZqeW9mbEkwdWdBbk84MDRJdm1XNmRFSUE2UUt3OWlrcVFJTHlZOERPaDdoMngzWU1tamtjUitDN3JDSHlPL25QYTdKUWJ5TFNwdDQ2Sjd6UW9tNGdLeXEwUlV1akQ5YXpKRTA5ZjBTQi81YVRTVDc3Y0t0T2U0Q2JybXNzWmdZSjRGaERQREVQaEpNcm9nUnRRPT06OggW4V23z35O14CZHsLwiHA=\"\/><input type=\"hidden\" id=\"_acf_nonce\" name=\"_acf_nonce\" value=\"46f30fd64a\"\/><input type=\"hidden\" id=\"_acf_changed\" name=\"_acf_changed\" value=\"0\"\/>\t<\/div>\n\t<div class=\"acf-fields acf-form-fields -top\"><div class=\"acf-field acf-field-text acf-field--validate-email\" style=\"display:none !important;\" data-name=\"_validate_email\" data-type=\"text\" data-key=\"_validate_email\">\n<div class=\"acf-label\">\n<label for=\"acf-_validate_email\">Validate Email<\/label><\/div>\n<div class=\"acf-input\">\n<div class=\"acf-input-wrap\"><input type=\"text\" id=\"acf-_validate_email\" name=\"acf[_validate_email]\"\/><\/div><\/div>\n<\/div>\n<\/div>            <div class=\"acf-form-submit\">\r\n                \r\n                <input type=\"submit\" class=\"acf-button button button-primary button-large\" value=\"Soumettre\" \/>                <span class=\"acf-spinner\"><\/span>\r\n            <\/div>\r\n        <\/form>\n\n\n\n<p><\/p>\n","protected":false},"excerpt":{"rendered":"","protected":false},"author":11,"featured_media":0,"parent":0,"menu_order":0,"comment_status":"closed","ping_status":"closed","template":"","meta":{"_acf_changed":false,"site-sidebar-layout":"default","site-content-layout":"","ast-site-content-layout":"default","site-content-style":"default","site-sidebar-style":"default","ast-global-header-display":"","ast-banner-title-visibility":"","ast-main-header-display":"","ast-hfb-above-header-display":"","ast-hfb-below-header-display":"","ast-hfb-mobile-header-display":"","site-post-title":"","ast-breadcrumbs-content":"","ast-featured-img":"","footer-sml-layout":"","ast-disable-related-posts":"","theme-transparent-header-meta":"","adv-header-id-meta":"","stick-header-meta":"","header-above-stick-meta":"","header-main-stick-meta":"","header-below-stick-meta":"","astra-migrate-meta-layouts":"set","ast-page-background-enabled":"default","ast-page-background-meta":{"desktop":{"background-color":"","background-image":"","background-repeat":"repeat","background-position":"center center","background-size":"auto","background-attachment":"scroll","background-type":"","background-media":"","overlay-type":"","overlay-color":"","overlay-opacity":"","overlay-gradient":""},"tablet":{"background-color":"","background-image":"","background-repeat":"repeat","background-position":"center center","background-size":"auto","background-attachment":"scroll","background-type":"","background-media":"","overlay-type":"","overlay-color":"","overlay-opacity":"","overlay-gradient":""},"mobile":{"background-color":"","background-image":"","background-repeat":"repeat","background-position":"center center","background-size":"auto","background-attachment":"scroll","background-type":"","background-media":"","overlay-type":"","overlay-color":"","overlay-opacity":"","overlay-gradient":""}},"ast-content-background-meta":{"desktop":{"background-color":"var(--ast-global-color-5)","background-image":"","background-repeat":"repeat","background-position":"center center","background-size":"auto","background-attachment":"scroll","background-type":"","background-media":"","overlay-type":"","overlay-color":"","overlay-opacity":"","overlay-gradient":""},"tablet":{"background-color":"var(--ast-global-color-5)","background-image":"","background-repeat":"repeat","background-position":"center center","background-size":"auto","background-attachment":"scroll","background-type":"","background-media":"","overlay-type":"","overlay-color":"","overlay-opacity":"","overlay-gradient":""},"mobile":{"background-color":"var(--ast-global-color-5)","background-image":"","background-repeat":"repeat","background-position":"center center","background-size":"auto","background-attachment":"scroll","background-type":"","background-media":"","overlay-type":"","overlay-color":"","overlay-opacity":"","overlay-gradient":""}},"footnotes":""},"class_list":["post-7957","page","type-page","status-publish","hentry"],"acf":[],"yoast_head":"<!-- This site is optimized with the Yoast SEO plugin v27.0 - https:\/\/yoast.com\/product\/yoast-seo-wordpress\/ -->\n<title>Adh\u00e9sion membres institutionnels - Voile Qu\u00e9bec<\/title>\n<meta name=\"robots\" content=\"index, follow, max-snippet:-1, max-image-preview:large, max-video-preview:-1\" \/>\n<link rel=\"canonical\" href=\"https:\/\/voile.qc.ca\/en\/adhesion-membres-institutionnels\/\" \/>\n<meta property=\"og:locale\" content=\"en_US\" \/>\n<meta property=\"og:type\" content=\"article\" \/>\n<meta property=\"og:title\" content=\"Adh\u00e9sion membres institutionnels - Voile Qu\u00e9bec\" \/>\n<meta property=\"og:url\" content=\"https:\/\/voile.qc.ca\/en\/adhesion-membres-institutionnels\/\" \/>\n<meta property=\"og:site_name\" content=\"Voile Qu\u00e9bec\" \/>\n<meta property=\"article:publisher\" content=\"https:\/\/www.facebook.com\/voilequebec\" \/>\n<meta property=\"article:modified_time\" content=\"2024-09-25T19:52:20+00:00\" \/>\n<meta name=\"twitter:card\" content=\"summary_large_image\" \/>\n<meta name=\"twitter:label1\" content=\"Est. reading time\" \/>\n\t<meta name=\"twitter:data1\" content=\"1 minute\" \/>\n<script type=\"application\/ld+json\" class=\"yoast-schema-graph\">{\"@context\":\"https:\/\/schema.org\",\"@graph\":[{\"@type\":\"WebPage\",\"@id\":\"https:\/\/voile.qc.ca\/fr\/adhesion-membres-institutionnels\/\",\"url\":\"https:\/\/voile.qc.ca\/fr\/adhesion-membres-institutionnels\/\",\"name\":\"Adh\u00e9sion membres institutionnels - Voile Qu\u00e9bec\",\"isPartOf\":{\"@id\":\"https:\/\/voile.qc.ca\/fr\/#website\"},\"datePublished\":\"2024-06-28T19:27:52+00:00\",\"dateModified\":\"2024-09-25T19:52:20+00:00\",\"breadcrumb\":{\"@id\":\"https:\/\/voile.qc.ca\/fr\/adhesion-membres-institutionnels\/#breadcrumb\"},\"inLanguage\":\"en-CA\",\"potentialAction\":[{\"@type\":\"ReadAction\",\"target\":[\"https:\/\/voile.qc.ca\/fr\/adhesion-membres-institutionnels\/\"]}]},{\"@type\":\"BreadcrumbList\",\"@id\":\"https:\/\/voile.qc.ca\/fr\/adhesion-membres-institutionnels\/#breadcrumb\",\"itemListElement\":[{\"@type\":\"ListItem\",\"position\":1,\"name\":\"Accueil\",\"item\":\"https:\/\/voile.qc.ca\/\"},{\"@type\":\"ListItem\",\"position\":2,\"name\":\"Adh\u00e9sion membres institutionnels\"}]},{\"@type\":\"WebSite\",\"@id\":\"https:\/\/voile.qc.ca\/fr\/#website\",\"url\":\"https:\/\/voile.qc.ca\/fr\/\",\"name\":\"Voile Qu\u00e9bec\",\"description\":\"La r\u00e9f\u00e9rence de voile au Qu\u00e9bec\",\"publisher\":{\"@id\":\"https:\/\/voile.qc.ca\/fr\/#organization\"},\"potentialAction\":[{\"@type\":\"SearchAction\",\"target\":{\"@type\":\"EntryPoint\",\"urlTemplate\":\"https:\/\/voile.qc.ca\/fr\/?s={search_term_string}\"},\"query-input\":{\"@type\":\"PropertyValueSpecification\",\"valueRequired\":true,\"valueName\":\"search_term_string\"}}],\"inLanguage\":\"en-CA\"},{\"@type\":\"Organization\",\"@id\":\"https:\/\/voile.qc.ca\/fr\/#organization\",\"name\":\"F\u00e9d\u00e9ration de Voile du Qu\u00e9bec\",\"url\":\"https:\/\/voile.qc.ca\/fr\/\",\"logo\":{\"@type\":\"ImageObject\",\"inLanguage\":\"en-CA\",\"@id\":\"https:\/\/voile.qc.ca\/fr\/#\/schema\/logo\/image\/\",\"url\":\"https:\/\/voile.qc.ca\/wp-content\/uploads\/2023\/11\/cropped-bateau-bleu-V5.png\",\"contentUrl\":\"https:\/\/voile.qc.ca\/wp-content\/uploads\/2023\/11\/cropped-bateau-bleu-V5.png\",\"width\":500,\"height\":116,\"caption\":\"F\u00e9d\u00e9ration de Voile du Qu\u00e9bec\"},\"image\":{\"@id\":\"https:\/\/voile.qc.ca\/fr\/#\/schema\/logo\/image\/\"},\"sameAs\":[\"https:\/\/www.facebook.com\/voilequebec\",\"https:\/\/www.instagram.com\/voilequebec\"]}]}<\/script>\n<!-- \/ Yoast SEO plugin. -->","yoast_head_json":{"title":"Adh\u00e9sion membres institutionnels - Voile Qu\u00e9bec","robots":{"index":"index","follow":"follow","max-snippet":"max-snippet:-1","max-image-preview":"max-image-preview:large","max-video-preview":"max-video-preview:-1"},"canonical":"https:\/\/voile.qc.ca\/en\/adhesion-membres-institutionnels\/","og_locale":"en_US","og_type":"article","og_title":"Adh\u00e9sion membres institutionnels - Voile Qu\u00e9bec","og_url":"https:\/\/voile.qc.ca\/en\/adhesion-membres-institutionnels\/","og_site_name":"Voile Qu\u00e9bec","article_publisher":"https:\/\/www.facebook.com\/voilequebec","article_modified_time":"2024-09-25T19:52:20+00:00","twitter_card":"summary_large_image","twitter_misc":{"Est. reading time":"1 minute"},"schema":{"@context":"https:\/\/schema.org","@graph":[{"@type":"WebPage","@id":"https:\/\/voile.qc.ca\/fr\/adhesion-membres-institutionnels\/","url":"https:\/\/voile.qc.ca\/fr\/adhesion-membres-institutionnels\/","name":"Adh\u00e9sion membres institutionnels - Voile Qu\u00e9bec","isPartOf":{"@id":"https:\/\/voile.qc.ca\/fr\/#website"},"datePublished":"2024-06-28T19:27:52+00:00","dateModified":"2024-09-25T19:52:20+00:00","breadcrumb":{"@id":"https:\/\/voile.qc.ca\/fr\/adhesion-membres-institutionnels\/#breadcrumb"},"inLanguage":"en-CA","potentialAction":[{"@type":"ReadAction","target":["https:\/\/voile.qc.ca\/fr\/adhesion-membres-institutionnels\/"]}]},{"@type":"BreadcrumbList","@id":"https:\/\/voile.qc.ca\/fr\/adhesion-membres-institutionnels\/#breadcrumb","itemListElement":[{"@type":"ListItem","position":1,"name":"Accueil","item":"https:\/\/voile.qc.ca\/"},{"@type":"ListItem","position":2,"name":"Adh\u00e9sion membres institutionnels"}]},{"@type":"WebSite","@id":"https:\/\/voile.qc.ca\/fr\/#website","url":"https:\/\/voile.qc.ca\/fr\/","name":"Voile Qu\u00e9bec","description":"La r\u00e9f\u00e9rence de voile au Qu\u00e9bec","publisher":{"@id":"https:\/\/voile.qc.ca\/fr\/#organization"},"potentialAction":[{"@type":"SearchAction","target":{"@type":"EntryPoint","urlTemplate":"https:\/\/voile.qc.ca\/fr\/?s={search_term_string}"},"query-input":{"@type":"PropertyValueSpecification","valueRequired":true,"valueName":"search_term_string"}}],"inLanguage":"en-CA"},{"@type":"Organization","@id":"https:\/\/voile.qc.ca\/fr\/#organization","name":"F\u00e9d\u00e9ration de Voile du Qu\u00e9bec","url":"https:\/\/voile.qc.ca\/fr\/","logo":{"@type":"ImageObject","inLanguage":"en-CA","@id":"https:\/\/voile.qc.ca\/fr\/#\/schema\/logo\/image\/","url":"https:\/\/voile.qc.ca\/wp-content\/uploads\/2023\/11\/cropped-bateau-bleu-V5.png","contentUrl":"https:\/\/voile.qc.ca\/wp-content\/uploads\/2023\/11\/cropped-bateau-bleu-V5.png","width":500,"height":116,"caption":"F\u00e9d\u00e9ration de Voile du Qu\u00e9bec"},"image":{"@id":"https:\/\/voile.qc.ca\/fr\/#\/schema\/logo\/image\/"},"sameAs":["https:\/\/www.facebook.com\/voilequebec","https:\/\/www.instagram.com\/voilequebec"]}]}},"jetpack_sharing_enabled":true,"_links":{"self":[{"href":"https:\/\/voile.qc.ca\/en\/wp-json\/wp\/v2\/pages\/7957","targetHints":{"allow":["GET"]}}],"collection":[{"href":"https:\/\/voile.qc.ca\/en\/wp-json\/wp\/v2\/pages"}],"about":[{"href":"https:\/\/voile.qc.ca\/en\/wp-json\/wp\/v2\/types\/page"}],"author":[{"embeddable":true,"href":"https:\/\/voile.qc.ca\/en\/wp-json\/wp\/v2\/users\/11"}],"replies":[{"embeddable":true,"href":"https:\/\/voile.qc.ca\/en\/wp-json\/wp\/v2\/comments?post=7957"}],"version-history":[{"count":6,"href":"https:\/\/voile.qc.ca\/en\/wp-json\/wp\/v2\/pages\/7957\/revisions"}],"predecessor-version":[{"id":19579,"href":"https:\/\/voile.qc.ca\/en\/wp-json\/wp\/v2\/pages\/7957\/revisions\/19579"}],"wp:attachment":[{"href":"https:\/\/voile.qc.ca\/en\/wp-json\/wp\/v2\/media?parent=7957"}],"curies":[{"name":"wp","href":"https:\/\/api.w.org\/{rel}","templated":true}]}}