{"id":36,"date":"2023-04-22T23:39:51","date_gmt":"2023-04-23T03:39:51","guid":{"rendered":"https:\/\/voile.qc.ca\/?page_id=36"},"modified":"2024-04-25T21:18:25","modified_gmt":"2024-04-26T01:18:25","slug":"instructeur","status":"publish","type":"page","link":"https:\/\/voile.qc.ca\/en\/instructeur\/","title":{"rendered":"Instructor"},"content":{"rendered":"<div data-elementor-type=\"wp-page\" data-elementor-id=\"36\" class=\"elementor elementor-36\">\n\t\t\t\t\t\t<section class=\"elementor-section elementor-top-section elementor-element elementor-element-008c9c1 elementor-section-full_width elementor-section-height-default elementor-section-height-default exad-glass-effect-no exad-sticky-section-no\" data-id=\"008c9c1\" data-element_type=\"section\" data-e-type=\"section\">\n\t\t\t\t\t\t<div class=\"elementor-container elementor-column-gap-default\">\n\t\t\t\t\t<div class=\"elementor-column elementor-col-100 elementor-top-column elementor-element elementor-element-a5263bf exad-glass-effect-no exad-sticky-section-no\" data-id=\"a5263bf\" data-element_type=\"column\" data-e-type=\"column\">\n\t\t\t<div class=\"elementor-widget-wrap elementor-element-populated\">\n\t\t\t\t\t\t<div class=\"elementor-element elementor-element-42581d1 exad-sticky-section-no exad-glass-effect-no elementor-widget elementor-widget-video\" data-id=\"42581d1\" data-element_type=\"widget\" data-e-type=\"widget\" data-settings=\"{&quot;youtube_url&quot;:&quot;https:\\\/\\\/youtu.be\\\/BVVnpPiV4iE&quot;,&quot;video_type&quot;:&quot;youtube&quot;,&quot;controls&quot;:&quot;yes&quot;}\" data-widget_type=\"video.default\">\n\t\t\t\t<div class=\"elementor-widget-container\">\n\t\t\t\t\t\t\t<div class=\"elementor-wrapper elementor-open-inline\">\n\t\t\t<div class=\"elementor-video\"><\/div>\t\t<\/div>\n\t\t\t\t\t\t<\/div>\n\t\t\t\t<\/div>\n\t\t\t\t\t<\/div>\n\t\t<\/div>\n\t\t\t\t\t<\/div>\n\t\t<\/section>\n\t\t\t\t<section class=\"elementor-section elementor-top-section elementor-element elementor-element-9ac4ae0 elementor-section-boxed elementor-section-height-default elementor-section-height-default exad-glass-effect-no exad-sticky-section-no\" data-id=\"9ac4ae0\" data-element_type=\"section\" data-e-type=\"section\">\n\t\t\t\t\t\t<div class=\"elementor-container elementor-column-gap-default\">\n\t\t\t\t\t<div class=\"elementor-column elementor-col-50 elementor-top-column elementor-element elementor-element-5be1a27 exad-glass-effect-no exad-sticky-section-no\" data-id=\"5be1a27\" data-element_type=\"column\" data-e-type=\"column\">\n\t\t\t<div class=\"elementor-widget-wrap elementor-element-populated\">\n\t\t\t\t\t\t<div class=\"elementor-element elementor-element-ffaf2cf exad-sticky-section-no exad-glass-effect-no elementor-widget elementor-widget-heading\" data-id=\"ffaf2cf\" data-element_type=\"widget\" data-e-type=\"widget\" data-widget_type=\"heading.default\">\n\t\t\t\t<div class=\"elementor-widget-container\">\n\t\t\t\t\t<h2 class=\"elementor-heading-title elementor-size-default\">Devenir instructeur sur d\u00e9riveur<\/h2>\t\t\t\t<\/div>\n\t\t\t\t<\/div>\n\t\t\t\t<div class=\"elementor-element elementor-element-c8739b7 exad-sticky-section-no exad-glass-effect-no elementor-widget elementor-widget-text-editor\" data-id=\"c8739b7\" data-element_type=\"widget\" data-e-type=\"widget\" data-widget_type=\"text-editor.default\">\n\t\t\t\t<div class=\"elementor-widget-container\">\n\t\t\t\t\t\t\t\t\t<p>Vous avez une solide exp\u00e9rience de marin, vous \u00eates passionn\u00e9 de voile et vous aimeriez transmettre votre passion. Avez-vous pens\u00e9 \u00e0 devenir instructeur de voile croisi\u00e8re ? Une fois certifi\u00e9, vous pourrez rejoindre l&rsquo;une de nos \u00e9coles de voile homologu\u00e9es, et r\u00e9pondre ainsi au besoin en instructeurs qualifi\u00e9s au Qu\u00e9bec. Vous pourrez partager votre passion tout en contribuant au d\u00e9veloppement de la voile \u00e0 travers la province.<\/p>\t\t\t\t\t\t\t\t<\/div>\n\t\t\t\t<\/div>\n\t\t\t\t<div class=\"elementor-element elementor-element-e6e0444 exad-sticky-section-no exad-glass-effect-no elementor-widget elementor-widget-button\" data-id=\"e6e0444\" data-element_type=\"widget\" data-e-type=\"widget\" data-widget_type=\"button.default\">\n\t\t\t\t<div class=\"elementor-widget-container\">\n\t\t\t\t\t\t\t\t\t<div class=\"elementor-button-wrapper\">\n\t\t\t\t\t<a class=\"elementor-button elementor-button-link elementor-size-sm\" href=\"https:\/\/voile.qc.ca\/en\/instructeur-deriveur\/\">\n\t\t\t\t\t\t<span class=\"elementor-button-content-wrapper\">\n\t\t\t\t\t\t\t\t\t<span class=\"elementor-button-text\">En savoir plus<\/span>\n\t\t\t\t\t<\/span>\n\t\t\t\t\t<\/a>\n\t\t\t\t<\/div>\n\t\t\t\t\t\t\t\t<\/div>\n\t\t\t\t<\/div>\n\t\t\t\t\t<\/div>\n\t\t<\/div>\n\t\t\t\t<div class=\"elementor-column elementor-col-50 elementor-top-column elementor-element elementor-element-be4b643 exad-glass-effect-no exad-sticky-section-no\" data-id=\"be4b643\" data-element_type=\"column\" data-e-type=\"column\">\n\t\t\t<div class=\"elementor-widget-wrap elementor-element-populated\">\n\t\t\t\t\t\t<div class=\"elementor-element elementor-element-1d79131 exad-sticky-section-no exad-glass-effect-no elementor-widget elementor-widget-image\" data-id=\"1d79131\" data-element_type=\"widget\" data-e-type=\"widget\" data-widget_type=\"image.default\">\n\t\t\t\t<div class=\"elementor-widget-container\">\n\t\t\t\t\t\t\t\t\t\t\t\t\t\t\t<img fetchpriority=\"high\" decoding=\"async\" width=\"1024\" height=\"768\" src=\"https:\/\/voile.qc.ca\/wp-content\/uploads\/2023\/04\/IMG_8295-1024x768.jpg\" class=\"attachment-large size-large wp-image-656\" alt=\"\" srcset=\"https:\/\/voile.qc.ca\/wp-content\/uploads\/2023\/04\/IMG_8295-1024x768.jpg 1024w, https:\/\/voile.qc.ca\/wp-content\/uploads\/2023\/04\/IMG_8295-scaled-600x450.jpg 600w, https:\/\/voile.qc.ca\/wp-content\/uploads\/2023\/04\/IMG_8295-300x225.jpg 300w, https:\/\/voile.qc.ca\/wp-content\/uploads\/2023\/04\/IMG_8295-768x576.jpg 768w, https:\/\/voile.qc.ca\/wp-content\/uploads\/2023\/04\/IMG_8295-1536x1152.jpg 1536w, https:\/\/voile.qc.ca\/wp-content\/uploads\/2023\/04\/IMG_8295-2048x1536.jpg 2048w\" sizes=\"(max-width: 1024px) 100vw, 1024px\" \/>\t\t\t\t\t\t\t\t\t\t\t\t\t\t\t<\/div>\n\t\t\t\t<\/div>\n\t\t\t\t\t<\/div>\n\t\t<\/div>\n\t\t\t\t\t<\/div>\n\t\t<\/section>\n\t\t\t\t<section class=\"elementor-section elementor-top-section elementor-element elementor-element-e6e95b1 elementor-section-boxed elementor-section-height-default elementor-section-height-default exad-glass-effect-no exad-sticky-section-no\" data-id=\"e6e95b1\" data-element_type=\"section\" data-e-type=\"section\">\n\t\t\t\t\t\t<div class=\"elementor-container elementor-column-gap-default\">\n\t\t\t\t\t<div class=\"elementor-column elementor-col-50 elementor-top-column elementor-element elementor-element-2af29c3 exad-glass-effect-no exad-sticky-section-no\" data-id=\"2af29c3\" data-element_type=\"column\" data-e-type=\"column\">\n\t\t\t<div class=\"elementor-widget-wrap elementor-element-populated\">\n\t\t\t\t\t\t<div class=\"elementor-element elementor-element-11fbae7 exad-sticky-section-no exad-glass-effect-no elementor-widget elementor-widget-image\" data-id=\"11fbae7\" data-element_type=\"widget\" data-e-type=\"widget\" data-widget_type=\"image.default\">\n\t\t\t\t<div class=\"elementor-widget-container\">\n\t\t\t\t\t\t\t\t\t\t\t\t\t\t\t<img decoding=\"async\" width=\"1024\" height=\"576\" src=\"https:\/\/voile.qc.ca\/wp-content\/uploads\/2023\/04\/appareillage-voile-jeunes-sainte-rose-du-nord.2400x1350-1024x576.jpg\" class=\"attachment-large size-large wp-image-677\" alt=\"mision, vision\" srcset=\"https:\/\/voile.qc.ca\/wp-content\/uploads\/2023\/04\/appareillage-voile-jeunes-sainte-rose-du-nord.2400x1350-1024x576.jpg 1024w, https:\/\/voile.qc.ca\/wp-content\/uploads\/2023\/04\/appareillage-voile-jeunes-sainte-rose-du-nord.2400x1350-600x338.jpg 600w, https:\/\/voile.qc.ca\/wp-content\/uploads\/2023\/04\/appareillage-voile-jeunes-sainte-rose-du-nord.2400x1350-300x169.jpg 300w, https:\/\/voile.qc.ca\/wp-content\/uploads\/2023\/04\/appareillage-voile-jeunes-sainte-rose-du-nord.2400x1350-768x432.jpg 768w, https:\/\/voile.qc.ca\/wp-content\/uploads\/2023\/04\/appareillage-voile-jeunes-sainte-rose-du-nord.2400x1350-1536x864.jpg 1536w, https:\/\/voile.qc.ca\/wp-content\/uploads\/2023\/04\/appareillage-voile-jeunes-sainte-rose-du-nord.2400x1350-2048x1152.jpg 2048w\" sizes=\"(max-width: 1024px) 100vw, 1024px\" \/>\t\t\t\t\t\t\t\t\t\t\t\t\t\t\t<\/div>\n\t\t\t\t<\/div>\n\t\t\t\t\t<\/div>\n\t\t<\/div>\n\t\t\t\t<div class=\"elementor-column elementor-col-50 elementor-top-column elementor-element elementor-element-e41465e exad-glass-effect-no exad-sticky-section-no\" data-id=\"e41465e\" data-element_type=\"column\" data-e-type=\"column\">\n\t\t\t<div class=\"elementor-widget-wrap elementor-element-populated\">\n\t\t\t\t\t\t<div class=\"elementor-element elementor-element-c3d053a exad-sticky-section-no exad-glass-effect-no elementor-widget elementor-widget-heading\" data-id=\"c3d053a\" data-element_type=\"widget\" data-e-type=\"widget\" data-widget_type=\"heading.default\">\n\t\t\t\t<div class=\"elementor-widget-container\">\n\t\t\t\t\t<h2 class=\"elementor-heading-title elementor-size-default\">Devenir instructeur sur quillard<\/h2>\t\t\t\t<\/div>\n\t\t\t\t<\/div>\n\t\t\t\t<div class=\"elementor-element elementor-element-8e6ddf5 exad-sticky-section-no exad-glass-effect-no elementor-widget elementor-widget-text-editor\" data-id=\"8e6ddf5\" data-element_type=\"widget\" data-e-type=\"widget\" data-widget_type=\"text-editor.default\">\n\t\t\t\t<div class=\"elementor-widget-container\">\n\t\t\t\t\t\t\t\t\t<p>Vous avez une solide exp\u00e9rience de marin, vous \u00eates passionn\u00e9 de voile et vous aimeriez transmettre votre passion. Avez-vous pens\u00e9 \u00e0 devenir instructeur de voile croisi\u00e8re ? Une fois certifi\u00e9, vous pourrez rejoindre l&rsquo;une de nos \u00e9coles de voile homologu\u00e9es, et r\u00e9pondre ainsi au besoin en instructeurs qualifi\u00e9s au Qu\u00e9bec. Vous pourrez partager votre passion tout en contribuant au d\u00e9veloppement de la voile \u00e0 travers la province.<\/p>\t\t\t\t\t\t\t\t<\/div>\n\t\t\t\t<\/div>\n\t\t\t\t<div class=\"elementor-element elementor-element-c965b10 exad-sticky-section-no exad-glass-effect-no elementor-widget elementor-widget-button\" data-id=\"c965b10\" data-element_type=\"widget\" data-e-type=\"widget\" data-widget_type=\"button.default\">\n\t\t\t\t<div class=\"elementor-widget-container\">\n\t\t\t\t\t\t\t\t\t<div class=\"elementor-button-wrapper\">\n\t\t\t\t\t<a class=\"elementor-button elementor-button-link elementor-size-sm\" href=\"https:\/\/voile.qc.ca\/en\/instructeur-croisiere\/\">\n\t\t\t\t\t\t<span class=\"elementor-button-content-wrapper\">\n\t\t\t\t\t\t\t\t\t<span class=\"elementor-button-text\">En savoir plus<\/span>\n\t\t\t\t\t<\/span>\n\t\t\t\t\t<\/a>\n\t\t\t\t<\/div>\n\t\t\t\t\t\t\t\t<\/div>\n\t\t\t\t<\/div>\n\t\t\t\t\t<\/div>\n\t\t<\/div>\n\t\t\t\t\t<\/div>\n\t\t<\/section>\n\t\t\t\t<\/div>","protected":false},"excerpt":{"rendered":"<p>Devenir instructeur sur d\u00e9riveur Vous avez une solide exp\u00e9rience de marin, vous \u00eates passionn\u00e9 de voile et vous aimeriez transmettre votre passion. Avez-vous pens\u00e9 \u00e0 devenir instructeur de voile croisi\u00e8re ? Une fois certifi\u00e9, vous pourrez rejoindre l&rsquo;une de nos \u00e9coles de voile homologu\u00e9es, et r\u00e9pondre ainsi au besoin en instructeurs qualifi\u00e9s au Qu\u00e9bec. Vous [&hellip;]<\/p>\n","protected":false},"author":7,"featured_media":0,"parent":0,"menu_order":0,"comment_status":"closed","ping_status":"closed","template":"","meta":{"_acf_changed":false,"site-sidebar-layout":"no-sidebar","site-content-layout":"page-builder","ast-site-content-layout":"default","site-content-style":"default","site-sidebar-style":"default","ast-global-header-display":"","ast-banner-title-visibility":"","ast-main-header-display":"","ast-hfb-above-header-display":"","ast-hfb-below-header-display":"","ast-hfb-mobile-header-display":"","site-post-title":"disabled","ast-breadcrumbs-content":"","ast-featured-img":"disabled","footer-sml-layout":"","ast-disable-related-posts":"","theme-transparent-header-meta":"","adv-header-id-meta":"","stick-header-meta":"","header-above-stick-meta":"","header-main-stick-meta":"","header-below-stick-meta":"","astra-migrate-meta-layouts":"default","ast-page-background-enabled":"default","ast-page-background-meta":{"desktop":{"background-color":"","background-image":"","background-repeat":"repeat","background-position":"center center","background-size":"auto","background-attachment":"scroll","background-type":"","background-media":"","overlay-type":"","overlay-color":"","overlay-opacity":"","overlay-gradient":""},"tablet":{"background-color":"","background-image":"","background-repeat":"repeat","background-position":"center center","background-size":"auto","background-attachment":"scroll","background-type":"","background-media":"","overlay-type":"","overlay-color":"","overlay-opacity":"","overlay-gradient":""},"mobile":{"background-color":"","background-image":"","background-repeat":"repeat","background-position":"center center","background-size":"auto","background-attachment":"scroll","background-type":"","background-media":"","overlay-type":"","overlay-color":"","overlay-opacity":"","overlay-gradient":""}},"ast-content-background-meta":{"desktop":{"background-color":"var(--ast-global-color-5)","background-image":"","background-repeat":"repeat","background-position":"center center","background-size":"auto","background-attachment":"scroll","background-type":"","background-media":"","overlay-type":"","overlay-color":"","overlay-opacity":"","overlay-gradient":""},"tablet":{"background-color":"var(--ast-global-color-5)","background-image":"","background-repeat":"repeat","background-position":"center center","background-size":"auto","background-attachment":"scroll","background-type":"","background-media":"","overlay-type":"","overlay-color":"","overlay-opacity":"","overlay-gradient":""},"mobile":{"background-color":"var(--ast-global-color-5)","background-image":"","background-repeat":"repeat","background-position":"center center","background-size":"auto","background-attachment":"scroll","background-type":"","background-media":"","overlay-type":"","overlay-color":"","overlay-opacity":"","overlay-gradient":""}},"footnotes":""},"class_list":["post-36","page","type-page","status-publish","hentry"],"acf":[],"yoast_head":"<!-- This site is optimized with the Yoast SEO plugin v27.0 - https:\/\/yoast.com\/product\/yoast-seo-wordpress\/ -->\n<title>Instructeur - Voile Qu\u00e9bec<\/title>\n<meta name=\"robots\" content=\"index, follow, max-snippet:-1, max-image-preview:large, max-video-preview:-1\" \/>\n<link rel=\"canonical\" href=\"https:\/\/voile.qc.ca\/en\/instructeur\/\" \/>\n<meta property=\"og:locale\" content=\"en_US\" \/>\n<meta property=\"og:type\" content=\"article\" \/>\n<meta property=\"og:title\" content=\"Instructeur - Voile Qu\u00e9bec\" \/>\n<meta property=\"og:description\" content=\"Devenir instructeur sur d\u00e9riveur Vous avez une solide exp\u00e9rience de marin, vous \u00eates passionn\u00e9 de voile et vous aimeriez transmettre votre passion. Avez-vous pens\u00e9 \u00e0 devenir instructeur de voile croisi\u00e8re ? Une fois certifi\u00e9, vous pourrez rejoindre l&rsquo;une de nos \u00e9coles de voile homologu\u00e9es, et r\u00e9pondre ainsi au besoin en instructeurs qualifi\u00e9s au Qu\u00e9bec. Vous [&hellip;]\" \/>\n<meta property=\"og:url\" content=\"https:\/\/voile.qc.ca\/en\/instructeur\/\" \/>\n<meta property=\"og:site_name\" content=\"Voile Qu\u00e9bec\" \/>\n<meta property=\"article:publisher\" content=\"https:\/\/www.facebook.com\/voilequebec\" \/>\n<meta property=\"article:modified_time\" content=\"2024-04-26T01:18:25+00:00\" \/>\n<meta property=\"og:image\" content=\"https:\/\/voile.qc.ca\/wp-content\/uploads\/2023\/04\/IMG_8295-1024x768.jpg\" \/>\n<meta name=\"twitter:card\" content=\"summary_large_image\" \/>\n<meta name=\"twitter:label1\" content=\"Est. reading time\" \/>\n\t<meta name=\"twitter:data1\" content=\"2 minutes\" \/>\n<script type=\"application\/ld+json\" class=\"yoast-schema-graph\">{\"@context\":\"https:\/\/schema.org\",\"@graph\":[{\"@type\":\"WebPage\",\"@id\":\"https:\/\/voile.qc.ca\/en\/instructeur\/\",\"url\":\"https:\/\/voile.qc.ca\/en\/instructeur\/\",\"name\":\"Instructeur - Voile Qu\u00e9bec\",\"isPartOf\":{\"@id\":\"https:\/\/voile.qc.ca\/fr\/#website\"},\"primaryImageOfPage\":{\"@id\":\"https:\/\/voile.qc.ca\/en\/instructeur\/#primaryimage\"},\"image\":{\"@id\":\"https:\/\/voile.qc.ca\/en\/instructeur\/#primaryimage\"},\"thumbnailUrl\":\"https:\/\/voile.qc.ca\/wp-content\/uploads\/2023\/04\/IMG_8295-1024x768.jpg\",\"datePublished\":\"2023-04-23T03:39:51+00:00\",\"dateModified\":\"2024-04-26T01:18:25+00:00\",\"breadcrumb\":{\"@id\":\"https:\/\/voile.qc.ca\/en\/instructeur\/#breadcrumb\"},\"inLanguage\":\"en-CA\",\"potentialAction\":[{\"@type\":\"ReadAction\",\"target\":[\"https:\/\/voile.qc.ca\/en\/instructeur\/\"]}]},{\"@type\":\"ImageObject\",\"inLanguage\":\"en-CA\",\"@id\":\"https:\/\/voile.qc.ca\/en\/instructeur\/#primaryimage\",\"url\":\"https:\/\/voile.qc.ca\/wp-content\/uploads\/2023\/04\/IMG_8295-1024x768.jpg\",\"contentUrl\":\"https:\/\/voile.qc.ca\/wp-content\/uploads\/2023\/04\/IMG_8295-1024x768.jpg\"},{\"@type\":\"BreadcrumbList\",\"@id\":\"https:\/\/voile.qc.ca\/en\/instructeur\/#breadcrumb\",\"itemListElement\":[{\"@type\":\"ListItem\",\"position\":1,\"name\":\"Accueil\",\"item\":\"https:\/\/voile.qc.ca\/\"},{\"@type\":\"ListItem\",\"position\":2,\"name\":\"Instructeur\"}]},{\"@type\":\"WebSite\",\"@id\":\"https:\/\/voile.qc.ca\/fr\/#website\",\"url\":\"https:\/\/voile.qc.ca\/fr\/\",\"name\":\"Voile Qu\u00e9bec\",\"description\":\"La r\u00e9f\u00e9rence de voile au Qu\u00e9bec\",\"publisher\":{\"@id\":\"https:\/\/voile.qc.ca\/fr\/#organization\"},\"potentialAction\":[{\"@type\":\"SearchAction\",\"target\":{\"@type\":\"EntryPoint\",\"urlTemplate\":\"https:\/\/voile.qc.ca\/fr\/?s={search_term_string}\"},\"query-input\":{\"@type\":\"PropertyValueSpecification\",\"valueRequired\":true,\"valueName\":\"search_term_string\"}}],\"inLanguage\":\"en-CA\"},{\"@type\":\"Organization\",\"@id\":\"https:\/\/voile.qc.ca\/fr\/#organization\",\"name\":\"F\u00e9d\u00e9ration de Voile du Qu\u00e9bec\",\"url\":\"https:\/\/voile.qc.ca\/fr\/\",\"logo\":{\"@type\":\"ImageObject\",\"inLanguage\":\"en-CA\",\"@id\":\"https:\/\/voile.qc.ca\/fr\/#\/schema\/logo\/image\/\",\"url\":\"https:\/\/voile.qc.ca\/wp-content\/uploads\/2023\/11\/cropped-bateau-bleu-V5.png\",\"contentUrl\":\"https:\/\/voile.qc.ca\/wp-content\/uploads\/2023\/11\/cropped-bateau-bleu-V5.png\",\"width\":500,\"height\":116,\"caption\":\"F\u00e9d\u00e9ration de Voile du Qu\u00e9bec\"},\"image\":{\"@id\":\"https:\/\/voile.qc.ca\/fr\/#\/schema\/logo\/image\/\"},\"sameAs\":[\"https:\/\/www.facebook.com\/voilequebec\",\"https:\/\/www.instagram.com\/voilequebec\"]}]}<\/script>\n<!-- \/ Yoast SEO plugin. -->","yoast_head_json":{"title":"Instructeur - Voile Qu\u00e9bec","robots":{"index":"index","follow":"follow","max-snippet":"max-snippet:-1","max-image-preview":"max-image-preview:large","max-video-preview":"max-video-preview:-1"},"canonical":"https:\/\/voile.qc.ca\/en\/instructeur\/","og_locale":"en_US","og_type":"article","og_title":"Instructeur - Voile Qu\u00e9bec","og_description":"Devenir instructeur sur d\u00e9riveur Vous avez une solide exp\u00e9rience de marin, vous \u00eates passionn\u00e9 de voile et vous aimeriez transmettre votre passion. Avez-vous pens\u00e9 \u00e0 devenir instructeur de voile croisi\u00e8re ? Une fois certifi\u00e9, vous pourrez rejoindre l&rsquo;une de nos \u00e9coles de voile homologu\u00e9es, et r\u00e9pondre ainsi au besoin en instructeurs qualifi\u00e9s au Qu\u00e9bec. Vous [&hellip;]","og_url":"https:\/\/voile.qc.ca\/en\/instructeur\/","og_site_name":"Voile Qu\u00e9bec","article_publisher":"https:\/\/www.facebook.com\/voilequebec","article_modified_time":"2024-04-26T01:18:25+00:00","og_image":[{"url":"https:\/\/voile.qc.ca\/wp-content\/uploads\/2023\/04\/IMG_8295-1024x768.jpg","type":"","width":"","height":""}],"twitter_card":"summary_large_image","twitter_misc":{"Est. reading time":"2 minutes"},"schema":{"@context":"https:\/\/schema.org","@graph":[{"@type":"WebPage","@id":"https:\/\/voile.qc.ca\/en\/instructeur\/","url":"https:\/\/voile.qc.ca\/en\/instructeur\/","name":"Instructeur - Voile Qu\u00e9bec","isPartOf":{"@id":"https:\/\/voile.qc.ca\/fr\/#website"},"primaryImageOfPage":{"@id":"https:\/\/voile.qc.ca\/en\/instructeur\/#primaryimage"},"image":{"@id":"https:\/\/voile.qc.ca\/en\/instructeur\/#primaryimage"},"thumbnailUrl":"https:\/\/voile.qc.ca\/wp-content\/uploads\/2023\/04\/IMG_8295-1024x768.jpg","datePublished":"2023-04-23T03:39:51+00:00","dateModified":"2024-04-26T01:18:25+00:00","breadcrumb":{"@id":"https:\/\/voile.qc.ca\/en\/instructeur\/#breadcrumb"},"inLanguage":"en-CA","potentialAction":[{"@type":"ReadAction","target":["https:\/\/voile.qc.ca\/en\/instructeur\/"]}]},{"@type":"ImageObject","inLanguage":"en-CA","@id":"https:\/\/voile.qc.ca\/en\/instructeur\/#primaryimage","url":"https:\/\/voile.qc.ca\/wp-content\/uploads\/2023\/04\/IMG_8295-1024x768.jpg","contentUrl":"https:\/\/voile.qc.ca\/wp-content\/uploads\/2023\/04\/IMG_8295-1024x768.jpg"},{"@type":"BreadcrumbList","@id":"https:\/\/voile.qc.ca\/en\/instructeur\/#breadcrumb","itemListElement":[{"@type":"ListItem","position":1,"name":"Accueil","item":"https:\/\/voile.qc.ca\/"},{"@type":"ListItem","position":2,"name":"Instructeur"}]},{"@type":"WebSite","@id":"https:\/\/voile.qc.ca\/fr\/#website","url":"https:\/\/voile.qc.ca\/fr\/","name":"Voile Qu\u00e9bec","description":"La r\u00e9f\u00e9rence de voile au Qu\u00e9bec","publisher":{"@id":"https:\/\/voile.qc.ca\/fr\/#organization"},"potentialAction":[{"@type":"SearchAction","target":{"@type":"EntryPoint","urlTemplate":"https:\/\/voile.qc.ca\/fr\/?s={search_term_string}"},"query-input":{"@type":"PropertyValueSpecification","valueRequired":true,"valueName":"search_term_string"}}],"inLanguage":"en-CA"},{"@type":"Organization","@id":"https:\/\/voile.qc.ca\/fr\/#organization","name":"F\u00e9d\u00e9ration de Voile du Qu\u00e9bec","url":"https:\/\/voile.qc.ca\/fr\/","logo":{"@type":"ImageObject","inLanguage":"en-CA","@id":"https:\/\/voile.qc.ca\/fr\/#\/schema\/logo\/image\/","url":"https:\/\/voile.qc.ca\/wp-content\/uploads\/2023\/11\/cropped-bateau-bleu-V5.png","contentUrl":"https:\/\/voile.qc.ca\/wp-content\/uploads\/2023\/11\/cropped-bateau-bleu-V5.png","width":500,"height":116,"caption":"F\u00e9d\u00e9ration de Voile du Qu\u00e9bec"},"image":{"@id":"https:\/\/voile.qc.ca\/fr\/#\/schema\/logo\/image\/"},"sameAs":["https:\/\/www.facebook.com\/voilequebec","https:\/\/www.instagram.com\/voilequebec"]}]}},"jetpack_sharing_enabled":true,"_links":{"self":[{"href":"https:\/\/voile.qc.ca\/en\/wp-json\/wp\/v2\/pages\/36","targetHints":{"allow":["GET"]}}],"collection":[{"href":"https:\/\/voile.qc.ca\/en\/wp-json\/wp\/v2\/pages"}],"about":[{"href":"https:\/\/voile.qc.ca\/en\/wp-json\/wp\/v2\/types\/page"}],"author":[{"embeddable":true,"href":"https:\/\/voile.qc.ca\/en\/wp-json\/wp\/v2\/users\/7"}],"replies":[{"embeddable":true,"href":"https:\/\/voile.qc.ca\/en\/wp-json\/wp\/v2\/comments?post=36"}],"version-history":[{"count":38,"href":"https:\/\/voile.qc.ca\/en\/wp-json\/wp\/v2\/pages\/36\/revisions"}],"predecessor-version":[{"id":15665,"href":"https:\/\/voile.qc.ca\/en\/wp-json\/wp\/v2\/pages\/36\/revisions\/15665"}],"wp:attachment":[{"href":"https:\/\/voile.qc.ca\/en\/wp-json\/wp\/v2\/media?parent=36"}],"curies":[{"name":"wp","href":"https:\/\/api.w.org\/{rel}","templated":true}]}}