{"id":3005,"date":"2023-09-28T13:24:33","date_gmt":"2023-09-28T17:24:33","guid":{"rendered":"https:\/\/voile.qc.ca\/?page_id=3005"},"modified":"2025-09-30T22:18:44","modified_gmt":"2025-10-01T02:18:44","slug":"recertification","status":"publish","type":"page","link":"https:\/\/voile.qc.ca\/en\/recertification\/","title":{"rendered":"Recertification"},"content":{"rendered":"<div data-elementor-type=\"wp-page\" data-elementor-id=\"3005\" class=\"elementor elementor-3005\">\n\t\t\t\t\t\t<section class=\"elementor-section elementor-top-section elementor-element elementor-element-f322efc elementor-section-boxed elementor-section-height-default elementor-section-height-default exad-glass-effect-no exad-sticky-section-no\" data-id=\"f322efc\" data-element_type=\"section\" data-e-type=\"section\" data-settings=\"{&quot;background_background&quot;:&quot;classic&quot;}\">\n\t\t\t\t\t\t<div class=\"elementor-container elementor-column-gap-default\">\n\t\t\t\t\t<div class=\"elementor-column elementor-col-100 elementor-top-column elementor-element elementor-element-75a78a43 exad-glass-effect-no exad-sticky-section-no\" data-id=\"75a78a43\" data-element_type=\"column\" data-e-type=\"column\">\n\t\t\t<div class=\"elementor-widget-wrap elementor-element-populated\">\n\t\t\t\t\t\t<div class=\"elementor-element elementor-element-65d45aca exad-sticky-section-no exad-glass-effect-no elementor-widget elementor-widget-heading\" data-id=\"65d45aca\" data-element_type=\"widget\" data-e-type=\"widget\" data-widget_type=\"heading.default\">\n\t\t\t\t<div class=\"elementor-widget-container\">\n\t\t\t\t\t<h2 class=\"elementor-heading-title elementor-size-default\">Brevet d'instructeur - Recertification<\/h2>\t\t\t\t<\/div>\n\t\t\t\t<\/div>\n\t\t\t\t\t<\/div>\n\t\t<\/div>\n\t\t\t\t\t<\/div>\n\t\t<\/section>\n\t\t\t\t<section class=\"elementor-section elementor-top-section elementor-element elementor-element-8abed85 elementor-section-boxed elementor-section-height-default elementor-section-height-default exad-glass-effect-no exad-sticky-section-no\" data-id=\"8abed85\" data-element_type=\"section\" data-e-type=\"section\">\n\t\t\t\t\t\t<div class=\"elementor-container elementor-column-gap-default\">\n\t\t\t\t\t<div class=\"elementor-column elementor-col-100 elementor-top-column elementor-element elementor-element-1a9d85d exad-glass-effect-no exad-sticky-section-no\" data-id=\"1a9d85d\" data-element_type=\"column\" data-e-type=\"column\">\n\t\t\t<div class=\"elementor-widget-wrap elementor-element-populated\">\n\t\t\t\t\t\t<div class=\"elementor-element elementor-element-6753649 exad-sticky-section-no exad-glass-effect-no elementor-widget elementor-widget-text-editor\" data-id=\"6753649\" data-element_type=\"widget\" data-e-type=\"widget\" data-widget_type=\"text-editor.default\">\n\t\t\t\t<div class=\"elementor-widget-container\">\n\t\t\t\t\t\t\t\t\t<p>Les instructeurs doivent se recertifier tous les 5 ans (3 ans pour la premi\u00e8re recertification) afin de maintenir \u00e0 jour et am\u00e9liorer leurs connaissances et ainsi assurer une haute qualit\u00e9 d&rsquo;enseignement \u00e0 tous les participants aux programmes d&rsquo;apprentissage de la voile croisi\u00e8re. Il existe deux fa\u00e7ons pour un instructeur de voile croisi\u00e8re de se recertifier :<\/p><ul><li><span style=\"background-color: var(--ast-global-color-4); color: var(--ast-global-color-3); font-size: 16px;\">Recertification sur l&rsquo;eau<\/span><\/li><li>Recertification via le Congr\u00e8s de Voile Qu\u00e9bec<\/li><\/ul><h3>Recertification sur l&rsquo;eau<\/h3><div><p>L&rsquo;instructeur qui choisit de de se recertifier sur l&rsquo;eau, ou qui ne satisfait pas aux crit\u00e8res d&rsquo;\u00e9ligibilit\u00e9 pour se recertifier via le Congr\u00e8s annuel des instructeurs croisi\u00e8re de Voile Qu\u00e9bec, devra :<\/p><\/div><ol><li>R\u00e9ussir l&rsquo;examen sur les r\u00e8gles de route et balisage sur la plateforme MOODLE de Voile Canada<\/li><li>Participer \u00e0 une \u00e9preuve embarqu\u00e9e d&rsquo;une journ\u00e9e au cours de laquelle il sera \u00e9valu\u00e9 sur :<br \/><ul style=\"font-size: 16px;\"><li style=\"font-size: 16px;\">la pr\u00e9sentation d&rsquo;au moins 3 topos p\u00e9dagogiques suivis de discussions<\/li><li style=\"font-size: 16px;\">ses man\u0153uvres en solitaire<\/li><li style=\"font-size: 16px;\">ses connaissances techniques et th\u00e9oriques de la voile<\/li><\/ul><\/li><\/ol><h3>Recertification via le Congr\u00e8s annuel des instructeurs croisi\u00e8re de Voile Qu\u00e9bec<\/h3><div>\u00a0Pour se recertifier via le Congr\u00e8s de Voile Qu\u00e9bec, l&rsquo;instructeur doit :<\/div><ul><li><span style=\"font-style: inherit; font-weight: inherit; background-color: var(--ast-global-color-4); color: var(--ast-global-color-3);\">avoir \u00e9t\u00e9 actif au moins 4 ann\u00e9es sur les 5 derni\u00e8res ann\u00e9es (cotisation Voile Canada \u00e0 jour et au moins un stage donn\u00e9 dans l&rsquo;ann\u00e9e)\u00a0<\/span><\/li><li><span style=\"font-style: inherit; font-weight: inherit; background-color: var(--ast-global-color-4); color: var(--ast-global-color-3);\">avoir \u00e9t\u00e9 actif pendant les 3 derni\u00e8res ann\u00e9es pour les nouveaux instructeurs<\/span>\u00a0(cotisation Voile Canada \u00e0 jour et au moins un stage donn\u00e9 dans l&rsquo;ann\u00e9e)\u00a0<\/li><\/ul><p>Pour se recertifier, l&rsquo;instructeur devra compl\u00e9ter 4 volets :<\/p><ul><li><span style=\"font-size: 16px;\">Volet perfectionnement technique : lors du congr\u00e8s annuel de Voile Qu\u00e9bec<\/span><\/li><li>Volet comp\u00e9tences p\u00e9dagogique : lors du congr\u00e8s annuel de Voile Qu\u00e9bec<\/li><li>Volet r\u00e8gles de route et balisage : r\u00e9ussite de l&rsquo;examen du RIPAM sur la plateforme MOODLE de Voile Canada<\/li><li>Volet capacit\u00e9 physique : obtention d&rsquo;un certificat m\u00e9dical ou d&rsquo;une attestation de capacit\u00e9 physique<\/li><\/ul>\t\t\t\t\t\t\t\t<\/div>\n\t\t\t\t<\/div>\n\t\t\t\t\t<\/div>\n\t\t<\/div>\n\t\t\t\t\t<\/div>\n\t\t<\/section>\n\t\t\t\t<section class=\"elementor-section elementor-top-section elementor-element elementor-element-be4a250 elementor-hidden-mobile elementor-section-boxed elementor-section-height-default elementor-section-height-default exad-glass-effect-no exad-sticky-section-no\" data-id=\"be4a250\" data-element_type=\"section\" data-e-type=\"section\">\n\t\t\t\t\t\t<div class=\"elementor-container elementor-column-gap-default\">\n\t\t\t\t\t<div class=\"elementor-column elementor-col-100 elementor-top-column elementor-element elementor-element-132f6e9 exad-glass-effect-no exad-sticky-section-no\" data-id=\"132f6e9\" data-element_type=\"column\" data-e-type=\"column\">\n\t\t\t<div class=\"elementor-widget-wrap elementor-element-populated\">\n\t\t\t\t\t\t<div class=\"elementor-element elementor-element-eaf2ef7 exad-sticky-section-no exad-glass-effect-no elementor-widget elementor-widget-text-editor\" data-id=\"eaf2ef7\" data-element_type=\"widget\" data-e-type=\"widget\" data-widget_type=\"text-editor.default\">\n\t\t\t\t<div class=\"elementor-widget-container\">\n\t\t\t\t\t\t\t\t\t<h3 style=\"text-align: center;\">Tableau de synth\u00e8se pour le processus de recertification via le Congr\u00e8s de Voile Qu\u00e9bec<\/h3><table width=\"1232\"><tbody><tr><td width=\"215\"><h5>Volets<\/h5><\/td><td width=\"275\"><h5>Objectifs<\/h5><\/td><td width=\"386\"><h5>Proc\u00e9dure Voile Qu\u00e9bec<\/h5><\/td><td width=\"110\"><h5>Fr\u00e9quence<\/h5><\/td><td width=\"246\"><h5>Contr\u00f4le<\/h5><\/td><\/tr><tr><td width=\"215\"><h5>Volet 1 : Perfectionnement technique<\/h5><\/td><td width=\"275\"><p>\u00c9valuer, d\u00e9velopper et homog\u00e9n\u00e9iser les connaissances techniques des instructeurs<\/p><\/td><td width=\"386\"><p>&#8211; Conf\u00e9rences plus techniques et creus\u00e9es pr\u00e9sent\u00e9es lors du congr\u00e8s afin d&rsquo;am\u00e9liorer le niveau technique de chacun<\/p><p>&#8211; R\u00e9alis\u00e9 lors du Congr\u00e8s<\/p><\/td><td width=\"110\"><p>3 fois sur 5 ans<\/p><\/td><td width=\"246\">\u00c9coute active des conf\u00e9rences techniques<\/td><\/tr><tr><td width=\"215\"><h6>Volet 2 : R\u00e8gles de route et balisage<\/h6><\/td><td width=\"275\">Maintenir et d\u00e9velopper les connaissances de r\u00e8gles de route et balisage<\/td><td width=\"386\"><p>&#8211; Examen sur les r\u00e8gles de route et le balisage via la plateforme Moodle de Voile Canada<\/p><p>&#8211; Un courriel avec un lien vers la plateforme Moodle sera envoy\u00e9 aux instructeurs en temps et lieu<\/p><\/td><td width=\"110\">1 fois aux 5 ans<\/td><td width=\"246\">Obtention de la note de passage (100 %) avec possibilit\u00e9 de reprendre les questions manqu\u00e9es<\/td><\/tr><tr><td width=\"215\"><h6>Volet 3 : Comp\u00e9tences p\u00e9dagogiques<\/h6><\/td><td width=\"275\">\u00c9valuer, d\u00e9velopper et homog\u00e9n\u00e9iser les aptitudes p\u00e9dagogiques des instructeurs<\/td><td width=\"386\">&#8211; Ateliers-discussion par petits groupes d&rsquo;instructeurs + 1 IE : chaque instructeur pr\u00e9sente un\u00a0 \u00e9l\u00e9ment de contenu du brevet le plus \u00e9lev\u00e9 qu&rsquo;il peut enseigner et qui sera ensuite discut\u00e9 en groupe<br \/>&#8211; Favorise le partage de connaissances et d&rsquo;id\u00e9es entre instructeurs, favorise l&rsquo;\u00e9change via les r\u00e9troactions<br \/>&#8211; R\u00e9alis\u00e9 lors du Congr\u00e8s ou de soir\u00e9es Cap sur la p\u00e9dagogie<\/td><td width=\"110\">3 fois aux 5 ans<\/td><td width=\"246\">Confirmation de r\u00e9ussite par l&rsquo;IE\u00a0<\/td><\/tr><tr><td width=\"215\"><h6>Volet 4 : Capacit\u00e9 physique<\/h6><\/td><td width=\"275\">\u00c9valuer les capacit\u00e9s physiques<\/td><td width=\"386\">&#8211; Certificat m\u00e9dical d&rsquo;un m\u00e9decin d\u00e9sign\u00e9 de Transports Canada<br \/>&#8211; Ou une attestation de capacit\u00e9 physique compl\u00e9t\u00e9e par un IE (peut \u00eatre fait par\u00a0 un instructeur avanc\u00e9 seulement pour instructeur IVQ ou \u00e9l\u00e9mentaire sans vie \u00e0 bord)<br \/>&#8211; L&rsquo;attestation de capacit\u00e9 physique se fait sur l&rsquo;eau avec l&rsquo;\u00e9valuation de diff\u00e9rentes man\u0153uvres<\/td><td width=\"110\">1 fois au 5 ans<\/td><td width=\"246\">Envoyer le certificat m\u00e9dical ou l&rsquo;attestation \u00e0 formation@voile.qc.ca<\/td><\/tr><\/tbody><\/table><p>Chaque instructeur est responsable de maintenir sa certification d&rsquo;instructeur et ses pr\u00e9alables \u00e0 jour et de mener les d\u00e9marches n\u00e9cessaires pour cela.\u00a0Merci de nous \u00e9crire par courriel si vous devez vous recertifier cette ann\u00e9e (<a style=\"background-color: #f3f5f5; transition-property: all; outline: 0px; text-align: justify;\" href=\"mailto:soutien1@voile.qc.ca\">soutien1@voile.qc.ca<\/a>).\u00a0<\/p>\t\t\t\t\t\t\t\t<\/div>\n\t\t\t\t<\/div>\n\t\t\t\t\t<\/div>\n\t\t<\/div>\n\t\t\t\t\t<\/div>\n\t\t<\/section>\n\t\t\t\t<section class=\"elementor-section elementor-top-section elementor-element elementor-element-794f5ad elementor-section-boxed elementor-section-height-default elementor-section-height-default exad-glass-effect-no exad-sticky-section-no\" data-id=\"794f5ad\" data-element_type=\"section\" data-e-type=\"section\">\n\t\t\t\t\t\t<div class=\"elementor-container elementor-column-gap-default\">\n\t\t\t\t\t<div class=\"elementor-column elementor-col-100 elementor-top-column elementor-element elementor-element-d8239ce elementor-hidden-desktop elementor-hidden-tablet exad-glass-effect-no exad-sticky-section-no\" data-id=\"d8239ce\" data-element_type=\"column\" data-e-type=\"column\">\n\t\t\t<div class=\"elementor-widget-wrap elementor-element-populated\">\n\t\t\t\t\t\t<div class=\"elementor-element elementor-element-cbd89e7 exad-sticky-section-no exad-glass-effect-no elementor-widget elementor-widget-text-editor\" data-id=\"cbd89e7\" data-element_type=\"widget\" data-e-type=\"widget\" data-widget_type=\"text-editor.default\">\n\t\t\t\t<div class=\"elementor-widget-container\">\n\t\t\t\t\t\t\t\t\t<p><\/p>\n<h3 style=\"font-style: normal;text-align: center\">Tableau de synth\u00e8se pour le processus de recertification simplifi\u00e9 de Voile Qu\u00e9bec<\/h3>\n<div><br><\/div><div>Consulter le <a href=\"https:\/\/voile.qc.ca\/wp-content\/uploads\/2023\/10\/recertification-croisiere.pdf\" target=\"_blank\" rel=\"noopener\">Tableau de synth\u00e8se ici<\/a><\/div>\n<div>&nbsp;<\/div>\n<p>Chaque instructeur est responsable de maintenir sa certification d&rsquo;instructeur et ses pr\u00e9alables \u00e0 jour et de mener les d\u00e9marches n\u00e9cessaires pour cela.&nbsp;Merci de nous \u00e9crire par courriel si vous devez vous recertifier cette ann\u00e9e (<a style=\"background-color: #f3f5f5\" href=\"mailto:plaisance@voile.qc.ca\">formation@voile.qc.ca<\/a>).&nbsp;<\/p>\t\t\t\t\t\t\t\t<\/div>\n\t\t\t\t<\/div>\n\t\t\t\t\t<\/div>\n\t\t<\/div>\n\t\t\t\t\t<\/div>\n\t\t<\/section>\n\t\t\t\t<\/div>","protected":false},"excerpt":{"rendered":"<p>Brevet d&rsquo;instructeur &#8211; Recertification Les instructeurs doivent se recertifier tous les 5 ans (3 ans pour la premi\u00e8re recertification) afin de maintenir \u00e0 jour et am\u00e9liorer leurs connaissances et ainsi assurer une haute qualit\u00e9 d&rsquo;enseignement \u00e0 tous les participants aux programmes d&rsquo;apprentissage de la voile croisi\u00e8re. Il existe deux fa\u00e7ons pour un instructeur de voile [&hellip;]<\/p>\n","protected":false},"author":7,"featured_media":0,"parent":0,"menu_order":0,"comment_status":"closed","ping_status":"closed","template":"","meta":{"_acf_changed":false,"site-sidebar-layout":"no-sidebar","site-content-layout":"page-builder","ast-site-content-layout":"full-width-container","site-content-style":"default","site-sidebar-style":"default","ast-global-header-display":"","ast-banner-title-visibility":"","ast-main-header-display":"","ast-hfb-above-header-display":"","ast-hfb-below-header-display":"","ast-hfb-mobile-header-display":"","site-post-title":"disabled","ast-breadcrumbs-content":"","ast-featured-img":"disabled","footer-sml-layout":"","ast-disable-related-posts":"","theme-transparent-header-meta":"","adv-header-id-meta":"","stick-header-meta":"","header-above-stick-meta":"","header-main-stick-meta":"","header-below-stick-meta":"","astra-migrate-meta-layouts":"set","ast-page-background-enabled":"default","ast-page-background-meta":{"desktop":{"background-color":"","background-image":"","background-repeat":"repeat","background-position":"center center","background-size":"auto","background-attachment":"scroll","background-type":"","background-media":"","overlay-type":"","overlay-color":"","overlay-opacity":"","overlay-gradient":""},"tablet":{"background-color":"","background-image":"","background-repeat":"repeat","background-position":"center center","background-size":"auto","background-attachment":"scroll","background-type":"","background-media":"","overlay-type":"","overlay-color":"","overlay-opacity":"","overlay-gradient":""},"mobile":{"background-color":"","background-image":"","background-repeat":"repeat","background-position":"center center","background-size":"auto","background-attachment":"scroll","background-type":"","background-media":"","overlay-type":"","overlay-color":"","overlay-opacity":"","overlay-gradient":""}},"ast-content-background-meta":{"desktop":{"background-color":"var(--ast-global-color-5)","background-image":"","background-repeat":"repeat","background-position":"center center","background-size":"auto","background-attachment":"scroll","background-type":"","background-media":"","overlay-type":"","overlay-color":"","overlay-opacity":"","overlay-gradient":""},"tablet":{"background-color":"var(--ast-global-color-5)","background-image":"","background-repeat":"repeat","background-position":"center center","background-size":"auto","background-attachment":"scroll","background-type":"","background-media":"","overlay-type":"","overlay-color":"","overlay-opacity":"","overlay-gradient":""},"mobile":{"background-color":"var(--ast-global-color-5)","background-image":"","background-repeat":"repeat","background-position":"center center","background-size":"auto","background-attachment":"scroll","background-type":"","background-media":"","overlay-type":"","overlay-color":"","overlay-opacity":"","overlay-gradient":""}},"footnotes":""},"class_list":["post-3005","page","type-page","status-publish","hentry"],"acf":[],"yoast_head":"<!-- This site is optimized with the Yoast SEO plugin v27.0 - https:\/\/yoast.com\/product\/yoast-seo-wordpress\/ -->\n<title>Recertification - Voile Qu\u00e9bec<\/title>\n<meta name=\"robots\" content=\"index, follow, max-snippet:-1, max-image-preview:large, max-video-preview:-1\" \/>\n<link rel=\"canonical\" href=\"https:\/\/voile.qc.ca\/en\/recertification\/\" \/>\n<meta property=\"og:locale\" content=\"en_US\" \/>\n<meta property=\"og:type\" content=\"article\" \/>\n<meta property=\"og:title\" content=\"Recertification - Voile Qu\u00e9bec\" \/>\n<meta property=\"og:description\" content=\"Brevet d&rsquo;instructeur &#8211; Recertification Les instructeurs doivent se recertifier tous les 5 ans (3 ans pour la premi\u00e8re recertification) afin de maintenir \u00e0 jour et am\u00e9liorer leurs connaissances et ainsi assurer une haute qualit\u00e9 d&rsquo;enseignement \u00e0 tous les participants aux programmes d&rsquo;apprentissage de la voile croisi\u00e8re. Il existe deux fa\u00e7ons pour un instructeur de voile [&hellip;]\" \/>\n<meta property=\"og:url\" content=\"https:\/\/voile.qc.ca\/en\/recertification\/\" \/>\n<meta property=\"og:site_name\" content=\"Voile Qu\u00e9bec\" \/>\n<meta property=\"article:publisher\" content=\"https:\/\/www.facebook.com\/voilequebec\" \/>\n<meta property=\"article:modified_time\" content=\"2025-10-01T02:18:44+00:00\" \/>\n<meta name=\"twitter:card\" content=\"summary_large_image\" \/>\n<meta name=\"twitter:label1\" content=\"Est. reading time\" \/>\n\t<meta name=\"twitter:data1\" content=\"4 minutes\" \/>\n<script type=\"application\/ld+json\" class=\"yoast-schema-graph\">{\"@context\":\"https:\/\/schema.org\",\"@graph\":[{\"@type\":\"WebPage\",\"@id\":\"https:\/\/voile.qc.ca\/fr\/recertification\/\",\"url\":\"https:\/\/voile.qc.ca\/fr\/recertification\/\",\"name\":\"Recertification - Voile Qu\u00e9bec\",\"isPartOf\":{\"@id\":\"https:\/\/voile.qc.ca\/fr\/#website\"},\"datePublished\":\"2023-09-28T17:24:33+00:00\",\"dateModified\":\"2025-10-01T02:18:44+00:00\",\"breadcrumb\":{\"@id\":\"https:\/\/voile.qc.ca\/fr\/recertification\/#breadcrumb\"},\"inLanguage\":\"en-CA\",\"potentialAction\":[{\"@type\":\"ReadAction\",\"target\":[\"https:\/\/voile.qc.ca\/fr\/recertification\/\"]}]},{\"@type\":\"BreadcrumbList\",\"@id\":\"https:\/\/voile.qc.ca\/fr\/recertification\/#breadcrumb\",\"itemListElement\":[{\"@type\":\"ListItem\",\"position\":1,\"name\":\"Accueil\",\"item\":\"https:\/\/voile.qc.ca\/\"},{\"@type\":\"ListItem\",\"position\":2,\"name\":\"Recertification\"}]},{\"@type\":\"WebSite\",\"@id\":\"https:\/\/voile.qc.ca\/fr\/#website\",\"url\":\"https:\/\/voile.qc.ca\/fr\/\",\"name\":\"Voile Qu\u00e9bec\",\"description\":\"La r\u00e9f\u00e9rence de voile au Qu\u00e9bec\",\"publisher\":{\"@id\":\"https:\/\/voile.qc.ca\/fr\/#organization\"},\"potentialAction\":[{\"@type\":\"SearchAction\",\"target\":{\"@type\":\"EntryPoint\",\"urlTemplate\":\"https:\/\/voile.qc.ca\/fr\/?s={search_term_string}\"},\"query-input\":{\"@type\":\"PropertyValueSpecification\",\"valueRequired\":true,\"valueName\":\"search_term_string\"}}],\"inLanguage\":\"en-CA\"},{\"@type\":\"Organization\",\"@id\":\"https:\/\/voile.qc.ca\/fr\/#organization\",\"name\":\"F\u00e9d\u00e9ration de Voile du Qu\u00e9bec\",\"url\":\"https:\/\/voile.qc.ca\/fr\/\",\"logo\":{\"@type\":\"ImageObject\",\"inLanguage\":\"en-CA\",\"@id\":\"https:\/\/voile.qc.ca\/fr\/#\/schema\/logo\/image\/\",\"url\":\"https:\/\/voile.qc.ca\/wp-content\/uploads\/2023\/11\/cropped-bateau-bleu-V5.png\",\"contentUrl\":\"https:\/\/voile.qc.ca\/wp-content\/uploads\/2023\/11\/cropped-bateau-bleu-V5.png\",\"width\":500,\"height\":116,\"caption\":\"F\u00e9d\u00e9ration de Voile du Qu\u00e9bec\"},\"image\":{\"@id\":\"https:\/\/voile.qc.ca\/fr\/#\/schema\/logo\/image\/\"},\"sameAs\":[\"https:\/\/www.facebook.com\/voilequebec\",\"https:\/\/www.instagram.com\/voilequebec\"]}]}<\/script>\n<!-- \/ Yoast SEO plugin. -->","yoast_head_json":{"title":"Recertification - Voile Qu\u00e9bec","robots":{"index":"index","follow":"follow","max-snippet":"max-snippet:-1","max-image-preview":"max-image-preview:large","max-video-preview":"max-video-preview:-1"},"canonical":"https:\/\/voile.qc.ca\/en\/recertification\/","og_locale":"en_US","og_type":"article","og_title":"Recertification - Voile Qu\u00e9bec","og_description":"Brevet d&rsquo;instructeur &#8211; Recertification Les instructeurs doivent se recertifier tous les 5 ans (3 ans pour la premi\u00e8re recertification) afin de maintenir \u00e0 jour et am\u00e9liorer leurs connaissances et ainsi assurer une haute qualit\u00e9 d&rsquo;enseignement \u00e0 tous les participants aux programmes d&rsquo;apprentissage de la voile croisi\u00e8re. Il existe deux fa\u00e7ons pour un instructeur de voile [&hellip;]","og_url":"https:\/\/voile.qc.ca\/en\/recertification\/","og_site_name":"Voile Qu\u00e9bec","article_publisher":"https:\/\/www.facebook.com\/voilequebec","article_modified_time":"2025-10-01T02:18:44+00:00","twitter_card":"summary_large_image","twitter_misc":{"Est. reading time":"4 minutes"},"schema":{"@context":"https:\/\/schema.org","@graph":[{"@type":"WebPage","@id":"https:\/\/voile.qc.ca\/fr\/recertification\/","url":"https:\/\/voile.qc.ca\/fr\/recertification\/","name":"Recertification - Voile Qu\u00e9bec","isPartOf":{"@id":"https:\/\/voile.qc.ca\/fr\/#website"},"datePublished":"2023-09-28T17:24:33+00:00","dateModified":"2025-10-01T02:18:44+00:00","breadcrumb":{"@id":"https:\/\/voile.qc.ca\/fr\/recertification\/#breadcrumb"},"inLanguage":"en-CA","potentialAction":[{"@type":"ReadAction","target":["https:\/\/voile.qc.ca\/fr\/recertification\/"]}]},{"@type":"BreadcrumbList","@id":"https:\/\/voile.qc.ca\/fr\/recertification\/#breadcrumb","itemListElement":[{"@type":"ListItem","position":1,"name":"Accueil","item":"https:\/\/voile.qc.ca\/"},{"@type":"ListItem","position":2,"name":"Recertification"}]},{"@type":"WebSite","@id":"https:\/\/voile.qc.ca\/fr\/#website","url":"https:\/\/voile.qc.ca\/fr\/","name":"Voile Qu\u00e9bec","description":"La r\u00e9f\u00e9rence de voile au Qu\u00e9bec","publisher":{"@id":"https:\/\/voile.qc.ca\/fr\/#organization"},"potentialAction":[{"@type":"SearchAction","target":{"@type":"EntryPoint","urlTemplate":"https:\/\/voile.qc.ca\/fr\/?s={search_term_string}"},"query-input":{"@type":"PropertyValueSpecification","valueRequired":true,"valueName":"search_term_string"}}],"inLanguage":"en-CA"},{"@type":"Organization","@id":"https:\/\/voile.qc.ca\/fr\/#organization","name":"F\u00e9d\u00e9ration de Voile du Qu\u00e9bec","url":"https:\/\/voile.qc.ca\/fr\/","logo":{"@type":"ImageObject","inLanguage":"en-CA","@id":"https:\/\/voile.qc.ca\/fr\/#\/schema\/logo\/image\/","url":"https:\/\/voile.qc.ca\/wp-content\/uploads\/2023\/11\/cropped-bateau-bleu-V5.png","contentUrl":"https:\/\/voile.qc.ca\/wp-content\/uploads\/2023\/11\/cropped-bateau-bleu-V5.png","width":500,"height":116,"caption":"F\u00e9d\u00e9ration de Voile du Qu\u00e9bec"},"image":{"@id":"https:\/\/voile.qc.ca\/fr\/#\/schema\/logo\/image\/"},"sameAs":["https:\/\/www.facebook.com\/voilequebec","https:\/\/www.instagram.com\/voilequebec"]}]}},"jetpack_sharing_enabled":true,"_links":{"self":[{"href":"https:\/\/voile.qc.ca\/en\/wp-json\/wp\/v2\/pages\/3005","targetHints":{"allow":["GET"]}}],"collection":[{"href":"https:\/\/voile.qc.ca\/en\/wp-json\/wp\/v2\/pages"}],"about":[{"href":"https:\/\/voile.qc.ca\/en\/wp-json\/wp\/v2\/types\/page"}],"author":[{"embeddable":true,"href":"https:\/\/voile.qc.ca\/en\/wp-json\/wp\/v2\/users\/7"}],"replies":[{"embeddable":true,"href":"https:\/\/voile.qc.ca\/en\/wp-json\/wp\/v2\/comments?post=3005"}],"version-history":[{"count":85,"href":"https:\/\/voile.qc.ca\/en\/wp-json\/wp\/v2\/pages\/3005\/revisions"}],"predecessor-version":[{"id":18314,"href":"https:\/\/voile.qc.ca\/en\/wp-json\/wp\/v2\/pages\/3005\/revisions\/18314"}],"wp:attachment":[{"href":"https:\/\/voile.qc.ca\/en\/wp-json\/wp\/v2\/media?parent=3005"}],"curies":[{"name":"wp","href":"https:\/\/api.w.org\/{rel}","templated":true}]}}