{"id":17262,"date":"2025-04-10T13:57:32","date_gmt":"2025-04-10T17:57:32","guid":{"rendered":"https:\/\/voile.qc.ca\/?page_id=17262"},"modified":"2025-08-22T16:32:42","modified_gmt":"2025-08-22T20:32:42","slug":"opportunite-dentrainement","status":"publish","type":"page","link":"https:\/\/voile.qc.ca\/en\/opportunite-dentrainement\/","title":{"rendered":"Opportunit\u00e9 D&rsquo;entra\u00eenement"},"content":{"rendered":"<h1>Opportunit\u00e9s d&rsquo;entra\u00eenement 2025 ouvert \u00e0 tous<\/h1>\n<p>\t\t\t\t\t\t\t\t\t\t\t\t\t<img fetchpriority=\"high\" decoding=\"async\" width=\"768\" height=\"1024\" src=\"https:\/\/voile.qc.ca\/wp-content\/uploads\/2025\/04\/Camp-dentrainement-de-lequipe-du-Quebec-768x1024.png\" alt=\"\" srcset=\"https:\/\/voile.qc.ca\/wp-content\/uploads\/2025\/04\/Camp-dentrainement-de-lequipe-du-Quebec-768x1024.png 768w, https:\/\/voile.qc.ca\/wp-content\/uploads\/2025\/04\/Camp-dentrainement-de-lequipe-du-Quebec-225x300.png 225w, https:\/\/voile.qc.ca\/wp-content\/uploads\/2025\/04\/Camp-dentrainement-de-lequipe-du-Quebec-1152x1536.png 1152w, https:\/\/voile.qc.ca\/wp-content\/uploads\/2025\/04\/Camp-dentrainement-de-lequipe-du-Quebec-1536x2048.png 1536w, https:\/\/voile.qc.ca\/wp-content\/uploads\/2025\/04\/Camp-dentrainement-de-lequipe-du-Quebec-9x12.png 9w, https:\/\/voile.qc.ca\/wp-content\/uploads\/2025\/04\/Camp-dentrainement-de-lequipe-du-Quebec-300x400.png 300w, https:\/\/voile.qc.ca\/wp-content\/uploads\/2025\/04\/Camp-dentrainement-de-lequipe-du-Quebec-600x800.png 600w, https:\/\/voile.qc.ca\/wp-content\/uploads\/2025\/04\/Camp-dentrainement-de-lequipe-du-Quebec.png 1728w\" sizes=\"(max-width: 768px) 100vw, 768px\" \/><br \/>\n\t\t\t\t\t\t\t\t\t\t\t\t\t<img decoding=\"async\" width=\"768\" height=\"1024\" src=\"https:\/\/voile.qc.ca\/wp-content\/uploads\/2025\/06\/C420-Camp-2-768x1024.png\" alt=\"\" srcset=\"https:\/\/voile.qc.ca\/wp-content\/uploads\/2025\/06\/C420-Camp-2-768x1024.png 768w, https:\/\/voile.qc.ca\/wp-content\/uploads\/2025\/06\/C420-Camp-2-225x300.png 225w, https:\/\/voile.qc.ca\/wp-content\/uploads\/2025\/06\/C420-Camp-2-1152x1536.png 1152w, https:\/\/voile.qc.ca\/wp-content\/uploads\/2025\/06\/C420-Camp-2-1536x2048.png 1536w, https:\/\/voile.qc.ca\/wp-content\/uploads\/2025\/06\/C420-Camp-2-9x12.png 9w, https:\/\/voile.qc.ca\/wp-content\/uploads\/2025\/06\/C420-Camp-2-300x400.png 300w, https:\/\/voile.qc.ca\/wp-content\/uploads\/2025\/06\/C420-Camp-2-600x800.png 600w, https:\/\/voile.qc.ca\/wp-content\/uploads\/2025\/06\/C420-Camp-2.png 1728w\" sizes=\"(max-width: 768px) 100vw, 768px\" \/><br \/>\n\t\t\t\t\t\t\t\t\t\t\t\t<a tabindex=\"0\">Camp \u00c9quipe du Qu\u00e9bec 2025 du 23 au 25 mai 2025<\/a><\/p>\n<p>Du 23 au 25 mai 2025, l\u2019\u00e9quipe du Qu\u00e9bec se rassemblera au Hudson Yacht Club pour un camp d&#8217;entra\u00eenement intensif, ouvert aux athl\u00e8tes du Qu\u00e9bec dans les classes identifi\u00e9es. L&#8217;objectif est de perfectionner les comp\u00e9tences des athl\u00e8tes, renforcer leur condition physique et favoriser la coh\u00e9sion de groupe en vue des comp\u00e9titions \u00e0 venir.<\/p>\n<ul>\n<li data-start=\"29\" data-end=\"58\">\n<p data-start=\"31\" data-end=\"58\"><a href=\"https:\/\/voile.qc.ca\/wp-content\/uploads\/2025\/05\/Camp-dentrainement-de-lequipe-du-Quebec-Publication-Instagram-45.pdf\"><strong data-start=\"31\" data-end=\"56\">Liste des entra\u00eeneurs<\/strong><\/a><\/p>\n<\/li>\n<li data-start=\"59\" data-end=\"136\">\n<p data-start=\"61\" data-end=\"136\"><a href=\"https:\/\/voile.qc.ca\/en\/civicrm\/event\/info\/?reset=1&amp;id=150\"><strong data-start=\"61\" data-end=\"83\">Lien d&#8217;inscription<\/strong><\/a><\/p>\n<\/li>\n<li data-start=\"137\" data-end=\"158\">\n<p data-start=\"139\" data-end=\"158\"><a href=\"https:\/\/voile.qc.ca\/wp-content\/uploads\/2025\/04\/Horaire-camp-dentrainement-de-lequipe.pdf\"><strong data-start=\"139\" data-end=\"158\">Horaire du camp<\/strong><\/a><\/p>\n<\/li>\n<\/ul>\n<p>\t\t\t\t\t\t\t\t\t\t\t\t<a tabindex=\"0\">Camp d\u2019entra\u00eenement Pre- Try C420<\/a><\/p>\n<p>Tous les athl\u00e8tes en 420 et leurs entra\u00eeneurs sont invit\u00e9s \u00e0 se joindre au camp d&#8217;entra\u00eenement qui aura lieu les 2 et 3 juillet au Yacht Club de Pointe-Claire, en pr\u00e9paration \u00e0 la r\u00e9gate TRY.\u00a0<\/p>\n<p>Un frais de participation de 5$ par athl\u00e8te est demand\u00e9 et inclus un souper hot dog le jeudi 3 juillet apr\u00e8s la journ\u00e9e d&#8217;entra\u00eenement.<\/p>\n<p>Les entra\u00eenements seront coordonn\u00e9s par Nicolas Tosi, entra\u00eeneur de l&#8217;\u00e9quipe du Qu\u00e9bec.\u00a0<\/p>\n<p>Les athl\u00e8tes sont invit\u00e9s \u00e0 arriver d\u00e8s 9h mercredi le 2 juillet, la r\u00e9union des entra\u00eeneurs aura lieu \u00e0 9h30.\u00a0<\/p>\n<p>Nous souhaitons rendre votre participation au camp d&#8217;entra\u00eenement le plus accessible possible et commencer la saison de r\u00e9gate en force pour la classe 420 donc n&#8217;h\u00e9sitez pas \u00e0 communiquer par courriel avec Nicolas Tosi afin de faciliter la logistique: competition@voile.qc.ca<\/p>\n<p>ous les athl\u00e8tes en 420 et leurs entra\u00eeneurs sont invit\u00e9s \u00e0 se joindre au camp d&#8217;entra\u00eenement qui aura lieu les 2 et 3 juillet au Yacht Club de Pointe-Claire, en pr\u00e9paration \u00e0 la r\u00e9gate TRY.\u00a0<\/p>\n<p>Un frais de participation de 5$ par athl\u00e8te est demand\u00e9 et inclus un souper hot dog le jeudi 3 juillet apr\u00e8s la journ\u00e9e d&#8217;entra\u00eenement.<\/p>\n<p>Les entra\u00eenements seront coordonn\u00e9s par Nicolas Tosi, entra\u00eeneur de l&#8217;\u00e9quipe du Qu\u00e9bec.\u00a0<\/p>\n<p>Les athl\u00e8tes sont invit\u00e9s \u00e0 arriver d\u00e8s 9h mercredi le 2 juillet, la r\u00e9union des entra\u00eeneurs aura lieu \u00e0 9h30.\u00a0<\/p>\n<p>Nous souhaitons rendre votre participation au camp d&#8217;entra\u00eenement le plus accessible possible et commencer la saison de r\u00e9gate en force pour la classe 420 donc n&#8217;h\u00e9sitez pas \u00e0 communiquer par courriel avec Nicolas Tosi afin de faciliter la logistique: competition@voile.qc.ca<\/p>\n<p>ous les athl\u00e8tes en 420 et leurs entra\u00eeneurs sont invit\u00e9s \u00e0 se joindre au camp d&#8217;entra\u00eenement qui aura lieu les 2 et 3 juillet au Yacht Club de Pointe-Claire, en pr\u00e9paration \u00e0 la r\u00e9gate TRY.\u00a0<\/p>\n<p>Un frais de participation de 5$ par athl\u00e8te est demand\u00e9 et inclus un souper hot dog le jeudi 3 juillet apr\u00e8s la journ\u00e9e d&#8217;entra\u00eenement.<\/p>\n<p>Les entra\u00eenements seront coordonn\u00e9s par Nicolas Tosi, entra\u00eeneur de l&#8217;\u00e9quipe du Qu\u00e9bec.\u00a0<\/p>\n<p>Les athl\u00e8tes sont invit\u00e9s \u00e0 arriver d\u00e8s 9h mercredi le 2 juillet, la r\u00e9union des entra\u00eeneurs aura lieu \u00e0 9h30.\u00a0<\/p>\n<p>Nous souhaitons rendre votre participation au camp d&#8217;entra\u00eenement le plus accessible possible et commencer la saison de r\u00e9gate en force pour la classe 420 donc n&#8217;h\u00e9sitez pas \u00e0 communiquer par courriel avec Nicolas Tosi afin de faciliter la logistique: competition@voile.qc.ca<\/p>\n<p>ous les athl\u00e8tes en 420 et leurs entra\u00eeneurs sont invit\u00e9s \u00e0 se joindre au camp d&#8217;entra\u00eenement qui aura lieu les 2 et 3 juillet au Yacht Club de Pointe-Claire, en pr\u00e9paration \u00e0 la r\u00e9gate TRY.\u00a0<\/p>\n<p>Un frais de participation de 5$ par athl\u00e8te est demand\u00e9 et inclus un souper hot dog le jeudi 3 juillet apr\u00e8s la journ\u00e9e d&#8217;entra\u00eenement.<\/p>\n<p>Les entra\u00eenements seront coordonn\u00e9s par Nicolas Tosi, entra\u00eeneur de l&#8217;\u00e9quipe du Qu\u00e9bec.\u00a0<\/p>\n<p>Les athl\u00e8tes sont invit\u00e9s \u00e0 arriver d\u00e8s 9h mercredi le 2 juillet, la r\u00e9union des entra\u00eeneurs aura lieu \u00e0 9h30.\u00a0<\/p>\n<p>Nous souhaitons rendre votre participation au camp d&#8217;entra\u00eenement le plus accessible possible et commencer la saison de r\u00e9gate en force pour la classe 420 donc n&#8217;h\u00e9sitez pas \u00e0 communiquer par courriel avec Nicolas Tosi afin de faciliter la logistique: competition@voile.qc.ca<\/p>\n<p>ous les athl\u00e8tes en 420 et leurs entra\u00eeneurs sont invit\u00e9s \u00e0 se joindre au camp d&#8217;entra\u00eenement qui aura lieu les 2 et 3 juillet au Yacht Club de Pointe-Claire, en pr\u00e9paration \u00e0 la r\u00e9gate TRY.\u00a0<\/p>\n<p>Un frais de participation de 5$ par athl\u00e8te est demand\u00e9 et inclus un souper hot dog le jeudi 3 juillet apr\u00e8s la journ\u00e9e d&#8217;entra\u00eenement.<\/p>\n<p>Les entra\u00eenements seront coordonn\u00e9s par Nicolas Tosi, entra\u00eeneur de l&#8217;\u00e9quipe du Qu\u00e9bec.\u00a0<\/p>\n<p>Les athl\u00e8tes sont invit\u00e9s \u00e0 arriver d\u00e8s 9h mercredi le 2 juillet, la r\u00e9union des entra\u00eeneurs aura lieu \u00e0 9h30.\u00a0<\/p>\n<p>Nous souhaitons rendre votre participation au camp d&#8217;entra\u00eenement le plus accessible possible et commencer la saison de r\u00e9gate en force pour la classe 420 donc n&#8217;h\u00e9sitez pas \u00e0 communiquer par courriel avec Nicolas Tosi afin de faciliter la logistique: competition@voile.qc.ca<\/p>\n<p><a href=\"https:\/\/voile.qc.ca\/en\/civicrm\/event\/info\/?reset=1&amp;id=152\">Liens D&#8217;inscription<\/a><\/p>","protected":false},"excerpt":{"rendered":"<p>Opportunit\u00e9s d&rsquo;entra\u00eenement 2025 ouvert \u00e0 tous Camp \u00c9quipe du Qu\u00e9bec 2025 du 23 au 25 mai 2025 Du 23 au 25 mai 2025, l\u2019\u00e9quipe du Qu\u00e9bec se rassemblera au Hudson Yacht Club pour un camp d&#8217;entra\u00eenement intensif, ouvert aux athl\u00e8tes du Qu\u00e9bec dans les classes identifi\u00e9es. L&#8217;objectif est de perfectionner les comp\u00e9tences des athl\u00e8tes, renforcer [&hellip;]<\/p>\n","protected":false},"author":11,"featured_media":0,"parent":0,"menu_order":0,"comment_status":"closed","ping_status":"closed","template":"","meta":{"_acf_changed":false,"site-sidebar-layout":"no-sidebar","site-content-layout":"page-builder","ast-site-content-layout":"full-width-container","site-content-style":"unboxed","site-sidebar-style":"unboxed","ast-global-header-display":"","ast-banner-title-visibility":"","ast-main-header-display":"","ast-hfb-above-header-display":"","ast-hfb-below-header-display":"","ast-hfb-mobile-header-display":"","site-post-title":"disabled","ast-breadcrumbs-content":"","ast-featured-img":"disabled","footer-sml-layout":"","ast-disable-related-posts":"","theme-transparent-header-meta":"","adv-header-id-meta":"","stick-header-meta":"","header-above-stick-meta":"","header-main-stick-meta":"","header-below-stick-meta":"","astra-migrate-meta-layouts":"set","ast-page-background-enabled":"default","ast-page-background-meta":{"desktop":{"background-color":"","background-image":"","background-repeat":"repeat","background-position":"center center","background-size":"auto","background-attachment":"scroll","background-type":"","background-media":"","overlay-type":"","overlay-color":"","overlay-opacity":"","overlay-gradient":""},"tablet":{"background-color":"","background-image":"","background-repeat":"repeat","background-position":"center center","background-size":"auto","background-attachment":"scroll","background-type":"","background-media":"","overlay-type":"","overlay-color":"","overlay-opacity":"","overlay-gradient":""},"mobile":{"background-color":"","background-image":"","background-repeat":"repeat","background-position":"center center","background-size":"auto","background-attachment":"scroll","background-type":"","background-media":"","overlay-type":"","overlay-color":"","overlay-opacity":"","overlay-gradient":""}},"ast-content-background-meta":{"desktop":{"background-color":"var(--ast-global-color-5)","background-image":"","background-repeat":"repeat","background-position":"center center","background-size":"auto","background-attachment":"scroll","background-type":"","background-media":"","overlay-type":"","overlay-color":"","overlay-opacity":"","overlay-gradient":""},"tablet":{"background-color":"var(--ast-global-color-5)","background-image":"","background-repeat":"repeat","background-position":"center center","background-size":"auto","background-attachment":"scroll","background-type":"","background-media":"","overlay-type":"","overlay-color":"","overlay-opacity":"","overlay-gradient":""},"mobile":{"background-color":"var(--ast-global-color-5)","background-image":"","background-repeat":"repeat","background-position":"center center","background-size":"auto","background-attachment":"scroll","background-type":"","background-media":"","overlay-type":"","overlay-color":"","overlay-opacity":"","overlay-gradient":""}},"footnotes":""},"class_list":["post-17262","page","type-page","status-publish","hentry"],"acf":[],"yoast_head":"<!-- This site is optimized with the Yoast SEO plugin v27.0 - https:\/\/yoast.com\/product\/yoast-seo-wordpress\/ -->\n<title>Opportunit\u00e9 D&#039;entra\u00eenement - Voile Qu\u00e9bec<\/title>\n<meta name=\"description\" content=\"Le circuit du Qu\u00e9bec regroupe diff\u00e9rentes comp\u00e9tition au travers le province. L&#039;objectif: encourager la pratique de la R\u00e9gate au Qu\u00e9bec\" \/>\n<meta name=\"robots\" content=\"index, follow, max-snippet:-1, max-image-preview:large, max-video-preview:-1\" \/>\n<link rel=\"canonical\" href=\"https:\/\/voile.qc.ca\/en\/opportunite-dentrainement\/\" \/>\n<meta property=\"og:locale\" content=\"en_US\" \/>\n<meta property=\"og:type\" content=\"article\" \/>\n<meta property=\"og:title\" content=\"Opportunit\u00e9 D&#039;entra\u00eenement - Voile Qu\u00e9bec\" \/>\n<meta property=\"og:description\" content=\"Le circuit du Qu\u00e9bec regroupe diff\u00e9rentes comp\u00e9tition au travers le province. L&#039;objectif: encourager la pratique de la R\u00e9gate au Qu\u00e9bec\" \/>\n<meta property=\"og:url\" content=\"https:\/\/voile.qc.ca\/en\/opportunite-dentrainement\/\" \/>\n<meta property=\"og:site_name\" content=\"Voile Qu\u00e9bec\" \/>\n<meta property=\"article:publisher\" content=\"https:\/\/www.facebook.com\/voilequebec\" \/>\n<meta property=\"article:modified_time\" content=\"2025-08-22T20:32:42+00:00\" \/>\n<meta property=\"og:image\" content=\"https:\/\/voile.qc.ca\/wp-content\/uploads\/2025\/04\/Camp-dentrainement-de-lequipe-du-Quebec-768x1024.png\" \/>\n<meta name=\"twitter:card\" content=\"summary_large_image\" \/>\n<meta name=\"twitter:label1\" content=\"Est. reading time\" \/>\n\t<meta name=\"twitter:data1\" content=\"5 minutes\" \/>\n<script type=\"application\/ld+json\" class=\"yoast-schema-graph\">{\"@context\":\"https:\/\/schema.org\",\"@graph\":[{\"@type\":\"WebPage\",\"@id\":\"https:\/\/voile.qc.ca\/fr\/opportunite-dentrainement\/\",\"url\":\"https:\/\/voile.qc.ca\/fr\/opportunite-dentrainement\/\",\"name\":\"Opportunit\u00e9 D'entra\u00eenement - Voile Qu\u00e9bec\",\"isPartOf\":{\"@id\":\"https:\/\/voile.qc.ca\/fr\/#website\"},\"primaryImageOfPage\":{\"@id\":\"https:\/\/voile.qc.ca\/fr\/opportunite-dentrainement\/#primaryimage\"},\"image\":{\"@id\":\"https:\/\/voile.qc.ca\/fr\/opportunite-dentrainement\/#primaryimage\"},\"thumbnailUrl\":\"https:\/\/voile.qc.ca\/wp-content\/uploads\/2025\/04\/Camp-dentrainement-de-lequipe-du-Quebec-768x1024.png\",\"datePublished\":\"2025-04-10T17:57:32+00:00\",\"dateModified\":\"2025-08-22T20:32:42+00:00\",\"description\":\"Le circuit du Qu\u00e9bec regroupe diff\u00e9rentes comp\u00e9tition au travers le province. L'objectif: encourager la pratique de la R\u00e9gate au Qu\u00e9bec\",\"breadcrumb\":{\"@id\":\"https:\/\/voile.qc.ca\/fr\/opportunite-dentrainement\/#breadcrumb\"},\"inLanguage\":\"en-CA\",\"potentialAction\":[{\"@type\":\"ReadAction\",\"target\":[\"https:\/\/voile.qc.ca\/fr\/opportunite-dentrainement\/\"]}]},{\"@type\":\"ImageObject\",\"inLanguage\":\"en-CA\",\"@id\":\"https:\/\/voile.qc.ca\/fr\/opportunite-dentrainement\/#primaryimage\",\"url\":\"https:\/\/voile.qc.ca\/wp-content\/uploads\/2025\/04\/Camp-dentrainement-de-lequipe-du-Quebec-768x1024.png\",\"contentUrl\":\"https:\/\/voile.qc.ca\/wp-content\/uploads\/2025\/04\/Camp-dentrainement-de-lequipe-du-Quebec-768x1024.png\"},{\"@type\":\"BreadcrumbList\",\"@id\":\"https:\/\/voile.qc.ca\/fr\/opportunite-dentrainement\/#breadcrumb\",\"itemListElement\":[{\"@type\":\"ListItem\",\"position\":1,\"name\":\"Accueil\",\"item\":\"https:\/\/voile.qc.ca\/\"},{\"@type\":\"ListItem\",\"position\":2,\"name\":\"Opportunit\u00e9 D&rsquo;entra\u00eenement\"}]},{\"@type\":\"WebSite\",\"@id\":\"https:\/\/voile.qc.ca\/fr\/#website\",\"url\":\"https:\/\/voile.qc.ca\/fr\/\",\"name\":\"Voile Qu\u00e9bec\",\"description\":\"La r\u00e9f\u00e9rence de voile au Qu\u00e9bec\",\"publisher\":{\"@id\":\"https:\/\/voile.qc.ca\/fr\/#organization\"},\"potentialAction\":[{\"@type\":\"SearchAction\",\"target\":{\"@type\":\"EntryPoint\",\"urlTemplate\":\"https:\/\/voile.qc.ca\/fr\/?s={search_term_string}\"},\"query-input\":{\"@type\":\"PropertyValueSpecification\",\"valueRequired\":true,\"valueName\":\"search_term_string\"}}],\"inLanguage\":\"en-CA\"},{\"@type\":\"Organization\",\"@id\":\"https:\/\/voile.qc.ca\/fr\/#organization\",\"name\":\"F\u00e9d\u00e9ration de Voile du Qu\u00e9bec\",\"url\":\"https:\/\/voile.qc.ca\/fr\/\",\"logo\":{\"@type\":\"ImageObject\",\"inLanguage\":\"en-CA\",\"@id\":\"https:\/\/voile.qc.ca\/fr\/#\/schema\/logo\/image\/\",\"url\":\"https:\/\/voile.qc.ca\/wp-content\/uploads\/2023\/11\/cropped-bateau-bleu-V5.png\",\"contentUrl\":\"https:\/\/voile.qc.ca\/wp-content\/uploads\/2023\/11\/cropped-bateau-bleu-V5.png\",\"width\":500,\"height\":116,\"caption\":\"F\u00e9d\u00e9ration de Voile du Qu\u00e9bec\"},\"image\":{\"@id\":\"https:\/\/voile.qc.ca\/fr\/#\/schema\/logo\/image\/\"},\"sameAs\":[\"https:\/\/www.facebook.com\/voilequebec\",\"https:\/\/www.instagram.com\/voilequebec\"]}]}<\/script>\n<!-- \/ Yoast SEO plugin. -->","yoast_head_json":{"title":"Opportunit\u00e9 D'entra\u00eenement - Voile Qu\u00e9bec","description":"Le circuit du Qu\u00e9bec regroupe diff\u00e9rentes comp\u00e9tition au travers le province. L'objectif: encourager la pratique de la R\u00e9gate au Qu\u00e9bec","robots":{"index":"index","follow":"follow","max-snippet":"max-snippet:-1","max-image-preview":"max-image-preview:large","max-video-preview":"max-video-preview:-1"},"canonical":"https:\/\/voile.qc.ca\/en\/opportunite-dentrainement\/","og_locale":"en_US","og_type":"article","og_title":"Opportunit\u00e9 D'entra\u00eenement - Voile Qu\u00e9bec","og_description":"Le circuit du Qu\u00e9bec regroupe diff\u00e9rentes comp\u00e9tition au travers le province. L'objectif: encourager la pratique de la R\u00e9gate au Qu\u00e9bec","og_url":"https:\/\/voile.qc.ca\/en\/opportunite-dentrainement\/","og_site_name":"Voile Qu\u00e9bec","article_publisher":"https:\/\/www.facebook.com\/voilequebec","article_modified_time":"2025-08-22T20:32:42+00:00","og_image":[{"url":"https:\/\/voile.qc.ca\/wp-content\/uploads\/2025\/04\/Camp-dentrainement-de-lequipe-du-Quebec-768x1024.png","type":"","width":"","height":""}],"twitter_card":"summary_large_image","twitter_misc":{"Est. reading time":"5 minutes"},"schema":{"@context":"https:\/\/schema.org","@graph":[{"@type":"WebPage","@id":"https:\/\/voile.qc.ca\/fr\/opportunite-dentrainement\/","url":"https:\/\/voile.qc.ca\/fr\/opportunite-dentrainement\/","name":"Opportunit\u00e9 D'entra\u00eenement - Voile Qu\u00e9bec","isPartOf":{"@id":"https:\/\/voile.qc.ca\/fr\/#website"},"primaryImageOfPage":{"@id":"https:\/\/voile.qc.ca\/fr\/opportunite-dentrainement\/#primaryimage"},"image":{"@id":"https:\/\/voile.qc.ca\/fr\/opportunite-dentrainement\/#primaryimage"},"thumbnailUrl":"https:\/\/voile.qc.ca\/wp-content\/uploads\/2025\/04\/Camp-dentrainement-de-lequipe-du-Quebec-768x1024.png","datePublished":"2025-04-10T17:57:32+00:00","dateModified":"2025-08-22T20:32:42+00:00","description":"Le circuit du Qu\u00e9bec regroupe diff\u00e9rentes comp\u00e9tition au travers le province. L'objectif: encourager la pratique de la R\u00e9gate au Qu\u00e9bec","breadcrumb":{"@id":"https:\/\/voile.qc.ca\/fr\/opportunite-dentrainement\/#breadcrumb"},"inLanguage":"en-CA","potentialAction":[{"@type":"ReadAction","target":["https:\/\/voile.qc.ca\/fr\/opportunite-dentrainement\/"]}]},{"@type":"ImageObject","inLanguage":"en-CA","@id":"https:\/\/voile.qc.ca\/fr\/opportunite-dentrainement\/#primaryimage","url":"https:\/\/voile.qc.ca\/wp-content\/uploads\/2025\/04\/Camp-dentrainement-de-lequipe-du-Quebec-768x1024.png","contentUrl":"https:\/\/voile.qc.ca\/wp-content\/uploads\/2025\/04\/Camp-dentrainement-de-lequipe-du-Quebec-768x1024.png"},{"@type":"BreadcrumbList","@id":"https:\/\/voile.qc.ca\/fr\/opportunite-dentrainement\/#breadcrumb","itemListElement":[{"@type":"ListItem","position":1,"name":"Accueil","item":"https:\/\/voile.qc.ca\/"},{"@type":"ListItem","position":2,"name":"Opportunit\u00e9 D&rsquo;entra\u00eenement"}]},{"@type":"WebSite","@id":"https:\/\/voile.qc.ca\/fr\/#website","url":"https:\/\/voile.qc.ca\/fr\/","name":"Voile Qu\u00e9bec","description":"La r\u00e9f\u00e9rence de voile au Qu\u00e9bec","publisher":{"@id":"https:\/\/voile.qc.ca\/fr\/#organization"},"potentialAction":[{"@type":"SearchAction","target":{"@type":"EntryPoint","urlTemplate":"https:\/\/voile.qc.ca\/fr\/?s={search_term_string}"},"query-input":{"@type":"PropertyValueSpecification","valueRequired":true,"valueName":"search_term_string"}}],"inLanguage":"en-CA"},{"@type":"Organization","@id":"https:\/\/voile.qc.ca\/fr\/#organization","name":"F\u00e9d\u00e9ration de Voile du Qu\u00e9bec","url":"https:\/\/voile.qc.ca\/fr\/","logo":{"@type":"ImageObject","inLanguage":"en-CA","@id":"https:\/\/voile.qc.ca\/fr\/#\/schema\/logo\/image\/","url":"https:\/\/voile.qc.ca\/wp-content\/uploads\/2023\/11\/cropped-bateau-bleu-V5.png","contentUrl":"https:\/\/voile.qc.ca\/wp-content\/uploads\/2023\/11\/cropped-bateau-bleu-V5.png","width":500,"height":116,"caption":"F\u00e9d\u00e9ration de Voile du Qu\u00e9bec"},"image":{"@id":"https:\/\/voile.qc.ca\/fr\/#\/schema\/logo\/image\/"},"sameAs":["https:\/\/www.facebook.com\/voilequebec","https:\/\/www.instagram.com\/voilequebec"]}]}},"jetpack_sharing_enabled":true,"_links":{"self":[{"href":"https:\/\/voile.qc.ca\/en\/wp-json\/wp\/v2\/pages\/17262","targetHints":{"allow":["GET"]}}],"collection":[{"href":"https:\/\/voile.qc.ca\/en\/wp-json\/wp\/v2\/pages"}],"about":[{"href":"https:\/\/voile.qc.ca\/en\/wp-json\/wp\/v2\/types\/page"}],"author":[{"embeddable":true,"href":"https:\/\/voile.qc.ca\/en\/wp-json\/wp\/v2\/users\/11"}],"replies":[{"embeddable":true,"href":"https:\/\/voile.qc.ca\/en\/wp-json\/wp\/v2\/comments?post=17262"}],"version-history":[{"count":41,"href":"https:\/\/voile.qc.ca\/en\/wp-json\/wp\/v2\/pages\/17262\/revisions"}],"predecessor-version":[{"id":17682,"href":"https:\/\/voile.qc.ca\/en\/wp-json\/wp\/v2\/pages\/17262\/revisions\/17682"}],"wp:attachment":[{"href":"https:\/\/voile.qc.ca\/en\/wp-json\/wp\/v2\/media?parent=17262"}],"curies":[{"name":"wp","href":"https:\/\/api.w.org\/{rel}","templated":true}]}}